{"id":463,"date":"2026-01-14T08:26:17","date_gmt":"2026-01-14T08:26:17","guid":{"rendered":"https:\/\/aircompressorforlasercutter.com\/product\/laser-cutter-air-compressor-for-ortur-laser-master-3\/"},"modified":"2026-01-14T08:50:02","modified_gmt":"2026-01-14T08:50:02","slug":"laser-cutter-air-compressor-for-ortur-laser-master-3","status":"publish","type":"product","link":"https:\/\/aircompressorforlasercutter.com\/de\/produkt\/luftkompressor-fur-ortur-laser-master-3-laserschneider\/","title":{"rendered":"Luftkompressor f\u00fcr Ortur Laser Master 3 Laserschneider"},"content":{"rendered":"<h1>Ortur Laser Master 3 Laserschneider-Luftkompressor: Der unbesungene Held<\/h1>\n<h2>1. Hintergrund: Die \u00fcbersehene Komponente<\/h2>\n<p>Im heutigen wettbewerbsintensiven Markt investieren viele K\u00e4ufer betr\u00e4chtliche Summen in hochwertige Lasergravurmaschinen und vernachl\u00e4ssigen dabei oft die entscheidende Zusatzausr\u00fcstung: den Kompressor. Zwar kann ein hochmoderner Laserschneider Materialien pr\u00e4zise bearbeiten, doch erst die Hilfssysteme steigern die Leistung wirklich.<\/p>\n<p>Die Luftunterst\u00fctzung ist nicht blo\u00df ein Hilfsmittel; sie spielt eine entscheidende Rolle bei der Bestimmung des Endergebnisses. <strong>Schnittqualit\u00e4t<\/strong> und die <strong>Langlebigkeit der Maschine<\/strong>In einer Branche, in der Kundenzufriedenheit oberste Priorit\u00e4t hat, kann das Verst\u00e4ndnis f\u00fcr den Wert eines zuverl\u00e4ssigen Luftkompressors Sie von Ihren Mitbewerbern abheben.<\/p>\n<p>F\u00fcr H\u00e4ndler bedeutet die Wahl der richtigen Luftpumpe weniger Reklamationen \u00fcber Probleme wie \u201eunvollst\u00e4ndige Schnitte\u201c und \u201ebesch\u00e4digte Linsen\u201c, was letztendlich zu h\u00f6heren Kundenbindungsraten f\u00fchrt.<\/p>\n<h2>2. Schwachstellenanalyse: Die versteckten Kosten billiger Kompressoren<\/h2>\n<h3>Schlechte Schnittqualit\u00e4t<\/h3>\n<p>Bei Verwendung einer minderwertigen Luftpumpe kann die Instabilit\u00e4t des Luftstroms zu unerw\u00fcnschten Ergebnissen f\u00fchren. Beispielsweise k\u00f6nnen Kanten verkohlen oder verbrennen, was die Optik des Endprodukts erheblich beeintr\u00e4chtigt. Dies wirkt sich nicht nur negativ auf die Kundenzufriedenheit aus, sondern kann auch zu Umsatzeinbu\u00dfen f\u00fchren.<\/p>\n<h3>Risiko von Ger\u00e4tesch\u00e4den<\/h3>\n<p>Minderwertige Luftkompressoren, insbesondere \u00f6lbetriebene, k\u00f6nnen \u00d6lnebel oder Feuchtigkeit freisetzen, die die Laseroptik verunreinigen. Solche Verunreinigungen k\u00f6nnen teure Reparaturen und R\u00fccksendungen nach sich ziehen, die durch ein zuverl\u00e4ssiges Druckluftsystem vermeidbar gewesen w\u00e4ren.<\/p>\n<h3>L\u00e4rmschutz<\/h3>\n<p>Herk\u00f6mmliche Luftkompressoren sind bekannterma\u00dfen sehr laut und stellen daher ein Hindernis f\u00fcr Privatanwender und Maker-Spaces dar. Diese L\u00e4rmbel\u00e4stigung beeintr\u00e4chtigt die Nutzbarkeit Ihres Produkts im Wohnbereich und schr\u00e4nkt Ihre Marktreichweite ein.<\/p>\n<h2>3. Unsere L\u00f6sung<\/h2>\n<h3>\u00d6lfreies, feuchtigkeitsabweisendes Design<\/h3>\n<p>Unser Luftkompressor verf\u00fcgt \u00fcber ein \u00f6l- und wasserfreies Design (100%), das den Schutz von Laserlinsen gew\u00e4hrleistet. Anwender k\u00f6nnen sich darauf verlassen, dass keine Wartungsarbeiten anfallen und sie sich voll und ganz auf ihre kreativen Projekte konzentrieren k\u00f6nnen.<\/p>\n<h3>Ultraleise Technologie<\/h3>\n<p>Unser Kompressor wurde speziell f\u00fcr Innenr\u00e4ume und Heimstudios entwickelt und arbeitet mit einem erstaunlich niedrigen Ger\u00e4uschpegel. <strong>&lt;60dB<\/strong>Dies steigert das Benutzererlebnis und macht es ideal f\u00fcr Bastelbegeisterte, die einen ruhigen Arbeitsplatz ben\u00f6tigen.<\/p>\n<h3>Robuste Leistung<\/h3>\n<p>Mit einer konstanten F\u00f6rdermenge von 30 l\/min gew\u00e4hrleistet unser Kompressor selbst bei dicksten Materialien wie Hartholz oder Acryl einen sauberen, rauchfreien Schnitt. Diese Leistung steigert nicht nur die Schnitteffizienz, sondern erh\u00e4lt auch die Qualit\u00e4t des Endprodukts.<\/p>\n<h2>4. Umfassende Kompatibilit\u00e4t: Komplettl\u00f6sung f\u00fcr die Bestandsverwaltung (Sorglose Bestandsf\u00fchrung)<\/h2>\n<h3>Breites Anwendungsgebiet<\/h3>\n<p>Unser Luftkompressor ist optimal mit dem 95% g\u00e4ngiger Laserschneidger\u00e4te kompatibel, darunter xTool, Ortur, Atomstack und verschiedene CO2-Lasermaschinen. Dank dieser hohen Kompatibilit\u00e4t k\u00f6nnen Sie problemlos auf die unterschiedlichsten Kundenbed\u00fcrfnisse eingehen.<\/p>\n<h3>Vorteile f\u00fcr Vertriebspartner<\/h3>\n<p>Mit einer einzigen Artikelnummer, die f\u00fcr mehrere Maschinen geeignet ist, reduzieren Sie den Lagerdruck drastisch und vereinfachen die Bestandsverwaltung. Dieser optimierte Ansatz erm\u00f6glicht es Ihnen, sich auf das Wachstum Ihres Unternehmens zu konzentrieren, anstatt sich mit komplexer Logistik auseinanderzusetzen.<\/p>\n<h2>5. Vorteile der Lieferkette und Partnerschaften<\/h2>\n<h3>Werksst\u00e4rke<\/h3>\n<p>Unsere strengen Qualit\u00e4tskontrollprozesse gew\u00e4hrleisten eine beeindruckend niedrige Fehlerrate von weniger als <strong>1%<\/strong>Dies minimiert nicht nur Ihre R\u00fccksendekosten, sondern st\u00e4rkt auch das Vertrauen Ihrer Kunden, da diese qualitativ hochwertige Produkte erhalten.<\/p>\n<h3>Kundenspezifische L\u00f6sungen (OEM\/ODM)<\/h3>\n<p>Wir bieten ma\u00dfgeschneiderte L\u00f6sungen, darunter Logo-Individualisierung, Verpackungsdesign und verschiedene Steckertypen f\u00fcr unterschiedliche L\u00e4nder. Diese Flexibilit\u00e4t erm\u00f6glicht es Ihnen, Ihre eigene Markenidentit\u00e4t zu entwickeln und auf spezifische Marktanforderungen einzugehen.<\/p>\n<h3>Kundendienst<\/h3>\n<p>Unser Engagement f\u00fcr Kundenzufriedenheit geht \u00fcber den Verkauf hinaus. Wir bieten schnellen technischen Support und eine zuverl\u00e4ssige Ersatzteilversorgung, um einen reibungslosen und effizienten Ablauf Ihrer Betriebsabl\u00e4ufe zu gew\u00e4hrleisten.<\/p>\n<h2>6. Schlussfolgerung und Aufruf zum Handeln<\/h2>\n<p>Lassen Sie nicht zu, dass minderwertige Komponenten den guten Ruf Ihrer hochwertigen Maschinen tr\u00fcben. W\u00e4hlen Sie einen Kompressor, der der Qualit\u00e4t Ihrer Ger\u00e4te entspricht.<\/p>\n<p><strong>Kontaktieren Sie uns<\/strong> Heute k\u00f6nnen Sie eine Probe zum Testen anfordern oder die aktuelle B2B-Gro\u00dfhandelspreisliste erhalten unter <a href=\"https:\/\/aircompressorforlasercutter.com\/de\/kontaktieren-sie-uns\/\">Immer-Kraft<\/a>Ihre Kunden verdienen das Beste, und wir sind hier, um es zu bieten.<\/p>","protected":false},"excerpt":{"rendered":"<p>Laser Cutter Air Compressor for Ortur Laser Master 3: The Unsung Hero 1. Background: The Overlooked Component In today&#8217;s competitive market, many buyers invest significantly in high-quality laser engraving machines, often overlooking the critical support equipment: the air compressor. While a top-of-the-line laser cutter can transform materials with precision, it is the auxiliary systems that [&hellip;]<\/p>","protected":false},"featured_media":454,"comment_status":"open","ping_status":"closed","template":"","meta":{"_et_pb_use_builder":"","_et_pb_old_content":"","_et_gb_content_width":""},"product_brand":[],"product_cat":[1093],"product_tag":[1095],"class_list":{"0":"post-463","1":"product","2":"type-product","3":"status-publish","4":"has-post-thumbnail","6":"product_cat-air-compressor-for-laser-cutter","7":"product_tag-air-compressor-for-laser-cutter-price","9":"first","10":"instock","11":"shipping-taxable","12":"product-type-simple"},"_links":{"self":[{"href":"https:\/\/aircompressorforlasercutter.com\/de\/wp-json\/wp\/v2\/product\/463","targetHints":{"allow":["GET"]}}],"collection":[{"href":"https:\/\/aircompressorforlasercutter.com\/de\/wp-json\/wp\/v2\/product"}],"about":[{"href":"https:\/\/aircompressorforlasercutter.com\/de\/wp-json\/wp\/v2\/types\/product"}],"replies":[{"embeddable":true,"href":"https:\/\/aircompressorforlasercutter.com\/de\/wp-json\/wp\/v2\/comments?post=463"}],"wp:featuredmedia":[{"embeddable":true,"href":"https:\/\/aircompressorforlasercutter.com\/de\/wp-json\/wp\/v2\/media\/454"}],"wp:attachment":[{"href":"https:\/\/aircompressorforlasercutter.com\/de\/wp-json\/wp\/v2\/media?parent=463"}],"wp:term":[{"taxonomy":"product_brand","embeddable":true,"href":"https:\/\/aircompressorforlasercutter.com\/de\/wp-json\/wp\/v2\/product_brand?post=463"},{"taxonomy":"product_cat","embeddable":true,"href":"https:\/\/aircompressorforlasercutter.com\/de\/wp-json\/wp\/v2\/product_cat?post=463"},{"taxonomy":"product_tag","embeddable":true,"href":"https:\/\/aircompressorforlasercutter.com\/de\/wp-json\/wp\/v2\/product_tag?post=463"}],"curies":[{"name":"wp","href":"https:\/\/api.w.org\/{rel}","templated":true}]}}