{"id":469,"date":"2026-01-14T08:26:18","date_gmt":"2026-01-14T08:26:18","guid":{"rendered":"https:\/\/aircompressorforlasercutter.com\/product\/universal-air-assist-pump-for-diode-laser-machines\/"},"modified":"2026-01-14T08:46:24","modified_gmt":"2026-01-14T08:46:24","slug":"universal-air-assist-pump-for-diode-laser-machines","status":"publish","type":"product","link":"https:\/\/aircompressorforlasercutter.com\/de\/produkt\/universal-luftunterstutzungspumpe-fur-diodenlasermaschinen\/","title":{"rendered":"Universelle Luftunterst\u00fctzungspumpe f\u00fcr Diodenlasermaschinen"},"content":{"rendered":"<h1>Universelle Luftunterst\u00fctzungspumpe f\u00fcr Diodenlasermaschinen: Der unbesungene Held<\/h1>\n<h2>1. Hintergrund: Eine oft \u00fcbersehene, entscheidende Komponente<\/h2>\n<p>Im hart umk\u00e4mpften Markt f\u00fcr Lasergravur investieren viele K\u00e4ufer hohe Summen in High-End-Laserschneidmaschinen und vernachl\u00e4ssigen dabei ein entscheidendes Zubeh\u00f6rteil: die Luftunterst\u00fctzungspumpe. Dieses Vers\u00e4umnis kann sich als nachteilig erweisen, da die Luftunterst\u00fctzung nicht nur eine Erg\u00e4nzung ist, sondern sowohl die Schnittqualit\u00e4t als auch die Lebensdauer der Maschine direkt beeinflusst.<\/p>\n<p>Tats\u00e4chlich ist eine leistungsstarke Druckluftpumpe unerl\u00e4sslich f\u00fcr optimale Ergebnisse. Wenn sich K\u00e4ufer ausschlie\u00dflich auf das Laserger\u00e4t konzentrieren, verpassen sie die Chance, ihre Abl\u00e4ufe deutlich zu verbessern, was zu unbefriedigenden Ergebnissen und h\u00f6heren Betriebskosten f\u00fchrt.<\/p>\n<h2>Kernerkenntnis: Der direkte Einfluss der Luftfederung auf die Leistung<\/h2>\n<p>F\u00fcr B2B-H\u00e4ndler bedeutet die Wahl einer hochwertigen Luftpumpe weniger Reklamationen \u00fcber unvollst\u00e4ndige Schnitte oder besch\u00e4digte Linsen und somit eine h\u00f6here Kundenbindung. Die Luftpumpe ist ein entscheidender Faktor, der den Unterschied zwischen zufriedenen Kunden und solchen, die aufgrund mangelnder Schnittqualit\u00e4t zur Konkurrenz wechseln, ausmachen kann.<\/p>\n<h2>2. Schwachstellenanalyse: Die versteckten Kosten billiger Luftpumpen<\/h2>\n<p>Die Investition in kosteng\u00fcnstige Luftpumpen f\u00fchrt oft zu versteckten Kosten, die die Gesamteffizienz und Rentabilit\u00e4t beeintr\u00e4chtigen k\u00f6nnen:<\/p>\n<h3>Schlechte Schnittqualit\u00e4t<\/h3>\n<p>Ungleichm\u00e4\u00dfiger Luftstrom durch minderwertige Pumpen kann zu verbrannten Kanten und verringerter Schnittleistung f\u00fchren. Dies beeintr\u00e4chtigt nicht nur die Optik des Endprodukts, sondern mindert auch dessen Marktf\u00e4higkeit. Kunden erwarten Pr\u00e4zision, und jede Abweichung kann ihre Zufriedenheit und Folgeauftr\u00e4ge gef\u00e4hrden.<\/p>\n<h3>Risiko von Ger\u00e4tesch\u00e4den<\/h3>\n<p>Minderwertige Luftpumpen, insbesondere solche, die \u00d6l oder Feuchtigkeit abgeben, k\u00f6nnen Laserlinsen verunreinigen und dadurch kostspielige Reparaturen und R\u00fccksendungen nach sich ziehen. Diese Verunreinigung kann zu erheblichen Ausfallzeiten und Produktivit\u00e4tsverlusten f\u00fchren und letztendlich den Gewinn beeintr\u00e4chtigen.<\/p>\n<h3>L\u00e4rmabwehr<\/h3>\n<p>Herk\u00f6mmliche Luftkompressoren erzeugen oft \u00fcberm\u00e4\u00dfigen L\u00e4rm, was ihren Einsatz in Heimwerkst\u00e4tten und Bildungseinrichtungen einschr\u00e4nkt. Dieses L\u00e4rmproblem verringert den Markt f\u00fcr Ihre Produkte, da potenzielle Kunden den Betrieb lauter Maschinen in Wohngebieten meiden.<\/p>\n<h2>3. Unsere L\u00f6sung: Professionelle Luftunterst\u00fctzung neu definiert<\/h2>\n<p>Wir stellen eine bahnbrechende Luftunterst\u00fctzungspumpe vor, die entwickelt wurde, um die bestehenden Herausforderungen auf dem Markt zu bew\u00e4ltigen:<\/p>\n<h3>\u00d6l- und wasserfreies Design<\/h3>\n<p>Unsere universelle Druckluftpumpe 100% ist \u00f6l- und wasserfrei und gew\u00e4hrleistet so den vollst\u00e4ndigen Schutz der Laserlinsen. Dadurch entf\u00e4llt die Wartung f\u00fcr den Endanwender, was eine problemlose Nutzung und eine verl\u00e4ngerte Lebensdauer der Ger\u00e4te erm\u00f6glicht.<\/p>\n<h3>Ultraleise Technologie<\/h3>\n<p>Unsere speziell f\u00fcr den Einsatz in Innenr\u00e4umen und Heimstudios entwickelte Luftunterst\u00fctzungspumpe arbeitet mit einem au\u00dfergew\u00f6hnlich niedrigen Ger\u00e4uschpegel (&lt;60 dB) und verbessert so das Benutzererlebnis. Diese Eigenschaft er\u00f6ffnet neue M\u00f6glichkeiten im Heimwerker- und Bildungsbereich und erm\u00f6glicht ein breiteres Anwendungsspektrum sowie eine gr\u00f6\u00dfere Kundenreichweite.<\/p>\n<h3>Robuste Leistung<\/h3>\n<p>Mit einer konstanten und kraftvollen Leistung von 30 l\/min garantiert unsere Pumpe saubere, rauchfreie Schnitte, selbst bei der Bearbeitung von dickem Holz oder Acryl. Anwender k\u00f6nnen sich darauf verlassen, dass ihre Projekte h\u00f6chsten Anspr\u00fcchen gen\u00fcgen, was die Kundenzufriedenheit steigert und Folgeauftr\u00e4ge sichert.<\/p>\n<h2>4. Umfassende Kompatibilit\u00e4t: Eine Komplettl\u00f6sung f\u00fcr die optimale Anpassung<\/h2>\n<p>Unsere Druckluftpumpe ist so konzipiert, dass sie sich nahtlos in die g\u00e4ngigen Modelle 95% auf dem Markt integrieren l\u00e4sst, darunter xTool, Ortur, Atomstack und verschiedene CO\u2082-Lasermaschinen. Dank dieser umfassenden Kompatibilit\u00e4t k\u00f6nnen H\u00e4ndler die vielf\u00e4ltigen Kundenbed\u00fcrfnisse erf\u00fcllen, ohne mehrere Artikelnummern verwalten zu m\u00fcssen.<\/p>\n<h3>Vorteile f\u00fcr Vertriebspartner<\/h3>\n<p>Da eine einzige Artikelnummer f\u00fcr mehrere Maschinen geeignet ist, reduziert unsere L\u00f6sung den Lagerdruck und die Komplexit\u00e4t f\u00fcr H\u00e4ndler erheblich und ist somit eine effiziente Wahl f\u00fcr die Aufrechterhaltung des Lagerbestands bei gleichzeitiger Bedienung einer breiten Kundengruppe.<\/p>\n<h2>5. Vorteile der Lieferkette und Partnerschaften<\/h2>\n<p>Unser Engagement f\u00fcr Qualit\u00e4t und Kundenzufriedenheit hebt uns in der Branche hervor:<\/p>\n<h3>Werksseitige Hartleistung<\/h3>\n<p>Wir haben strenge Qualit\u00e4tskontrollprozesse implementiert, die eine au\u00dfergew\u00f6hnlich niedrige Fehlerrate (&lt;11 TP3T) garantieren und somit Retouren und Logistikkosten f\u00fcr Sie minimieren. Dank unserer Zuverl\u00e4ssigkeit k\u00f6nnen Sie sich auf die Produkte verlassen, die Sie Ihren Kunden anbieten.<\/p>\n<h3>Anpassbare Dienstleistungen (OEM\/ODM)<\/h3>\n<p>Wir bieten ma\u00dfgeschneiderte Dienstleistungen an, darunter Logo-Design, Verpackungsl\u00f6sungen und Stecker-Spezifikationen f\u00fcr verschiedene L\u00e4nder. Diese Flexibilit\u00e4t erm\u00f6glicht es Ihnen, eine starke Markenidentit\u00e4t zu schaffen und gleichzeitig die Anforderungen des lokalen Marktes zu erf\u00fcllen.<\/p>\n<h3>Kundendienst<\/h3>\n<p>Unser Team bietet schnelle technische Reaktionszeiten und eine zuverl\u00e4ssige Ersatzteilversorgung, sodass alle Probleme umgehend behoben werden und Vertrauen sowie langfristige Beziehungen zu Ihren Kunden gef\u00f6rdert werden.<\/p>\n<h2>6. Schlussfolgerung und Aufruf zum Handeln<\/h2>\n<p>Lassen Sie nicht zu, dass minderwertiges Zubeh\u00f6r den guten Ruf Ihrer hochwertigen Lasermaschinen beeintr\u00e4chtigt. W\u00e4hlen Sie eine Luftpumpe, die der Qualit\u00e4t Ihrer Ger\u00e4te entspricht, um optimale Leistung zu gew\u00e4hrleisten.<\/p>\n<p>Kontaktieren Sie uns noch heute f\u00fcr Mustertests oder um die aktuellen B2B-Gro\u00dfhandelspreise zu erhalten. Optimieren Sie Ihr Produktangebot und steigern Sie die Kundenzufriedenheit mit unserer universellen Luftpumpe.<\/p>\n<p>Bei Fragen besuchen Sie bitte <a href=\"https:\/\/aircompressorforlasercutter.com\/de\/kontaktieren-sie-uns\/\">dieser Link<\/a>.<\/p>","protected":false},"excerpt":{"rendered":"<p>Universal Air Assist Pump for Diode Laser Machines: The Unsung Hero 1. Background: A Critical Component Often Overlooked In the competitive landscape of the laser engraving market, many buyers invest heavily in high-end laser cutting machines while neglecting a crucial accessory: the air assist pump. This oversight can be detrimental, as air assist is not [&hellip;]<\/p>","protected":false},"featured_media":455,"comment_status":"open","ping_status":"closed","template":"","meta":{"_et_pb_use_builder":"","_et_pb_old_content":"","_et_gb_content_width":""},"product_brand":[],"product_cat":[1093],"product_tag":[1095],"class_list":{"0":"post-469","1":"product","2":"type-product","3":"status-publish","4":"has-post-thumbnail","6":"product_cat-air-compressor-for-laser-cutter","7":"product_tag-air-compressor-for-laser-cutter-price","9":"first","10":"instock","11":"shipping-taxable","12":"product-type-simple"},"_links":{"self":[{"href":"https:\/\/aircompressorforlasercutter.com\/de\/wp-json\/wp\/v2\/product\/469","targetHints":{"allow":["GET"]}}],"collection":[{"href":"https:\/\/aircompressorforlasercutter.com\/de\/wp-json\/wp\/v2\/product"}],"about":[{"href":"https:\/\/aircompressorforlasercutter.com\/de\/wp-json\/wp\/v2\/types\/product"}],"replies":[{"embeddable":true,"href":"https:\/\/aircompressorforlasercutter.com\/de\/wp-json\/wp\/v2\/comments?post=469"}],"wp:featuredmedia":[{"embeddable":true,"href":"https:\/\/aircompressorforlasercutter.com\/de\/wp-json\/wp\/v2\/media\/455"}],"wp:attachment":[{"href":"https:\/\/aircompressorforlasercutter.com\/de\/wp-json\/wp\/v2\/media?parent=469"}],"wp:term":[{"taxonomy":"product_brand","embeddable":true,"href":"https:\/\/aircompressorforlasercutter.com\/de\/wp-json\/wp\/v2\/product_brand?post=469"},{"taxonomy":"product_cat","embeddable":true,"href":"https:\/\/aircompressorforlasercutter.com\/de\/wp-json\/wp\/v2\/product_cat?post=469"},{"taxonomy":"product_tag","embeddable":true,"href":"https:\/\/aircompressorforlasercutter.com\/de\/wp-json\/wp\/v2\/product_tag?post=469"}],"curies":[{"name":"wp","href":"https:\/\/api.w.org\/{rel}","templated":true}]}}