{"id":480,"date":"2026-01-14T08:26:20","date_gmt":"2026-01-14T08:26:20","guid":{"rendered":"https:\/\/aircompressorforlasercutter.com\/product\/laser-lens-cooling-air-pump-system\/"},"modified":"2026-01-14T08:32:05","modified_gmt":"2026-01-14T08:32:05","slug":"laser-lens-cooling-air-pump-system","status":"publish","type":"product","link":"https:\/\/aircompressorforlasercutter.com\/de\/produkt\/kuhlluftpumpensystem-fur-laserlinsen\/","title":{"rendered":"K\u00fchlluftpumpensystem f\u00fcr Laserlinsen"},"content":{"rendered":"<h1>K\u00fchlluftpumpensystem f\u00fcr Laserlinsen: Der unbesungene Held des Laserschneidens<\/h1>\n<h2>1. Einleitung: Der unbesungene Held<\/h2>\n<p>In der Welt des Laserschneidens und -gravierens investieren K\u00e4ufer oft betr\u00e4chtliche Summen in High-End-Lasermaschinen, doch die entscheidende Rolle der Luftpumpen wird h\u00e4ufig \u00fcbersehen. Diese Komponenten m\u00f6gen zwar nebens\u00e4chlich erscheinen, spielen aber eine wichtige Rolle f\u00fcr die Gesamtleistung und Lebensdauer von Lasersystemen. Ohne ausreichende Luftzufuhr k\u00f6nnen die Ergebnisse von Laserprozessen stark beeintr\u00e4chtigt werden, was sich negativ auf die Schnittqualit\u00e4t und die Lebensdauer der Maschine auswirkt.<\/p>\n<h2>2. Marktlandschaft: Die \u00fcbersehene Komponente<\/h2>\n<p>Der Markt zeigt heute einen Trend hin zur Anschaffung modernster Lasergravurmaschinen. Die f\u00fcr diese Maschinen unerl\u00e4ssliche Luftpumpe wird dabei jedoch oft vernachl\u00e4ssigt. K\u00e4ufer, die viel in Lasertechnologie investieren, m\u00fcssen verstehen, dass die Luftunterst\u00fctzung nicht nur ein zus\u00e4tzliches Merkmal ist, sondern ein entscheidender Faktor f\u00fcr die Schnittqualit\u00e4t und die Langlebigkeit der Ger\u00e4te.<\/p>\n<h3>Kernerkenntnis: Die direkten Auswirkungen der Luftunterst\u00fctzung<\/h3>\n<p>F\u00fcr Gesch\u00e4ftskunden bedeutet die Wahl der richtigen Luftpumpe weniger Reklamationen \u00fcber unvollst\u00e4ndige Schnitte oder besch\u00e4digte Linsen. Dies f\u00fchrt effektiv zu einer h\u00f6heren Kundenbindung. Eine zuverl\u00e4ssige Luftpumpe beseitigt Probleme mit der Schnittqualit\u00e4t und gew\u00e4hrleistet einen reibungslosen Ablauf, wodurch Kundenzufriedenheit und -loyalit\u00e4t gesteigert werden.<\/p>\n<h2>3. Schwachstellenanalyse: Die versteckten Kosten billiger Luftpumpen<\/h2>\n<p>Auch wenn die Entscheidung f\u00fcr eine g\u00fcnstigere Luftpumpe zun\u00e4chst kosteng\u00fcnstig erscheinen mag, k\u00f6nnen dadurch erhebliche versteckte Kosten entstehen, die die Betriebseffizienz gef\u00e4hrden.<\/p>\n<h3>Schlechte Schnittqualit\u00e4t<\/h3>\n<p>Unzuverl\u00e4ssiger Luftstrom aufgrund minderwertiger Pumpen f\u00fchrt h\u00e4ufig zu verbrannten Kanten oder verschmierten Schnitten und damit zu minderwertigen Oberfl\u00e4chen, die dem Ruf eines Unternehmens schaden k\u00f6nnen. Die \u00e4sthetische Qualit\u00e4t des Endprodukts ist von gr\u00f6\u00dfter Bedeutung, insbesondere f\u00fcr Endverbraucher, die Wert auf Pr\u00e4zision und Klarheit legen.<\/p>\n<h3>Risiko von Ger\u00e4tesch\u00e4den<\/h3>\n<p>Minderwertige Luftpumpen, insbesondere \u00f6lhaltige, k\u00f6nnen \u00d6lnebel oder Feuchtigkeit abgeben, die Laserlinsen verunreinigen. Dies erfordert nicht nur kostspielige Reparaturen, sondern kann auch zu Produktr\u00fcckgaben f\u00fchren und die Rentabilit\u00e4t weiter beeintr\u00e4chtigen.<\/p>\n<h3>L\u00e4rmschutz<\/h3>\n<p>Herk\u00f6mmliche Luftkompressoren k\u00f6nnen \u00fcberm\u00e4\u00dfigen L\u00e4rm erzeugen, was Heimanwender und Maker-Spaces in Bildungseinrichtungen von der Nutzung von Laserschneidmaschinen abh\u00e4lt. Diese Einschr\u00e4nkung verringert das Marktpotenzial und die Absatzm\u00f6glichkeiten f\u00fcr H\u00e4ndler.<\/p>\n<h2>4. Unsere L\u00f6sung: Professionelle Flugassistenz neu definiert<\/h2>\n<h3>\u00d6l- und wasserfreies Design<\/h3>\n<p>Unsere Luftpumpe 100% ist \u00f6l- und wasserfrei und sch\u00fctzt so die Laserlinsen optimal. Anwender k\u00f6nnen ihre Maschinen daher sorgenfrei betreiben \u2013 ohne Wartungsaufwand und ohne Kontaminationsrisiken.<\/p>\n<h3>Ultraleise Technologie<\/h3>\n<p>Unsere speziell f\u00fcr Innenr\u00e4ume und Heimstudios entwickelte Luftpumpe arbeitet mit einem au\u00dfergew\u00f6hnlich niedrigen Ger\u00e4uschpegel (unter 60 dB). Diese Eigenschaft verbessert das Benutzererlebnis deutlich und macht sie f\u00fcr eine Vielzahl von Anwendungen geeignet, ohne die Umgebung zu st\u00f6ren.<\/p>\n<h3>Leistungsstarke Performance<\/h3>\n<p>Mit einer konstanten F\u00f6rdermenge von 30 l\/min gew\u00e4hrleistet unsere Pumpe auch beim Schneiden von dickem Holz oder Acrylmaterialien saubere, rauch- und staubfreie Schnitte. Diese Zuverl\u00e4ssigkeit f\u00fchrt zu h\u00f6herer Effizienz und besserer Materialqualit\u00e4t f\u00fcr den Endanwender.<\/p>\n<h2>5. Umfassende Kompatibilit\u00e4t: Komplettl\u00f6sung f\u00fcr die Anpassung<\/h2>\n<p>Unsere Luftpumpe ist mit dem 95% der g\u00e4ngigsten Laserschneidmaschinen auf dem Markt kompatibel, darunter xTool, Ortur, Atomstack und verschiedene CO\u2082-Lasersysteme. Diese breite Kompatibilit\u00e4t bietet H\u00e4ndlern einen entscheidenden Vorteil.<\/p>\n<h3>Vorteile f\u00fcr Vertriebspartner<\/h3>\n<p>Durch die Aufnahme unserer Luftpumpe in unser Sortiment profitieren H\u00e4ndler von dem Vorteil, dass eine einzige Artikelnummer f\u00fcr mehrere Maschinen geeignet ist. Dies reduziert den Lageraufwand und die Komplexit\u00e4t der Bestandsverwaltung erheblich. Dank dieser Effizienz k\u00f6nnen sich H\u00e4ndler auf das Wachstum ihres Unternehmens konzentrieren, ohne sich mit \u00fcberm\u00e4\u00dfiger Lagerhaltung belasten zu m\u00fcssen.<\/p>\n<h2>6. Vorteile der Lieferkette und Partnerschaften<\/h2>\n<h3>Werksst\u00e4rke<\/h3>\n<p>Unser Qualit\u00e4tsanspruch spiegelt sich in unseren strengen Qualit\u00e4tskontrollprozessen wider, die eine bemerkenswert niedrige Fehlerrate von unter 11 TP3T gew\u00e4hrleisten. Diese Zuverl\u00e4ssigkeit tr\u00e4gt dazu bei, Logistikkosten im Zusammenhang mit R\u00fccksendungen und Umtausch zu sparen und unseren Partnern ein reibungsloses Betriebserlebnis zu erm\u00f6glichen.<\/p>\n<h3>Kundenspezifische Dienstleistungen (OEM\/ODM)<\/h3>\n<p>Wir bieten individuell anpassbare Dienstleistungen an, darunter die Platzierung von Markenlogos, Verpackungsdesign und die Anpassung an verschiedene Steckertypen. Diese Flexibilit\u00e4t erm\u00f6glicht es Partnern, ihre eigene Markenidentit\u00e4t zu etablieren und ihre Marktpr\u00e4senz weiter zu st\u00e4rken.<\/p>\n<h3>Kundendienst<\/h3>\n<p>Unser Team ist darauf spezialisiert, schnelle technische Unterst\u00fctzung und eine zuverl\u00e4ssige Ersatzteilversorgung zu gew\u00e4hrleisten. Dank dieses Engagements k\u00f6nnen sich unsere Kunden auf unsere zeitnahe Hilfe und einen reibungslosen Betrieb verlassen.<\/p>\n<h2>7. Fazit und Handlungsaufforderung (CTA)<\/h2>\n<p>Zusammenfassend l\u00e4sst sich sagen: Minderwertiges Zubeh\u00f6r sollte den guten Ruf Ihrer hochwertigen Maschinen nicht beeintr\u00e4chtigen. Die Wahl einer qualitativ hochwertigen Luftpumpe, die dem Niveau Ihrer Ger\u00e4te entspricht, ist unerl\u00e4sslich, um Ihren exzellenten Ruf in der Branche zu wahren.<\/p>\n<p>Handeln Sie noch heute und kontaktieren Sie uns f\u00fcr eine Musterpr\u00fcfung oder um die aktuellsten B2B-Gro\u00dfhandelspreise zu erhalten.<\/p>\n<p>Besuchen <a href=\"https:\/\/aircompressorforlasercutter.com\/de\/kontaktieren-sie-uns\/\">Hier<\/a> um Kontakt aufzunehmen.<\/p>","protected":false},"excerpt":{"rendered":"<p>Laser Lens Cooling Air Pump System: The Unsung Hero of Laser Cutting 1. Introduction: The Unsung Hero In the world of laser cutting and engraving, buyers often invest significantly in high-end laser machines, yet the critical role of air pumps is frequently overlooked. These components might seem secondary, but they play a vital role in [&hellip;]<\/p>","protected":false},"featured_media":457,"comment_status":"open","ping_status":"closed","template":"","meta":{"_et_pb_use_builder":"","_et_pb_old_content":"","_et_gb_content_width":""},"product_brand":[],"product_cat":[1093],"product_tag":[1094],"class_list":{"0":"post-480","1":"product","2":"type-product","3":"status-publish","4":"has-post-thumbnail","6":"product_cat-air-compressor-for-laser-cutter","7":"product_tag-air-compressor-for-laser-cutter","9":"first","10":"instock","11":"shipping-taxable","12":"product-type-simple"},"_links":{"self":[{"href":"https:\/\/aircompressorforlasercutter.com\/de\/wp-json\/wp\/v2\/product\/480","targetHints":{"allow":["GET"]}}],"collection":[{"href":"https:\/\/aircompressorforlasercutter.com\/de\/wp-json\/wp\/v2\/product"}],"about":[{"href":"https:\/\/aircompressorforlasercutter.com\/de\/wp-json\/wp\/v2\/types\/product"}],"replies":[{"embeddable":true,"href":"https:\/\/aircompressorforlasercutter.com\/de\/wp-json\/wp\/v2\/comments?post=480"}],"wp:featuredmedia":[{"embeddable":true,"href":"https:\/\/aircompressorforlasercutter.com\/de\/wp-json\/wp\/v2\/media\/457"}],"wp:attachment":[{"href":"https:\/\/aircompressorforlasercutter.com\/de\/wp-json\/wp\/v2\/media?parent=480"}],"wp:term":[{"taxonomy":"product_brand","embeddable":true,"href":"https:\/\/aircompressorforlasercutter.com\/de\/wp-json\/wp\/v2\/product_brand?post=480"},{"taxonomy":"product_cat","embeddable":true,"href":"https:\/\/aircompressorforlasercutter.com\/de\/wp-json\/wp\/v2\/product_cat?post=480"},{"taxonomy":"product_tag","embeddable":true,"href":"https:\/\/aircompressorforlasercutter.com\/de\/wp-json\/wp\/v2\/product_tag?post=480"}],"curies":[{"name":"wp","href":"https:\/\/api.w.org\/{rel}","templated":true}]}}