{"id":483,"date":"2026-01-14T08:26:20","date_gmt":"2026-01-14T08:26:20","guid":{"rendered":"https:\/\/aircompressorforlasercutter.com\/product\/variable-speed-air-assist-compressor-for-laser\/"},"modified":"2026-01-14T08:31:33","modified_gmt":"2026-01-14T08:31:33","slug":"variable-speed-air-assist-compressor-for-laser","status":"publish","type":"product","link":"https:\/\/aircompressorforlasercutter.com\/de\/produkt\/drehzahlvariabler-luftkompressor-fur-laser\/","title":{"rendered":"Drehzahlvariabler Luftkompressor f\u00fcr Laser"},"content":{"rendered":"<h1>Drehzahlvariabler Luftkompressor f\u00fcr Laser<\/h1>\n<h2>Der unbesungene Held hinter den Kulissen<\/h2>\n<p>Die Lasergravurbranche boomt, und K\u00e4ufer investieren betr\u00e4chtliche Summen in hochwertige Lasergravurmaschinen. Doch bei diesem Streben nach Perfektion \u00fcbersehen viele eine entscheidende Komponente: den Luftkompressor. Dieses unverzichtbare Zubeh\u00f6r ist nicht nur eine zus\u00e4tzliche Funktion; es beeinflusst grundlegend sowohl die Schnittqualit\u00e4t als auch die Lebensdauer der Maschinen.<\/p>\n<h2>Markt\u00fcbersicht: Ignoriert, aber unerl\u00e4sslich<\/h2>\n<p>Auf dem heutigen Markt konzentrieren sich die meisten K\u00e4ufer auf die Leistungsf\u00e4higkeit ihrer Lasergravierer und vernachl\u00e4ssigen dabei oft die Bedeutung des Luftkompressors. Tats\u00e4chlich ist die Luftunterst\u00fctzung nicht nur ein optionales Zubeh\u00f6r. Sie beeinflusst direkt die Schnittpr\u00e4zision, die Qualit\u00e4t des Endprodukts und die Gesamteffizienz der Maschine. Im B2B-Bereich f\u00fchrt die Wahl des richtigen Luftkompressors zu weniger Reklamationen \u00fcber Probleme wie unvollst\u00e4ndige Schnitte oder besch\u00e4digte Linsen, was wiederum die Kundenbindung und -zufriedenheit erh\u00f6ht.<\/p>\n<h2>Schwachstellen: Die versteckten Kosten billiger Kompressoren<\/h2>\n<h3>Schlechte Schnittqualit\u00e4t<\/h3>\n<p>Der Einsatz minderwertiger Kompressoren kann die Schnittqualit\u00e4t erheblich beeintr\u00e4chtigen. Ein instabiler Luftstrom f\u00fchrt zu verkohlten oder verbrannten Materialkanten, was das Erscheinungsbild des Endprodukts negativ beeinflusst. Dies mindert nicht nur die Kundenzufriedenheit, sondern kann auch zu Umsatzeinbu\u00dfen f\u00fchren.<\/p>\n<h3>Risiko von Ger\u00e4tesch\u00e4den<\/h3>\n<p>Minderwertige Kompressoren, insbesondere solche, die \u00d6l in den Luftstrom einleiten, stellen ein erhebliches Risiko f\u00fcr Laseroptiken dar. \u00d6lnebel kann die Laserlinse verunreinigen und so kostspielige Reparaturen und unter Umst\u00e4nden R\u00fccksendungen nach sich ziehen. Die Investition in ein zuverl\u00e4ssiges Druckluftsystem minimiert dieses Risiko und sch\u00fctzt Ihre Investition.<\/p>\n<h3>L\u00e4rmschutz<\/h3>\n<p>Herk\u00f6mmliche Luftkompressoren sind f\u00fcr ihren hohen Ger\u00e4uschpegel bekannt, der f\u00fcr Privatanwender und Maker-Spaces ein erhebliches Hindernis darstellen kann. Zu viel L\u00e4rm schr\u00e4nkt nicht nur die Nutzung ein, sondern kann auch das gesamte Nutzererlebnis beeintr\u00e4chtigen. Durch den Einsatz leiserer Technologien k\u00f6nnen Sie Ihre Marktreichweite vergr\u00f6\u00dfern und ein breiteres Publikum ansprechen.<\/p>\n<h2>Unsere L\u00f6sung: Professionelle Luftunterst\u00fctzung neu definiert<\/h2>\n<h3>\u00d6l- und wasserfreies Design<\/h3>\n<p>Unser drehzahlvariabler Luftkompressor 100% ist \u00f6l- und wasserfrei und bietet somit optimalen Schutz f\u00fcr Laserlinsen. Diese wartungsfreie L\u00f6sung gibt Anwendern Sicherheit und erm\u00f6glicht es ihnen, sich voll und ganz auf ihre Projekte zu konzentrieren, ohne sich Gedanken um die Funktionsf\u00e4higkeit ihrer Ger\u00e4te machen zu m\u00fcssen.<\/p>\n<h3>Ultraleise Technologie<\/h3>\n<p>Unser speziell f\u00fcr den Innenbereich entwickelter Kompressor arbeitet mit einem Ger\u00e4uschpegel unter 60 dB und ist somit ideal f\u00fcr Heimwerkst\u00e4tten und Bildungseinrichtungen. Durch die deutliche Reduzierung der L\u00e4rmbelastung verbessern wir das Nutzererlebnis und f\u00f6rdern die breitere Anwendung von Laserschneidtechnologien.<\/p>\n<h3>Robuste Leistung<\/h3>\n<p>Mit einer konstanten Leistung von 30 l\/min gew\u00e4hrleistet unser Kompressor auch beim Schneiden dicker Materialien wie Holz oder Acryl saubere und rauchfreie Schnitte. Diese zuverl\u00e4ssige Leistung f\u00fchrt zu einer h\u00f6heren Produktqualit\u00e4t f\u00fcr Ihre Kunden und kann zu Umsatzsteigerungen und Kundenbindung beitragen.<\/p>\n<h2>Breite Kompatibilit\u00e4t: Komplettl\u00f6sung f\u00fcr jedes Problem<\/h2>\n<h3>Umfangreiches Sortiment<\/h3>\n<p>Unser Kompressor ist mit dem 95% g\u00e4ngiger Lasergravurger\u00e4te kompatibel, darunter xTool, Ortur, Atomstack und verschiedene CO\u2082-Lasermaschinen. Diese umfassende Kompatibilit\u00e4t erm\u00f6glicht eine nahtlose Integration und reduziert den Aufwand f\u00fcr die Suche nach den passenden Anschl\u00fcssen oder Einstellungen.<\/p>\n<h3>H\u00e4ndlervorteile<\/h3>\n<p>Durch das Angebot einer einzigen Artikelnummer, die f\u00fcr mehrere Maschinen geeignet ist, k\u00f6nnen H\u00e4ndler ihren Lageraufwand deutlich reduzieren und ihre Abl\u00e4ufe optimieren. Diese Vereinfachung spart nicht nur Kosten, sondern vereinfacht auch den Bestellprozess f\u00fcr Einzelh\u00e4ndler.<\/p>\n<h2>Vorteile der Lieferkette und Partnerschaften<\/h2>\n<h3>Werksst\u00e4rke<\/h3>\n<p>Unsere strengen Qualit\u00e4tskontrollprozesse garantieren eine bemerkenswert niedrige Fehlerrate von weniger als 11 TP3T. Dieser hohe Standard minimiert Retouren und Umtausch, spart Ihnen Logistikkosten und erh\u00f6ht die Kundenzufriedenheit.<\/p>\n<h3>Anpassungsdienstleistungen (OEM\/ODM)<\/h3>\n<p>Wir bieten umfassende Individualisierungsm\u00f6glichkeiten, darunter die Anbringung Ihres Markenlogos, Verpackungsdesign und die Einhaltung verschiedener internationaler Steckerstandards. Diese Flexibilit\u00e4t hilft Ihnen, Ihre einzigartige Markenidentit\u00e4t in einem wettbewerbsintensiven Markt zu etablieren.<\/p>\n<h3>Kundendienst<\/h3>\n<p>Unser Kundenservice umfasst schnellen technischen Support und die Verf\u00fcgbarkeit von Ersatzteilen. So stellen wir sicher, dass Ihre Betriebsabl\u00e4ufe reibungslos weiterlaufen und das Vertrauen Ihrer Kunden in Ihre Marke weiter gest\u00e4rkt wird.<\/p>\n<h2>Schlussfolgerung und Aufruf zum Handeln<\/h2>\n<p>Lassen Sie nicht zu, dass minderwertige Komponenten den guten Ruf Ihrer hochwertigen Maschinen tr\u00fcben. W\u00e4hlen Sie einen Luftkompressor, der der Qualit\u00e4t Ihrer Ger\u00e4te entspricht und das Potenzial Ihres Unternehmens steigert.<\/p>\n<p>Kontaktieren Sie uns jetzt f\u00fcr Mustertests oder um die aktuellen B2B-Gro\u00dfhandelspreise zu erhalten. Besuchen Sie uns. <a href=\"https:\/\/aircompressorforlasercutter.com\/de\/kontaktieren-sie-uns\/\">Hier<\/a> um Kontakt aufzunehmen.<\/p>","protected":false},"excerpt":{"rendered":"<p>Variable Speed Air Assist Compressor for Laser The Unsung Hero Behind the Scenes The laser engraving industry is burgeoning, with buyers investing substantial amounts in high-quality laser engraving machines. However, in this pursuit of excellence, many overlook a crucial component: the air assist compressor. This essential accessory is not simply an add-on; it fundamentally impacts [&hellip;]<\/p>","protected":false},"featured_media":457,"comment_status":"open","ping_status":"closed","template":"","meta":{"_et_pb_use_builder":"","_et_pb_old_content":"","_et_gb_content_width":""},"product_brand":[],"product_cat":[1093],"product_tag":[1094],"class_list":{"0":"post-483","1":"product","2":"type-product","3":"status-publish","4":"has-post-thumbnail","6":"product_cat-air-compressor-for-laser-cutter","7":"product_tag-air-compressor-for-laser-cutter","9":"first","10":"instock","11":"shipping-taxable","12":"product-type-simple"},"_links":{"self":[{"href":"https:\/\/aircompressorforlasercutter.com\/de\/wp-json\/wp\/v2\/product\/483","targetHints":{"allow":["GET"]}}],"collection":[{"href":"https:\/\/aircompressorforlasercutter.com\/de\/wp-json\/wp\/v2\/product"}],"about":[{"href":"https:\/\/aircompressorforlasercutter.com\/de\/wp-json\/wp\/v2\/types\/product"}],"replies":[{"embeddable":true,"href":"https:\/\/aircompressorforlasercutter.com\/de\/wp-json\/wp\/v2\/comments?post=483"}],"wp:featuredmedia":[{"embeddable":true,"href":"https:\/\/aircompressorforlasercutter.com\/de\/wp-json\/wp\/v2\/media\/457"}],"wp:attachment":[{"href":"https:\/\/aircompressorforlasercutter.com\/de\/wp-json\/wp\/v2\/media?parent=483"}],"wp:term":[{"taxonomy":"product_brand","embeddable":true,"href":"https:\/\/aircompressorforlasercutter.com\/de\/wp-json\/wp\/v2\/product_brand?post=483"},{"taxonomy":"product_cat","embeddable":true,"href":"https:\/\/aircompressorforlasercutter.com\/de\/wp-json\/wp\/v2\/product_cat?post=483"},{"taxonomy":"product_tag","embeddable":true,"href":"https:\/\/aircompressorforlasercutter.com\/de\/wp-json\/wp\/v2\/product_tag?post=483"}],"curies":[{"name":"wp","href":"https:\/\/api.w.org\/{rel}","templated":true}]}}