{"id":466,"date":"2026-01-14T08:26:17","date_gmt":"2026-01-14T08:26:17","guid":{"rendered":"https:\/\/aircompressorforlasercutter.com\/product\/quiet-air-pump-for-omtech-60w-co2-laser\/"},"modified":"2026-01-14T08:26:17","modified_gmt":"2026-01-14T08:26:17","slug":"quiet-air-pump-for-omtech-60w-co2-laser","status":"publish","type":"product","link":"https:\/\/aircompressorforlasercutter.com\/es\/producto\/bomba-de-aire-silenciosa-para-laser-co2-omtech-de-60-w\/","title":{"rendered":"Bomba de aire silenciosa para l\u00e1ser de CO2 OmTech de 60 W"},"content":{"rendered":"<h1>Bomba de aire silenciosa para l\u00e1ser de CO2 OmTech de 60 W: el h\u00e9roe an\u00f3nimo del corte l\u00e1ser<\/h1>\n<h2>1. Antecedentes: Lo esencial pasado por alto<\/h2>\n<p>En el \u00e1mbito del grabado y corte l\u00e1ser, la mayor\u00eda de los compradores invierten considerablemente en m\u00e1quinas l\u00e1ser de alta calidad, pasando por alto a menudo un accesorio crucial: la bomba de aire. Si bien la cortadora l\u00e1ser es sin duda la estrella, la bomba de aire desempe\u00f1a un papel fundamental tras bastidores, garantizando un rendimiento \u00f3ptimo y una larga vida \u00fatil. La asistencia de aire no es un simple accesorio; afecta directamente la calidad del corte y la vida \u00fatil de la maquinaria. Para los interesados \u200b\u200bB2B, seleccionar la bomba de aire adecuada se traduce en menos quejas de los clientes por problemas como cortes insuficientes y lentes da\u00f1adas, lo que a su vez se traduce en una mayor tasa de retenci\u00f3n de clientes.<\/p>\n<h2>2. An\u00e1lisis de los puntos d\u00e9biles: Los costos ocultos de las bombas de aire baratas<\/h2>\n<h3>Calidad de corte inferior<\/h3>\n<p>El uso de una bomba de aire de bajo costo puede provocar un flujo de aire irregular, lo que resulta en bordes quemados o carbonizados en los materiales y una menor eficiencia de corte. Esto no solo compromete la calidad est\u00e9tica del producto final, sino que tambi\u00e9n afecta la satisfacci\u00f3n del cliente y la fidelizaci\u00f3n de clientes.<\/p>\n<h3>Riesgo de da\u00f1os al equipo<\/h3>\n<p>Las bombas de aire de baja calidad, en particular las que tienen componentes a base de aceite, corren el riesgo de contaminar la lente l\u00e1ser con neblina de aceite o humedad. Estos da\u00f1os pueden ocasionar costosas reparaciones y devoluciones, lo que perjudica la rentabilidad y la confianza del cliente.<\/p>\n<h3>Disuasivo de ruido<\/h3>\n<p>Los compresores de aire tradicionales pueden producir un ruido excesivo, lo que disuade a usuarios dom\u00e9sticos y fabricantes en entornos educativos de utilizarlos. Esta limitaci\u00f3n reduce su mercado potencial y reduce significativamente las oportunidades de venta.<\/p>\n<h2>3. Nuestra soluci\u00f3n: Redefiniendo la asistencia a\u00e9rea profesional<\/h2>\n<h3>Dise\u00f1o sin aceite ni agua<\/h3>\n<p>Nuestra bomba de aire garantiza la protecci\u00f3n 100% para lentes l\u00e1ser, eliminando la necesidad de mantenimiento por parte del usuario final. Esta sencilla operaci\u00f3n no solo ahorra tiempo, sino que tambi\u00e9n mejora la experiencia del usuario.<\/p>\n<h3>Tecnolog\u00eda ultra silenciosa<\/h3>\n<p>Dise\u00f1ada espec\u00edficamente para estudios interiores y dom\u00e9sticos, nuestra bomba de aire funciona con un nivel de ruido excepcionalmente bajo (<60dB). This feature significantly improves the user experience, allowing for a conducive working environment.<\/p>\n<h3>Rendimiento robusto<\/h3>\n<p>Con un caudal constante de 30 L\/min, nuestra bomba de aire garantiza cortes limpios y sin humo, incluso al trabajar con materiales gruesos como madera dura o acr\u00edlico. Este rendimiento inigualable mejora la eficiencia y la calidad de cada proyecto.<\/p>\n<h2>4. Amplia compatibilidad: Todo en uno<\/h2>\n<h3>Amplia aplicabilidad<\/h3>\n<p>Esta bomba de aire se adapta perfectamente a los modelos 95% m\u00e1s comunes del mercado, como xTool, Ortur, Atomstack y diversas m\u00e1quinas l\u00e1ser de CO2. Su versatilidad la convierte en la opci\u00f3n ideal para empresas que buscan optimizar su inventario.<\/p>\n<h3>Beneficios del distribuidor<\/h3>\n<p>Ofrecer un \u00fanico SKU compatible con varias m\u00e1quinas reduce significativamente la presi\u00f3n y la complejidad del inventario para los distribuidores. Esta ventaja estrat\u00e9gica permite una gesti\u00f3n de inventario m\u00e1s eficiente y simplifica los procesos de compra.<\/p>\n<h2>5. Ventajas de la cadena de suministro y la asociaci\u00f3n<\/h2>\n<h3>Fuerza de f\u00e1brica<\/h3>\n<p>Empleamos estrictos procesos de control de calidad, lo que garantiza una tasa de defectos excepcionalmente baja (<1%). This commitment to quality translates into savings on return logistics and boosts customer confidence in your offerings.<\/p>\n<h3>Servicios de personalizaci\u00f3n (OEM\/ODM)<\/h3>\n<p>Apoyamos la personalizaci\u00f3n del logotipo de la marca, el dise\u00f1o del empaque y diversas especificaciones de enchufes, lo que le permite construir su identidad de marca \u00fanica sin problemas.<\/p>\n<h3>Soporte posventa<\/h3>\n<p>Nuestras capacidades de respuesta t\u00e9cnica r\u00e1pida y suministro de piezas de repuesto garantizan que usted reciba el soporte que necesita r\u00e1pidamente, fomentando relaciones a largo plazo con sus clientes.<\/p>\n<h2>6. Conclusi\u00f3n y llamada a la acci\u00f3n (CTA)<\/h2>\n<p>No permita que accesorios de baja calidad manchen la reputaci\u00f3n de su maquinaria de alta gama. Elija una bomba de aire que se ajuste a la calidad de su equipo. Cont\u00e1ctenos hoy mismo para solicitar muestras o para obtener la lista de precios al por mayor B2B m\u00e1s actualizada. Visite <a href=\"https:\/\/aircompressorforlasercutter.com\/es\/contactanos\/\">nuestra p\u00e1gina de contacto<\/a> Para m\u00e1s informaci\u00f3n.<\/p>","protected":false},"excerpt":{"rendered":"<p>Quiet Air Pump for OmTech 60W CO2 Laser: The Unsung Hero of Laser Cutting 1. Background: The Overlooked Essential In the realm of laser engraving and cutting, most buyers invest significantly in high-quality laser machines, often overlooking a crucial accessory??the air pump. While the laser cutter is undoubtedly the star of the show, the air [&hellip;]<\/p>","protected":false},"featured_media":454,"comment_status":"open","ping_status":"closed","template":"","meta":{"_et_pb_use_builder":"","_et_pb_old_content":"","_et_gb_content_width":""},"product_brand":[],"product_cat":[1093],"product_tag":[1095],"class_list":{"0":"post-466","1":"product","2":"type-product","3":"status-publish","4":"has-post-thumbnail","6":"product_cat-air-compressor-for-laser-cutter","7":"product_tag-air-compressor-for-laser-cutter-price","9":"first","10":"instock","11":"shipping-taxable","12":"product-type-simple"},"_links":{"self":[{"href":"https:\/\/aircompressorforlasercutter.com\/es\/wp-json\/wp\/v2\/product\/466","targetHints":{"allow":["GET"]}}],"collection":[{"href":"https:\/\/aircompressorforlasercutter.com\/es\/wp-json\/wp\/v2\/product"}],"about":[{"href":"https:\/\/aircompressorforlasercutter.com\/es\/wp-json\/wp\/v2\/types\/product"}],"replies":[{"embeddable":true,"href":"https:\/\/aircompressorforlasercutter.com\/es\/wp-json\/wp\/v2\/comments?post=466"}],"wp:featuredmedia":[{"embeddable":true,"href":"https:\/\/aircompressorforlasercutter.com\/es\/wp-json\/wp\/v2\/media\/454"}],"wp:attachment":[{"href":"https:\/\/aircompressorforlasercutter.com\/es\/wp-json\/wp\/v2\/media?parent=466"}],"wp:term":[{"taxonomy":"product_brand","embeddable":true,"href":"https:\/\/aircompressorforlasercutter.com\/es\/wp-json\/wp\/v2\/product_brand?post=466"},{"taxonomy":"product_cat","embeddable":true,"href":"https:\/\/aircompressorforlasercutter.com\/es\/wp-json\/wp\/v2\/product_cat?post=466"},{"taxonomy":"product_tag","embeddable":true,"href":"https:\/\/aircompressorforlasercutter.com\/es\/wp-json\/wp\/v2\/product_tag?post=466"}],"curies":[{"name":"wp","href":"https:\/\/api.w.org\/{rel}","templated":true}]}}