{"id":467,"date":"2026-01-14T08:26:17","date_gmt":"2026-01-14T08:26:17","guid":{"rendered":"https:\/\/aircompressorforlasercutter.com\/product\/air-compressor-for-neje-master-2s-max\/"},"modified":"2026-01-14T08:47:11","modified_gmt":"2026-01-14T08:47:11","slug":"air-compressor-for-neje-master-2s-max","status":"publish","type":"product","link":"https:\/\/aircompressorforlasercutter.com\/es\/producto\/compresor-de-aire-para-neje-master-2s-max\/","title":{"rendered":"Compresor de aire para NEJE Master 2S Max"},"content":{"rendered":"<h1>Compresor de aire para NEJE Master 2S Max: El h\u00e9roe an\u00f3nimo detr\u00e1s del corte de precisi\u00f3n<\/h1>\n<h2>1. Antecedentes: El componente ignorado<\/h2>\n<p>El mercado del grabado l\u00e1ser ha experimentado un aumento significativo en la demanda, con grandes inversiones en m\u00e1quinas de corte l\u00e1ser de alta gama como la NEJE Master 2S Max. Sin embargo, un componente crucial que a menudo se pasa por alto es el compresor de aire. Mientras los clientes se centran en las especificaciones y capacidades de sus m\u00e1quinas l\u00e1ser, a menudo descuidan la importancia de una bomba de aire eficaz. Este descuido puede resultar en un rendimiento deficiente y una vida \u00fatil m\u00e1s corta de sus equipos.<\/p>\n<h2>Argumento central: Air Assist no es solo un accesorio<\/h2>\n<p>La funci\u00f3n de asistencia de aire es fundamental, ya que influye directamente tanto en la calidad del corte como en la durabilidad de la m\u00e1quina l\u00e1ser. Para los clientes B2B, elegir un compresor de aire de alta calidad se traduce en menos quejas por problemas como cortes incompletos o lentes da\u00f1adas. Esto, a su vez, fomenta una mayor retenci\u00f3n de clientes y mejora la fidelidad a la marca.<\/p>\n<h2>2. An\u00e1lisis de los puntos d\u00e9biles: Los costos ocultos de las bombas de aire baratas<\/h2>\n<h3>Calidad de corte inadecuada<\/h3>\n<p>El uso de una bomba de aire de bajo costo puede comprometer gravemente la calidad del corte. Un flujo de aire inestable provoca bordes carbonizados en los materiales, lo que disminuye la est\u00e9tica del producto final. Cuando el resultado no cumple con las expectativas, los clientes pueden buscar proveedores alternativos, lo que termina cost\u00e1ndole la oportunidad de negocio.<\/p>\n<h3>Riesgo de da\u00f1os al equipo<\/h3>\n<p>Las bombas de aire de baja calidad, en particular las que contienen aceite, pueden expulsar vapor de aceite o humedad, contaminando la lente del l\u00e1ser. Esta contaminaci\u00f3n puede ocasionar costosas reparaciones y devoluciones, que no solo agotan los recursos, sino que tambi\u00e9n da\u00f1an la reputaci\u00f3n de su marca.<\/p>\n<h3>Disuasi\u00f3n de ruido<\/h3>\n<p>Los compresores de aire tradicionales son conocidos por su ruido, lo que puede disuadir a usuarios dom\u00e9sticos y espacios educativos de emplear la tecnolog\u00eda de corte l\u00e1ser. Esta restricci\u00f3n puede limitar considerablemente su alcance de mercado y reducir el potencial de ventas.<\/p>\n<h2>3. Nuestra soluci\u00f3n: redefiniendo la asistencia a\u00e9rea profesional<\/h2>\n<h3>Dise\u00f1o sin aceite ni agua<\/h3>\n<p>Nuestro compresor de aire 100% cuenta con un dise\u00f1o sin aceite ni agua, lo que garantiza una protecci\u00f3n completa para la lente l\u00e1ser. Los usuarios se benefician de un funcionamiento sin complicaciones, lo que reduce la necesidad de mantenimiento regular y les permite concentrarse en sus proyectos.<\/p>\n<h3>Tecnolog\u00eda ultra silenciosa<\/h3>\n<p>Dise\u00f1ado espec\u00edficamente para uso dom\u00e9stico y en estudios, nuestro compresor mantiene los niveles de ruido por debajo de los 60 dB. Esta innovaci\u00f3n mejora significativamente la experiencia del usuario, haci\u00e9ndolo ideal para entornos educativos y de bricolaje sin ruido de fondo molesto.<\/p>\n<h3>Rendimiento robusto<\/h3>\n<p>Con un caudal de aire constante de 30 l\/min, nuestro compresor garantiza cortes limpios y sin residuos, incluso al trabajar con materiales m\u00e1s gruesos como madera contrachapada o acr\u00edlico. Esta fiabilidad garantiza resultados de mayor calidad, lo que garantiza la satisfacci\u00f3n del cliente y la fidelidad de sus clientes.<\/p>\n<h2>4. Amplia compatibilidad: Todo en uno<\/h2>\n<h3>Amplia aplicabilidad<\/h3>\n<p>Nuestro compresor de aire est\u00e1 dise\u00f1ado para ser compatible con la serie 95% de las m\u00e1quinas de grabado l\u00e1ser m\u00e1s populares del mercado, incluyendo marcas como xTool, Ortur, Atomstack y varios modelos de l\u00e1ser de CO2. Esta adaptabilidad simplifica la gesti\u00f3n de inventario para los distribuidores.<\/p>\n<h3>Beneficios del distribuidor<\/h3>\n<p>Al ofrecer un \u00fanico SKU que funciona con varias m\u00e1quinas, puede reducir significativamente la presi\u00f3n del inventario y agilizar las complejidades de almacenamiento, mejorando en \u00faltima instancia la eficiencia operativa.<\/p>\n<h2>5. Ventajas de la cadena de suministro y la colaboraci\u00f3n<\/h2>\n<h3>Fuerza de f\u00e1brica<\/h3>\n<p>Nos enorgullecemos de nuestros rigurosos procesos de control de calidad que garantizan una tasa de defectos excepcionalmente baja, inferior a 1%. Esta meticulosa atenci\u00f3n al detalle ayuda a minimizar los costos log\u00edsticos asociados con devoluciones y cambios, protegiendo as\u00ed sus ganancias.<\/p>\n<h3>Servicios personalizados (OEM\/ODM)<\/h3>\n<p>Ofrecemos servicios personalizados, incluyendo la personalizaci\u00f3n de su logotipo, dise\u00f1os de empaque a medida y especificaciones para diversos tipos de tapones. Esta flexibilidad le permite desarrollar y promocionar su marca eficazmente en diversos mercados.<\/p>\n<h3>Soporte posventa<\/h3>\n<p>Nuestro compromiso con el servicio al cliente incluye respuestas t\u00e9cnicas r\u00e1pidas y un suministro eficiente de repuestos, garantizando que sus operaciones funcionen sin problemas y sin tiempos de inactividad innecesarios.<\/p>\n<h2>6. Conclusi\u00f3n y llamada a la acci\u00f3n<\/h2>\n<p>No permita que componentes de baja calidad socaven la reputaci\u00f3n de calidad de sus m\u00e1quinas de alta gama. Elija un compresor de aire que se ajuste a la calidad de su equipo. Cont\u00e1ctenos hoy mismo para solicitar una muestra para su an\u00e1lisis o para obtener los precios al por mayor B2B m\u00e1s actualizados visitando <a href=\"https:\/\/aircompressorforlasercutter.com\/es\/contactanos\/\">este enlace<\/a>.<\/p>","protected":false},"excerpt":{"rendered":"<p>Air Compressor for NEJE Master 2S Max: The Unsung Hero Behind Precision Cutting 1. Background: The Overlooked Component The laser engraving market has seen a significant uptick in demand, with buyers investing heavily in top-tier laser cutting machines such as the NEJE Master 2S Max. However, a critical component often overlooked is the air compressor. [&hellip;]<\/p>","protected":false},"featured_media":455,"comment_status":"open","ping_status":"closed","template":"","meta":{"_et_pb_use_builder":"","_et_pb_old_content":"","_et_gb_content_width":""},"product_brand":[],"product_cat":[1093],"product_tag":[1096],"class_list":{"0":"post-467","1":"product","2":"type-product","3":"status-publish","4":"has-post-thumbnail","6":"product_cat-air-compressor-for-laser-cutter","7":"product_tag-air-compressor-for-laser-cutter-cost","9":"first","10":"instock","11":"shipping-taxable","12":"product-type-simple"},"_links":{"self":[{"href":"https:\/\/aircompressorforlasercutter.com\/es\/wp-json\/wp\/v2\/product\/467","targetHints":{"allow":["GET"]}}],"collection":[{"href":"https:\/\/aircompressorforlasercutter.com\/es\/wp-json\/wp\/v2\/product"}],"about":[{"href":"https:\/\/aircompressorforlasercutter.com\/es\/wp-json\/wp\/v2\/types\/product"}],"replies":[{"embeddable":true,"href":"https:\/\/aircompressorforlasercutter.com\/es\/wp-json\/wp\/v2\/comments?post=467"}],"wp:featuredmedia":[{"embeddable":true,"href":"https:\/\/aircompressorforlasercutter.com\/es\/wp-json\/wp\/v2\/media\/455"}],"wp:attachment":[{"href":"https:\/\/aircompressorforlasercutter.com\/es\/wp-json\/wp\/v2\/media?parent=467"}],"wp:term":[{"taxonomy":"product_brand","embeddable":true,"href":"https:\/\/aircompressorforlasercutter.com\/es\/wp-json\/wp\/v2\/product_brand?post=467"},{"taxonomy":"product_cat","embeddable":true,"href":"https:\/\/aircompressorforlasercutter.com\/es\/wp-json\/wp\/v2\/product_cat?post=467"},{"taxonomy":"product_tag","embeddable":true,"href":"https:\/\/aircompressorforlasercutter.com\/es\/wp-json\/wp\/v2\/product_tag?post=467"}],"curies":[{"name":"wp","href":"https:\/\/api.w.org\/{rel}","templated":true}]}}