{"id":468,"date":"2026-01-14T08:26:18","date_gmt":"2026-01-14T08:26:18","guid":{"rendered":"https:\/\/aircompressorforlasercutter.com\/product\/air-assist-compressor-for-two-trees-ts2-engraver\/"},"modified":"2026-01-14T08:46:55","modified_gmt":"2026-01-14T08:46:55","slug":"air-assist-compressor-for-two-trees-ts2-engraver","status":"publish","type":"product","link":"https:\/\/aircompressorforlasercutter.com\/es\/producto\/compresor-de-aire-asistido-para-grabador-two-trees-ts2\/","title":{"rendered":"Compresor de asistencia de aire para grabador Two Trees TS2"},"content":{"rendered":"<h1>Compresor de aire asistido para grabador Two Trees TS2: El h\u00e9roe an\u00f3nimo<\/h1>\n<h2>1. Antecedentes: El panorama actual del mercado<\/h2>\n<p>En la industria del grabado l\u00e1ser, la mayor\u00eda de los compradores invierten grandes sumas en m\u00e1quinas de grabado l\u00e1ser de alta gama, a menudo pasando por alto un accesorio crucial: el compresor de aire asistido. Este componente, poco apreciado, desempe\u00f1a un papel vital para mejorar el rendimiento general y la durabilidad del equipo l\u00e1ser. Es fundamental comprender que el compresor de aire asistido no es un simple accesorio complementario, sino un factor determinante de la calidad de corte y la durabilidad de la m\u00e1quina.<\/p>\n<h3>Perspectivas b\u00e1sicas: El valor de la asistencia a\u00e9rea<\/h3>\n<p>Para los distribuidores, seleccionar el compresor de aire asistido adecuado se traduce directamente en una reducci\u00f3n de las quejas de los clientes por problemas como cortes incompletos y lentes da\u00f1adas. El efecto domin\u00f3 evidente es una mayor tasa de retenci\u00f3n de clientes. Invertir en un compresor de aire de calidad significa ofrecer a sus clientes resultados excepcionales y un rendimiento fiable.<\/p>\n<h2>2. An\u00e1lisis de los puntos d\u00e9biles: Los costos ocultos de los compresores baratos<\/h2>\n<p>Al optar por un compresor de aire de bajo costo, las empresas a menudo encuentran varios costos ocultos que pueden superar los ahorros iniciales.<\/p>\n<h3>Mala calidad de corte<\/h3>\n<p>El flujo de aire inestable de compresores de baja calidad puede provocar resultados indeseados, como bordes carbonizados en los materiales, lo que resulta en productos con un acabado desagradable. Esto no solo afecta la est\u00e9tica, sino que tambi\u00e9n disminuye el valor percibido del producto final.<\/p>\n<h3>Riesgo de da\u00f1os al equipo<\/h3>\n<p>Los compresores deficientes, en particular los que funcionan con aceite, representan un riesgo significativo al emitir neblina de aceite o humedad que puede contaminar la \u00f3ptica del l\u00e1ser. Esta contaminaci\u00f3n puede generar costosas reparaciones y posibles devoluciones, lo que reduce las ganancias.<\/p>\n<h3>Disuasi\u00f3n de ruido<\/h3>\n<p>Los compresores de aire tradicionales son notoriamente ruidosos, lo que limita su uso en entornos dom\u00e9sticos o educativos. Este ruido puede disuadir a clientes potenciales, reduciendo as\u00ed su alcance de mercado.<\/p>\n<h2>3. Nuestra soluci\u00f3n: redefiniendo la asistencia a\u00e9rea profesional<\/h2>\n<p>Presentamos un compresor asistido por aire de \u00faltima generaci\u00f3n dise\u00f1ado para abordar los problemas comunes que enfrentan los usuarios de m\u00e1quinas de grabado l\u00e1ser.<\/p>\n<h3>Dise\u00f1o sin aceite y sin agua<\/h3>\n<p>Nuestro compresor garantiza la protecci\u00f3n 100% para la \u00f3ptica l\u00e1ser, sin necesidad de mantenimiento por parte del usuario final. Esto se traduce en tranquilidad y un ahorro significativo de tiempo y recursos.<\/p>\n<h3>Tecnolog\u00eda ultra silenciosa<\/h3>\n<p>Dise\u00f1ado para aplicaciones en estudios interiores y dom\u00e9sticos, nuestro compresor funciona a un nivel de ruido excepcionalmente bajo (menos de 60 dB), lo que mejora significativamente la experiencia del usuario y lo hace adecuado para un p\u00fablico m\u00e1s amplio.<\/p>\n<h3>Rendimiento robusto<\/h3>\n<p>Con una salida constante y robusta de 30L\/min, nuestro compresor garantiza que los cortes en materiales gruesos, como madera y acr\u00edlico, sean limpios y libres de humo u holl\u00edn, mejorando as\u00ed la calidad y la eficiencia.<\/p>\n<h2>4. Amplia compatibilidad: Todo en uno<\/h2>\n<p>Nuestro compresor asistido por aire est\u00e1 dise\u00f1ado para ser compatible con m\u00e1s de 95% de m\u00e1quinas de grabado populares en el mercado, incluidos modelos de xTool, Ortur, Atomstack y varias m\u00e1quinas l\u00e1ser de CO2.<\/p>\n<h3>Beneficios del distribuidor<\/h3>\n<p>Ofrecer un \u00fanico SKU compatible con varias m\u00e1quinas reduce significativamente la carga de inventario y las complejidades asociadas con el almacenamiento de m\u00faltiples productos. Esto agiliza las operaciones y mejora la rentabilidad.<\/p>\n<h2>5. Ventajas de la cadena de suministro y la asociaci\u00f3n<\/h2>\n<p>Estamos orgullosos de nuestra s\u00f3lida cadena de suministro y capacidades de fabricaci\u00f3n, garantizando calidad y confiabilidad en cada unidad.<\/p>\n<h3>Puntos fuertes de la f\u00e1brica<\/h3>\n<p>Nuestros estrictos procesos de control de calidad (QC) garantizan una tasa de defectos notablemente baja (menos de 1%), lo que en \u00faltima instancia le permite ahorrar costos asociados con devoluciones y log\u00edstica.<\/p>\n<h3>Servicios personalizables (OEM\/ODM)<\/h3>\n<p>Apoyamos la creaci\u00f3n de marca a trav\u00e9s de logotipos personalizables, dise\u00f1os de empaques y especificaciones de enchufes para varios pa\u00edses, lo que le permite construir su identidad de marca de manera efectiva.<\/p>\n<h3>Soporte posventa integral<\/h3>\n<p>Nuestra r\u00e1pida respuesta t\u00e9cnica y disponibilidad de repuestos garantizan que sus clientes reciban un soporte excepcional, reforzando su confianza en su marca.<\/p>\n<h2>6. Conclusi\u00f3n y llamada a la acci\u00f3n<\/h2>\n<p>En conclusi\u00f3n, no permita que accesorios de baja calidad manchen la reputaci\u00f3n de sus equipos de alta gama. Elegir un compresor acorde con la calidad de su equipo es esencial para mantener un rendimiento excelente.<\/p>\n<p>Cont\u00e1ctenos hoy para realizar una prueba de muestra o para recibir los precios mayoristas B2B m\u00e1s actualizados. No pierda esta oportunidad de impulsar su negocio con tecnolog\u00eda de asistencia neum\u00e1tica superior.<\/p>\n<p>Vis\u00edtenos en <a href=\"https:\/\/aircompressorforlasercutter.com\/es\/contactanos\/\">nuestra p\u00e1gina de contacto<\/a> Para saber m\u00e1s.<\/p>","protected":false},"excerpt":{"rendered":"<p>Air Assist Compressor for Two Trees TS2 Engraver: The Unsung Hero 1. Background: The Current Market Landscape In the laser engraving industry, most buyers invest significant sums into high-end laser engraving machines, often overlooking a critical accessory: the air assist compressor. This underappreciated component plays a vital role in enhancing the overall performance and longevity [&hellip;]<\/p>","protected":false},"featured_media":455,"comment_status":"open","ping_status":"closed","template":"","meta":{"_et_pb_use_builder":"","_et_pb_old_content":"","_et_gb_content_width":""},"product_brand":[],"product_cat":[1093],"product_tag":[1094],"class_list":{"0":"post-468","1":"product","2":"type-product","3":"status-publish","4":"has-post-thumbnail","6":"product_cat-air-compressor-for-laser-cutter","7":"product_tag-air-compressor-for-laser-cutter","9":"first","10":"instock","11":"shipping-taxable","12":"product-type-simple"},"_links":{"self":[{"href":"https:\/\/aircompressorforlasercutter.com\/es\/wp-json\/wp\/v2\/product\/468","targetHints":{"allow":["GET"]}}],"collection":[{"href":"https:\/\/aircompressorforlasercutter.com\/es\/wp-json\/wp\/v2\/product"}],"about":[{"href":"https:\/\/aircompressorforlasercutter.com\/es\/wp-json\/wp\/v2\/types\/product"}],"replies":[{"embeddable":true,"href":"https:\/\/aircompressorforlasercutter.com\/es\/wp-json\/wp\/v2\/comments?post=468"}],"wp:featuredmedia":[{"embeddable":true,"href":"https:\/\/aircompressorforlasercutter.com\/es\/wp-json\/wp\/v2\/media\/455"}],"wp:attachment":[{"href":"https:\/\/aircompressorforlasercutter.com\/es\/wp-json\/wp\/v2\/media?parent=468"}],"wp:term":[{"taxonomy":"product_brand","embeddable":true,"href":"https:\/\/aircompressorforlasercutter.com\/es\/wp-json\/wp\/v2\/product_brand?post=468"},{"taxonomy":"product_cat","embeddable":true,"href":"https:\/\/aircompressorforlasercutter.com\/es\/wp-json\/wp\/v2\/product_cat?post=468"},{"taxonomy":"product_tag","embeddable":true,"href":"https:\/\/aircompressorforlasercutter.com\/es\/wp-json\/wp\/v2\/product_tag?post=468"}],"curies":[{"name":"wp","href":"https:\/\/api.w.org\/{rel}","templated":true}]}}