{"id":469,"date":"2026-01-14T08:26:18","date_gmt":"2026-01-14T08:26:18","guid":{"rendered":"https:\/\/aircompressorforlasercutter.com\/product\/universal-air-assist-pump-for-diode-laser-machines\/"},"modified":"2026-01-14T08:46:24","modified_gmt":"2026-01-14T08:46:24","slug":"universal-air-assist-pump-for-diode-laser-machines","status":"publish","type":"product","link":"https:\/\/aircompressorforlasercutter.com\/es\/producto\/bomba-de-aire-universal-para-maquinas-laser-de-diodo\/","title":{"rendered":"Bomba de asistencia neum\u00e1tica universal para m\u00e1quinas l\u00e1ser de diodo"},"content":{"rendered":"<h1>Bomba de aire universal para m\u00e1quinas l\u00e1ser de diodo: el h\u00e9roe an\u00f3nimo<\/h1>\n<h2>1. Antecedentes: un componente cr\u00edtico que a menudo se pasa por alto<\/h2>\n<p>En el competitivo mercado del grabado l\u00e1ser, muchos compradores invierten grandes cantidades en m\u00e1quinas de corte l\u00e1ser de alta gama, descuidando un accesorio crucial: la bomba de aire. Este descuido puede ser perjudicial, ya que la bomba de aire no es un simple accesorio, sino que influye directamente tanto en la calidad del corte como en la vida \u00fatil de la m\u00e1quina.<\/p>\n<p>La realidad es que una bomba de aire de alto rendimiento es esencial para lograr resultados \u00f3ptimos. Cuando los compradores se centran \u00fanicamente en la unidad l\u00e1ser, pierden la oportunidad de mejorar significativamente sus operaciones, lo que resulta en resultados deficientes y mayores costos operativos.<\/p>\n<h2>Perspectiva b\u00e1sica: El impacto directo de la asistencia a\u00e9rea en el rendimiento<\/h2>\n<p>Para los distribuidores B2B, elegir una bomba de aire de alta calidad significa menos quejas por cortes incompletos o lentes da\u00f1ados, lo que se traduce en una mayor retenci\u00f3n de clientes. La bomba de aire es un elemento fundamental que puede marcar la diferencia entre clientes satisfechos y aquellos que podr\u00edan recurrir a la competencia debido a la frustraci\u00f3n con la calidad del corte.<\/p>\n<h2>2. An\u00e1lisis de los puntos d\u00e9biles: Los costos ocultos de las bombas de aire baratas<\/h2>\n<p>Invertir en bombas de aire de bajo costo a menudo genera gastos ocultos que pueden socavar la eficiencia y la rentabilidad generales:<\/p>\n<h3>Mala calidad de corte<\/h3>\n<p>Un flujo de aire inconsistente proveniente de bombas de baja calidad puede provocar bordes quemados y reducir la eficiencia de corte. Esto no solo afecta la est\u00e9tica del producto final, sino que tambi\u00e9n reduce su comercializaci\u00f3n. Los clientes esperan precisi\u00f3n, y cualquier desviaci\u00f3n puede afectar su satisfacci\u00f3n y la posibilidad de volver a comprar.<\/p>\n<h3>Riesgo de da\u00f1os al equipo<\/h3>\n<p>Las bombas de aire de mala calidad, especialmente las que emiten aceite o humedad, pueden contaminar las lentes l\u00e1ser, lo que ocasiona costosas reparaciones y devoluciones. Esta contaminaci\u00f3n puede generar tiempos de inactividad significativos y p\u00e9rdidas de productividad, lo que a la larga afecta el resultado final.<\/p>\n<h3>Disuasi\u00f3n de ruido<\/h3>\n<p>Los compresores de aire tradicionales pueden generar un ruido excesivo, lo que limita su aplicabilidad en talleres dom\u00e9sticos y entornos educativos. Este problema de ruido reduce el mercado para sus productos, ya que los clientes potenciales evitan operar maquinaria ruidosa en zonas residenciales.<\/p>\n<h2>3. Nuestra soluci\u00f3n: redefiniendo la asistencia de aire de calidad profesional<\/h2>\n<p>Presentamos una innovadora bomba de asistencia neum\u00e1tica dise\u00f1ada para abordar los desaf\u00edos existentes en el mercado:<\/p>\n<h3>Dise\u00f1o sin aceite y sin agua<\/h3>\n<p>Nuestra bomba de aire universal 100% cuenta con un dise\u00f1o sin aceite ni agua, lo que garantiza una protecci\u00f3n completa para las lentes l\u00e1ser. Esto elimina la necesidad de mantenimiento por parte de los usuarios finales, brind\u00e1ndoles una experiencia sin complicaciones y prolongando la vida \u00fatil de su equipo.<\/p>\n<h3>Tecnolog\u00eda ultra silenciosa<\/h3>\n<p>Dise\u00f1ada espec\u00edficamente para uso en interiores y estudios dom\u00e9sticos, nuestra bomba de aire asistido funciona con un nivel de ruido excepcionalmente bajo (&lt;60 dB), lo que mejora la experiencia del usuario. Esta caracter\u00edstica abre nuevas oportunidades en los mercados del bricolaje dom\u00e9stico y la educaci\u00f3n, permitiendo una mayor aplicaci\u00f3n y un mayor alcance.<\/p>\n<h3>Rendimiento robusto<\/h3>\n<p>Con un caudal constante y potente de 30 L\/min, nuestra bomba garantiza cortes limpios y sin humo, incluso al trabajar con madera gruesa o materiales acr\u00edlicos. Los usuarios pueden confiar en que sus proyectos cumplir\u00e1n con altos est\u00e1ndares, lo que aumentar\u00e1 su satisfacci\u00f3n y la fidelizaci\u00f3n de sus clientes.<\/p>\n<h2>4. Amplia compatibilidad: una soluci\u00f3n integral<\/h2>\n<p>Nuestra bomba de aire asistida est\u00e1 dise\u00f1ada para integrarse perfectamente con los modelos 95% m\u00e1s comunes del mercado, como xTool, Ortur, Atomstack y diversas m\u00e1quinas l\u00e1ser de CO2. Esta amplia compatibilidad garantiza que los distribuidores puedan satisfacer las diversas necesidades de los clientes sin la carga de gestionar m\u00faltiples SKU.<\/p>\n<h3>Beneficios para los distribuidores<\/h3>\n<p>Con un solo SKU que se adapta a varias m\u00e1quinas, nuestra soluci\u00f3n reduce significativamente la presi\u00f3n y la complejidad del inventario para los distribuidores, lo que la convierte en una opci\u00f3n eficiente para mantener los niveles de existencias y, al mismo tiempo, atender a una amplia gama de clientes.<\/p>\n<h2>5. Ventajas de la cadena de suministro y la asociaci\u00f3n<\/h2>\n<p>Nuestro compromiso con la calidad y la satisfacci\u00f3n del cliente nos distingue en la industria:<\/p>\n<h3>Poder duro de f\u00e1brica<\/h3>\n<p>Hemos implementado rigurosos procesos de control de calidad que garantizan una tasa de defectos excepcionalmente baja (&lt;1%), minimizando as\u00ed las devoluciones y los costos log\u00edsticos. Nuestra fiabilidad le garantiza la confianza en los productos que ofrece a sus clientes.<\/p>\n<h3>Servicios personalizables (OEM\/ODM)<\/h3>\n<p>Ofrecemos servicios personalizados, que incluyen dise\u00f1o de logotipos de marca, soluciones de empaque y especificaciones de conectores adaptadas a diferentes pa\u00edses. Esta flexibilidad le permite crear una identidad de marca s\u00f3lida y satisfacer las demandas del mercado local.<\/p>\n<h3>Soporte posventa<\/h3>\n<p>Nuestro equipo ofrece una respuesta t\u00e9cnica r\u00e1pida y capacidades de suministro de piezas, lo que garantiza que cualquier problema se solucione con prontitud, fomentando la confianza y las relaciones a largo plazo con sus clientes.<\/p>\n<h2>6. Conclusi\u00f3n y llamada a la acci\u00f3n<\/h2>\n<p>No permita que accesorios de baja calidad comprometan la reputaci\u00f3n de sus m\u00e1quinas l\u00e1ser de alta gama. Elija una bomba de aire asistido que se ajuste a la calidad de su equipo para garantizar un rendimiento \u00f3ptimo.<\/p>\n<p>Cont\u00e1ctenos hoy mismo para realizar una prueba de muestra o para obtener los precios mayoristas B2B m\u00e1s actualizados. D\u00e9 el primer paso para mejorar su oferta de productos y la satisfacci\u00f3n del cliente con nuestra bomba de aire universal.<\/p>\n<p>Para consultas, visite <a href=\"https:\/\/aircompressorforlasercutter.com\/es\/contactanos\/\">este enlace<\/a>.<\/p>","protected":false},"excerpt":{"rendered":"<p>Universal Air Assist Pump for Diode Laser Machines: The Unsung Hero 1. Background: A Critical Component Often Overlooked In the competitive landscape of the laser engraving market, many buyers invest heavily in high-end laser cutting machines while neglecting a crucial accessory: the air assist pump. This oversight can be detrimental, as air assist is not [&hellip;]<\/p>","protected":false},"featured_media":455,"comment_status":"open","ping_status":"closed","template":"","meta":{"_et_pb_use_builder":"","_et_pb_old_content":"","_et_gb_content_width":""},"product_brand":[],"product_cat":[1093],"product_tag":[1095],"class_list":{"0":"post-469","1":"product","2":"type-product","3":"status-publish","4":"has-post-thumbnail","6":"product_cat-air-compressor-for-laser-cutter","7":"product_tag-air-compressor-for-laser-cutter-price","9":"first","10":"instock","11":"shipping-taxable","12":"product-type-simple"},"_links":{"self":[{"href":"https:\/\/aircompressorforlasercutter.com\/es\/wp-json\/wp\/v2\/product\/469","targetHints":{"allow":["GET"]}}],"collection":[{"href":"https:\/\/aircompressorforlasercutter.com\/es\/wp-json\/wp\/v2\/product"}],"about":[{"href":"https:\/\/aircompressorforlasercutter.com\/es\/wp-json\/wp\/v2\/types\/product"}],"replies":[{"embeddable":true,"href":"https:\/\/aircompressorforlasercutter.com\/es\/wp-json\/wp\/v2\/comments?post=469"}],"wp:featuredmedia":[{"embeddable":true,"href":"https:\/\/aircompressorforlasercutter.com\/es\/wp-json\/wp\/v2\/media\/455"}],"wp:attachment":[{"href":"https:\/\/aircompressorforlasercutter.com\/es\/wp-json\/wp\/v2\/media?parent=469"}],"wp:term":[{"taxonomy":"product_brand","embeddable":true,"href":"https:\/\/aircompressorforlasercutter.com\/es\/wp-json\/wp\/v2\/product_brand?post=469"},{"taxonomy":"product_cat","embeddable":true,"href":"https:\/\/aircompressorforlasercutter.com\/es\/wp-json\/wp\/v2\/product_cat?post=469"},{"taxonomy":"product_tag","embeddable":true,"href":"https:\/\/aircompressorforlasercutter.com\/es\/wp-json\/wp\/v2\/product_tag?post=469"}],"curies":[{"name":"wp","href":"https:\/\/api.w.org\/{rel}","templated":true}]}}