{"id":474,"date":"2026-01-14T08:26:19","date_gmt":"2026-01-14T08:26:19","guid":{"rendered":"https:\/\/aircompressorforlasercutter.com\/product\/continuous-duty-air-pump-for-commercial-laser-cutting\/"},"modified":"2026-01-14T08:39:03","modified_gmt":"2026-01-14T08:39:03","slug":"continuous-duty-air-pump-for-commercial-laser-cutting","status":"publish","type":"product","link":"https:\/\/aircompressorforlasercutter.com\/es\/producto\/bomba-de-aire-de-servicio-continuo-para-corte-laser-comercial\/","title":{"rendered":"Bomba de aire de servicio continuo para corte l\u00e1ser comercial"},"content":{"rendered":"<h1>Bomba de aire de servicio continuo para corte l\u00e1ser comercial<\/h1>\n<h2>El h\u00e9roe an\u00f3nimo<\/h2>\n<p>En el \u00e1mbito del corte l\u00e1ser, donde la precisi\u00f3n y la calidad son primordiales, un componente cr\u00edtico suele pasar desapercibido: la bomba de aire. Si bien los compradores invierten grandes sumas en m\u00e1quinas de grabado l\u00e1ser de alta gama, la importancia de la bomba de aire, un accesorio vital, suele pasarse por alto. Este descuido puede comprometer los objetivos que estos compradores se esfuerzan por alcanzar.<\/p>\n<p>La asistencia neum\u00e1tica trasciende el papel de un simple accesorio; desempe\u00f1a un papel fundamental para determinar la calidad de corte final y la longevidad del equipo. En un mercado donde la eficiencia y la satisfacci\u00f3n del cliente son primordiales, elegir la bomba de aire adecuada puede influir significativamente en los resultados del negocio.<\/p>\n<h2>Perspectivas del mercado: El costo de ignorar las bombas de aire<\/h2>\n<p>Para los distribuidores, elegir una bomba de aire de alta calidad significa reducir las quejas de los clientes por problemas como cortes incompletos y lentes da\u00f1ados. Esta elecci\u00f3n se correlaciona directamente con una mayor retenci\u00f3n de clientes, fomentando relaciones a largo plazo y mejorando la fidelidad a la marca.<\/p>\n<h3>An\u00e1lisis de los puntos d\u00e9biles: Los costos ocultos de las bombas de aire baratas<\/h3>\n<p>Si bien puede ser tentador optar por alternativas de menor costo, los costos ocultos asociados con las bombas de aire baratas pueden ser perjudiciales:<\/p>\n<ul>\n<li><strong>Mala calidad de corte:<\/strong> El flujo de aire inestable produce bordes carbonizados del material y reduce la eficiencia de corte, lo que afecta negativamente la apariencia del producto final para los usuarios finales.<\/li>\n<li><strong>Riesgo de da\u00f1os al equipo:<\/strong> Las bombas de calidad inferior, especialmente las cargadas con aceite, pueden emitir niebla de aceite o humedad que contamina la \u00f3ptica del l\u00e1ser, lo que genera costosos costos de reparaci\u00f3n y devoluciones de productos.<\/li>\n<li><strong>Contaminaci\u00f3n ac\u00fastica:<\/strong> Los compresores de aire tradicionales a menudo funcionan con niveles de ruido elevados, lo que limita su uso en entornos dom\u00e9sticos y espacios educativos creativos, reduciendo as\u00ed el alcance potencial del mercado.<\/li>\n<\/ul>\n<h2>Nuestra soluci\u00f3n: Redefiniendo la asistencia a\u00e9rea de \u201cnivel profesional\u201d<\/h2>\n<p>Ever-power se enorgullece de presentar una bomba de aire revolucionaria, dise\u00f1ada espec\u00edficamente para aplicaciones comerciales de corte l\u00e1ser. Nuestra bomba de aire de servicio continuo redefine los est\u00e1ndares de la asistencia neum\u00e1tica, priorizando el rendimiento, la fiabilidad y la experiencia del usuario.<\/p>\n<h3>Dise\u00f1o sin aceite y sin agua<\/h3>\n<p>Nuestra bomba de aire 100% cuenta con un dise\u00f1o sin aceite ni agua que garantiza la m\u00e1xima protecci\u00f3n para las lentes l\u00e1ser. Los usuarios ya no tienen que preocuparse por el mantenimiento, lo que les permite concentrarse en sus actividades principales sin esfuerzo.<\/p>\n<h3>Tecnolog\u00eda ultra silenciosa<\/h3>\n<p>Desarrollada espec\u00edficamente para interiores y estudios dom\u00e9sticos, nuestra bomba de aire funciona con un nivel de ruido inferior a 60 dB. Este funcionamiento ultrasilencioso mejora significativamente la experiencia del usuario, lo que la hace ideal para aplicaciones educativas y creativas.<\/p>\n<h3>Rendimiento robusto<\/h3>\n<p>Con un caudal continuo de 30 litros por minuto, nuestra bomba de aire garantiza un flujo de aire estable y potente, proporcionando cortes limpios y sin humo, incluso al procesar madera gruesa o materiales acr\u00edlicos. Este rendimiento no solo mejora la calidad del corte, sino que tambi\u00e9n optimiza la eficiencia del flujo de trabajo.<\/p>\n<h2>Amplia compatibilidad: una soluci\u00f3n integral<\/h2>\n<p>Nuestra bomba de aire est\u00e1 dise\u00f1ada para una amplia compatibilidad y se adapta perfectamente a hasta 95% de las principales m\u00e1quinas de corte por l\u00e1ser disponibles en el mercado, incluidos modelos populares como xTool, Ortur, Atomstack y varias m\u00e1quinas l\u00e1ser de CO2.<\/p>\n<p>Para los distribuidores, esto significa que un solo SKU puede atender a m\u00faltiples tipos de m\u00e1quinas, lo que reduce eficazmente la presi\u00f3n del inventario y simplifica la gesti\u00f3n de existencias.<\/p>\n<h2>Ventajas de la cadena de suministro y la asociaci\u00f3n<\/h2>\n<p>En Ever-power, nos enorgullecemos de nuestros rigurosos procesos de control de calidad, que garantizan una tasa de defectos excepcionalmente baja, inferior a 1%. Este compromiso se traduce en ahorros para los distribuidores al minimizar las devoluciones y los gastos log\u00edsticos.<\/p>\n<p>Tambi\u00e9n ofrecemos servicios personalizados, incluyendo opciones OEM y ODM, lo que permite una imagen de marca, dise\u00f1os de empaque y especificaciones de conectores a medida para adaptarse a diversos mercados. Nuestros r\u00e1pidos tiempos de respuesta t\u00e9cnica y nuestra capacidad de suministro de repuestos consolidan nuestra posici\u00f3n como socio confiable.<\/p>\n<p>No permita que accesorios de baja calidad manchen la reputaci\u00f3n de sus m\u00e1quinas de alta gama. Elegir una bomba de aire que se ajuste a la calidad de su equipo es crucial para mantener la excelencia operativa.<\/p>\n<p>Cont\u00e1ctenos hoy mismo para solicitar una muestra para su an\u00e1lisis o para obtener la lista de precios mayoristas B2B m\u00e1s actualizada. Mejore su oferta de productos con una bomba de aire de servicio continuo que ofrece un rendimiento y una fiabilidad inigualables.<\/p>\n<p><a href=\"https:\/\/aircompressorforlasercutter.com\/es\/contactanos\/\">Cont\u00e1ctenos<\/a><\/p>","protected":false},"excerpt":{"rendered":"<p>Continuous Duty Air Pump for Commercial Laser Cutting The Unsung Hero In the realm of laser cutting, where precision and quality reign supreme, one critical component often fades into the background: the air pump. While buyers invest substantial sums into high-end laser engraving machines, the importance of the air pump??a vital accessory??remains largely overlooked. This [&hellip;]<\/p>","protected":false},"featured_media":456,"comment_status":"open","ping_status":"closed","template":"","meta":{"_et_pb_use_builder":"","_et_pb_old_content":"","_et_gb_content_width":""},"product_brand":[],"product_cat":[1093],"product_tag":[1094],"class_list":{"0":"post-474","1":"product","2":"type-product","3":"status-publish","4":"has-post-thumbnail","6":"product_cat-air-compressor-for-laser-cutter","7":"product_tag-air-compressor-for-laser-cutter","9":"first","10":"instock","11":"shipping-taxable","12":"product-type-simple"},"_links":{"self":[{"href":"https:\/\/aircompressorforlasercutter.com\/es\/wp-json\/wp\/v2\/product\/474","targetHints":{"allow":["GET"]}}],"collection":[{"href":"https:\/\/aircompressorforlasercutter.com\/es\/wp-json\/wp\/v2\/product"}],"about":[{"href":"https:\/\/aircompressorforlasercutter.com\/es\/wp-json\/wp\/v2\/types\/product"}],"replies":[{"embeddable":true,"href":"https:\/\/aircompressorforlasercutter.com\/es\/wp-json\/wp\/v2\/comments?post=474"}],"wp:featuredmedia":[{"embeddable":true,"href":"https:\/\/aircompressorforlasercutter.com\/es\/wp-json\/wp\/v2\/media\/456"}],"wp:attachment":[{"href":"https:\/\/aircompressorforlasercutter.com\/es\/wp-json\/wp\/v2\/media?parent=474"}],"wp:term":[{"taxonomy":"product_brand","embeddable":true,"href":"https:\/\/aircompressorforlasercutter.com\/es\/wp-json\/wp\/v2\/product_brand?post=474"},{"taxonomy":"product_cat","embeddable":true,"href":"https:\/\/aircompressorforlasercutter.com\/es\/wp-json\/wp\/v2\/product_cat?post=474"},{"taxonomy":"product_tag","embeddable":true,"href":"https:\/\/aircompressorforlasercutter.com\/es\/wp-json\/wp\/v2\/product_tag?post=474"}],"curies":[{"name":"wp","href":"https:\/\/api.w.org\/{rel}","templated":true}]}}