{"id":475,"date":"2026-01-14T08:26:19","date_gmt":"2026-01-14T08:26:19","guid":{"rendered":"https:\/\/aircompressorforlasercutter.com\/product\/high-output-air-assist-pump-30l-min\/"},"modified":"2026-01-14T08:38:39","modified_gmt":"2026-01-14T08:38:39","slug":"high-output-air-assist-pump-30l-min","status":"publish","type":"product","link":"https:\/\/aircompressorforlasercutter.com\/es\/producto\/bomba-neumatica-de-alta-potencia-de-30-l-min\/","title":{"rendered":"Bomba de asistencia de aire de alto rendimiento 30L\/min"},"content":{"rendered":"<h1>Bomba neum\u00e1tica de alto rendimiento de 30 l\/min: El h\u00e9roe an\u00f3nimo del corte l\u00e1ser<\/h1>\n<h2>Introducci\u00f3n: El h\u00e9roe an\u00f3nimo entre bastidores<\/h2>\n<p>En el \u00e1mbito del grabado y corte l\u00e1ser, la atenci\u00f3n suele centrarse en las propias m\u00e1quinas, donde los compradores invierten un capital considerable en cortadoras l\u00e1ser de alta gama. Sin embargo, un componente esencial que a menudo se pasa por alto es la bomba de asistencia neum\u00e1tica. Este sistema de soporte fundamental desempe\u00f1a un papel crucial en el rendimiento y la durabilidad de los equipos de corte l\u00e1ser, convirti\u00e9ndolo en mucho m\u00e1s que un simple accesorio.<\/p>\n<h2>Contexto del mercado: Una necesidad a menudo ignorada<\/h2>\n<p>Si bien los compradores se centran en las especificaciones y capacidades de las m\u00e1quinas de corte l\u00e1ser, la bomba neum\u00e1tica sigue siendo un elemento crucial, aunque a menudo subestimado. El mercado actual ofrece una gran variedad de opciones, pero muchos compradores descuidan la importancia de elegir una bomba neum\u00e1tica de alta calidad. Este descuido puede afectar significativamente la calidad del corte y la vida \u00fatil de la m\u00e1quina, lo que conlleva resultados deficientes y posibles fallos en el equipo.<\/p>\n<h2>La idea central: La asistencia de aire como determinante de la calidad.<\/h2>\n<p>El sistema de asistencia neum\u00e1tica no es un componente auxiliar; influye directamente en la calidad de los cortes y en la durabilidad de la m\u00e1quina. Una bomba de asistencia neum\u00e1tica fiable puede mejorar dr\u00e1sticamente la experiencia de corte al proporcionar un flujo de aire constante que optimiza la precisi\u00f3n y, al mismo tiempo, protege la lente l\u00e1ser.<\/p>\n<h2>La importancia de elegir la bomba de aire adecuada<\/h2>\n<p>Para los distribuidores, elegir la bomba de aire adecuada se traduce en beneficios tangibles. Una bomba de aire de alto rendimiento reduce la frecuencia de las quejas de los clientes sobre problemas como cortes incompletos o lentes da\u00f1ados. Esto se traduce en una mayor satisfacci\u00f3n y fidelizaci\u00f3n del cliente, lo que, en \u00faltima instancia, impulsa el rendimiento del negocio.<\/p>\n<h2>An\u00e1lisis de los puntos d\u00e9biles: Los costes ocultos de las bombas de aire baratas<\/h2>\n<h3>Mala calidad de corte<\/h3>\n<p>El uso de una bomba de aire de baja calidad puede provocar un flujo de aire irregular, lo que resulta en un corte deficiente. Esta inestabilidad puede causar que los bordes del material se quemen o se carbonicen, afectando negativamente la apariencia del producto final. La calidad visual del corte puede influir significativamente en la percepci\u00f3n del cliente y en las ventas.<\/p>\n<h3>Riesgos de da\u00f1os al equipo<\/h3>\n<p>Las bombas de aire de baja calidad, especialmente las que funcionan con aceite, presentan un riesgo significativo de contaminaci\u00f3n. Pueden emitir neblina de aceite o humedad que da\u00f1a la lente l\u00e1ser, lo que ocasiona reparaciones costosas y posibles devoluciones del producto. Las consecuencias econ\u00f3micas de estas interrupciones pueden acumularse r\u00e1pidamente, por lo que resulta imprescindible invertir en una soluci\u00f3n de calidad.<\/p>\n<h3>Disuasivo de ruido<\/h3>\n<p>Los compresores de aire tradicionales son conocidos por su alto nivel de ruido, lo que puede ser una desventaja importante, especialmente para usuarios dom\u00e9sticos y centros educativos. El ruido excesivo puede limitar la utilidad de las m\u00e1quinas de corte l\u00e1ser en zonas residenciales y escuelas, restringiendo as\u00ed el mercado y el alcance a los clientes.<\/p>\n<h2>Nuestra soluci\u00f3n<\/h2>\n<h3>Dise\u00f1o sin aceite ni humedad<\/h3>\n<p>Nuestra bomba neum\u00e1tica 100% cuenta con un dise\u00f1o libre de aceite y humedad, lo que garantiza una protecci\u00f3n total para las lentes l\u00e1ser. Los usuarios finales disfrutar\u00e1n de una experiencia sin complicaciones y con un mantenimiento m\u00ednimo, lo que les permitir\u00e1 centrarse en sus proyectos sin preocuparse por el mantenimiento frecuente.<\/p>\n<h3>Tecnolog\u00eda ultra silenciosa<\/h3>\n<p>Dise\u00f1ada espec\u00edficamente para interiores y talleres dom\u00e9sticos, nuestra bomba de aire funciona con un nivel de ruido inferior a 60 dB. Este funcionamiento ultrasilencioso mejora significativamente la experiencia del usuario, lo que la hace ideal para proyectos de bricolaje en casa y para la formaci\u00f3n de aficionados a la fabricaci\u00f3n digital.<\/p>\n<h3>Rendimiento robusto<\/h3>\n<p>Con un caudal continuo y estable de 30 l\/min, nuestra bomba neum\u00e1tica garantiza cortes limpios y sin humo, incluso al trabajar con materiales gruesos como madera y acr\u00edlico. Este flujo de aire constante es fundamental para obtener resultados de alta calidad, especialmente en aplicaciones exigentes.<\/p>\n<h2>Amplia compatibilidad: una soluci\u00f3n integral para una gesti\u00f3n de inventario sin preocupaciones.<\/h2>\n<h3>Amplia aplicabilidad<\/h3>\n<p>Nuestra bomba neum\u00e1tica est\u00e1 dise\u00f1ada para ser perfectamente compatible con la 95%, una de las m\u00e1quinas de corte l\u00e1ser m\u00e1s populares, incluyendo xTool, Ortur, Atomstack y diversos modelos de l\u00e1ser de CO2. Esta versatilidad le permite tener nuestra bomba en stock con total confianza, sabiendo que se adaptar\u00e1 a una amplia gama de necesidades de sus clientes.<\/p>\n<h3>Beneficios del distribuidor<\/h3>\n<p>Al ofrecer un \u00fanico c\u00f3digo que se adapta a varias m\u00e1quinas, puede reducir significativamente la presi\u00f3n sobre el inventario y la complejidad de la gesti\u00f3n de existencias. Esta simplificaci\u00f3n le permite centrarse en el crecimiento de su negocio sin las complicaciones de gestionar una extensa l\u00ednea de productos.<\/p>\n<h2>Ventajas de la cadena de suministro y la asociaci\u00f3n<\/h2>\n<h3>Fortaleza de la f\u00e1brica: Control de calidad riguroso<\/h3>\n<p>Nos adherimos a un estricto proceso de control de calidad con una tasa de defectos excepcionalmente baja, inferior a 11 TP3T. Este compromiso con la calidad no solo protege su reputaci\u00f3n, sino que tambi\u00e9n le ahorra costos log\u00edsticos relacionados con devoluciones y cambios.<\/p>\n<h3>Servicios personalizados (OEM\/ODM)<\/h3>\n<p>Ofrecemos opciones de personalizaci\u00f3n, incluyendo el dise\u00f1o del logotipo, el empaque y las especificaciones de los enchufes para diversos pa\u00edses. Esta flexibilidad le permite crear una identidad de marca \u00fanica y satisfacer las demandas espec\u00edficas del mercado de manera eficiente.<\/p>\n<h3>Soporte posventa<\/h3>\n<p>Nos enorgullecemos de nuestra r\u00e1pida respuesta t\u00e9cnica y nuestra s\u00f3lida capacidad de suministro de repuestos. Nuestro equipo de soporte especializado est\u00e1 siempre listo para ayudarle, garantizando que sus operaciones se desarrollen sin problemas y de manera eficiente.<\/p>\n<p>No permita que componentes de baja calidad perjudiquen la reputaci\u00f3n de su maquinaria de alta gama. Elija una bomba de aire que est\u00e9 a la altura de la calidad de su equipo, mejorando tanto el rendimiento como la satisfacci\u00f3n del cliente.<\/p>\n<p>Cont\u00e1ctenos hoy para solicitar una muestra para pruebas o para recibir los precios mayoristas B2B m\u00e1s recientes. Aseg\u00farese de que sus clientes disfruten de la mejor experiencia de corte disponible.<\/p>\n<p><a href=\"https:\/\/aircompressorforlasercutter.com\/es\/contactanos\/\">\u00a1Cont\u00e1ctanos ahora!<\/a><\/p>","protected":false},"excerpt":{"rendered":"<p>High Output Air Assist Pump 30L\/min: The Unsung Hero in Laser Cutting Introduction: The Unsung Hero Behind the Scenes In the realm of laser engraving and cutting, the spotlight often shines on the machines themselves, where buyers invest significant capital in high-end laser cutters. However, an essential component that frequently gets overlooked is the air [&hellip;]<\/p>","protected":false},"featured_media":456,"comment_status":"open","ping_status":"closed","template":"","meta":{"_et_pb_use_builder":"","_et_pb_old_content":"","_et_gb_content_width":""},"product_brand":[],"product_cat":[1093],"product_tag":[1095],"class_list":{"0":"post-475","1":"product","2":"type-product","3":"status-publish","4":"has-post-thumbnail","6":"product_cat-air-compressor-for-laser-cutter","7":"product_tag-air-compressor-for-laser-cutter-price","9":"first","10":"instock","11":"shipping-taxable","12":"product-type-simple"},"_links":{"self":[{"href":"https:\/\/aircompressorforlasercutter.com\/es\/wp-json\/wp\/v2\/product\/475","targetHints":{"allow":["GET"]}}],"collection":[{"href":"https:\/\/aircompressorforlasercutter.com\/es\/wp-json\/wp\/v2\/product"}],"about":[{"href":"https:\/\/aircompressorforlasercutter.com\/es\/wp-json\/wp\/v2\/types\/product"}],"replies":[{"embeddable":true,"href":"https:\/\/aircompressorforlasercutter.com\/es\/wp-json\/wp\/v2\/comments?post=475"}],"wp:featuredmedia":[{"embeddable":true,"href":"https:\/\/aircompressorforlasercutter.com\/es\/wp-json\/wp\/v2\/media\/456"}],"wp:attachment":[{"href":"https:\/\/aircompressorforlasercutter.com\/es\/wp-json\/wp\/v2\/media?parent=475"}],"wp:term":[{"taxonomy":"product_brand","embeddable":true,"href":"https:\/\/aircompressorforlasercutter.com\/es\/wp-json\/wp\/v2\/product_brand?post=475"},{"taxonomy":"product_cat","embeddable":true,"href":"https:\/\/aircompressorforlasercutter.com\/es\/wp-json\/wp\/v2\/product_cat?post=475"},{"taxonomy":"product_tag","embeddable":true,"href":"https:\/\/aircompressorforlasercutter.com\/es\/wp-json\/wp\/v2\/product_tag?post=475"}],"curies":[{"name":"wp","href":"https:\/\/api.w.org\/{rel}","templated":true}]}}