{"id":482,"date":"2026-01-14T08:26:20","date_gmt":"2026-01-14T08:26:20","guid":{"rendered":"https:\/\/aircompressorforlasercutter.com\/product\/precision-air-assist-for-detailed-photo-engraving\/"},"modified":"2026-01-14T08:26:20","modified_gmt":"2026-01-14T08:26:20","slug":"precision-air-assist-for-detailed-photo-engraving","status":"publish","type":"product","link":"https:\/\/aircompressorforlasercutter.com\/es\/producto\/asistencia-neumatica-de-precision-para-un-grabado-fotografico-detallado\/","title":{"rendered":"Asistencia neum\u00e1tica de precisi\u00f3n para un grabado fotogr\u00e1fico detallado"},"content":{"rendered":"<h1>Asistencia neum\u00e1tica de precisi\u00f3n para un grabado fotogr\u00e1fico detallado<\/h1>\n<h2>El h\u00e9roe an\u00f3nimo del grabado l\u00e1ser<\/h2>\n<p>En el competitivo panorama del grabado l\u00e1ser, donde la tecnolog\u00eda se fusiona con el arte, es f\u00e1cil pasar por alto los componentes esenciales que contribuyen a la calidad general del producto final. Si bien muchos compradores invierten cantidades considerables en m\u00e1quinas de grabado l\u00e1ser de alta gama, con frecuencia descuidan el papel crucial del compresor de aire, un accesorio vital que influye significativamente en el proceso de grabado.<\/p>\n<p>El sistema de asistencia neum\u00e1tica de precisi\u00f3n no es un simple accesorio adicional; desempe\u00f1a un papel crucial en la calidad final del corte y la durabilidad de la m\u00e1quina. Para las empresas que se centran en ofrecer servicios de grabado de alta calidad, comprender la importancia de un sistema de asistencia neum\u00e1tica de alta calidad puede ser un punto de inflexi\u00f3n.<\/p>\n<h2>Contexto del mercado y perspectivas clave<\/h2>\n<p>El panorama actual del mercado revela una tendencia preocupante. Muchos distribuidores y usuarios finales priorizan la adquisici\u00f3n de cortadoras y grabadoras l\u00e1ser avanzadas, lo que a menudo conlleva un descuido crucial: el compresor de aire o el sistema de asistencia neum\u00e1tica. Al evaluar la configuraci\u00f3n completa para el grabado l\u00e1ser, es fundamental reconocer que la asistencia neum\u00e1tica no solo mejora el rendimiento, sino que tambi\u00e9n influye decisivamente en la satisfacci\u00f3n y la fidelizaci\u00f3n del cliente.<\/p>\n<p>Para los distribuidores, seleccionar un compresor de aire confiable minimiza las quejas de los clientes relacionadas con una calidad de corte deficiente o da\u00f1os en las lentes de grabado. Esta consideraci\u00f3n se traduce en una mayor retenci\u00f3n de clientes, lo que refuerza la importancia de invertir en una soluci\u00f3n de asistencia neum\u00e1tica superior.<\/p>\n<h2>An\u00e1lisis de los puntos d\u00e9biles: Costos ocultos de las bombas de aire de baja calidad<\/h2>\n<h3>Mala calidad de corte<\/h3>\n<p>Una de las mayores desventajas de usar una bomba de aire econ\u00f3mica es su impacto negativo en la calidad del corte. Un flujo de aire inestable puede provocar bordes carbonizados en los materiales, reducir la eficiencia del corte y, en \u00faltima instancia, afectar la est\u00e9tica de los productos del usuario final. Estos defectos no solo reducen la calidad, sino que tambi\u00e9n pueden generar insatisfacci\u00f3n en los clientes.<\/p>\n<h3>Riesgos de da\u00f1os al equipo<\/h3>\n<p>El uso de bombas de aire de baja calidad, especialmente las que liberan aceite o humedad, supone un riesgo considerable para las lentes l\u00e1ser. Los contaminantes de los sistemas de asistencia de aire de baja calidad pueden ocasionar costosas reparaciones y devoluciones por da\u00f1os, lo que afecta la reputaci\u00f3n de la empresa y sus resultados.<\/p>\n<h3>Disuasores de ruido<\/h3>\n<p>Los compresores de aire tradicionales suelen generar un ruido excesivo, lo que limita su utilidad en entornos dom\u00e9sticos o educativos. Esta limitaci\u00f3n reduce su mercado potencial, ya que los aficionados al bricolaje y las instituciones educativas se ven disuadidos por el ruido de los compresores convencionales.<\/p>\n<h2>Nuestra soluci\u00f3n: redefiniendo la asistencia a\u00e9rea profesional<\/h2>\n<h3>Dise\u00f1o sin aceite ni agua<\/h3>\n<p>Nuestro sistema de asistencia neum\u00e1tica de precisi\u00f3n est\u00e1 dise\u00f1ado sin aceite ni agua, lo que garantiza la protecci\u00f3n 100% para lentes l\u00e1ser. Esta caracter\u00edstica no solo reduce la carga de mantenimiento para los usuarios finales, sino que tambi\u00e9n prolonga la vida \u00fatil de sus equipos, brind\u00e1ndoles tranquilidad y una experiencia de grabado impecable.<\/p>\n<h3>Tecnolog\u00eda ultra silenciosa<\/h3>\n<p>Desarrollado espec\u00edficamente para aplicaciones en interiores y estudios dom\u00e9sticos, nuestro sistema de asistencia de aire emplea tecnolog\u00eda ultrasilenciosa, manteniendo los niveles de ruido por debajo de 60 dB. Esta significativa reducci\u00f3n del ruido de funcionamiento mejora la experiencia del usuario, lo que lo hace ideal para entornos donde la reducci\u00f3n de ruido es fundamental.<\/p>\n<h3>Rendimiento robusto<\/h3>\n<p>Con un caudal constante de 30 litros por minuto, nuestro sistema de asistencia neum\u00e1tica garantiza cortes limpios y sin humo, incluso en madera gruesa o materiales acr\u00edlicos. Este potente rendimiento garantiza que los profesionales del grabado puedan ofrecer productos de alta calidad que satisfagan las expectativas de sus clientes m\u00e1s exigentes.<\/p>\n<h2>Compatibilidad integral: una soluci\u00f3n integral<\/h2>\n<h3>Amplia aplicabilidad<\/h3>\n<p>Nuestro sistema de asistencia neum\u00e1tica est\u00e1 dise\u00f1ado para integrarse perfectamente con las m\u00e1quinas de grabado l\u00e1ser 95% m\u00e1s comunes del mercado, incluyendo marcas populares como xTool, Ortur, Atomstack y diversas m\u00e1quinas l\u00e1ser de CO2. Esta amplia compatibilidad garantiza que los distribuidores puedan atender a una clientela diversa sin necesidad de gestionar m\u00faltiples SKU.<\/p>\n<h3>Beneficios del concesionario<\/h3>\n<p>Al ofrecer un \u00fanico SKU compatible con varias m\u00e1quinas, los distribuidores pueden reducir significativamente la presi\u00f3n del inventario y la complejidad en la gesti\u00f3n de existencias. Este enfoque optimizado no solo mejora la eficiencia operativa, sino que tambi\u00e9n permite una respuesta m\u00e1s r\u00e1pida a las demandas del mercado.<\/p>\n<h2>Ventajas de la cadena de suministro y la asociaci\u00f3n<\/h2>\n<h3>Fuerza de f\u00e1brica<\/h3>\n<p>Nuestro compromiso con la calidad se refleja en nuestros rigurosos procesos de control de calidad, que mantienen una tasa de defectos inferior a 1%. Esta excepcional garant\u00eda de calidad minimiza los costos log\u00edsticos asociados con devoluciones y cambios, lo que en \u00faltima instancia beneficia su rentabilidad.<\/p>\n<h3>Servicios de personalizaci\u00f3n (OEM\/ODM)<\/h3>\n<p>Ofrecemos servicios a medida que incluyen la personalizaci\u00f3n del logotipo de su marca, el dise\u00f1o de empaques y la adaptaci\u00f3n a diversas especificaciones de conectores. Esta versatilidad le permite construir y promover eficazmente su identidad de marca, adapt\u00e1ndose a las preferencias \u00fanicas de su mercado.<\/p>\n<h3>Soporte posventa<\/h3>\n<p>Nuestra r\u00e1pida respuesta t\u00e9cnica y capacidad de suministro de repuestos garantizan la fluidez de sus operaciones. Entendemos la importancia de un soporte r\u00e1pido, especialmente en el din\u00e1mico entorno del grabado l\u00e1ser, por lo que nuestro servicio posventa est\u00e1 dise\u00f1ado para satisfacer sus necesidades con rapidez y eficiencia.<\/p>\n<h2>Conclusi\u00f3n y llamada a la acci\u00f3n<\/h2>\n<p>En conclusi\u00f3n, no permita que accesorios de baja calidad empa\u00f1en la reputaci\u00f3n de sus m\u00e1quinas de alta gama. Elegir un sistema de asistencia neum\u00e1tica que se ajuste a la calidad de su equipo es crucial para mantener la satisfacci\u00f3n del cliente y el \u00e9xito operativo.<\/p>\n<p>Cont\u00e1ctenos hoy mismo para solicitar una muestra o recibir la informaci\u00f3n m\u00e1s actualizada sobre precios mayoristas B2B. Mejore sus capacidades de grabado con el sistema de asistencia neum\u00e1tica de precisi\u00f3n de Ever-power y experimente la diferencia en calidad y rendimiento.<\/p>\n<p><a href=\"https:\/\/aircompressorforlasercutter.com\/es\/contactanos\/\">\u00a1P\u00f3ngase en contacto con nosotros ahora!<\/a><\/p>","protected":false},"excerpt":{"rendered":"<p>Precision Air Assist for Detailed Photo Engraving The Unsung Hero in Laser Engraving In the competitive landscape of laser engraving, where technology meets artistry, it is easy to overlook the essential components that contribute to the overall quality of the finished product. While many buyers invest substantial amounts in purchasing high-end laser engraving machines, they [&hellip;]<\/p>","protected":false},"featured_media":457,"comment_status":"open","ping_status":"closed","template":"","meta":{"_et_pb_use_builder":"","_et_pb_old_content":"","_et_gb_content_width":""},"product_brand":[],"product_cat":[1093],"product_tag":[1096],"class_list":{"0":"post-482","1":"product","2":"type-product","3":"status-publish","4":"has-post-thumbnail","6":"product_cat-air-compressor-for-laser-cutter","7":"product_tag-air-compressor-for-laser-cutter-cost","9":"first","10":"instock","11":"shipping-taxable","12":"product-type-simple"},"_links":{"self":[{"href":"https:\/\/aircompressorforlasercutter.com\/es\/wp-json\/wp\/v2\/product\/482","targetHints":{"allow":["GET"]}}],"collection":[{"href":"https:\/\/aircompressorforlasercutter.com\/es\/wp-json\/wp\/v2\/product"}],"about":[{"href":"https:\/\/aircompressorforlasercutter.com\/es\/wp-json\/wp\/v2\/types\/product"}],"replies":[{"embeddable":true,"href":"https:\/\/aircompressorforlasercutter.com\/es\/wp-json\/wp\/v2\/comments?post=482"}],"wp:featuredmedia":[{"embeddable":true,"href":"https:\/\/aircompressorforlasercutter.com\/es\/wp-json\/wp\/v2\/media\/457"}],"wp:attachment":[{"href":"https:\/\/aircompressorforlasercutter.com\/es\/wp-json\/wp\/v2\/media?parent=482"}],"wp:term":[{"taxonomy":"product_brand","embeddable":true,"href":"https:\/\/aircompressorforlasercutter.com\/es\/wp-json\/wp\/v2\/product_brand?post=482"},{"taxonomy":"product_cat","embeddable":true,"href":"https:\/\/aircompressorforlasercutter.com\/es\/wp-json\/wp\/v2\/product_cat?post=482"},{"taxonomy":"product_tag","embeddable":true,"href":"https:\/\/aircompressorforlasercutter.com\/es\/wp-json\/wp\/v2\/product_tag?post=482"}],"curies":[{"name":"wp","href":"https:\/\/api.w.org\/{rel}","templated":true}]}}