{"id":483,"date":"2026-01-14T08:26:20","date_gmt":"2026-01-14T08:26:20","guid":{"rendered":"https:\/\/aircompressorforlasercutter.com\/product\/variable-speed-air-assist-compressor-for-laser\/"},"modified":"2026-01-14T08:31:33","modified_gmt":"2026-01-14T08:31:33","slug":"variable-speed-air-assist-compressor-for-laser","status":"publish","type":"product","link":"https:\/\/aircompressorforlasercutter.com\/es\/producto\/compresor-de-asistencia-de-aire-de-velocidad-variable-para-laser\/","title":{"rendered":"Compresor de aire asistido de velocidad variable para l\u00e1ser"},"content":{"rendered":"<h1>Compresor de aire asistido de velocidad variable para l\u00e1ser<\/h1>\n<h2>El h\u00e9roe an\u00f3nimo detr\u00e1s de escena<\/h2>\n<p>La industria del grabado l\u00e1ser est\u00e1 en auge, con compradores invirtiendo cantidades sustanciales en m\u00e1quinas de grabado l\u00e1ser de alta calidad. Sin embargo, en esta b\u00fasqueda de la excelencia, muchos pasan por alto un componente crucial: el compresor de aire asistido. Este accesorio esencial no es un simple complemento; influye decisivamente tanto en la calidad del corte como en la durabilidad de las m\u00e1quinas.<\/p>\n<h2>Panorama del mercado: Ignorado pero esencial<\/h2>\n<p>En el mercado actual, la mayor\u00eda de los compradores se centran en las capacidades de sus grabadoras l\u00e1ser, descuidando a menudo la importancia del compresor de aire. La realidad es que la asistencia neum\u00e1tica no es solo un accesorio complementario. Influye directamente en la precisi\u00f3n de corte, la calidad del producto final y la eficiencia general de la m\u00e1quina. En las transacciones B2B, seleccionar el compresor de aire adecuado se traduce en menos quejas por problemas como cortes incompletos o lentes da\u00f1adas, lo que a su vez se traduce en una mayor retenci\u00f3n y satisfacci\u00f3n del cliente.<\/p>\n<h2>Puntos cr\u00edticos: Los costos ocultos de los compresores baratos<\/h2>\n<h3>Mala calidad de corte<\/h3>\n<p>El uso de compresores de aire de baja calidad puede provocar una disminuci\u00f3n significativa de la calidad del corte. Un flujo de aire inestable provoca que los bordes del material se carbonicen o quemen, lo que afecta negativamente la est\u00e9tica del producto final. Esto no solo disminuye la satisfacci\u00f3n del cliente, sino que tambi\u00e9n puede resultar en la p\u00e9rdida de oportunidades de venta.<\/p>\n<h3>Riesgo de da\u00f1os al equipo<\/h3>\n<p>Los compresores de baja calidad, en particular aquellos que introducen aceite en el flujo de aire, representan un riesgo considerable para la \u00f3ptica del l\u00e1ser. La neblina de aceite puede contaminar la lente del l\u00e1ser, lo que conlleva costosas reparaciones y posibles p\u00e9rdidas. Invertir en un sistema de asistencia neum\u00e1tica fiable mitiga este riesgo y protege su inversi\u00f3n operativa.<\/p>\n<h3>Disuasivo de ruido<\/h3>\n<p>Los compresores de aire tradicionales son conocidos por su alto nivel de ruido, lo que puede ser un obst\u00e1culo importante para usuarios dom\u00e9sticos y espacios educativos de creaci\u00f3n. El ruido excesivo no solo limita su uso, sino que tambi\u00e9n puede perjudicar la experiencia general del usuario. Al adoptar tecnolog\u00edas m\u00e1s silenciosas, puede ampliar su alcance de mercado y llegar a un p\u00fablico m\u00e1s amplio.<\/p>\n<h2>Nuestra soluci\u00f3n: redefiniendo la asistencia a\u00e9rea profesional<\/h2>\n<h3>Dise\u00f1o sin aceite y sin agua<\/h3>\n<p>Nuestro compresor de aire asistido de velocidad variable 100% cuenta con un dise\u00f1o sin aceite ni agua, lo que garantiza la m\u00e1xima protecci\u00f3n para las lentes l\u00e1ser. Esta soluci\u00f3n sin mantenimiento ofrece tranquilidad a los usuarios finales, permiti\u00e9ndoles concentrarse en sus proyectos sin preocuparse por la integridad de sus equipos.<\/p>\n<h3>Tecnolog\u00eda ultra silenciosa<\/h3>\n<p>Dise\u00f1ado espec\u00edficamente para uso en interiores, nuestro compresor funciona con niveles de ruido inferiores a 60 dB, lo que lo hace ideal para talleres dom\u00e9sticos y entornos educativos. Al reducir significativamente la contaminaci\u00f3n ac\u00fastica, mejoramos la experiencia del usuario y fomentamos la adopci\u00f3n generalizada de las tecnolog\u00edas de corte l\u00e1ser.<\/p>\n<h3>Rendimiento robusto<\/h3>\n<p>Con un caudal constante de 30 L\/min, nuestro compresor garantiza cortes limpios y sin humo, incluso al cortar materiales gruesos como madera o acr\u00edlico. Esta fiabilidad se traduce en una mayor calidad para sus clientes y puede generar un aumento de las ventas y la fidelizaci\u00f3n.<\/p>\n<h2>Amplia compatibilidad: Combinaci\u00f3n \u00fanica<\/h2>\n<h3>Amplia gama<\/h3>\n<p>Nuestro compresor es compatible con el modelo 95% de los modelos de grabado l\u00e1ser m\u00e1s populares, como xTool, Ortur, Atomstack y diversas m\u00e1quinas l\u00e1ser de CO2. Esta amplia compatibilidad permite una integraci\u00f3n perfecta, lo que reduce la dificultad de encontrar los accesorios o ajustes adecuados.<\/p>\n<h3>Beneficios del concesionario<\/h3>\n<p>Al ofrecer un \u00fanico SKU compatible con varias m\u00e1quinas, los distribuidores pueden reducir significativamente su inventario y optimizar sus operaciones. Esta reducci\u00f3n de la complejidad no solo ahorra costos, sino que tambi\u00e9n simplifica el proceso de pedidos para los minoristas.<\/p>\n<h2>Ventajas de la cadena de suministro y la asociaci\u00f3n<\/h2>\n<h3>Fuerza de f\u00e1brica<\/h3>\n<p>Nuestros rigurosos procesos de control de calidad garantizan una tasa de defectos notablemente baja, inferior a 1%. Este alto est\u00e1ndar minimiza las devoluciones y los cambios, lo que le ahorra costos log\u00edsticos y mejora la satisfacci\u00f3n del cliente.<\/p>\n<h3>Servicios de personalizaci\u00f3n (OEM\/ODM)<\/h3>\n<p>Ofrecemos opciones integrales de personalizaci\u00f3n, que incluyen la aplicaci\u00f3n del logotipo de la marca, el dise\u00f1o del empaque y el cumplimiento de diversas especificaciones internacionales de enchufes. Esta adaptabilidad le ayuda a construir su identidad de marca \u00fanica en un mercado competitivo.<\/p>\n<h3>Soporte posventa<\/h3>\n<p>Nuestro compromiso con el servicio al cliente incluye soporte t\u00e9cnico r\u00e1pido y disponibilidad de repuestos. Esto garantiza la continuidad de sus operaciones, consolidando a\u00fan m\u00e1s la confianza del cliente en su marca.<\/p>\n<h2>Conclusi\u00f3n y llamada a la acci\u00f3n<\/h2>\n<p>No permita que componentes de baja calidad empa\u00f1en la reputaci\u00f3n de sus m\u00e1quinas de alta gama. Elija un compresor de aire asistido que est\u00e9 a la altura de la calidad de su equipo y potencie el potencial de su negocio.<\/p>\n<p>Cont\u00e1ctenos ahora para realizar una prueba de muestra o para obtener los precios mayoristas B2B m\u00e1s actualizados. Visite <a href=\"https:\/\/aircompressorforlasercutter.com\/es\/contactanos\/\">aqu\u00ed<\/a> Para alcanzar.<\/p>","protected":false},"excerpt":{"rendered":"<p>Variable Speed Air Assist Compressor for Laser The Unsung Hero Behind the Scenes The laser engraving industry is burgeoning, with buyers investing substantial amounts in high-quality laser engraving machines. However, in this pursuit of excellence, many overlook a crucial component: the air assist compressor. This essential accessory is not simply an add-on; it fundamentally impacts [&hellip;]<\/p>","protected":false},"featured_media":457,"comment_status":"open","ping_status":"closed","template":"","meta":{"_et_pb_use_builder":"","_et_pb_old_content":"","_et_gb_content_width":""},"product_brand":[],"product_cat":[1093],"product_tag":[1094],"class_list":{"0":"post-483","1":"product","2":"type-product","3":"status-publish","4":"has-post-thumbnail","6":"product_cat-air-compressor-for-laser-cutter","7":"product_tag-air-compressor-for-laser-cutter","9":"first","10":"instock","11":"shipping-taxable","12":"product-type-simple"},"_links":{"self":[{"href":"https:\/\/aircompressorforlasercutter.com\/es\/wp-json\/wp\/v2\/product\/483","targetHints":{"allow":["GET"]}}],"collection":[{"href":"https:\/\/aircompressorforlasercutter.com\/es\/wp-json\/wp\/v2\/product"}],"about":[{"href":"https:\/\/aircompressorforlasercutter.com\/es\/wp-json\/wp\/v2\/types\/product"}],"replies":[{"embeddable":true,"href":"https:\/\/aircompressorforlasercutter.com\/es\/wp-json\/wp\/v2\/comments?post=483"}],"wp:featuredmedia":[{"embeddable":true,"href":"https:\/\/aircompressorforlasercutter.com\/es\/wp-json\/wp\/v2\/media\/457"}],"wp:attachment":[{"href":"https:\/\/aircompressorforlasercutter.com\/es\/wp-json\/wp\/v2\/media?parent=483"}],"wp:term":[{"taxonomy":"product_brand","embeddable":true,"href":"https:\/\/aircompressorforlasercutter.com\/es\/wp-json\/wp\/v2\/product_brand?post=483"},{"taxonomy":"product_cat","embeddable":true,"href":"https:\/\/aircompressorforlasercutter.com\/es\/wp-json\/wp\/v2\/product_cat?post=483"},{"taxonomy":"product_tag","embeddable":true,"href":"https:\/\/aircompressorforlasercutter.com\/es\/wp-json\/wp\/v2\/product_tag?post=483"}],"curies":[{"name":"wp","href":"https:\/\/api.w.org\/{rel}","templated":true}]}}