{"id":485,"date":"2026-01-14T08:26:21","date_gmt":"2026-01-14T08:26:21","guid":{"rendered":"https:\/\/aircompressorforlasercutter.com\/product\/air-compressor-with-tube-fittings-for-laser-cutter\/"},"modified":"2026-01-14T08:26:21","modified_gmt":"2026-01-14T08:26:21","slug":"air-compressor-with-tube-fittings-for-laser-cutter","status":"publish","type":"product","link":"https:\/\/aircompressorforlasercutter.com\/es\/producto\/compresor-de-aire-con-accesorios-para-tubos-para-cortadora-laser\/","title":{"rendered":"Compresor de aire con accesorios para tubos para cortadora l\u00e1ser"},"content":{"rendered":"<h1>Compresor de aire con accesorios para cortadora l\u00e1ser: El h\u00e9roe an\u00f3nimo<\/h1>\n<h2>Introducci\u00f3n: El h\u00e9roe an\u00f3nimo<\/h2>\n<p>En el mundo del corte y grabado l\u00e1ser, la atenci\u00f3n suele centrarse en la propia m\u00e1quina l\u00e1ser. Los compradores invierten grandes cantidades en tecnolog\u00eda avanzada de grabado l\u00e1ser, pero a menudo pasan por alto la funci\u00f3n esencial de un compresor de aire. Este componente vital, aunque a menudo se considera un accesorio, desempe\u00f1a un papel fundamental para determinar la calidad del corte y la longevidad de la m\u00e1quina.<\/p>\n<p>La asistencia de aire no es solo una funci\u00f3n complementaria; es un factor crucial que afecta directamente tanto la calidad del corte final como la vida \u00fatil de su equipo. Un compresor de aire confiable puede mejorar significativamente la eficiencia y la eficacia de su cortadora l\u00e1ser.<\/p>\n<h2>Valor fundamental: la ventaja B2B<\/h2>\n<p>Para los distribuidores, elegir una bomba de aire excepcional se traduce en una reducci\u00f3n significativa de las quejas de los clientes por problemas como cortes inadecuados o lentes da\u00f1ados. Esta mejora se correlaciona directamente con una mayor tasa de retenci\u00f3n de clientes. Al proporcionar a sus clientes un compresor de aire de calidad superior, garantiza una mayor satisfacci\u00f3n y reduce los problemas posventa.<\/p>\n<h2>Puntos d\u00e9biles: Los costos ocultos de las bombas de aire baratas<\/h2>\n<h3>Mala calidad de corte<\/h3>\n<p>El uso de una bomba de aire de baja calidad puede generar un flujo de aire inestable, lo que resulta en bordes quemados en los materiales y una menor eficiencia de corte. Esto no solo afecta el resultado inmediato, sino tambi\u00e9n la comercializaci\u00f3n del producto final. Los clientes pueden encontrar sus art\u00edculos menos atractivos debido a acabados de baja calidad.<\/p>\n<h3>Riesgo de da\u00f1os al equipo<\/h3>\n<p>Las bombas de aire econ\u00f3micas, especialmente las que contienen aceite, pueden expulsar neblina de aceite o humedad, contaminando la \u00f3ptica del l\u00e1ser. Esta contaminaci\u00f3n puede ocasionar costosas reparaciones y devoluciones, generando gastos inesperados para los distribuidores y reduciendo sus m\u00e1rgenes de beneficio.<\/p>\n<h3>Disrupci\u00f3n de ruido<\/h3>\n<p>Los compresores de aire tradicionales son conocidos por su excesivo nivel de ruido, lo que puede disuadir a usuarios dom\u00e9sticos y espacios educativos de creaci\u00f3n. Su funcionamiento ruidoso limita la cartera de clientes potenciales y disminuye las oportunidades de venta. Por lo tanto, una soluci\u00f3n silenciosa es esencial para acceder a estos mercados.<\/p>\n<h2>Nuestra soluci\u00f3n: Redefiniendo la asistencia a\u00e9rea de nivel profesional<\/h2>\n<h3>Dise\u00f1o sin aceite ni agua<\/h3>\n<p>Nuestro compresor de aire 100% cuenta con un dise\u00f1o sin aceite ni agua, lo que garantiza una protecci\u00f3n completa para las lentes l\u00e1ser. Esto se traduce en un mantenimiento m\u00ednimo para los usuarios finales, ahorr\u00e1ndoles tiempo y esfuerzo, a la vez que maximiza su eficiencia operativa.<\/p>\n<h3>Tecnolog\u00eda ultra silenciosa<\/h3>\n<p>Desarrollado espec\u00edficamente para aplicaciones en interiores y estudios dom\u00e9sticos, nuestro compresor funciona con un nivel de ruido impresionantemente bajo, inferior a 60 dB. Esta innovaci\u00f3n mejora significativamente la experiencia del usuario al proporcionar un espacio de trabajo m\u00e1s silencioso, lo que lo hace ideal tanto para entornos residenciales como educativos.<\/p>\n<h3>Rendimiento potente<\/h3>\n<p>Con un caudal de 30 l\/min, nuestro compresor de aire garantiza un flujo de aire constante y estable. Ya sea cortando madera gruesa o acr\u00edlico, garantiza cortes limpios y sin humo, mejorando as\u00ed la calidad del producto final.<\/p>\n<h2>Amplia compatibilidad: Combinaci\u00f3n \u00fanica<\/h2>\n<h3>Amplia gama de aplicaciones<\/h3>\n<p>Nuestro compresor de aire est\u00e1 dise\u00f1ado para adaptarse perfectamente a los modelos 95% m\u00e1s comunes del mercado, como xTool, Ortur, Atomstack y diversas m\u00e1quinas l\u00e1ser de CO2. Esta versatilidad garantiza que sus clientes puedan utilizar nuestro producto sin problemas con sus equipos actuales.<\/p>\n<h3>Beneficios para los distribuidores<\/h3>\n<p>Con un solo SKU compatible con varias m\u00e1quinas, puede reducir significativamente la presi\u00f3n y la complejidad de su inventario. Este enfoque optimizado no solo simplifica la log\u00edstica, sino que tambi\u00e9n optimiza la gesti\u00f3n de su inventario, lo que permite un mejor flujo de caja y una mayor eficiencia operativa.<\/p>\n<h2>Ventajas de la cadena de suministro y la asociaci\u00f3n<\/h2>\n<h3>Fuerza de f\u00e1brica<\/h3>\n<p>Nuestros rigurosos procesos de control de calidad (CC) garantizan una tasa de defectos incre\u00edblemente baja, inferior a 1%. Este compromiso con la calidad le ayuda a ahorrar en costos log\u00edsticos relacionados con devoluciones y cambios, lo que a su vez mejora sus resultados.<\/p>\n<h3>Servicios personalizados (OEM\/ODM)<\/h3>\n<p>Ofrecemos opciones personalizables que incluyen la personalizaci\u00f3n de su logotipo, dise\u00f1os de empaque personalizados y diversas especificaciones de enchufes para diferentes pa\u00edses. Esta flexibilidad le permite crear una identidad de marca distintiva que conecte con su mercado objetivo.<\/p>\n<h3>Soporte posventa<\/h3>\n<p>Nuestra r\u00e1pida respuesta t\u00e9cnica y capacidad de suministro de repuestos garantizan que sus clientes reciban la asistencia que necesitan sin demoras significativas. Este nivel de soporte mejora la satisfacci\u00f3n del cliente y fomenta relaciones comerciales a largo plazo.<\/p>\n<h2>Conclusi\u00f3n y llamada a la acci\u00f3n<\/h2>\n<p>No permita que accesorios de baja calidad manchen la reputaci\u00f3n de sus m\u00e1quinas de alta gama. Elegir un compresor de aire que se ajuste a la calidad de su equipo es esencial para mantener la satisfacci\u00f3n y la fidelidad de sus clientes.<\/p>\n<p>Cont\u00e1ctenos hoy mismo para solicitar muestras de prueba o para obtener la lista de precios mayoristas B2B m\u00e1s actualizada. Mejore su oferta con nuestras soluciones de compresores de aire de primera calidad.<\/p>\n<p><a href=\"https:\/\/aircompressorforlasercutter.com\/es\/contactanos\/\">Haga clic aqu\u00ed para contactarnos.<\/a><\/p>","protected":false},"excerpt":{"rendered":"<p>Air Compressor with Tube Fittings for Laser Cutter: The Unsung Hero Introduction: The Unsung Hero In the world of laser cutting and engraving, the focus often lies on the laser machine itself. Buyers invest significant sums in advanced laser engraving technology, yet they frequently overlook the essential role of an air compressor. This vital component, [&hellip;]<\/p>","protected":false},"featured_media":457,"comment_status":"open","ping_status":"closed","template":"","meta":{"_et_pb_use_builder":"","_et_pb_old_content":"","_et_gb_content_width":""},"product_brand":[],"product_cat":[1093],"product_tag":[1096],"class_list":{"0":"post-485","1":"product","2":"type-product","3":"status-publish","4":"has-post-thumbnail","6":"product_cat-air-compressor-for-laser-cutter","7":"product_tag-air-compressor-for-laser-cutter-cost","9":"first","10":"instock","11":"shipping-taxable","12":"product-type-simple"},"_links":{"self":[{"href":"https:\/\/aircompressorforlasercutter.com\/es\/wp-json\/wp\/v2\/product\/485","targetHints":{"allow":["GET"]}}],"collection":[{"href":"https:\/\/aircompressorforlasercutter.com\/es\/wp-json\/wp\/v2\/product"}],"about":[{"href":"https:\/\/aircompressorforlasercutter.com\/es\/wp-json\/wp\/v2\/types\/product"}],"replies":[{"embeddable":true,"href":"https:\/\/aircompressorforlasercutter.com\/es\/wp-json\/wp\/v2\/comments?post=485"}],"wp:featuredmedia":[{"embeddable":true,"href":"https:\/\/aircompressorforlasercutter.com\/es\/wp-json\/wp\/v2\/media\/457"}],"wp:attachment":[{"href":"https:\/\/aircompressorforlasercutter.com\/es\/wp-json\/wp\/v2\/media?parent=485"}],"wp:term":[{"taxonomy":"product_brand","embeddable":true,"href":"https:\/\/aircompressorforlasercutter.com\/es\/wp-json\/wp\/v2\/product_brand?post=485"},{"taxonomy":"product_cat","embeddable":true,"href":"https:\/\/aircompressorforlasercutter.com\/es\/wp-json\/wp\/v2\/product_cat?post=485"},{"taxonomy":"product_tag","embeddable":true,"href":"https:\/\/aircompressorforlasercutter.com\/es\/wp-json\/wp\/v2\/product_tag?post=485"}],"curies":[{"name":"wp","href":"https:\/\/api.w.org\/{rel}","templated":true}]}}