{"id":486,"date":"2026-01-14T08:26:21","date_gmt":"2026-01-14T08:26:21","guid":{"rendered":"https:\/\/aircompressorforlasercutter.com\/product\/diode-laser-air-assist-system-with-adjustable-knob\/"},"modified":"2026-01-14T08:29:15","modified_gmt":"2026-01-14T08:29:15","slug":"diode-laser-air-assist-system-with-adjustable-knob","status":"publish","type":"product","link":"https:\/\/aircompressorforlasercutter.com\/es\/producto\/sistema-de-asistencia-de-aire-con-laser-de-diodo-con-perilla-ajustable\/","title":{"rendered":"Sistema de asistencia de aire con l\u00e1ser de diodo con perilla ajustable"},"content":{"rendered":"<h1><span style=\"font-size: 26px;\">1. Antecedentes: Lo esencial pasado por alto<\/span><\/h1>\n<p>En el competitivo mercado actual, muchos compradores invierten grandes cantidades en m\u00e1quinas de grabado l\u00e1ser avanzadas, a menudo pasando por alto un componente crucial: el sistema de asistencia neum\u00e1tica. Si bien la cortadora l\u00e1ser puede ser la estrella, la bomba de aire desempe\u00f1a un papel fundamental para mejorar el rendimiento y la durabilidad. La asistencia neum\u00e1tica no es un simple accesorio; influye directamente en la calidad final del corte y la vida \u00fatil de la maquinaria.<\/p>\n<p>Para los clientes B2B, elegir la bomba de aire adecuada se traduce en menos quejas sobre problemas como cortes incompletos o lentes da\u00f1ados, lo que en \u00faltima instancia genera mayores tasas de retenci\u00f3n de clientes.<\/p>\n<p><img loading=\"lazy\" decoding=\"async\" class=\"wp-image-455 size-full aligncenter\" src=\"https:\/\/aircompressorforlasercutter.com\/wp-content\/uploads\/2026\/01\/Air-Compressor-For-Laser-Cutter2.webp\" alt=\"Compresor de aire para cortadora l\u00e1ser\" width=\"800\" height=\"800\" srcset=\"https:\/\/aircompressorforlasercutter.com\/wp-content\/uploads\/2026\/01\/Air-Compressor-For-Laser-Cutter2.webp 800w, https:\/\/aircompressorforlasercutter.com\/wp-content\/uploads\/2026\/01\/Air-Compressor-For-Laser-Cutter2-480x480.webp 480w\" sizes=\"auto, (min-width: 0px) and (max-width: 480px) 480px, (min-width: 481px) 800px, 100vw\" \/><\/p>\n<h2>2. An\u00e1lisis de los puntos d\u00e9biles: Los costos ocultos de las bombas de aire baratas<\/h2>\n<h3>Mala calidad de corte<\/h3>\n<p>El uso de una bomba de aire de bajo costo puede generar un flujo de aire inestable, lo que provoca bordes quemados y una menor eficiencia de corte. Este deterioro no solo afecta el resultado inmediato, sino que tambi\u00e9n perjudica la est\u00e9tica del producto final. Esto puede tener efectos en cascada, afectando la satisfacci\u00f3n del cliente y la fidelizaci\u00f3n de clientes.<\/p>\n<h3>Riesgo de da\u00f1os al equipo<\/h3>\n<p>Las bombas de baja calidad, en particular las lubricadas con aceite, pueden liberar neblina de aceite o humedad que contamina la lente del l\u00e1ser. Esta contaminaci\u00f3n puede ocasionar costosas reparaciones y devoluciones, lo que reduce los m\u00e1rgenes de beneficio de los distribuidores que dependen de maquinaria de alta calidad.<\/p>\n<h3>Disuasi\u00f3n de ruido<\/h3>\n<p>Los compresores de aire tradicionales pueden producir un ruido excesivo, lo que limita su uso en entornos dom\u00e9sticos y en entornos de formaci\u00f3n para creadores. Estas limitaciones reducen su mercado potencial, ya que los propietarios y educadores suelen buscar soluciones m\u00e1s silenciosas para sus proyectos.<\/p>\n<h2>3. Nuestra soluci\u00f3n: redefiniendo la asistencia de aire de calidad profesional<\/h2>\n<h3>Dise\u00f1o sin aceite y sin agua<\/h3>\n<p>El sistema de asistencia de aire para l\u00e1ser de diodo cuenta con un dise\u00f1o 100% sin aceite ni agua, que ofrece una protecci\u00f3n inigualable para las lentes l\u00e1ser y elimina las preocupaciones de mantenimiento para los usuarios finales. Esto se traduce en tranquilidad y un rendimiento constante sin las complicaciones del mantenimiento.<\/p>\n<h3>Tecnolog\u00eda ultra silenciosa<\/h3>\n<p>Dise\u00f1ado espec\u00edficamente para uso en interiores y estudios dom\u00e9sticos, nuestro sistema funciona con un nivel de ruido extremadamente bajo (&lt;60 dB). Esta innovaci\u00f3n mejora significativamente la experiencia del usuario, haci\u00e9ndolo ideal para entornos donde el control del ruido es fundamental.<\/p>\n<h3>Rendimiento robusto<\/h3>\n<p>Con un caudal constante de 30 L\/min, este sistema de asistencia neum\u00e1tica garantiza cortes limpios y sin humo al trabajar con materiales gruesos como madera y acr\u00edlico. Este rendimiento fiable mejora la eficiencia del proceso de corte, lo que se traduce en resultados de mayor calidad.<\/p>\n<p><img loading=\"lazy\" decoding=\"async\" class=\"alignnone wp-image-453 size-full\" src=\"https:\/\/aircompressorforlasercutter.com\/wp-content\/uploads\/2026\/01\/Air-Compressor-For-Laser-Cutter.webp\" alt=\"Compresor de aire para cortadora l\u00e1ser\" width=\"800\" height=\"800\" srcset=\"https:\/\/aircompressorforlasercutter.com\/wp-content\/uploads\/2026\/01\/Air-Compressor-For-Laser-Cutter.webp 800w, https:\/\/aircompressorforlasercutter.com\/wp-content\/uploads\/2026\/01\/Air-Compressor-For-Laser-Cutter-480x480.webp 480w\" sizes=\"auto, (min-width: 0px) and (max-width: 480px) 480px, (min-width: 481px) 800px, 100vw\" \/><\/p>\n<h2>4. Amplia compatibilidad: Todo en uno<\/h2>\n<h3>Amplia aplicabilidad<\/h3>\n<p>Nuestro sistema de asistencia neum\u00e1tica est\u00e1 dise\u00f1ado para integrarse perfectamente con las m\u00e1quinas l\u00e1ser 95% m\u00e1s comunes del mercado, como xTool, Ortur, Atomstack y diversos sistemas l\u00e1ser de CO2. Esta versatilidad garantiza que los distribuidores puedan atender a una amplia cartera de clientes sin la carga de un inventario extenso.<\/p>\n<h3>Beneficios del distribuidor<\/h3>\n<p>Al tener una sola referencia de producto (SKU) compatible con varias m\u00e1quinas, la complejidad de la gesti\u00f3n de inventario se reduce significativamente. Los distribuidores pueden optimizar sus procesos de inventario, lo que se traduce en una menor presi\u00f3n de almacenamiento y una mayor eficiencia operativa.<\/p>\n<h2>5. Ventajas de la cadena de suministro y la asociaci\u00f3n<\/h2>\n<h3>Fuerza de f\u00e1brica<\/h3>\n<p>Nuestros rigurosos procesos de control de calidad garantizan una tasa de defectos excepcionalmente baja (&lt;1%), lo que ahorra a los distribuidores importantes costos log\u00edsticos relacionados con devoluciones y cambios. Esta fiabilidad fomenta relaciones s\u00f3lidas entre fabricantes y distribuidores, lo que refuerza la confianza general en el mercado.<\/p>\n<h3>Servicios personalizados (OEM\/ODM)<\/h3>\n<p>Ofrecemos personalizaci\u00f3n del logotipo de la marca, dise\u00f1o de empaque y adaptaciones globales a las especificaciones de los conectores, lo que permite a nuestros socios crear su propia identidad en el mercado. Estas soluciones personalizadas permiten a los distribuidores diferenciarse de la competencia.<\/p>\n<h3>Soporte posventa<\/h3>\n<p>Nuestro compromiso con el soporte t\u00e9cnico r\u00e1pido y la disponibilidad de repuestos garantiza que cualquier problema se pueda resolver con prontitud. Este nivel de servicio es crucial para mantener la satisfacci\u00f3n y la fidelidad del cliente.<\/p>\n<h2>6. Conclusi\u00f3n y llamada a la acci\u00f3n (CTA)<\/h2>\n<p>La calidad de su equipo no debe verse comprometida por componentes de baja calidad. Mejore su oferta seleccionando una bomba de aire que se ajuste a la calidad de sus m\u00e1quinas l\u00e1ser.<\/p>\n<p>Cont\u00e1ctenos hoy mismo para solicitar una muestra para probarla o para obtener los precios mayoristas B2B m\u00e1s actualizados. Elija la opci\u00f3n que prioriza el rendimiento y la fiabilidad en sus operaciones de corte l\u00e1ser.<\/p>\n<p style=\"text-align: center;\"><a href=\"https:\/\/aircompressorforlasercutter.com\/es\/contactanos\/\"><span style=\"font-size: 18pt;\">\u00a1Cont\u00e1ctanos ahora!<\/span><\/a><\/p>","protected":false},"excerpt":{"rendered":"<p>1. Background: The Overlooked Essential In today??s competitive market, many buyers invest heavily in advanced laser engraving machines, often overlooking a critical component: the air assist system. While the laser cutter may be the star of the show, the air pump plays a pivotal role in enhancing performance and longevity. Air assist is not merely [&hellip;]<\/p>","protected":false},"featured_media":457,"comment_status":"open","ping_status":"closed","template":"","meta":{"_et_pb_use_builder":"","_et_pb_old_content":"","_et_gb_content_width":""},"product_brand":[],"product_cat":[1093],"product_tag":[1096],"class_list":{"0":"post-486","1":"product","2":"type-product","3":"status-publish","4":"has-post-thumbnail","6":"product_cat-air-compressor-for-laser-cutter","7":"product_tag-air-compressor-for-laser-cutter-cost","9":"first","10":"instock","11":"shipping-taxable","12":"product-type-simple"},"_links":{"self":[{"href":"https:\/\/aircompressorforlasercutter.com\/es\/wp-json\/wp\/v2\/product\/486","targetHints":{"allow":["GET"]}}],"collection":[{"href":"https:\/\/aircompressorforlasercutter.com\/es\/wp-json\/wp\/v2\/product"}],"about":[{"href":"https:\/\/aircompressorforlasercutter.com\/es\/wp-json\/wp\/v2\/types\/product"}],"replies":[{"embeddable":true,"href":"https:\/\/aircompressorforlasercutter.com\/es\/wp-json\/wp\/v2\/comments?post=486"}],"wp:featuredmedia":[{"embeddable":true,"href":"https:\/\/aircompressorforlasercutter.com\/es\/wp-json\/wp\/v2\/media\/457"}],"wp:attachment":[{"href":"https:\/\/aircompressorforlasercutter.com\/es\/wp-json\/wp\/v2\/media?parent=486"}],"wp:term":[{"taxonomy":"product_brand","embeddable":true,"href":"https:\/\/aircompressorforlasercutter.com\/es\/wp-json\/wp\/v2\/product_brand?post=486"},{"taxonomy":"product_cat","embeddable":true,"href":"https:\/\/aircompressorforlasercutter.com\/es\/wp-json\/wp\/v2\/product_cat?post=486"},{"taxonomy":"product_tag","embeddable":true,"href":"https:\/\/aircompressorforlasercutter.com\/es\/wp-json\/wp\/v2\/product_tag?post=486"}],"curies":[{"name":"wp","href":"https:\/\/api.w.org\/{rel}","templated":true}]}}