{"id":463,"date":"2026-01-14T08:26:17","date_gmt":"2026-01-14T08:26:17","guid":{"rendered":"https:\/\/aircompressorforlasercutter.com\/product\/laser-cutter-air-compressor-for-ortur-laser-master-3\/"},"modified":"2026-01-14T08:50:02","modified_gmt":"2026-01-14T08:50:02","slug":"laser-cutter-air-compressor-for-ortur-laser-master-3","status":"publish","type":"product","link":"https:\/\/aircompressorforlasercutter.com\/es_es\/producto\/compresor-de-aire-para-cortadora-laser-ortur-laser-master-3\/","title":{"rendered":"Compresor de aire para cortadora l\u00e1ser Ortur Laser Master 3"},"content":{"rendered":"<h1>Compresor de aire para cortadora l\u00e1ser Ortur Laser Master 3: El h\u00e9roe an\u00f3nimo<\/h1>\n<h2>1. Antecedentes: El componente ignorado<\/h2>\n<p>En el competitivo mercado actual, muchos compradores invierten considerablemente en m\u00e1quinas de grabado l\u00e1ser de alta calidad, a menudo pasando por alto el equipo auxiliar fundamental: el compresor de aire. Si bien una cortadora l\u00e1ser de \u00faltima generaci\u00f3n puede transformar materiales con precisi\u00f3n, son los sistemas auxiliares los que realmente mejoran el rendimiento.<\/p>\n<p>La asistencia a\u00e9rea no es simplemente un accesorio; juega un papel fundamental en la determinaci\u00f3n del resultado final. <strong>calidad de corte<\/strong> y el <strong>longevidad de la m\u00e1quina<\/strong>En un sector donde la satisfacci\u00f3n del cliente es primordial, comprender el valor de un compresor de aire fiable puede diferenciarte de la competencia.<\/p>\n<p>Para los distribuidores, elegir la bomba de aire adecuada se traduce en menos quejas sobre problemas como \"cortes incompletos\" y \"lentes da\u00f1adas\", lo que en \u00faltima instancia conlleva mayores tasas de fidelizaci\u00f3n de clientes.<\/p>\n<h2>2. An\u00e1lisis de los puntos d\u00e9biles: Los costos ocultos de los compresores baratos<\/h2>\n<h3>Mala calidad de corte<\/h3>\n<p>Al utilizar una bomba de aire de baja calidad, la inestabilidad del flujo de aire puede provocar resultados indeseables. Por ejemplo, los bordes pueden carbonizarse o quemarse, lo que afecta significativamente la est\u00e9tica del producto final. Esto no solo repercute en la satisfacci\u00f3n del cliente, sino que tambi\u00e9n puede ocasionar p\u00e9rdidas de ventas.<\/p>\n<h3>Riesgo de da\u00f1os al equipo<\/h3>\n<p>Los compresores de aire de baja calidad, especialmente los que funcionan con aceite, pueden liberar neblina de aceite o humedad que contamina la \u00f3ptica l\u00e1ser. Esta contaminaci\u00f3n puede ocasionar reparaciones y devoluciones costosas, que podr\u00edan haberse evitado con un sistema de suministro de aire fiable.<\/p>\n<h3>Disuasivo de ruido<\/h3>\n<p>Los compresores de aire tradicionales son conocidos por su elevado nivel de ruido, lo que supone un obst\u00e1culo para los usuarios dom\u00e9sticos y los espacios de creaci\u00f3n educativa. Esta contaminaci\u00f3n ac\u00fastica reduce la utilidad de su producto en entornos residenciales y limita su alcance en el mercado.<\/p>\n<h2>3. Nuestra soluci\u00f3n<\/h2>\n<h3>Dise\u00f1o sin aceite ni humedad<\/h3>\n<p>Nuestro compresor de aire cuenta con un dise\u00f1o 100% libre de aceite y agua que garantiza la protecci\u00f3n de las lentes l\u00e1ser. Los usuarios finales disfrutan de la tranquilidad de saber que no tendr\u00e1n problemas de mantenimiento, lo que les permite concentrarse exclusivamente en sus proyectos creativos.<\/p>\n<h3>Tecnolog\u00eda ultra silenciosa<\/h3>\n<p>Dise\u00f1ado espec\u00edficamente para entornos de estudio dom\u00e9sticos y de interior, nuestro compresor funciona con un nivel de ruido sorprendentemente bajo. <strong>&lt;60 dB<\/strong>Esto mejora la experiencia del usuario, lo que lo hace ideal para los aficionados a las manualidades que requieren un espacio de trabajo tranquilo.<\/p>\n<h3>Rendimiento robusto<\/h3>\n<p>Con un caudal continuo y estable de 30 l\/min, nuestro compresor garantiza un corte limpio y sin humo incluso en los materiales m\u00e1s gruesos, como madera dura o acr\u00edlico. Este rendimiento no solo mejora la eficiencia del corte, sino que tambi\u00e9n mantiene la calidad del producto final.<\/p>\n<h2>4. Amplia compatibilidad: Soluci\u00f3n integral (Inventario sin preocupaciones)<\/h2>\n<h3>Amplio \u00e1mbito de aplicaci\u00f3n<\/h3>\n<p>Nuestro compresor de aire es perfectamente compatible con el modelo 95% de las principales marcas de cortadoras l\u00e1ser, incluyendo xTool, Ortur, Atomstack y diversas m\u00e1quinas l\u00e1ser de CO2. Este nivel de compatibilidad garantiza que pueda satisfacer las diversas necesidades de sus clientes sin complicaciones.<\/p>\n<h3>Beneficios del distribuidor<\/h3>\n<p>Con una \u00fanica referencia que se adapta a m\u00faltiples m\u00e1quinas, se reduce dr\u00e1sticamente la presi\u00f3n sobre el inventario y se simplifica la gesti\u00f3n de existencias. Este enfoque optimizado le permite centrarse en el crecimiento de su negocio en lugar de lidiar con log\u00edsticas complejas.<\/p>\n<h2>5. Ventajas de la cadena de suministro y la asociaci\u00f3n<\/h2>\n<h3>Fuerza de f\u00e1brica<\/h3>\n<p>Nuestros rigurosos procesos de control de calidad garantizan una tasa de defectos impresionantemente baja, inferior a <strong>1%<\/strong>Esto no solo minimiza los costos de log\u00edstica de devoluciones, sino que tambi\u00e9n fomenta la confianza con sus clientes, ya que reciben productos de alta calidad.<\/p>\n<h3>Soluciones a medida (OEM\/ODM)<\/h3>\n<p>Ofrecemos soluciones a medida, incluyendo personalizaci\u00f3n de logotipos, dise\u00f1o de empaques y diversas especificaciones de enchufes para diferentes pa\u00edses. Esta flexibilidad le permite crear su propia identidad de marca y satisfacer las demandas espec\u00edficas del mercado.<\/p>\n<h3>Soporte posventa<\/h3>\n<p>Nuestro compromiso con la satisfacci\u00f3n del cliente va m\u00e1s all\u00e1 de la venta. Ofrecemos asistencia t\u00e9cnica r\u00e1pida y suministro de repuestos para garantizar que sus operaciones se desarrollen sin problemas y de manera eficiente.<\/p>\n<h2>6. Conclusi\u00f3n y llamada a la acci\u00f3n<\/h2>\n<p>No permita que los componentes de baja calidad empa\u00f1en la reputaci\u00f3n de sus m\u00e1quinas de alta gama. Elija un compresor de aire que est\u00e9 a la altura de la calidad de su equipo.<\/p>\n<p><strong>Cont\u00e1ctanos<\/strong> hoy para solicitar una muestra para pruebas, u obtener la lista de precios mayoristas B2B m\u00e1s reciente en <a href=\"https:\/\/aircompressorforlasercutter.com\/es_es\/contactanos\/\">Poder eterno<\/a>Sus clientes merecen lo mejor, y nosotros estamos aqu\u00ed para proporcion\u00e1rselo.<\/p>","protected":false},"excerpt":{"rendered":"<p>Laser Cutter Air Compressor for Ortur Laser Master 3: The Unsung Hero 1. Background: The Overlooked Component In today&#8217;s competitive market, many buyers invest significantly in high-quality laser engraving machines, often overlooking the critical support equipment: the air compressor. While a top-of-the-line laser cutter can transform materials with precision, it is the auxiliary systems that [&hellip;]<\/p>","protected":false},"featured_media":454,"comment_status":"open","ping_status":"closed","template":"","meta":{"_et_pb_use_builder":"","_et_pb_old_content":"","_et_gb_content_width":""},"product_brand":[],"product_cat":[1093],"product_tag":[1095],"class_list":{"0":"post-463","1":"product","2":"type-product","3":"status-publish","4":"has-post-thumbnail","6":"product_cat-air-compressor-for-laser-cutter","7":"product_tag-air-compressor-for-laser-cutter-price","9":"first","10":"instock","11":"shipping-taxable","12":"product-type-simple"},"_links":{"self":[{"href":"https:\/\/aircompressorforlasercutter.com\/es_es\/wp-json\/wp\/v2\/product\/463","targetHints":{"allow":["GET"]}}],"collection":[{"href":"https:\/\/aircompressorforlasercutter.com\/es_es\/wp-json\/wp\/v2\/product"}],"about":[{"href":"https:\/\/aircompressorforlasercutter.com\/es_es\/wp-json\/wp\/v2\/types\/product"}],"replies":[{"embeddable":true,"href":"https:\/\/aircompressorforlasercutter.com\/es_es\/wp-json\/wp\/v2\/comments?post=463"}],"wp:featuredmedia":[{"embeddable":true,"href":"https:\/\/aircompressorforlasercutter.com\/es_es\/wp-json\/wp\/v2\/media\/454"}],"wp:attachment":[{"href":"https:\/\/aircompressorforlasercutter.com\/es_es\/wp-json\/wp\/v2\/media?parent=463"}],"wp:term":[{"taxonomy":"product_brand","embeddable":true,"href":"https:\/\/aircompressorforlasercutter.com\/es_es\/wp-json\/wp\/v2\/product_brand?post=463"},{"taxonomy":"product_cat","embeddable":true,"href":"https:\/\/aircompressorforlasercutter.com\/es_es\/wp-json\/wp\/v2\/product_cat?post=463"},{"taxonomy":"product_tag","embeddable":true,"href":"https:\/\/aircompressorforlasercutter.com\/es_es\/wp-json\/wp\/v2\/product_tag?post=463"}],"curies":[{"name":"wp","href":"https:\/\/api.w.org\/{rel}","templated":true}]}}