{"id":464,"date":"2026-01-14T08:26:17","date_gmt":"2026-01-14T08:26:17","guid":{"rendered":"https:\/\/aircompressorforlasercutter.com\/product\/co2-laser-air-compressor-for-k40-laser-cutter\/"},"modified":"2026-01-14T08:48:53","modified_gmt":"2026-01-14T08:48:53","slug":"co2-laser-air-compressor-for-k40-laser-cutter","status":"publish","type":"product","link":"https:\/\/aircompressorforlasercutter.com\/es_es\/producto\/compresor-de-aire-laser-de-co2-para-cortadora-laser-k40\/","title":{"rendered":"Compresor de aire l\u00e1ser de CO2 para cortadora l\u00e1ser K40"},"content":{"rendered":"<h1>Compresor de aire l\u00e1ser de CO2 para cortadora l\u00e1ser K40: El h\u00e9roe an\u00f3nimo<\/h1>\n<h2>1. Antecedentes: Lo esencial pasado por alto<\/h2>\n<p>En el competitivo mercado actual del grabado l\u00e1ser, es habitual que los compradores inviertan considerablemente en m\u00e1quinas de corte l\u00e1ser de alta calidad, pasando por alto a menudo un accesorio crucial: el compresor de aire. Si bien la cortadora l\u00e1ser en s\u00ed misma es fundamental para la precisi\u00f3n y la eficiencia, el compresor de aire act\u00faa como su aliado silencioso, garantizando un rendimiento \u00f3ptimo. La asistencia de aire no es un simple accesorio; influye directamente en la calidad del corte final y la longevidad de la m\u00e1quina.<\/p>\n<p>Para los clientes B2B, elegir la bomba de aire adecuada se traduce en menos quejas por problemas como cortes incompletos y lentes da\u00f1ados. Esto, a su vez, se traduce en una mayor retenci\u00f3n de clientes, ya que los clientes satisfechos tienen m\u00e1s probabilidades de volver a comprar en el futuro.<\/p>\n<p><img loading=\"lazy\" decoding=\"async\" class=\"size-full wp-image-456 aligncenter\" src=\"https:\/\/aircompressorforlasercutter.com\/wp-content\/uploads\/2026\/01\/Air-Compressor-For-Laser-Cutter4.webp\" alt=\"Compresor de aire para cortadora l\u00e1ser\" width=\"800\" height=\"800\" srcset=\"https:\/\/aircompressorforlasercutter.com\/wp-content\/uploads\/2026\/01\/Air-Compressor-For-Laser-Cutter4.webp 800w, https:\/\/aircompressorforlasercutter.com\/wp-content\/uploads\/2026\/01\/Air-Compressor-For-Laser-Cutter4-480x480.webp 480w\" sizes=\"auto, (min-width: 0px) and (max-width: 480px) 480px, (min-width: 481px) 800px, 100vw\" \/><\/p>\n<h2>2. An\u00e1lisis de los puntos d\u00e9biles: Costos ocultos de las bombas de aire baratas<\/h2>\n<h3>Mala calidad de corte<\/h3>\n<p>Las bombas de aire de baja calidad suelen generar un flujo de aire inestable, lo que provoca bordes quemados en los materiales y reduce la eficiencia de corte. Esto perjudica la est\u00e9tica del producto final, lo que afecta la satisfacci\u00f3n general del cliente y la competitividad en el mercado.<\/p>\n<h3>Riesgo de da\u00f1os al equipo<\/h3>\n<p>Las bombas de aire de baja calidad, en particular las que contienen aceite, pueden emitir niebla de aceite o humedad que contamina la lente del l\u00e1ser. Esta contaminaci\u00f3n conlleva costosas reparaciones posventa y devoluciones, lo que reduce los m\u00e1rgenes de beneficio y perjudica la reputaci\u00f3n de la marca.<\/p>\n<h3>Disrupci\u00f3n de ruido<\/h3>\n<p>Los compresores de aire tradicionales son conocidos por su alto nivel de ruido, lo que disuade a los usuarios dom\u00e9sticos y limita su aplicaci\u00f3n en espacios educativos. El ruido excesivo limita su mercado potencial y perjudica la experiencia del usuario, especialmente para los aficionados al bricolaje que buscan un entorno m\u00e1s silencioso.<\/p>\n<h2>3. Nuestra soluci\u00f3n<\/h2>\n<h3>Dise\u00f1o sin aceite y sin agua<\/h3>\n<p>Nuestro compresor de aire l\u00e1ser de CO2 cuenta con un dise\u00f1o 100% sin aceite ni agua, lo que proporciona una protecci\u00f3n completa para las lentes l\u00e1ser. Los usuarios finales pueden disfrutar de una experiencia sin complicaciones y sin necesidad de mantenimiento regular, ahorrando tiempo y esfuerzo.<\/p>\n<h3>Tecnolog\u00eda ultra silenciosa<\/h3>\n<p>Dise\u00f1ado espec\u00edficamente para interiores y estudios dom\u00e9sticos, nuestro compresor funciona con un nivel de ruido excepcionalmente bajo (&lt;60 dB). Esta innovaci\u00f3n mejora la experiencia del usuario al crear un espacio de trabajo tranquilo, ideal tanto para aficionados como para profesionales.<\/p>\n<h3>Rendimiento robusto<\/h3>\n<p>Con un caudal continuo y estable de 30 L\/min, nuestro compresor garantiza un corte limpio y sin humo, incluso al trabajar con madera gruesa o materiales acr\u00edlicos. Este nivel de rendimiento garantiza que sus proyectos reflejen los altos est\u00e1ndares que usted se esfuerza por mantener.<\/p>\n<h2>4. Amplia compatibilidad: soluci\u00f3n integral de compatibilidad<\/h2>\n<h3>Amplia aplicabilidad<\/h3>\n<p>Este compresor de aire est\u00e1 dise\u00f1ado para adaptarse perfectamente al modelo 95% de los modelos m\u00e1s populares del mercado, como xTool, Ortur, Atomstack y diversas m\u00e1quinas l\u00e1ser de CO2. Esta compatibilidad simplifica sus decisiones de compra.<\/p>\n<h3>Beneficios del distribuidor<\/h3>\n<p>Con un \u00fanico SKU compatible con m\u00faltiples m\u00e1quinas, los distribuidores pueden reducir significativamente la presi\u00f3n de inventario y optimizar las complejidades del almacenamiento. Este enfoque simplificado fomenta una cadena de suministro m\u00e1s eficiente, lo que permite un mayor enfoque en las ventas y la interacci\u00f3n con el cliente.<\/p>\n<h2>5. Ventajas de la cadena de suministro y la asociaci\u00f3n<\/h2>\n<h3>Fuerza de f\u00e1brica<\/h3>\n<p>Nuestros rigurosos procesos de control de calidad garantizan una tasa de defectos excepcionalmente baja (&lt;1%), lo que le ahorra costos log\u00edsticos asociados con devoluciones y cambios. Al elegirnos, invierte en confiabilidad y tranquilidad.<\/p>\n<h3>Servicios de personalizaci\u00f3n (OEM\/ODM)<\/h3>\n<p>Ofrecemos opciones personalizables, como la personalizaci\u00f3n de su logotipo, dise\u00f1os de empaque personalizados y diversas especificaciones de enchufes para diferentes pa\u00edses. Esta flexibilidad le permite crear una identidad de marca \u00fanica y satisfacer las diversas necesidades de sus clientes.<\/p>\n<h3>Soporte posventa<\/h3>\n<p>Nuestro compromiso va m\u00e1s all\u00e1 de la venta. Ofrecemos una respuesta t\u00e9cnica r\u00e1pida y suministramos repuestos con prontitud, garantizando as\u00ed la continuidad de sus operaciones y la satisfacci\u00f3n de sus clientes.<\/p>\n<p><img loading=\"lazy\" decoding=\"async\" class=\"aligncenter size-full wp-image-458\" src=\"https:\/\/aircompressorforlasercutter.com\/wp-content\/uploads\/2026\/01\/Air-Compressor-For-Laser-Cutter6.webp\" alt=\"Compresor de aire para cortadora l\u00e1ser\" width=\"800\" height=\"800\" srcset=\"https:\/\/aircompressorforlasercutter.com\/wp-content\/uploads\/2026\/01\/Air-Compressor-For-Laser-Cutter6.webp 800w, https:\/\/aircompressorforlasercutter.com\/wp-content\/uploads\/2026\/01\/Air-Compressor-For-Laser-Cutter6-480x480.webp 480w\" sizes=\"auto, (min-width: 0px) and (max-width: 480px) 480px, (min-width: 481px) 800px, 100vw\" \/><\/p>\n<h2>6.<\/h2>\n<p>No permita que componentes de baja calidad manchen la reputaci\u00f3n de sus m\u00e1quinas de alta gama. Elegir una bomba de aire acorde con la calidad de su equipo es crucial para el \u00e9xito de su marca.<\/p>\n<p>Cont\u00e1ctenos hoy mismo para solicitar una muestra para probarla o para obtener los precios al por mayor B2B m\u00e1s actualizados. Experimente de primera mano c\u00f3mo nuestro compresor de aire l\u00e1ser de CO2 puede mejorar la calidad de su corte y la satisfacci\u00f3n de sus clientes.<\/p>\n<p>Para obtener m\u00e1s informaci\u00f3n, visite <a href=\"https:\/\/aircompressorforlasercutter.com\/es_es\/contactanos\/\">nuestra p\u00e1gina de contacto<\/a>.<\/p>","protected":false},"excerpt":{"rendered":"<p>CO2 Laser Air Compressor for K40 Laser Cutter: The Unsung Hero 1. Background: The Overlooked Essential In today&#8217;s competitive laser engraving market, it&#8217;s common for buyers to invest significantly in high-quality laser cutting machines, often overlooking a critical accessory: the air compressor. While the laser cutter itself is pivotal for precision and efficiency, the air [&hellip;]<\/p>","protected":false},"featured_media":454,"comment_status":"open","ping_status":"closed","template":"","meta":{"_et_pb_use_builder":"","_et_pb_old_content":"","_et_gb_content_width":""},"product_brand":[],"product_cat":[1093],"product_tag":[1096],"class_list":{"0":"post-464","1":"product","2":"type-product","3":"status-publish","4":"has-post-thumbnail","6":"product_cat-air-compressor-for-laser-cutter","7":"product_tag-air-compressor-for-laser-cutter-cost","9":"first","10":"instock","11":"shipping-taxable","12":"product-type-simple"},"_links":{"self":[{"href":"https:\/\/aircompressorforlasercutter.com\/es_es\/wp-json\/wp\/v2\/product\/464","targetHints":{"allow":["GET"]}}],"collection":[{"href":"https:\/\/aircompressorforlasercutter.com\/es_es\/wp-json\/wp\/v2\/product"}],"about":[{"href":"https:\/\/aircompressorforlasercutter.com\/es_es\/wp-json\/wp\/v2\/types\/product"}],"replies":[{"embeddable":true,"href":"https:\/\/aircompressorforlasercutter.com\/es_es\/wp-json\/wp\/v2\/comments?post=464"}],"wp:featuredmedia":[{"embeddable":true,"href":"https:\/\/aircompressorforlasercutter.com\/es_es\/wp-json\/wp\/v2\/media\/454"}],"wp:attachment":[{"href":"https:\/\/aircompressorforlasercutter.com\/es_es\/wp-json\/wp\/v2\/media?parent=464"}],"wp:term":[{"taxonomy":"product_brand","embeddable":true,"href":"https:\/\/aircompressorforlasercutter.com\/es_es\/wp-json\/wp\/v2\/product_brand?post=464"},{"taxonomy":"product_cat","embeddable":true,"href":"https:\/\/aircompressorforlasercutter.com\/es_es\/wp-json\/wp\/v2\/product_cat?post=464"},{"taxonomy":"product_tag","embeddable":true,"href":"https:\/\/aircompressorforlasercutter.com\/es_es\/wp-json\/wp\/v2\/product_tag?post=464"}],"curies":[{"name":"wp","href":"https:\/\/api.w.org\/{rel}","templated":true}]}}