{"id":475,"date":"2026-01-14T08:26:19","date_gmt":"2026-01-14T08:26:19","guid":{"rendered":"https:\/\/aircompressorforlasercutter.com\/product\/high-output-air-assist-pump-30l-min\/"},"modified":"2026-01-14T08:38:39","modified_gmt":"2026-01-14T08:38:39","slug":"high-output-air-assist-pump-30l-min","status":"publish","type":"product","link":"https:\/\/aircompressorforlasercutter.com\/es_es\/producto\/bomba-de-asistencia-de-aire-de-alto-rendimiento-30-l-min\/","title":{"rendered":"Bomba de asistencia de aire de alto rendimiento 30L\/min"},"content":{"rendered":"<h1>Bomba neum\u00e1tica de alto rendimiento de 30 l\/min: la bomba de corte l\u00e1ser m\u00e1s popular<\/h1>\n<h2>Introducci\u00f3n: El h\u00e9roe an\u00f3nimo detr\u00e1s de escena<\/h2>\n<p>En el \u00e1mbito del grabado y corte l\u00e1ser, la atenci\u00f3n suele centrarse en las propias m\u00e1quinas, donde los compradores invierten una cantidad considerable de dinero en cortadoras l\u00e1ser de alta gama. Sin embargo, un componente esencial que a menudo se pasa por alto es la bomba de aire auxiliar. Este sistema de soporte esencial desempe\u00f1a un papel fundamental en el rendimiento y la durabilidad de los equipos de corte l\u00e1ser, lo que los convierte en algo m\u00e1s que un simple accesorio.<\/p>\n<h2>Contexto del mercado: La necesidad olvidada<\/h2>\n<p>Aunque los compradores se centran en las especificaciones y capacidades de las m\u00e1quinas de corte l\u00e1ser, la bomba de aire asistida sigue siendo un elemento crucial, aunque subestimado. El mercado actual est\u00e1 saturado de opciones, pero muchos compradores descuidan la importancia de seleccionar una bomba de aire de alta calidad. Este descuido puede afectar significativamente la calidad del corte y la vida \u00fatil de la m\u00e1quina, lo que resulta en resultados deficientes y posibles fallos del equipo.<\/p>\n<h2>La idea central: la asistencia de aire como determinante de la calidad<\/h2>\n<p>La asistencia neum\u00e1tica no es un mero componente auxiliar; influye directamente en la calidad de los cortes y la durabilidad de la m\u00e1quina. Una bomba de asistencia neum\u00e1tica fiable puede mejorar dr\u00e1sticamente la experiencia de corte, proporcionando un flujo de aire constante que mejora la precisi\u00f3n de los cortes y protege la lente del l\u00e1ser.<\/p>\n<h2>La importancia de elegir la bomba de aire adecuada<\/h2>\n<p>Para los distribuidores, elegir la bomba de aire adecuada se traduce en beneficios tangibles. Una bomba de aire asistida de alto rendimiento reduce la frecuencia de quejas de los clientes por problemas como cortes incompletos o lentes da\u00f1ados. Esto se traduce en una mayor satisfacci\u00f3n y retenci\u00f3n de clientes, lo que a su vez impulsa el rendimiento del negocio.<\/p>\n<h2>An\u00e1lisis de los puntos d\u00e9biles: Los costos ocultos de las bombas de aire baratas<\/h2>\n<h3>Mala calidad de corte<\/h3>\n<p>El uso de una bomba de aire de baja calidad puede provocar un flujo de aire inconsistente, lo que resulta en una mala calidad de corte. Esta inestabilidad puede provocar que los bordes del material se quemen o carbonicen, lo que afecta negativamente la apariencia del producto para el usuario final. La calidad visual de un corte puede afectar significativamente la percepci\u00f3n del cliente y las ventas.<\/p>\n<h3>Riesgos de da\u00f1os al equipo<\/h3>\n<p>Las bombas de aire de baja calidad, en particular las que funcionan con aceite, representan un riesgo significativo de contaminaci\u00f3n. Pueden emitir neblina de aceite o humedad que da\u00f1a la lente del l\u00e1ser, lo que conlleva costosas reparaciones y posibles devoluciones del producto. Las consecuencias financieras de estos tiempos de inactividad pueden acumularse r\u00e1pidamente, por lo que es imperativo invertir en una soluci\u00f3n de calidad.<\/p>\n<h3>Disuasivo de ruido<\/h3>\n<p>Los compresores de aire tradicionales son conocidos por su alto nivel de ruido, lo cual puede ser un inconveniente importante, especialmente para usuarios dom\u00e9sticos y entornos educativos. El ruido excesivo puede limitar la utilidad de las m\u00e1quinas de corte l\u00e1ser en zonas residenciales y escuelas, lo que limita su mercado de ventas y su alcance de clientes.<\/p>\n<h2>Nuestra soluci\u00f3n<\/h2>\n<h3>Dise\u00f1o sin aceite ni humedad<\/h3>\n<p>Nuestra bomba de aire asistida 100% cuenta con un dise\u00f1o sin aceite ni humedad, lo que garantiza una protecci\u00f3n completa para las lentes l\u00e1ser. Los usuarios finales pueden disfrutar de una experiencia sin complicaciones con un mantenimiento m\u00ednimo, lo que les permite concentrarse en sus proyectos sin la preocupaci\u00f3n de un mantenimiento frecuente.<\/p>\n<h3>Tecnolog\u00eda ultra silenciosa<\/h3>\n<p>Dise\u00f1ada espec\u00edficamente para interiores y talleres dom\u00e9sticos, nuestra bomba de aire funciona con un nivel de ruido inferior a 60 dB. Su funcionamiento ultrasilencioso mejora significativamente la experiencia del usuario, lo que la hace ideal para proyectos de bricolaje en casa y talleres de formaci\u00f3n.<\/p>\n<h3>Rendimiento robusto<\/h3>\n<p>Con un caudal continuo y estable de 30 L\/min, nuestra bomba de aire asistida garantiza cortes limpios y sin humo, incluso al trabajar con materiales gruesos como madera y acr\u00edlico. Este flujo de aire constante es vital para lograr resultados de alta calidad, especialmente en aplicaciones exigentes.<\/p>\n<h2>Amplia compatibilidad: un \u00fanico punto de comparaci\u00f3n para su tranquilidad con el inventario<\/h2>\n<h3>Amplia aplicabilidad<\/h3>\n<p>Nuestra bomba de aire asistido est\u00e1 dise\u00f1ada para ser perfectamente compatible con las m\u00e1quinas de corte l\u00e1ser 95% m\u00e1s comunes, como xTool, Ortur, Atomstack y varios modelos de l\u00e1ser de CO2. Esta versatilidad le permite tener nuestra bomba con total tranquilidad, sabiendo que se adaptar\u00e1 a una amplia gama de necesidades.<\/p>\n<h3>Beneficios del distribuidor<\/h3>\n<p>Al ofrecer un \u00fanico SKU compatible con varias m\u00e1quinas, puede reducir significativamente la presi\u00f3n sobre el inventario y la complejidad de la gesti\u00f3n de existencias. Esta simplificaci\u00f3n le permite centrarse en el crecimiento de su negocio sin la molestia de gestionar una extensa l\u00ednea de productos.<\/p>\n<h2>Ventajas de la cadena de suministro y la asociaci\u00f3n<\/h2>\n<h3>Fuerza de la f\u00e1brica: estricto control de calidad<\/h3>\n<p>Nos adherimos a un estricto proceso de control de calidad con una tasa de defectos excepcionalmente baja, inferior a 1%. Este compromiso con la calidad no solo protege su reputaci\u00f3n, sino que tambi\u00e9n le ahorra costos log\u00edsticos relacionados con devoluciones y cambios.<\/p>\n<h3>Servicios personalizados (OEM\/ODM)<\/h3>\n<p>Ofrecemos opciones de personalizaci\u00f3n, incluyendo el dise\u00f1o del logotipo de la marca, el empaque y las especificaciones de los conectores para diversos pa\u00edses. Esta flexibilidad le permite crear una identidad de marca \u00fanica y satisfacer eficazmente las demandas espec\u00edficas del mercado.<\/p>\n<h3>Soporte posventa<\/h3>\n<p>Nos enorgullecemos de nuestros r\u00e1pidos tiempos de respuesta t\u00e9cnica y nuestra s\u00f3lida capacidad de suministro de repuestos. Nuestro equipo de soporte dedicado est\u00e1 siempre listo para ayudarle, garantizando que sus operaciones se desarrollen de forma fluida y eficiente.<\/p>\n<p>No permita que componentes de baja calidad da\u00f1en la reputaci\u00f3n de su maquinaria de alta gama. Elija una bomba de aire que est\u00e9 a la altura de la calidad de su equipo, mejorando as\u00ed tanto el rendimiento como la satisfacci\u00f3n del cliente.<\/p>\n<p>Cont\u00e1ctenos hoy mismo para solicitar una muestra para probar o para recibir los precios mayoristas B2B m\u00e1s actualizados. Aseg\u00farese de que sus clientes disfruten de la mejor experiencia de corte disponible.<\/p>\n<p><a href=\"https:\/\/aircompressorforlasercutter.com\/es_es\/contactanos\/\">\u00a1P\u00f3ngase en contacto ahora!<\/a><\/p>","protected":false},"excerpt":{"rendered":"<p>High Output Air Assist Pump 30L\/min: The Unsung Hero in Laser Cutting Introduction: The Unsung Hero Behind the Scenes In the realm of laser engraving and cutting, the spotlight often shines on the machines themselves, where buyers invest significant capital in high-end laser cutters. However, an essential component that frequently gets overlooked is the air [&hellip;]<\/p>","protected":false},"featured_media":456,"comment_status":"open","ping_status":"closed","template":"","meta":{"_et_pb_use_builder":"","_et_pb_old_content":"","_et_gb_content_width":""},"product_brand":[],"product_cat":[1093],"product_tag":[1095],"class_list":{"0":"post-475","1":"product","2":"type-product","3":"status-publish","4":"has-post-thumbnail","6":"product_cat-air-compressor-for-laser-cutter","7":"product_tag-air-compressor-for-laser-cutter-price","9":"first","10":"instock","11":"shipping-taxable","12":"product-type-simple"},"_links":{"self":[{"href":"https:\/\/aircompressorforlasercutter.com\/es_es\/wp-json\/wp\/v2\/product\/475","targetHints":{"allow":["GET"]}}],"collection":[{"href":"https:\/\/aircompressorforlasercutter.com\/es_es\/wp-json\/wp\/v2\/product"}],"about":[{"href":"https:\/\/aircompressorforlasercutter.com\/es_es\/wp-json\/wp\/v2\/types\/product"}],"replies":[{"embeddable":true,"href":"https:\/\/aircompressorforlasercutter.com\/es_es\/wp-json\/wp\/v2\/comments?post=475"}],"wp:featuredmedia":[{"embeddable":true,"href":"https:\/\/aircompressorforlasercutter.com\/es_es\/wp-json\/wp\/v2\/media\/456"}],"wp:attachment":[{"href":"https:\/\/aircompressorforlasercutter.com\/es_es\/wp-json\/wp\/v2\/media?parent=475"}],"wp:term":[{"taxonomy":"product_brand","embeddable":true,"href":"https:\/\/aircompressorforlasercutter.com\/es_es\/wp-json\/wp\/v2\/product_brand?post=475"},{"taxonomy":"product_cat","embeddable":true,"href":"https:\/\/aircompressorforlasercutter.com\/es_es\/wp-json\/wp\/v2\/product_cat?post=475"},{"taxonomy":"product_tag","embeddable":true,"href":"https:\/\/aircompressorforlasercutter.com\/es_es\/wp-json\/wp\/v2\/product_tag?post=475"}],"curies":[{"name":"wp","href":"https:\/\/api.w.org\/{rel}","templated":true}]}}