{"id":476,"date":"2026-01-14T08:26:19","date_gmt":"2026-01-14T08:26:19","guid":{"rendered":"https:\/\/aircompressorforlasercutter.com\/product\/electromagnetic-air-pump-for-laser-engraving-machine\/"},"modified":"2026-01-14T08:32:52","modified_gmt":"2026-01-14T08:32:52","slug":"electromagnetic-air-pump-for-laser-engraving-machine","status":"publish","type":"product","link":"https:\/\/aircompressorforlasercutter.com\/es_es\/producto\/bomba-de-aire-electromagnetica-para-maquina-de-grabado-laser\/","title":{"rendered":"Bomba de aire electromagn\u00e9tica para m\u00e1quina de grabado l\u00e1ser"},"content":{"rendered":"<h1>Bomba de aire electromagn\u00e9tica para m\u00e1quina de grabado l\u00e1ser<\/h1>\n<h2>El h\u00e9roe an\u00f3nimo detr\u00e1s de escena<\/h2>\n<p>En el competitivo mercado actual, es com\u00fan que los compradores inviertan una cantidad considerable de capital en m\u00e1quinas de grabado l\u00e1ser, pero descuiden un componente fundamental: la bomba de aire. Este descuido puede tener importantes repercusiones en el rendimiento y la vida \u00fatil del equipo. Analicemos por qu\u00e9 la asistencia neum\u00e1tica es m\u00e1s que un simple accesorio: es un factor clave que influye tanto en la calidad del corte como en la durabilidad de la m\u00e1quina.<\/p>\n<h2>Realidad del mercado: Pasar por alto la bomba de aire<\/h2>\n<p>El mercado actual se caracteriza por una alta demanda de m\u00e1quinas de grabado l\u00e1ser avanzadas, a menudo a precios elevados. Sin embargo, muchos compradores pasan por alto la importancia de integrar una bomba de aire de alta calidad en su equipo. Esta falta de atenci\u00f3n puede generar ineficiencias que afectan directamente la experiencia del usuario final.<\/p>\n<p>La asistencia neum\u00e1tica es fundamental; no solo mejora la precisi\u00f3n del corte, sino que tambi\u00e9n contribuye significativamente a la durabilidad del sistema l\u00e1ser. Para los distribuidores B2B, seleccionar la bomba de aire adecuada puede reducir las quejas de los clientes sobre problemas como cortes incompletos o lentes da\u00f1adas, lo que en \u00faltima instancia se traduce en mayores \u00edndices de fidelizaci\u00f3n de clientes.<\/p>\n<h2>Puntos d\u00e9biles: Costes ocultos de las bombas de aire baratas<\/h2>\n<h3>Calidad de corte inferior<\/h3>\n<p>Invertir en una bomba de aire de bajo costo puede acarrear numerosos problemas, principalmente inestabilidad en el flujo de aire. Esta inestabilidad puede provocar que los bordes de los materiales se quemen, una menor eficiencia de corte y un producto final menos atractivo para el usuario. En un mercado donde la calidad est\u00e9tica influye directamente en las ventas, estos inconvenientes pueden ser perjudiciales.<\/p>\n<h3>Riesgo de da\u00f1os al equipo<\/h3>\n<p>El uso de bombas de aire de baja calidad, especialmente aquellas que contienen aceite, conlleva riesgos significativos. Estas bombas pueden emitir neblina de aceite o humedad, contaminando la \u00f3ptica l\u00e1ser. Esta contaminaci\u00f3n puede ocasionar costosas reparaciones y un aumento en las devoluciones de productos, lo que en \u00faltima instancia repercute negativamente en sus resultados financieros.<\/p>\n<h3>Disuasivo de ruido<\/h3>\n<p>Los compresores de aire tradicionales suelen ser ruidosos, creando un ambiente inadecuado para usuarios dom\u00e9sticos o espacios de creaci\u00f3n educativos. Los altos niveles de decibelios pueden ahuyentar a los clientes potenciales, limitando el alcance del mercado y las oportunidades de venta.<\/p>\n<h2>Nuestra soluci\u00f3n: Redefiniendo la asistencia a\u00e9rea de nivel profesional<\/h2>\n<h3>Dise\u00f1o sin aceite y sin agua<\/h3>\n<p>Nuestra bomba de aire electromagn\u00e9tica garantiza la protecci\u00f3n 100% para lentes l\u00e1ser gracias a su dise\u00f1o sin aceite ni agua. Esta caracter\u00edstica asegura que los usuarios finales no tengan que preocuparse por el mantenimiento, brindando una experiencia sin complicaciones que aumenta la satisfacci\u00f3n del usuario.<\/p>\n<h3>Tecnolog\u00eda ultra silenciosa<\/h3>\n<p>Dise\u00f1ada espec\u00edficamente para interiores, nuestra bomba de aire utiliza tecnolog\u00eda ac\u00fastica de vanguardia para mantener los niveles de ruido por debajo de 60 dB. Su funcionamiento ultrasilencioso mejora significativamente la experiencia del usuario, lo que la hace ideal para estudios dom\u00e9sticos o entornos educativos.<\/p>\n<h3>Rendimiento robusto<\/h3>\n<p>Nuestra bomba de aire proporciona un caudal continuo de 30 l\/min, lo que garantiza un flujo de aire estable. Este rendimiento es fundamental para cortar materiales gruesos como madera o acr\u00edlico, logrando cortes limpios y una m\u00ednima cantidad de humo. Los usuarios pueden esperar resultados impecables que realzan la calidad de sus productos.<\/p>\n<h2>Compatibilidad: Soluci\u00f3n integral de compatibilidad<\/h2>\n<h3>Amplia compatibilidad<\/h3>\n<p>Esta bomba de aire est\u00e1 dise\u00f1ada para integrarse a la perfecci\u00f3n con la 95%, una de las marcas m\u00e1s populares de grabado l\u00e1ser, incluyendo xTool, Ortur, Atomstack y diversas m\u00e1quinas l\u00e1ser de CO2. Esta versatilidad resulta invaluable para los distribuidores B2B, ya que permite una gesti\u00f3n de inventario optimizada.<\/p>\n<h3>Beneficios para los distribuidores<\/h3>\n<p>Con una \u00fanica referencia compatible con m\u00faltiples m\u00e1quinas, los distribuidores pueden reducir significativamente la presi\u00f3n sobre el inventario y simplificar los procesos de reabastecimiento. Esta soluci\u00f3n no solo mejora la eficiencia operativa, sino que tambi\u00e9n reduce la complejidad del procesamiento de pedidos.<\/p>\n<h2>Ventajas de la cadena de suministro y la asociaci\u00f3n<\/h2>\n<h3>Fuerza de f\u00e1brica<\/h3>\n<p>Nuestros rigurosos procesos de control de calidad garantizan una tasa de defectos excepcionalmente baja, inferior a 11 TP3T. Esta fiabilidad se traduce en una reducci\u00f3n de los costes log\u00edsticos asociados a devoluciones y cambios, ofreciendo una soluci\u00f3n rentable para su negocio.<\/p>\n<h3>Servicios personalizados (OEM\/ODM)<\/h3>\n<p>Ofrecemos soluciones a medida, incluyendo la personalizaci\u00f3n del logotipo, el dise\u00f1o del empaque y las especificaciones del conector, para satisfacer las necesidades de diferentes mercados. Esta flexibilidad le permite crear su propia identidad de marca con facilidad.<\/p>\n<h3>Soporte posventa<\/h3>\n<p>Nuestro compromiso con la satisfacci\u00f3n del cliente incluye tiempos de respuesta t\u00e9cnica r\u00e1pidos y una disponibilidad eficiente de repuestos. Este sistema de soporte garantiza la continuidad operativa y la satisfacci\u00f3n de sus clientes.<\/p>\n<h2>Conclusi\u00f3n y llamada a la acci\u00f3n<\/h2>\n<p>No permita que componentes de baja calidad da\u00f1en la reputaci\u00f3n de sus m\u00e1quinas de alta gama. Invierta en una bomba de aire que est\u00e9 a la altura de la calidad de su equipo y que mejore la experiencia general del usuario.<\/p>\n<p>Cont\u00e1ctenos hoy para solicitar muestras o para obtener los precios mayoristas B2B m\u00e1s recientes. Mejore su oferta con un producto que realmente cumple lo que promete.<\/p>\n<p>Para consultas, visite <a href=\"https:\/\/aircompressorforlasercutter.com\/es_es\/contactanos\/\">P\u00e1gina de contacto de Everpower<\/a>.<\/p>","protected":false},"excerpt":{"rendered":"<p>Electromagnetic Air Pump for Laser Engraving Machine The Unsung Hero Behind the Scenes In today&#8217;s competitive landscape, it is common for buyers to invest significant capital into laser engraving machines while neglecting one critical component: the air pump. This oversight can have substantial implications on the overall performance and longevity of the equipment. Let&#8217;s explore [&hellip;]<\/p>","protected":false},"featured_media":456,"comment_status":"open","ping_status":"closed","template":"","meta":{"_et_pb_use_builder":"","_et_pb_old_content":"","_et_gb_content_width":""},"product_brand":[],"product_cat":[1093],"product_tag":[1096],"class_list":{"0":"post-476","1":"product","2":"type-product","3":"status-publish","4":"has-post-thumbnail","6":"product_cat-air-compressor-for-laser-cutter","7":"product_tag-air-compressor-for-laser-cutter-cost","9":"first","10":"instock","11":"shipping-taxable","12":"product-type-simple"},"_links":{"self":[{"href":"https:\/\/aircompressorforlasercutter.com\/es_es\/wp-json\/wp\/v2\/product\/476","targetHints":{"allow":["GET"]}}],"collection":[{"href":"https:\/\/aircompressorforlasercutter.com\/es_es\/wp-json\/wp\/v2\/product"}],"about":[{"href":"https:\/\/aircompressorforlasercutter.com\/es_es\/wp-json\/wp\/v2\/types\/product"}],"replies":[{"embeddable":true,"href":"https:\/\/aircompressorforlasercutter.com\/es_es\/wp-json\/wp\/v2\/comments?post=476"}],"wp:featuredmedia":[{"embeddable":true,"href":"https:\/\/aircompressorforlasercutter.com\/es_es\/wp-json\/wp\/v2\/media\/456"}],"wp:attachment":[{"href":"https:\/\/aircompressorforlasercutter.com\/es_es\/wp-json\/wp\/v2\/media?parent=476"}],"wp:term":[{"taxonomy":"product_brand","embeddable":true,"href":"https:\/\/aircompressorforlasercutter.com\/es_es\/wp-json\/wp\/v2\/product_brand?post=476"},{"taxonomy":"product_cat","embeddable":true,"href":"https:\/\/aircompressorforlasercutter.com\/es_es\/wp-json\/wp\/v2\/product_cat?post=476"},{"taxonomy":"product_tag","embeddable":true,"href":"https:\/\/aircompressorforlasercutter.com\/es_es\/wp-json\/wp\/v2\/product_tag?post=476"}],"curies":[{"name":"wp","href":"https:\/\/api.w.org\/{rel}","templated":true}]}}