{"id":477,"date":"2026-01-14T08:26:19","date_gmt":"2026-01-14T08:26:19","guid":{"rendered":"https:\/\/aircompressorforlasercutter.com\/product\/air-compressor-to-prevent-charring-on-wood-laser-cut\/"},"modified":"2026-01-14T08:32:43","modified_gmt":"2026-01-14T08:32:43","slug":"air-compressor-to-prevent-charring-on-wood-laser-cut","status":"publish","type":"product","link":"https:\/\/aircompressorforlasercutter.com\/es_es\/producto\/compresor-de-aire-para-evitar-la-carbonizacion-de-la-madera-cortada-con-laser\/","title":{"rendered":"Compresor de aire para evitar la carbonizaci\u00f3n de la madera cortada con l\u00e1ser."},"content":{"rendered":"<h1>Compresor de aire para evitar la carbonizaci\u00f3n de la madera cortada con l\u00e1ser: El h\u00e9roe an\u00f3nimo<\/h1>\n<h2>1. Antecedentes: El componente ignorado<\/h2>\n<p>En el competitivo panorama del grabado y corte l\u00e1ser, muchos compradores invierten grandes cantidades en m\u00e1quinas l\u00e1ser de alta gama, descuidando a menudo el accesorio crucial que puede afectar significativamente el rendimiento de corte: el compresor de aire. Si bien la precisi\u00f3n de la cortadora l\u00e1ser se considera su principal atractivo, la eficacia del proceso de corte est\u00e1 estrechamente relacionada con la calidad del suministro de aire. Este art\u00edculo pretende destacar que la asistencia neum\u00e1tica no es un simple accesorio, sino un factor crucial que influye directamente tanto en la calidad del corte como en la vida \u00fatil de la m\u00e1quina.<\/p>\n<h2>Perspectiva central: El papel de la asistencia a\u00e9rea en la calidad y la longevidad<\/h2>\n<p>Para distribuidores y fabricantes, seleccionar un compresor de aire de alta calidad significa menos insatisfacci\u00f3n del cliente debido a problemas como cortes inadecuados u \u00f3pticas da\u00f1adas. Al garantizar que los usuarios finales obtengan resultados de corte \u00f3ptimos, los proveedores pueden lograr una mayor retenci\u00f3n de clientes y fomentar relaciones a largo plazo. Un compresor de aire eficiente puede aumentar la productividad, mejorar la experiencia del usuario y, en \u00faltima instancia, impulsar las ventas.<\/p>\n<h2>2. An\u00e1lisis de los puntos d\u00e9biles: Los costos ocultos de los compresores de aire baratos<\/h2>\n<h3>Mala calidad de corte<\/h3>\n<p>Invertir en un compresor de aire econ\u00f3mico puede generar un flujo de aire inestable, lo que provoca que los bordes del material se quemen y reduce la eficiencia de corte. Esto no solo afecta la est\u00e9tica del producto final, sino que tambi\u00e9n puede generar un mayor desperdicio de material. Para las empresas, mantener un alto est\u00e1ndar de calidad es esencial, ya que unos resultados deficientes pueden da\u00f1ar la reputaci\u00f3n y reducir la fidelidad de los clientes.<\/p>\n<h3>Riesgo de da\u00f1os al equipo<\/h3>\n<p>El uso de compresores de aire de baja calidad, especialmente aquellos con aceite, puede liberar vapor que contamina la \u00f3ptica del l\u00e1ser. Esta contaminaci\u00f3n puede ocasionar reparaciones costosas y un aumento de las quejas de los clientes. Proteger la integridad de los costosos equipos l\u00e1ser es fundamental; por lo tanto, invertir en un compresor de aire confiable es una decisi\u00f3n estrat\u00e9gica que protege los activos y minimiza las interrupciones operativas.<\/p>\n<h3>Contaminaci\u00f3n ac\u00fastica<\/h3>\n<p>Los compresores de aire tradicionales pueden generar un ruido excesivo, lo que los hace inadecuados para usuarios dom\u00e9sticos y entornos educativos. Su funcionamiento ruidoso puede disuadir a clientes potenciales en espacios de bricolaje y creaci\u00f3n. Al elegir un modelo m\u00e1s silencioso, las empresas pueden ampliar su alcance de mercado y llegar a un p\u00fablico m\u00e1s amplio, incluyendo propietarios de viviendas e instituciones educativas.<\/p>\n<h2>3. Nuestra soluci\u00f3n: redefiniendo la asistencia a\u00e9rea profesional<\/h2>\n<h3>Dise\u00f1o sin aceite y sin agua<\/h3>\n<p>Nuestro compresor de aire 100% cuenta con un dise\u00f1o sin aceite ni agua, lo que garantiza que la \u00f3ptica l\u00e1ser permanezca intacta. Este dise\u00f1o no solo garantiza cortes m\u00e1s limpios, sino que tambi\u00e9n reduce la carga de mantenimiento para los usuarios finales. Al no requerir mantenimiento regular, los clientes pueden concentrarse en sus proyectos sin el estr\u00e9s del cuidado del equipo.<\/p>\n<h3>Tecnolog\u00eda ultra silenciosa<\/h3>\n<p>Dise\u00f1ado espec\u00edficamente para aplicaciones en interiores y estudios dom\u00e9sticos, nuestro compresor de aire funciona con un nivel de ruido excepcionalmente bajo (&lt;60 dB). Este rendimiento ultrasilencioso mejora considerablemente la experiencia del usuario, proporcionando un entorno de trabajo tranquilo. Los usuarios pueden dedicarse a sus proyectos sin ruidos molestos, lo que fomenta la creatividad y la productividad.<\/p>\n<h3>Rendimiento robusto<\/h3>\n<p>Con un caudal constante de 30 L\/min, nuestro compresor de aire proporciona un potente flujo de aire que garantiza cortes limpios en madera gruesa y materiales acr\u00edlicos. Este rendimiento fiable permite a los usuarios obtener resultados impecables sin la frustraci\u00f3n del humo o los residuos que afectan su trabajo. Al mantener condiciones de corte limpias, las empresas pueden aumentar su eficiencia operativa y la calidad de sus productos.<\/p>\n<h2>4. Amplia compatibilidad: Todo en uno<\/h2>\n<h3>Amplia aplicabilidad<\/h3>\n<p>Nuestro compresor de aire est\u00e1 dise\u00f1ado para integrarse perfectamente con los modelos 95% de corte l\u00e1ser m\u00e1s populares del mercado, como xTool, Ortur, Atomstack y diversas m\u00e1quinas l\u00e1ser de CO2. Esta notable compatibilidad permite a los distribuidores optimizar su inventario y ofrecer una soluci\u00f3n vers\u00e1til a sus clientes.<\/p>\n<h3>Beneficios para los distribuidores<\/h3>\n<p>La estrategia de \"un SKU para m\u00faltiples m\u00e1quinas\" reduce significativamente la presi\u00f3n de inventario y la complejidad del almacenamiento para los distribuidores. Al simplificar la oferta de productos, las empresas pueden mejorar su eficiencia operativa y centrarse en brindar un servicio excepcional a sus clientes.<\/p>\n<h2>5. Ventajas de la cadena de suministro y la asociaci\u00f3n<\/h2>\n<h3>Fuerza de f\u00e1brica<\/h3>\n<p>Nuestros rigurosos procesos de control de calidad garantizan una tasa de defectos extremadamente baja (&lt;1%), lo que se traduce en menores costos log\u00edsticos relacionados con devoluciones y cambios. Al elegir nuestro compresor de aire, los distribuidores invierten en equipos confiables y duraderos que cumplen con altos est\u00e1ndares.<\/p>\n<h3>Servicios personalizables (OEM\/ODM)<\/h3>\n<p>Ofrecemos opciones integrales de personalizaci\u00f3n, incluyendo la personalizaci\u00f3n de su logotipo, dise\u00f1os de empaque personalizados y diversas especificaciones de conectores para diferentes mercados. Esta flexibilidad le permite construir y promover su propia identidad de marca eficazmente.<\/p>\n<h3>Soporte posventa<\/h3>\n<p>Nuestro compromiso con la satisfacci\u00f3n del cliente va m\u00e1s all\u00e1 de la venta. Ofrecemos respuestas t\u00e9cnicas r\u00e1pidas y un suministro fiable de repuestos, lo que garantiza la satisfacci\u00f3n y la operatividad de sus clientes. Este nivel de soporte es crucial para establecer relaciones a largo plazo y fomentar la fidelidad a la marca.<\/p>\n<h2>6. Conclusi\u00f3n y llamada a la acci\u00f3n (CTA)<\/h2>\n<p>En conclusi\u00f3n, no permita que accesorios de baja calidad empa\u00f1en la reputaci\u00f3n de sus m\u00e1quinas l\u00e1ser de alta gama. Elegir un compresor de aire que se ajuste a la calidad de su equipo es una decisi\u00f3n crucial que puede mejorar el rendimiento de corte, reducir los problemas de mantenimiento y aumentar la satisfacci\u00f3n del cliente. P\u00f3ngase en contacto con nosotros ahora para realizar una prueba de muestra o para solicitar los precios al por mayor B2B m\u00e1s actualizados.<\/p>\n<p><a href=\"https:\/\/aircompressorforlasercutter.com\/es_es\/contactanos\/\">Cont\u00e1ctanos hoy<\/a> para mejorar sus soluciones de corte y garantizar que brinde lo mejor a sus clientes.<\/p>","protected":false},"excerpt":{"rendered":"<p>Air Compressor to Prevent Charring on Wood Laser Cut: The Unsung Hero 1. Background: The Overlooked Component In the competitive landscape of laser engraving and cutting, many buyers invest heavily in high-end laser machines, often neglecting the crucial accessory that can significantly impact their cutting performance: the air compressor. While the laser cutter??s precision is [&hellip;]<\/p>","protected":false},"featured_media":456,"comment_status":"open","ping_status":"closed","template":"","meta":{"_et_pb_use_builder":"","_et_pb_old_content":"","_et_gb_content_width":""},"product_brand":[],"product_cat":[1093],"product_tag":[1094],"class_list":{"0":"post-477","1":"product","2":"type-product","3":"status-publish","4":"has-post-thumbnail","6":"product_cat-air-compressor-for-laser-cutter","7":"product_tag-air-compressor-for-laser-cutter","9":"first","10":"instock","11":"shipping-taxable","12":"product-type-simple"},"_links":{"self":[{"href":"https:\/\/aircompressorforlasercutter.com\/es_es\/wp-json\/wp\/v2\/product\/477","targetHints":{"allow":["GET"]}}],"collection":[{"href":"https:\/\/aircompressorforlasercutter.com\/es_es\/wp-json\/wp\/v2\/product"}],"about":[{"href":"https:\/\/aircompressorforlasercutter.com\/es_es\/wp-json\/wp\/v2\/types\/product"}],"replies":[{"embeddable":true,"href":"https:\/\/aircompressorforlasercutter.com\/es_es\/wp-json\/wp\/v2\/comments?post=477"}],"wp:featuredmedia":[{"embeddable":true,"href":"https:\/\/aircompressorforlasercutter.com\/es_es\/wp-json\/wp\/v2\/media\/456"}],"wp:attachment":[{"href":"https:\/\/aircompressorforlasercutter.com\/es_es\/wp-json\/wp\/v2\/media?parent=477"}],"wp:term":[{"taxonomy":"product_brand","embeddable":true,"href":"https:\/\/aircompressorforlasercutter.com\/es_es\/wp-json\/wp\/v2\/product_brand?post=477"},{"taxonomy":"product_cat","embeddable":true,"href":"https:\/\/aircompressorforlasercutter.com\/es_es\/wp-json\/wp\/v2\/product_cat?post=477"},{"taxonomy":"product_tag","embeddable":true,"href":"https:\/\/aircompressorforlasercutter.com\/es_es\/wp-json\/wp\/v2\/product_tag?post=477"}],"curies":[{"name":"wp","href":"https:\/\/api.w.org\/{rel}","templated":true}]}}