{"id":480,"date":"2026-01-14T08:26:20","date_gmt":"2026-01-14T08:26:20","guid":{"rendered":"https:\/\/aircompressorforlasercutter.com\/product\/laser-lens-cooling-air-pump-system\/"},"modified":"2026-01-14T08:32:05","modified_gmt":"2026-01-14T08:32:05","slug":"laser-lens-cooling-air-pump-system","status":"publish","type":"product","link":"https:\/\/aircompressorforlasercutter.com\/es_es\/producto\/sistema-de-bomba-de-aire-de-enfriamiento-de-lentes-laser\/","title":{"rendered":"Sistema de bomba de aire de enfriamiento de lentes l\u00e1ser"},"content":{"rendered":"<h1>Sistema de bomba de aire para enfriamiento de lentes l\u00e1ser: el h\u00e9roe an\u00f3nimo del corte por l\u00e1ser<\/h1>\n<h2>1. Introducci\u00f3n: El h\u00e9roe an\u00f3nimo<\/h2>\n<p>En el mundo del corte y grabado l\u00e1ser, los compradores suelen invertir considerablemente en m\u00e1quinas l\u00e1ser de alta gama; sin embargo, a menudo se pasa por alto el papel fundamental de las bombas de aire. Estos componentes pueden parecer secundarios, pero desempe\u00f1an un papel vital para mejorar el rendimiento general y la longevidad de los sistemas l\u00e1ser. Sin una asistencia de aire adecuada, los resultados de las operaciones l\u00e1ser pueden verse gravemente comprometidos, afectando tanto la calidad del corte como la vida \u00fatil de la m\u00e1quina.<\/p>\n<h2>2. Panorama del mercado: el componente ignorado<\/h2>\n<p>El mercado actual muestra una tendencia donde la atenci\u00f3n se centra principalmente en la adquisici\u00f3n de m\u00e1quinas de grabado l\u00e1ser de \u00faltima generaci\u00f3n. Sin embargo, la bomba de aire esencial que alimenta estas m\u00e1quinas suele ser un accesorio descuidado. Quienes invierten grandes cantidades en tecnolog\u00eda l\u00e1ser deben comprender que la asistencia neum\u00e1tica no es solo una caracter\u00edstica complementaria, sino un factor decisivo que influye en la calidad final del corte y la durabilidad del equipo.<\/p>\n<h3>Visi\u00f3n central: El impacto directo de la asistencia a\u00e9rea<\/h3>\n<p>Para los clientes B2B, elegir la bomba de aire adecuada se traduce en menos quejas por cortes incompletos o lentes da\u00f1adas. Esto se traduce en una mayor retenci\u00f3n de clientes. Una bomba de aire fiable puede eliminar problemas relacionados con la calidad del corte y garantizar una experiencia operativa fluida, mejorando as\u00ed la satisfacci\u00f3n y la fidelidad del cliente.<\/p>\n<h2>3. An\u00e1lisis de los puntos d\u00e9biles: Los costos ocultos de las bombas de aire baratas<\/h2>\n<p>Si bien optar por una bomba de aire m\u00e1s barata puede parecer rentable inicialmente, puede generar costos ocultos significativos que ponen en peligro la eficiencia operativa.<\/p>\n<h3>Mala calidad de corte<\/h3>\n<p>Un flujo de aire deficiente debido a bombas de baja calidad suele provocar bordes quemados o cortes manchados, lo que resulta en acabados deficientes que pueden perjudicar la reputaci\u00f3n de una empresa. La calidad est\u00e9tica del producto final es fundamental, especialmente para los usuarios finales que valoran la precisi\u00f3n y la claridad.<\/p>\n<h3>Riesgo de da\u00f1os al equipo<\/h3>\n<p>Las bombas de aire de baja calidad, en particular las que contienen aceite, pueden emitir niebla de aceite o humedad que contamina las lentes del l\u00e1ser. Esto no solo requiere reparaciones costosas, sino que tambi\u00e9n puede resultar en la devoluci\u00f3n del producto, lo que afecta a\u00fan m\u00e1s la rentabilidad.<\/p>\n<h3>Disuasivo de ruido<\/h3>\n<p>Los compresores de aire tradicionales pueden producir un ruido excesivo, lo que disuade a usuarios dom\u00e9sticos y espacios educativos de utilizar m\u00e1quinas de corte l\u00e1ser. Esta limitaci\u00f3n reduce el potencial del mercado y limita las oportunidades de venta para los distribuidores.<\/p>\n<h2>4. Nuestra soluci\u00f3n: redefiniendo la asistencia a\u00e9rea profesional<\/h2>\n<h3>Dise\u00f1o sin aceite y sin agua<\/h3>\n<p>Nuestra bomba de aire 100% cuenta con un dise\u00f1o sin aceite ni agua, lo que garantiza la completa protecci\u00f3n de las lentes l\u00e1ser. Esto significa que los usuarios finales pueden operar sus m\u00e1quinas con tranquilidad, sin complicaciones de mantenimiento ni preocupaciones por la contaminaci\u00f3n.<\/p>\n<h3>Tecnolog\u00eda ultra silenciosa<\/h3>\n<p>Dise\u00f1ada espec\u00edficamente para interiores y estudios dom\u00e9sticos, nuestra bomba de aire funciona con un nivel de ruido excepcionalmente bajo (menos de 60 dB). Esta caracter\u00edstica mejora significativamente la experiencia del usuario, lo que la hace adecuada para diversas aplicaciones sin perturbar el entorno.<\/p>\n<h3>Rendimiento potente<\/h3>\n<p>Con un caudal constante de 30 L\/min, nuestra bomba garantiza que, incluso al cortar madera gruesa o materiales acr\u00edlicos, los cortes permanezcan limpios y sin humo ni residuos. Esta fiabilidad se traduce en una mayor eficiencia y una mejor calidad de trabajo para el usuario final.<\/p>\n<h2>5. Amplia compatibilidad: Todo en uno<\/h2>\n<p>Nuestra bomba de aire est\u00e1 dise\u00f1ada para ser compatible con la serie 95% de las principales m\u00e1quinas de corte l\u00e1ser del mercado, como xTool, Ortur, Atomstack y diversos sistemas l\u00e1ser de CO2. Esta amplia compatibilidad ofrece a los distribuidores una ventaja significativa.<\/p>\n<h3>Beneficios del distribuidor<\/h3>\n<p>Al abastecerse con nuestra bomba de aire, los distribuidores disfrutan de la comodidad de tener un mismo SKU compatible con varias m\u00e1quinas, lo que reduce considerablemente la presi\u00f3n y la complejidad de la gesti\u00f3n de inventario. Esta eficiencia permite a los distribuidores centrarse en expandir sus negocios sin la carga de una gesti\u00f3n de inventario excesiva.<\/p>\n<h2>6. Ventajas de la cadena de suministro y la asociaci\u00f3n<\/h2>\n<h3>Fuerza de f\u00e1brica<\/h3>\n<p>Nuestro compromiso con la calidad se refleja en nuestros rigurosos procesos de control de calidad, que garantizan una tasa de defectos notablemente baja, inferior a 1%. Esta fiabilidad nos permite ahorrar costes log\u00edsticos relacionados con devoluciones y cambios, ofreciendo una experiencia operativa fluida a nuestros socios.<\/p>\n<h3>Servicios personalizados (OEM\/ODM)<\/h3>\n<p>Ofrecemos servicios personalizables, que incluyen la colocaci\u00f3n del logotipo de la marca, el dise\u00f1o del empaque y la adaptaci\u00f3n a diversas especificaciones de conectores. Esta flexibilidad permite a los socios establecer su propia identidad de marca, fortaleciendo a\u00fan m\u00e1s su presencia en el mercado.<\/p>\n<h3>Soporte posventa<\/h3>\n<p>Nuestro equipo se dedica a brindar respuestas t\u00e9cnicas r\u00e1pidas y capacidad de suministro de repuestos. Este compromiso con el soporte garantiza que los clientes puedan confiar en nosotros para obtener asistencia oportuna y una eficiencia operativa continua.<\/p>\n<h2>7. Conclusi\u00f3n y llamada a la acci\u00f3n (CTA)<\/h2>\n<p>En conclusi\u00f3n, no permita que accesorios de baja calidad comprometan la reputaci\u00f3n de sus m\u00e1quinas de alta gama. Seleccionar una bomba de aire de calidad que se ajuste a la calidad de su equipo es esencial para mantener una reputaci\u00f3n estelar en la industria.<\/p>\n<p>Tome medidas hoy mismo contact\u00e1ndonos para realizar una prueba de muestra o para recibir los \u00faltimos precios mayoristas B2B.<\/p>\n<p>Visita <a href=\"https:\/\/aircompressorforlasercutter.com\/es_es\/contactanos\/\">aqu\u00ed<\/a> Para alcanzar.<\/p>","protected":false},"excerpt":{"rendered":"<p>Laser Lens Cooling Air Pump System: The Unsung Hero of Laser Cutting 1. Introduction: The Unsung Hero In the world of laser cutting and engraving, buyers often invest significantly in high-end laser machines, yet the critical role of air pumps is frequently overlooked. These components might seem secondary, but they play a vital role in [&hellip;]<\/p>","protected":false},"featured_media":457,"comment_status":"open","ping_status":"closed","template":"","meta":{"_et_pb_use_builder":"","_et_pb_old_content":"","_et_gb_content_width":""},"product_brand":[],"product_cat":[1093],"product_tag":[1094],"class_list":{"0":"post-480","1":"product","2":"type-product","3":"status-publish","4":"has-post-thumbnail","6":"product_cat-air-compressor-for-laser-cutter","7":"product_tag-air-compressor-for-laser-cutter","9":"first","10":"instock","11":"shipping-taxable","12":"product-type-simple"},"_links":{"self":[{"href":"https:\/\/aircompressorforlasercutter.com\/es_es\/wp-json\/wp\/v2\/product\/480","targetHints":{"allow":["GET"]}}],"collection":[{"href":"https:\/\/aircompressorforlasercutter.com\/es_es\/wp-json\/wp\/v2\/product"}],"about":[{"href":"https:\/\/aircompressorforlasercutter.com\/es_es\/wp-json\/wp\/v2\/types\/product"}],"replies":[{"embeddable":true,"href":"https:\/\/aircompressorforlasercutter.com\/es_es\/wp-json\/wp\/v2\/comments?post=480"}],"wp:featuredmedia":[{"embeddable":true,"href":"https:\/\/aircompressorforlasercutter.com\/es_es\/wp-json\/wp\/v2\/media\/457"}],"wp:attachment":[{"href":"https:\/\/aircompressorforlasercutter.com\/es_es\/wp-json\/wp\/v2\/media?parent=480"}],"wp:term":[{"taxonomy":"product_brand","embeddable":true,"href":"https:\/\/aircompressorforlasercutter.com\/es_es\/wp-json\/wp\/v2\/product_brand?post=480"},{"taxonomy":"product_cat","embeddable":true,"href":"https:\/\/aircompressorforlasercutter.com\/es_es\/wp-json\/wp\/v2\/product_cat?post=480"},{"taxonomy":"product_tag","embeddable":true,"href":"https:\/\/aircompressorforlasercutter.com\/es_es\/wp-json\/wp\/v2\/product_tag?post=480"}],"curies":[{"name":"wp","href":"https:\/\/api.w.org\/{rel}","templated":true}]}}