{"id":462,"date":"2026-01-14T08:26:17","date_gmt":"2026-01-14T08:26:17","guid":{"rendered":"https:\/\/aircompressorforlasercutter.com\/product\/air-assist-pump-for-xtool-d1-pro-laser-engraver\/"},"modified":"2026-01-14T08:50:32","modified_gmt":"2026-01-14T08:50:32","slug":"air-assist-pump-for-xtool-d1-pro-laser-engraver","status":"publish","type":"product","link":"https:\/\/aircompressorforlasercutter.com\/es_mx\/producto\/bomba-neumatica-de-asistencia-para-grabadora-laser-xtool-d1-pro\/","title":{"rendered":"Bomba de asistencia de aire para grabador l\u00e1ser xTool D1 Pro"},"content":{"rendered":"<h1>Bomba neum\u00e1tica de asistencia para la grabadora l\u00e1ser xTool D1 Pro: El h\u00e9roe an\u00f3nimo del corte l\u00e1ser.<\/h1>\n<h2>1. Antecedentes: Un mercado pasado por alto<\/h2>\n<p>En el competitivo mundo del grabado l\u00e1ser, es habitual que los compradores inviertan importantes recursos en la adquisici\u00f3n de m\u00e1quinas l\u00e1ser de alta calidad como la xTool D1 Pro. Sin embargo, un componente que a menudo se pasa por alto es la bomba de asistencia neum\u00e1tica, un accesorio crucial que influye directamente en el rendimiento y la vida \u00fatil de estas m\u00e1quinas. Si bien la grabadora l\u00e1ser en s\u00ed misma acapara gran parte de la atenci\u00f3n, la bomba de asistencia neum\u00e1tica desempe\u00f1a un papel fundamental para mejorar la calidad del corte y garantizar la durabilidad de la m\u00e1quina.<\/p>\n<p>La asistencia neum\u00e1tica no es un simple accesorio; es un elemento decisivo que influye en los resultados finales de los proyectos de grabado l\u00e1ser. Para los clientes B2B, elegir la bomba de asistencia neum\u00e1tica adecuada se traduce en menos quejas por problemas como una profundidad de corte insuficiente o lentes da\u00f1adas, lo que en \u00faltima instancia conlleva mayores \u00edndices de fidelizaci\u00f3n de clientes.<\/p>\n<h2>2. An\u00e1lisis de los puntos d\u00e9biles: Los costos ocultos de las bombas de aire baratas<\/h2>\n<h3>Calidad de corte inferior<\/h3>\n<p>El uso de una bomba de aire de bajo costo puede generar un flujo de aire inestable, lo que afecta significativamente la calidad del corte. Un flujo de aire deficiente provoca bordes quemados en los materiales, baja eficiencia de corte y una apariencia deficiente del producto final, lo que puede disuadir a los compradores potenciales. Esto no solo perjudica la experiencia del usuario final, sino que tambi\u00e9n afecta la reputaci\u00f3n general de las empresas que utilizan tecnolog\u00eda de grabado l\u00e1ser.<\/p>\n<h3>Riesgo de da\u00f1os al equipo<\/h3>\n<p>Las bombas de aire de baja calidad, especialmente las que funcionan con aceite, representan un riesgo significativo para las grabadoras l\u00e1ser. Pueden emitir neblina de aceite o humedad que contamina la lente l\u00e1ser, lo que ocasiona reparaciones costosas y un aumento en la tasa de devoluciones. Este costo oculto puede acumularse r\u00e1pidamente, afectando la rentabilidad y la satisfacci\u00f3n del cliente.<\/p>\n<h3>Disuasores de ruido<\/h3>\n<p>Los compresores de aire tradicionales suelen generar altos niveles de ruido, lo que los hace inadecuados para usuarios dom\u00e9sticos y entornos educativos. El considerable nivel de ruido limita el alcance del mercado y los segmentos de clientes que podr\u00edan beneficiarse de la tecnolog\u00eda de grabado l\u00e1ser, lo que restringe las oportunidades de venta.<\/p>\n<h2>3. Nuestra soluci\u00f3n<\/h2>\n<h3>Dise\u00f1o sin aceite y sin agua<\/h3>\n<p>Nuestra bomba neum\u00e1tica 100%, libre de aceite y agua, garantiza la m\u00e1xima protecci\u00f3n para la lente l\u00e1ser. Esto permite a los usuarios operar la m\u00e1quina sin preocuparse por el mantenimiento frecuente. Mejora la experiencia del usuario y ofrece tranquilidad, convirti\u00e9ndola en la opci\u00f3n ideal para entornos profesionales.<\/p>\n<h3>Tecnolog\u00eda ultra silenciosa<\/h3>\n<p>Dise\u00f1ada espec\u00edficamente para estudios dom\u00e9sticos y de interior, nuestra bomba de asistencia neum\u00e1tica funciona a un nivel ultrasilencioso de menos de 60 dB. Esto no solo mejora la experiencia del usuario, sino que tambi\u00e9n permite una mayor flexibilidad en diversos entornos, garantizando que el ruido ya no sea un obst\u00e1culo para el uso de grabadoras l\u00e1ser de alta calidad.<\/p>\n<h3>Rendimiento robusto<\/h3>\n<p>Con un caudal constante de 30 l\/min, nuestra bomba neum\u00e1tica garantiza un flujo fiable. Esto es fundamental para cortar materiales gruesos como madera dura o acr\u00edlico, asegurando cortes limpios y sin humo ni residuos. Este rendimiento es esencial para mantener la calidad del producto y satisfacer las expectativas del cliente en diversas aplicaciones.<\/p>\n<h2>4. Amplia compatibilidad: una soluci\u00f3n integral para una gesti\u00f3n de inventario sencilla.<\/h2>\n<h3>Amplia gama de aplicaciones<\/h3>\n<p>Nuestra bomba neum\u00e1tica est\u00e1 dise\u00f1ada para adaptarse perfectamente a la mayor\u00eda de las m\u00e1quinas m\u00e1s populares del mercado, como xTool, Ortur, Atomstack y diversos l\u00e1seres de CO2. Esta versatilidad la convierte en una excelente inversi\u00f3n para distribuidores que buscan optimizar su inventario.<\/p>\n<h3>Beneficios del distribuidor<\/h3>\n<p>Al ofrecer un \u00fanico producto compatible con m\u00faltiples m\u00e1quinas, puede reducir significativamente la presi\u00f3n sobre el inventario y la complejidad de la gesti\u00f3n de existencias. Esta eficiencia se traduce en una mayor eficacia operativa y un ahorro de costes para su empresa.<\/p>\n<h2>5. Ventajas de la cadena de suministro y la asociaci\u00f3n<\/h2>\n<h3>Capacidad de fabricaci\u00f3n<\/h3>\n<p>Nos adherimos a estrictos procesos de control de calidad, lo que garantiza una tasa de defectos excepcionalmente baja, inferior a 1%. Esta garant\u00eda de calidad se traduce en una reducci\u00f3n de los costes log\u00edsticos asociados a las devoluciones y los cambios, lo que le permite asignar sus recursos de forma m\u00e1s eficaz.<\/p>\n<h3>Servicios personalizados (OEM\/ODM)<\/h3>\n<p>Ever-power permite personalizar el logotipo de la marca, el dise\u00f1o del empaque y las especificaciones del enchufe para diversos pa\u00edses. Esta flexibilidad le permite desarrollar su propia identidad de marca y satisfacer las necesidades espec\u00edficas del mercado, mejorando as\u00ed su ventaja competitiva.<\/p>\n<h3>Soporte posventa<\/h3>\n<p>Nuestro compromiso de brindar soporte t\u00e9cnico r\u00e1pido y disponibilidad de repuestos garantiza que usted pueda mantener altos niveles de satisfacci\u00f3n del cliente mucho despu\u00e9s de la venta inicial. Reconocemos que el soporte continuo es fundamental para fomentar relaciones a largo plazo con los usuarios finales.<\/p>\n<h2>6. Conclusi\u00f3n y llamada a la acci\u00f3n<\/h2>\n<p>No permita que los accesorios de baja calidad empa\u00f1en la reputaci\u00f3n de sus m\u00e1quinas de alta gama. Elegir una bomba neum\u00e1tica de calidad que se ajuste a las caracter\u00edsticas de su equipo es fundamental para lograr un rendimiento \u00f3ptimo y la satisfacci\u00f3n del cliente.<\/p>\n<p>\u00a1Act\u00fae ahora! Cont\u00e1ctenos hoy para solicitar una prueba de muestra u obtener la informaci\u00f3n m\u00e1s reciente sobre precios mayoristas B2B. Vis\u00edtenos en <a href=\"https:\/\/aircompressorforlasercutter.com\/es_mx\/contactanos\/\">Contacto de Ever-power<\/a>.<\/p>","protected":false},"excerpt":{"rendered":"<p>Air Assist Pump for xTool D1 Pro Laser Engraver: The Unsung Hero of Laser Cutting 1. Background: A Market Overlooked In the competitive landscape of laser engraving, it is commonplace for buyers to invest significant resources into acquiring high-quality laser machines like the xTool D1 Pro. However, an often overlooked component is the air assist [&hellip;]<\/p>","protected":false},"featured_media":454,"comment_status":"open","ping_status":"closed","template":"","meta":{"_et_pb_use_builder":"","_et_pb_old_content":"","_et_gb_content_width":""},"product_brand":[],"product_cat":[1093],"product_tag":[1094],"class_list":{"0":"post-462","1":"product","2":"type-product","3":"status-publish","4":"has-post-thumbnail","6":"product_cat-air-compressor-for-laser-cutter","7":"product_tag-air-compressor-for-laser-cutter","9":"first","10":"instock","11":"shipping-taxable","12":"product-type-simple"},"_links":{"self":[{"href":"https:\/\/aircompressorforlasercutter.com\/es_mx\/wp-json\/wp\/v2\/product\/462","targetHints":{"allow":["GET"]}}],"collection":[{"href":"https:\/\/aircompressorforlasercutter.com\/es_mx\/wp-json\/wp\/v2\/product"}],"about":[{"href":"https:\/\/aircompressorforlasercutter.com\/es_mx\/wp-json\/wp\/v2\/types\/product"}],"replies":[{"embeddable":true,"href":"https:\/\/aircompressorforlasercutter.com\/es_mx\/wp-json\/wp\/v2\/comments?post=462"}],"wp:featuredmedia":[{"embeddable":true,"href":"https:\/\/aircompressorforlasercutter.com\/es_mx\/wp-json\/wp\/v2\/media\/454"}],"wp:attachment":[{"href":"https:\/\/aircompressorforlasercutter.com\/es_mx\/wp-json\/wp\/v2\/media?parent=462"}],"wp:term":[{"taxonomy":"product_brand","embeddable":true,"href":"https:\/\/aircompressorforlasercutter.com\/es_mx\/wp-json\/wp\/v2\/product_brand?post=462"},{"taxonomy":"product_cat","embeddable":true,"href":"https:\/\/aircompressorforlasercutter.com\/es_mx\/wp-json\/wp\/v2\/product_cat?post=462"},{"taxonomy":"product_tag","embeddable":true,"href":"https:\/\/aircompressorforlasercutter.com\/es_mx\/wp-json\/wp\/v2\/product_tag?post=462"}],"curies":[{"name":"wp","href":"https:\/\/api.w.org\/{rel}","templated":true}]}}