{"id":465,"date":"2026-01-14T08:26:17","date_gmt":"2026-01-14T08:26:17","guid":{"rendered":"https:\/\/aircompressorforlasercutter.com\/product\/air-assist-kit-for-sculpfun-s9-s10-s30\/"},"modified":"2026-01-14T08:47:40","modified_gmt":"2026-01-14T08:47:40","slug":"air-assist-kit-for-sculpfun-s9-s10-s30","status":"publish","type":"product","link":"https:\/\/aircompressorforlasercutter.com\/es_mx\/producto\/kit-de-asistencia-neumatica-para-sculpfun-s9-s10-y-s30\/","title":{"rendered":"Kit de asistencia de aire para SCULPFUN S9 S10 S30"},"content":{"rendered":"<h1>Kit de asistencia neum\u00e1tica para SCULPFUN S9 S10 S30: El h\u00e9roe an\u00f3nimo del corte l\u00e1ser<\/h1>\n<h2>1. Antecedentes: Lo esencial pasado por alto<\/h2>\n<p>En el din\u00e1mico mercado actual de m\u00e1quinas de grabado l\u00e1ser, muchos compradores invierten considerablemente en sus equipos, centr\u00e1ndose en los modelos m\u00e1s recientes y las funciones m\u00e1s avanzadas. Sin embargo, un componente fundamental que a menudo pasa desapercibido es la bomba de aire. Si bien la m\u00e1quina l\u00e1ser en s\u00ed misma es una maravilla tecnol\u00f3gica, el kit de asistencia neum\u00e1tica es el elemento clave que puede mejorar significativamente la experiencia del usuario.<\/p>\n<p>La asistencia neum\u00e1tica es m\u00e1s que un simple perif\u00e9rico; desempe\u00f1a un papel crucial a la hora de determinar la calidad de corte final y la vida \u00fatil de la m\u00e1quina. Para las empresas, elegir la bomba de aire adecuada puede reducir las quejas de los clientes por problemas como cortes incompletos o lentes da\u00f1adas, lo que mejora los \u00edndices de fidelizaci\u00f3n de clientes.<\/p>\n<h2>2. An\u00e1lisis de los puntos d\u00e9biles: Los costos ocultos de las bombas de aire baratas<\/h2>\n<h3>Mala calidad de corte<\/h3>\n<p>Utilizar una bomba de aire de baja calidad puede resultar en cortes deficientes. Un flujo de aire inestable provoca que los bordes de los materiales se carbonicen y se quemen, lo que afecta negativamente la apariencia del producto final para el usuario. Esta inconsistencia puede perjudicar la imagen de su marca.<\/p>\n<h3>Riesgo de da\u00f1os al equipo<\/h3>\n<p>Invertir en una bomba de aire de baja calidad, especialmente aquellas que introducen neblina de aceite o humedad en el sistema, supone un riesgo significativo de contaminar la lente l\u00e1ser. Este da\u00f1o conlleva costosas reparaciones posventa y puede aumentar la tasa de devoluciones, lo que repercute negativamente en sus resultados.<\/p>\n<h3>Disuasi\u00f3n de ruido<\/h3>\n<p>Los compresores de aire tradicionales pueden ser extremadamente ruidosos, superando a menudo los niveles de decibelios aceptables. Esta contaminaci\u00f3n ac\u00fastica disuade a los usuarios dom\u00e9sticos y a los espacios de creaci\u00f3n educativa de utilizar la tecnolog\u00eda de corte l\u00e1ser, lo que reduce considerablemente su base de clientes potenciales.<\/p>\n<h2>3. Nuestra soluci\u00f3n: redefiniendo la asistencia de aire de calidad profesional<\/h2>\n<h3>Dise\u00f1o sin aceite y sin agua<\/h3>\n<p>Nuestro kit de asistencia neum\u00e1tica, con dise\u00f1o 100% libre de aceite y agua, garantiza una protecci\u00f3n total para la lente l\u00e1ser. Los usuarios disfrutan de una experiencia sin mantenimiento, lo que les permite centrarse en sus proyectos creativos sin preocuparse por revisiones frecuentes.<\/p>\n<h3>Tecnolog\u00eda ultra silenciosa<\/h3>\n<p>Dise\u00f1ada espec\u00edficamente para su uso en interiores o estudios dom\u00e9sticos, nuestra bomba de aire funciona con un nivel de ruido impresionantemente bajo, inferior a 60 dB. Esta caracter\u00edstica ultrasilenciosa mejora notablemente la experiencia del usuario, lo que la hace ideal para entornos donde el ruido es un factor importante.<\/p>\n<h3>Rendimiento robusto<\/h3>\n<p>Con un caudal constante de 30 l\/min, nuestra bomba de aire garantiza un flujo de aire estable, fundamental para cortar madera gruesa o materiales acr\u00edlicos. El resultado son cortes m\u00e1s limpios con m\u00ednimos residuos de humo, lo que se traduce en un acabado m\u00e1s pulido.<\/p>\n<h2>4. Amplia compatibilidad: Todo en uno<\/h2>\n<h3>Amplia aplicabilidad<\/h3>\n<p>Nuestro kit de asistencia neum\u00e1tica est\u00e1 dise\u00f1ado para adaptarse perfectamente al modelo 95% de los principales l\u00e1seres disponibles actualmente en el mercado, incluyendo xTool, Ortur, Atomstack y diversas m\u00e1quinas l\u00e1ser de CO2. Esta amplia compatibilidad permite a los clientes ampliar sus capacidades sin la molestia de buscar m\u00faltiples soluciones.<\/p>\n<h3>Beneficios del concesionario<\/h3>\n<p>Ofrecer una \u00fanica referencia compatible con m\u00faltiples m\u00e1quinas reduce significativamente la presi\u00f3n sobre el inventario y la complejidad para los distribuidores. Este enfoque simplificado permite una mejor gesti\u00f3n del stock y una mayor eficiencia operativa.<\/p>\n<h2>5. Ventajas de la cadena de suministro y la asociaci\u00f3n<\/h2>\n<h3>Fuerza de f\u00e1brica<\/h3>\n<p>Nos adherimos a estrictos procesos de control de calidad, lo que garantiza una tasa de defectos excepcionalmente baja, inferior a 1%. Este compromiso con la calidad minimiza las devoluciones y los costos log\u00edsticos, lo que le permite gestionar mejor sus recursos.<\/p>\n<h3>Servicios de personalizaci\u00f3n (OEM\/ODM)<\/h3>\n<p>Ofrecemos servicios personalizados, que incluyen opciones de marca a medida, dise\u00f1os de empaque y especificaciones de enchufes para diversos pa\u00edses. Esta flexibilidad le permite crear su propia identidad de marca y, al mismo tiempo, satisfacer las demandas espec\u00edficas del mercado.<\/p>\n<h3>Soporte posventa<\/h3>\n<p>Nuestro equipo de soporte t\u00e9cnico, siempre disponible, y nuestra r\u00e1pida capacidad de suministro de repuestos garantizan que pueda contar con nuestra ayuda siempre que la necesite. Esto asegura que sus operaciones se desarrollen sin interrupciones.<\/p>\n<h2>6. Conclusi\u00f3n y llamada a la acci\u00f3n<\/h2>\n<p>No permita que componentes de baja calidad da\u00f1en la reputaci\u00f3n de sus m\u00e1quinas de alta gama. Elija una bomba de aire que est\u00e9 a la altura de la calidad de su equipo. Nuestro kit de asistencia neum\u00e1tica es la opci\u00f3n ideal para garantizar un rendimiento de corte \u00f3ptimo y una mayor durabilidad.<\/p>\n<p>Cont\u00e1ctenos hoy para solicitar muestras o para obtener la informaci\u00f3n m\u00e1s reciente sobre precios mayoristas B2B. Mejore su experiencia de corte l\u00e1ser con Ever-power.<\/p>\n<p><a href=\"https:\/\/aircompressorforlasercutter.com\/es_mx\/contactanos\/\">Cont\u00e1ctenos<\/a><\/p>","protected":false},"excerpt":{"rendered":"<p>Air Assist Kit for SCULPFUN S9 S10 S30: The Unsung Hero of Laser Cutting 1. Background: The Overlooked Essential In today&#8217;s vibrant market for laser engraving machines, many buyers invest heavily in their equipment, focusing on the latest models and advanced features. However, a critical component that often goes unnoticed is the air pump. While [&hellip;]<\/p>","protected":false},"featured_media":454,"comment_status":"open","ping_status":"closed","template":"","meta":{"_et_pb_use_builder":"","_et_pb_old_content":"","_et_gb_content_width":""},"product_brand":[],"product_cat":[1093],"product_tag":[1094],"class_list":{"0":"post-465","1":"product","2":"type-product","3":"status-publish","4":"has-post-thumbnail","6":"product_cat-air-compressor-for-laser-cutter","7":"product_tag-air-compressor-for-laser-cutter","9":"first","10":"instock","11":"shipping-taxable","12":"product-type-simple"},"_links":{"self":[{"href":"https:\/\/aircompressorforlasercutter.com\/es_mx\/wp-json\/wp\/v2\/product\/465","targetHints":{"allow":["GET"]}}],"collection":[{"href":"https:\/\/aircompressorforlasercutter.com\/es_mx\/wp-json\/wp\/v2\/product"}],"about":[{"href":"https:\/\/aircompressorforlasercutter.com\/es_mx\/wp-json\/wp\/v2\/types\/product"}],"replies":[{"embeddable":true,"href":"https:\/\/aircompressorforlasercutter.com\/es_mx\/wp-json\/wp\/v2\/comments?post=465"}],"wp:featuredmedia":[{"embeddable":true,"href":"https:\/\/aircompressorforlasercutter.com\/es_mx\/wp-json\/wp\/v2\/media\/454"}],"wp:attachment":[{"href":"https:\/\/aircompressorforlasercutter.com\/es_mx\/wp-json\/wp\/v2\/media?parent=465"}],"wp:term":[{"taxonomy":"product_brand","embeddable":true,"href":"https:\/\/aircompressorforlasercutter.com\/es_mx\/wp-json\/wp\/v2\/product_brand?post=465"},{"taxonomy":"product_cat","embeddable":true,"href":"https:\/\/aircompressorforlasercutter.com\/es_mx\/wp-json\/wp\/v2\/product_cat?post=465"},{"taxonomy":"product_tag","embeddable":true,"href":"https:\/\/aircompressorforlasercutter.com\/es_mx\/wp-json\/wp\/v2\/product_tag?post=465"}],"curies":[{"name":"wp","href":"https:\/\/api.w.org\/{rel}","templated":true}]}}