{"id":470,"date":"2026-01-14T08:26:18","date_gmt":"2026-01-14T08:26:18","guid":{"rendered":"https:\/\/aircompressorforlasercutter.com\/product\/ultra-quiet-air-compressor-for-indoor-laser-engraving\/"},"modified":"2026-01-14T08:46:04","modified_gmt":"2026-01-14T08:46:04","slug":"ultra-quiet-air-compressor-for-indoor-laser-engraving","status":"publish","type":"product","link":"https:\/\/aircompressorforlasercutter.com\/es_mx\/producto\/compresor-de-aire-ultrasilencioso-para-grabado-laser-en-interiores\/","title":{"rendered":"Compresor de aire ultra silencioso para grabado l\u00e1ser en interiores"},"content":{"rendered":"<h1>Compresor de aire ultrasilencioso para grabado l\u00e1ser en interiores<\/h1>\n<h2>El h\u00e9roe an\u00f3nimo del grabado l\u00e1ser<\/h2>\n<p>En el din\u00e1mico mercado del grabado l\u00e1ser, los compradores suelen invertir grandes sumas en m\u00e1quinas de alta calidad, pero tienden a pasar por alto la bomba de aire, un componente crucial que influye significativamente en el rendimiento general. Este descuido puede generar numerosos problemas operativos que reducen la calidad y la vida \u00fatil del proceso de grabado. El suministro de aire no es un simple accesorio; desempe\u00f1a un papel fundamental en la calidad del corte y la vida \u00fatil de la m\u00e1quina, componentes vitales para cualquier relaci\u00f3n comercial.<\/p>\n<h2>Comprender el panorama del mercado<\/h2>\n<p>Dado que la mayor\u00eda de las empresas se centran en adquirir equipos avanzados de corte por l\u00e1ser, el compresor de aire suele ser una consideraci\u00f3n secundaria. Sin embargo, la asistencia neum\u00e1tica influye directamente en la calidad del corte y la eficiencia operativa. Para los distribuidores, elegir una bomba de aire de alta calidad se traduce en menos quejas de los clientes por un rendimiento de corte deficiente o lentes da\u00f1adas, lo que, en \u00faltima instancia, se traduce en una mayor fidelizaci\u00f3n de clientes.<\/p>\n<h2>Problemas comunes de las bombas de aire de baja calidad<\/h2>\n<p>Si bien puede resultar tentador optar por compresores de aire m\u00e1s baratos, los costes ocultos asociados a equipos de baja calidad pueden ser perjudiciales:<\/p>\n<h3>Mala calidad de corte<\/h3>\n<p>El flujo de aire inestable de las bombas de aire de bajo costo puede provocar que los bordes de los materiales se ennegrezcan o se quemen, lo que afecta negativamente la est\u00e9tica de los productos finales. Esto puede resultar en clientes insatisfechos y p\u00e9rdida de oportunidades comerciales.<\/p>\n<h3>Riesgo de da\u00f1os al equipo<\/h3>\n<p>Los compresores de aire de baja calidad, especialmente los que utilizan aceite, pueden expulsar neblina de aceite o humedad, contaminando las lentes l\u00e1ser. Esto no solo aumenta la probabilidad de reparaciones costosas, sino que tambi\u00e9n puede provocar devoluciones de productos, lo que repercute negativamente en la rentabilidad.<\/p>\n<h3>Disuasivo de ruido<\/h3>\n<p>Los compresores de aire tradicionales suelen ser excesivamente ruidosos, lo que puede disuadir a los usuarios dom\u00e9sticos y a los espacios de creaci\u00f3n educativa de utilizar la tecnolog\u00eda de grabado l\u00e1ser, limitando as\u00ed los posibles mercados de venta.<\/p>\n<h2>Nuestra soluci\u00f3n: Redefiniendo la asistencia a\u00e9rea profesional.<\/h2>\n<p>En Ever-power, ofrecemos un compresor de aire que redefine lo que debe ser un sistema de asistencia neum\u00e1tica de calidad profesional:<\/p>\n<h3>Dise\u00f1o sin aceite ni agua<\/h3>\n<p>Nuestro compresor de aire ultrasilencioso, con dise\u00f1o 100% libre de aceite y agua, garantiza una protecci\u00f3n total para las lentes l\u00e1ser. Esto permite a los usuarios disfrutar de una tranquilidad sin igual, ya que no tendr\u00e1n que preocuparse por el mantenimiento ni la contaminaci\u00f3n.<\/p>\n<h3>Tecnolog\u00eda ultra silenciosa<\/h3>\n<p>Dise\u00f1ado espec\u00edficamente para estudios dom\u00e9sticos y de interior, nuestro compresor mantiene los niveles de ruido por debajo de 60 dB, mejorando significativamente la experiencia del usuario. Esto garantiza un espacio de trabajo m\u00e1s propicio para la creatividad y la productividad.<\/p>\n<h3>Rendimiento potente<\/h3>\n<p>Con un caudal robusto de 30 l\/min, nuestro compresor garantiza un flujo de aire constante y estable, fundamental para cortar materiales gruesos como madera o acr\u00edlico. Esto asegura cortes limpios, sin humo ni residuos, mejorando la calidad y la eficiencia.<\/p>\n<h2>Amplia compatibilidad: una soluci\u00f3n integral<\/h2>\n<p>Nuestro compresor de aire est\u00e1 dise\u00f1ado para integrarse a la perfecci\u00f3n con la mayor\u00eda de las m\u00e1quinas de grabado l\u00e1ser convencionales del mercado, incluidas marcas como xTool, Ortur, Atomstack y varios sistemas l\u00e1ser de CO2.<\/p>\n<h3>Beneficios del distribuidor<\/h3>\n<p>Al optar por nuestro compresor de aire, los distribuidores pueden beneficiarse de una menor presi\u00f3n sobre el inventario, ya que una sola referencia es compatible con varias m\u00e1quinas. Esto simplifica la gesti\u00f3n de existencias y optimiza las cadenas de suministro.<\/p>\n<h2>Ventajas de la cadena de suministro y la asociaci\u00f3n<\/h2>\n<p>Gracias a una s\u00f3lida base de fabricaci\u00f3n, Ever-power garantiza procesos de control de calidad rigurosos que dan como resultado una tasa de fallos inferior a 1%. Esto minimiza los costes log\u00edsticos asociados a las devoluciones y los reemplazos.<\/p>\n<h3>Servicios personalizables<\/h3>\n<p>Ofrecemos servicios integrales de OEM\/ODM, que permiten la personalizaci\u00f3n de logotipos de marca, dise\u00f1os de empaque y especificaciones de enchufes adaptados a diferentes mercados, ayudando a las empresas a construir su identidad de marca \u00fanica.<\/p>\n<h3>Soporte posventa<\/h3>\n<p>Nuestro compromiso va m\u00e1s all\u00e1 de la venta, ya que proporcionamos respuestas t\u00e9cnicas r\u00e1pidas y disponibilidad de repuestos para garantizar que nuestros socios puedan mantener la eficiencia operativa.<\/p>\n<p>No permita que componentes de baja calidad da\u00f1en la reputaci\u00f3n de sus m\u00e1quinas de alta gama. Elija un compresor de aire que est\u00e9 a la altura de la calidad de su equipo. Le invitamos a contactarnos hoy mismo para solicitar muestras o para recibir nuestros precios mayoristas B2B m\u00e1s recientes. Juntos, podemos mejorar su oferta de productos y garantizar la satisfacci\u00f3n de sus clientes.<\/p>\n<p><a href=\"https:\/\/aircompressorforlasercutter.com\/es_mx\/contactanos\/\">Cont\u00e1ctenos<\/a> Para m\u00e1s informaci\u00f3n y para potenciar el potencial de su negocio.<\/p>","protected":false},"excerpt":{"rendered":"<p>Ultra Quiet Air Compressor for Indoor Laser Engraving The Unsung Hero of Laser Engraving In the bustling market of laser engraving, buyers often invest substantial amounts in high-quality machines, yet tend to overlook the crucial air pump that significantly impacts overall performance. This oversight can lead to a myriad of operational issues that diminish the [&hellip;]<\/p>","protected":false},"featured_media":455,"comment_status":"open","ping_status":"closed","template":"","meta":{"_et_pb_use_builder":"","_et_pb_old_content":"","_et_gb_content_width":""},"product_brand":[],"product_cat":[1093],"product_tag":[1096],"class_list":{"0":"post-470","1":"product","2":"type-product","3":"status-publish","4":"has-post-thumbnail","6":"product_cat-air-compressor-for-laser-cutter","7":"product_tag-air-compressor-for-laser-cutter-cost","9":"first","10":"instock","11":"shipping-taxable","12":"product-type-simple"},"_links":{"self":[{"href":"https:\/\/aircompressorforlasercutter.com\/es_mx\/wp-json\/wp\/v2\/product\/470","targetHints":{"allow":["GET"]}}],"collection":[{"href":"https:\/\/aircompressorforlasercutter.com\/es_mx\/wp-json\/wp\/v2\/product"}],"about":[{"href":"https:\/\/aircompressorforlasercutter.com\/es_mx\/wp-json\/wp\/v2\/types\/product"}],"replies":[{"embeddable":true,"href":"https:\/\/aircompressorforlasercutter.com\/es_mx\/wp-json\/wp\/v2\/comments?post=470"}],"wp:featuredmedia":[{"embeddable":true,"href":"https:\/\/aircompressorforlasercutter.com\/es_mx\/wp-json\/wp\/v2\/media\/455"}],"wp:attachment":[{"href":"https:\/\/aircompressorforlasercutter.com\/es_mx\/wp-json\/wp\/v2\/media?parent=470"}],"wp:term":[{"taxonomy":"product_brand","embeddable":true,"href":"https:\/\/aircompressorforlasercutter.com\/es_mx\/wp-json\/wp\/v2\/product_brand?post=470"},{"taxonomy":"product_cat","embeddable":true,"href":"https:\/\/aircompressorforlasercutter.com\/es_mx\/wp-json\/wp\/v2\/product_cat?post=470"},{"taxonomy":"product_tag","embeddable":true,"href":"https:\/\/aircompressorforlasercutter.com\/es_mx\/wp-json\/wp\/v2\/product_tag?post=470"}],"curies":[{"name":"wp","href":"https:\/\/api.w.org\/{rel}","templated":true}]}}