{"id":472,"date":"2026-01-14T08:26:18","date_gmt":"2026-01-14T08:26:18","guid":{"rendered":"https:\/\/aircompressorforlasercutter.com\/product\/low-vibration-air-pump-for-desktop-laser-cutter\/"},"modified":"2026-01-14T08:45:10","modified_gmt":"2026-01-14T08:45:10","slug":"low-vibration-air-pump-for-desktop-laser-cutter","status":"publish","type":"product","link":"https:\/\/aircompressorforlasercutter.com\/es_mx\/producto\/bomba-de-aire-de-baja-vibracion-para-cortadora-laser-de-escritorio\/","title":{"rendered":"Bomba de aire de baja vibraci\u00f3n para cortadora l\u00e1ser de escritorio"},"content":{"rendered":"<h1>Bomba de aire de baja vibraci\u00f3n para cortadora l\u00e1ser de escritorio: El h\u00e9roe an\u00f3nimo<\/h1>\n<h2>1. Antecedentes: La realidad del mercado<\/h2>\n<p>En el floreciente mundo del corte y grabado l\u00e1ser, muchos compradores invierten grandes cantidades en m\u00e1quinas l\u00e1ser de alta gama, a menudo pasando por alto un componente crucial: la bomba de aire. Este descuido puede resultar en resultados deficientes y costos innecesarios. Muchos desconocen que la asistencia neum\u00e1tica no es solo un accesorio; influye directamente en la calidad del corte y, a su vez, determina la longevidad de la maquinaria. Una bomba de aire adecuada puede mejorar el rendimiento general de los sistemas l\u00e1ser, garantizando que los proyectos se completen con precisi\u00f3n y eficiencia.<\/p>\n<h2>Visi\u00f3n central: La asistencia a\u00e9rea como componente integral<\/h2>\n<p>Para los distribuidores B2B, elegir una bomba de aire de calidad se traduce en menos quejas de los clientes por problemas como cortes incompletos o lentes da\u00f1adas. Esta mejora no solo aumenta la satisfacci\u00f3n del cliente, sino que tambi\u00e9n fomenta una mayor tasa de retenci\u00f3n. Los distribuidores que comprenden la importancia de equipar sus m\u00e1quinas l\u00e1ser con una bomba de aire eficaz se beneficiar\u00e1n enormemente de una reducci\u00f3n en los requisitos de servicio posventa y una mayor fidelizaci\u00f3n de los clientes.<\/p>\n<h2>2. An\u00e1lisis de los puntos d\u00e9biles: Los costos ocultos de las bombas de aire baratas<\/h2>\n<h3>Mala calidad de corte<\/h3>\n<p>Las bombas de aire econ\u00f3micas pueden parecer una buena opci\u00f3n al principio, pero a menudo resultan en una calidad de corte deficiente. Un flujo de aire inestable puede carbonizar los bordes del material, lo que disminuye el atractivo est\u00e9tico del producto final. Esto no solo afecta la satisfacci\u00f3n del cliente, sino tambi\u00e9n el valor percibido del producto final.<\/p>\n<h3>Riesgo de da\u00f1os al equipo<\/h3>\n<p>Las bombas de aire econ\u00f3micas, en particular las que contienen aceite, pueden liberar vapor de aceite o humedad que contamina las lentes l\u00e1ser. Esta contaminaci\u00f3n puede ocasionar costosas reparaciones y devoluciones, lo que reduce los m\u00e1rgenes de ganancia y da\u00f1a la reputaci\u00f3n.<\/p>\n<h3>Disuasi\u00f3n de ruido<\/h3>\n<p>Los compresores de aire tradicionales son conocidos por su ruido, lo que puede disuadir a usuarios dom\u00e9sticos y fabricantes en entornos educativos. Esta contaminaci\u00f3n ac\u00fastica limita la utilidad de las cortadoras l\u00e1ser en espacios reducidos y limita las oportunidades de mercado para los proveedores.<\/p>\n<h2>3. Nuestra soluci\u00f3n: redefiniendo la asistencia a\u00e9rea profesional<\/h2>\n<h3>Dise\u00f1o sin aceite ni humedad<\/h3>\n<p>Nuestra bomba de aire de baja vibraci\u00f3n cuenta con un dise\u00f1o 100% sin aceite ni humedad, lo que garantiza la m\u00e1xima protecci\u00f3n para las lentes l\u00e1ser. Esto elimina la necesidad de mantenimiento regular por parte del usuario final, lo que proporciona tranquilidad y reduce los gastos operativos.<\/p>\n<h3>Tecnolog\u00eda ultra silenciosa<\/h3>\n<p>Dise\u00f1ada espec\u00edficamente para estudios interiores y dom\u00e9sticos, nuestra bomba de aire funciona con un nivel de ruido excepcionalmente bajo, inferior a 60 dB. Este funcionamiento ultrasilencioso mejora significativamente la experiencia del usuario, lo que la hace ideal para profesionales creativos que requieren un entorno de trabajo propicio.<\/p>\n<h3>Rendimiento robusto<\/h3>\n<p>Con un caudal de aire constante de 30 L\/min, nuestra bomba de aire garantiza que incluso los materiales m\u00e1s resistentes, como madera gruesa o acr\u00edlico, se corten con bordes limpios y sin humo. Esto no solo mejora la eficiencia de corte, sino que tambi\u00e9n prolonga la vida \u00fatil de la cortadora l\u00e1ser.<\/p>\n<h2>4. Amplia compatibilidad: Todo en uno<\/h2>\n<h3>Amplia gama de aplicaciones<\/h3>\n<p>Nuestra bomba de aire est\u00e1 dise\u00f1ada para ser perfectamente compatible con los modelos 95% m\u00e1s comunes del mercado, como xTool, Ortur, Atomstack y diversas m\u00e1quinas l\u00e1ser de CO2. Esta amplia compatibilidad garantiza que los clientes puedan integrar nuestra bomba sin problemas, sin necesidad de modificaciones adicionales.<\/p>\n<h3>Beneficios del distribuidor<\/h3>\n<p>Con un \u00fanico SKU compatible con m\u00faltiples m\u00e1quinas, los distribuidores pueden reducir dr\u00e1sticamente la presi\u00f3n de inventario y optimizar las complejidades del almacenamiento. Esta eficiencia se traduce en menores costos operativos y mejora la rentabilidad general.<\/p>\n<h2>5. Cadena de suministro y ventajas colaborativas<\/h2>\n<h3>Fuerza de f\u00e1brica<\/h3>\n<p>Nos enorgullecemos de nuestros rigurosos procesos de control de calidad, que garantizan una tasa de defectos excepcionalmente baja, inferior a 1%. Este compromiso con la calidad se traduce en ahorros significativos en la log\u00edstica de devoluciones para nuestros socios.<\/p>\n<h3>Servicios personalizados (OEM\/ODM)<\/h3>\n<p>Ofrecemos soluciones personalizables, que incluyen dise\u00f1o de logotipos de marca, modificaciones de empaque y especificaciones de conectores para diversos pa\u00edses. Esta flexibilidad le permite crear una identidad de marca \u00fanica que conecte con su mercado objetivo.<\/p>\n<h3>Soporte posventa<\/h3>\n<p>Nuestro compromiso se extiende m\u00e1s all\u00e1 de la venta con soporte t\u00e9cnico r\u00e1pido y disponibilidad de repuestos, asegurando que sus operaciones funcionen sin problemas y sin tiempos de inactividad innecesarios.<\/p>\n<h2>6. Conclusi\u00f3n y llamada a la acci\u00f3n<\/h2>\n<p>No permita que componentes de baja calidad da\u00f1en la reputaci\u00f3n de sus m\u00e1quinas de alta gama. Invierta en una bomba de aire que est\u00e9 a la altura de la calidad de su equipo. Al elegir nuestra bomba de aire de baja vibraci\u00f3n, garantiza que sus procesos de corte no solo sean eficientes, sino que tambi\u00e9n produzcan resultados superiores.<\/p>\n<p>Cont\u00e1ctenos hoy mismo para realizar una prueba de muestra o para obtener la informaci\u00f3n m\u00e1s actualizada sobre precios mayoristas B2B. Visite nuestro sitio web en <a href=\"https:\/\/aircompressorforlasercutter.com\/es_mx\/contactanos\/\">Cont\u00e1ctenos Ever-power<\/a> para conocer m\u00e1s sobre c\u00f3mo nuestras soluciones pueden beneficiar a su negocio.<\/p>","protected":false},"excerpt":{"rendered":"<p>Low Vibration Air Pump for Desktop Laser Cutter: The Unsung Hero 1. Background: The Market Reality In the burgeoning world of laser cutting and engraving, many buyers invest significantly in high-end laser machines, often overlooking a crucial component: the air pump. This oversight can lead to compromised results and unnecessary costs. Many do not realize [&hellip;]<\/p>","protected":false},"featured_media":455,"comment_status":"open","ping_status":"closed","template":"","meta":{"_et_pb_use_builder":"","_et_pb_old_content":"","_et_gb_content_width":""},"product_brand":[],"product_cat":[1093],"product_tag":[1095],"class_list":{"0":"post-472","1":"product","2":"type-product","3":"status-publish","4":"has-post-thumbnail","6":"product_cat-air-compressor-for-laser-cutter","7":"product_tag-air-compressor-for-laser-cutter-price","9":"first","10":"instock","11":"shipping-taxable","12":"product-type-simple"},"_links":{"self":[{"href":"https:\/\/aircompressorforlasercutter.com\/es_mx\/wp-json\/wp\/v2\/product\/472","targetHints":{"allow":["GET"]}}],"collection":[{"href":"https:\/\/aircompressorforlasercutter.com\/es_mx\/wp-json\/wp\/v2\/product"}],"about":[{"href":"https:\/\/aircompressorforlasercutter.com\/es_mx\/wp-json\/wp\/v2\/types\/product"}],"replies":[{"embeddable":true,"href":"https:\/\/aircompressorforlasercutter.com\/es_mx\/wp-json\/wp\/v2\/comments?post=472"}],"wp:featuredmedia":[{"embeddable":true,"href":"https:\/\/aircompressorforlasercutter.com\/es_mx\/wp-json\/wp\/v2\/media\/455"}],"wp:attachment":[{"href":"https:\/\/aircompressorforlasercutter.com\/es_mx\/wp-json\/wp\/v2\/media?parent=472"}],"wp:term":[{"taxonomy":"product_brand","embeddable":true,"href":"https:\/\/aircompressorforlasercutter.com\/es_mx\/wp-json\/wp\/v2\/product_brand?post=472"},{"taxonomy":"product_cat","embeddable":true,"href":"https:\/\/aircompressorforlasercutter.com\/es_mx\/wp-json\/wp\/v2\/product_cat?post=472"},{"taxonomy":"product_tag","embeddable":true,"href":"https:\/\/aircompressorforlasercutter.com\/es_mx\/wp-json\/wp\/v2\/product_tag?post=472"}],"curies":[{"name":"wp","href":"https:\/\/api.w.org\/{rel}","templated":true}]}}