{"id":479,"date":"2026-01-14T08:26:20","date_gmt":"2026-01-14T08:26:20","guid":{"rendered":"https:\/\/aircompressorforlasercutter.com\/product\/high-pressure-air-assist-for-deep-laser-cutting\/"},"modified":"2026-01-14T08:32:16","modified_gmt":"2026-01-14T08:32:16","slug":"high-pressure-air-assist-for-deep-laser-cutting","status":"publish","type":"product","link":"https:\/\/aircompressorforlasercutter.com\/es_mx\/producto\/asistencia-de-aire-a-alta-presion-para-corte-laser-profundo\/","title":{"rendered":"Asistencia de aire a alta presi\u00f3n para corte l\u00e1ser profundo"},"content":{"rendered":"<h1>Asistencia de aire a alta presi\u00f3n para corte l\u00e1ser profundo: el h\u00e9roe olvidado<\/h1>\n<h2>1. Antecedentes: El panorama actual del mercado<\/h2>\n<p>En el cambiante panorama de la tecnolog\u00eda de corte l\u00e1ser, la mayor\u00eda de los compradores invierten cantidades considerables en m\u00e1quinas de grabado l\u00e1ser avanzadas, a menudo pasando por alto un componente crucial: el compresor de aire. Si bien la atenci\u00f3n se centra principalmente en el dispositivo de corte en s\u00ed, la bomba de aire desempe\u00f1a un papel fundamental para garantizar un rendimiento, una eficiencia y una calidad de producci\u00f3n \u00f3ptimos. De hecho, la asistencia neum\u00e1tica no es un simple accesorio; influye decisivamente en la calidad del corte y prolonga la vida \u00fatil de las m\u00e1quinas l\u00e1ser.<\/p>\n<p>La importancia de la asistencia neum\u00e1tica es innegable. Para los clientes B2B, seleccionar la bomba de aire adecuada se traduce en menos quejas por problemas como cortes incompletos o lentes da\u00f1ados, lo que resulta en una mayor retenci\u00f3n de clientes. Es fundamental reconocer que los sistemas de asistencia neum\u00e1tica impactan directamente en el resultado final, mejorando tanto la usabilidad como la satisfacci\u00f3n del cliente.<\/p>\n<h2>2. An\u00e1lisis de los puntos d\u00e9biles: Los costos ocultos de las bombas de aire baratas<\/h2>\n<p>Optar por bombas de aire de bajo costo puede conllevar numerosos costos ocultos que comprometen tanto la calidad como la satisfacci\u00f3n del cliente. Las consecuencias de elegir un compresor de aire de baja calidad pueden manifestarse de diversas maneras:<\/p>\n<h3>Problemas de calidad del corte<\/h3>\n<p>El flujo de aire inestable de compresores de baja calidad puede provocar bordes quemados o carbonizados en los materiales, lo que disminuye su atractivo est\u00e9tico. La eficiencia de corte se ve afectada, lo que resulta en resultados inconsistentes. Cuando los usuarios finales reciben productos de baja calidad, esto afecta negativamente sus ventas y su reputaci\u00f3n.<\/p>\n<h3>Riesgo de da\u00f1os al equipo<\/h3>\n<p>El uso de bombas de aire de baja calidad, en particular las que contienen aceite, puede liberar niebla de aceite o humedad, contaminando las lentes del l\u00e1ser. Esto no solo requiere reparaciones costosas, sino que tambi\u00e9n puede aumentar las tasas de devoluci\u00f3n, lo que a la larga afecta su rentabilidad.<\/p>\n<h3>Disuasi\u00f3n de ruido<\/h3>\n<p>Los compresores de aire tradicionales suelen producir un ruido excesivo, lo que puede disuadir a usuarios dom\u00e9sticos y espacios educativos de utilizar la tecnolog\u00eda de corte l\u00e1ser. Esta limitaci\u00f3n reduce el mercado potencial de ventas, lo que afecta el crecimiento de los ingresos.<\/p>\n<h2>3. Nuestra soluci\u00f3n: Redefinir la asistencia neum\u00e1tica de \u201cgrado profesional\u201d<\/h2>\n<p>En Ever-power, nos comprometemos a ofrecer una soluci\u00f3n de asistencia neum\u00e1tica de alto rendimiento que solucione las deficiencias de los compresores de aire convencionales. Nuestras innovadoras caracter\u00edsticas mejoran la experiencia del usuario y garantizan resultados de corte superiores:<\/p>\n<h3>Dise\u00f1o sin aceite y sin agua<\/h3>\n<p>Nuestras bombas de aire 100% cuentan con un dise\u00f1o sin aceite ni agua, lo que garantiza la protecci\u00f3n de las lentes l\u00e1ser. Esto elimina las preocupaciones de mantenimiento para los usuarios finales, ofreciendo una experiencia sin complicaciones.<\/p>\n<h3>Tecnolog\u00eda ultra silenciosa<\/h3>\n<p>Dise\u00f1adas espec\u00edficamente para interiores y estudios dom\u00e9sticos, nuestras bombas de aire mantienen niveles de ruido por debajo de los 60 dB. Su funcionamiento ultrasilencioso mejora la satisfacci\u00f3n del usuario y ampl\u00eda su uso en diversos entornos.<\/p>\n<h3>Rendimiento robusto<\/h3>\n<p>Con un caudal de aire constante y estable de 30 l\/min, nuestras bombas de aire garantizan un corte limpio, sin humo ni polvo, incluso en madera gruesa o materiales acr\u00edlicos. Esto se traduce en productos finales de alta calidad para el usuario final.<\/p>\n<h2>4. Amplia compatibilidad: b\u00fasqueda en un solo lugar (inventario sin preocupaciones)<\/h2>\n<p>Nuestra soluci\u00f3n de asistencia neum\u00e1tica ofrece una amplia compatibilidad con los modelos 95% m\u00e1s comunes del mercado, como xTool, Ortur, Atomstack y diversas m\u00e1quinas l\u00e1ser de CO2. Esta versatilidad ofrece importantes ventajas a los distribuidores:<\/p>\n<h3>Compatibilidad de un solo SKU<\/h3>\n<p>Con un \u00fanico SKU compatible con varias m\u00e1quinas, los distribuidores pueden reducir significativamente la presi\u00f3n de inventario y las complejidades asociadas con la gesti\u00f3n de existencias. Esta optimizaci\u00f3n se traduce en una mayor eficiencia operativa.<\/p>\n<h2>5. Ventajas de la cadena de suministro y la colaboraci\u00f3n<\/h2>\n<p>Ever-power se dedica a proporcionar a nuestros socios capacidades s\u00f3lidas de cadena de suministro que mejoran la confiabilidad del producto y la satisfacci\u00f3n del cliente:<\/p>\n<h3>Fuerza de f\u00e1brica y control de calidad<\/h3>\n<p>Nuestros rigurosos procesos de control de calidad garantizan una impresionante tasa de defectos inferior a 1%. Esta significativa reducci\u00f3n de fallos de producto se traduce en un ahorro considerable en devoluciones y costes log\u00edsticos para nuestros socios.<\/p>\n<h3>Servicios personalizados (OEM\/ODM)<\/h3>\n<p>Ofrecemos soluciones a medida, incluyendo oportunidades de desarrollo de marca con logotipos personalizados, dise\u00f1os de empaque y especificaciones de conectores para diversos pa\u00edses. Esto le permite construir su identidad de marca \u00fanica en el mercado.<\/p>\n<h3>Soporte posventa<\/h3>\n<p>Nuestro compromiso con un servicio al cliente superior incluye tiempos de respuesta t\u00e9cnica r\u00e1pidos y capacidades eficientes de suministro de repuestos, garantizando que sus operaciones funcionen sin problemas y de manera eficaz.<\/p>\n<h2>6. Conclusi\u00f3n y llamada a la acci\u00f3n (CTA)<\/h2>\n<p>No permita que componentes de baja calidad da\u00f1en la reputaci\u00f3n de sus m\u00e1quinas de alta gama. Elija una bomba de aire que est\u00e9 a la altura de la calidad de su equipo. Al invertir en una soluci\u00f3n de asistencia neum\u00e1tica premium, mejorar\u00e1 la satisfacci\u00f3n y la fidelizaci\u00f3n de sus clientes.<\/p>\n<p>Cont\u00e1ctenos hoy para solicitar una muestra de prueba o para obtener la informaci\u00f3n m\u00e1s actualizada sobre precios mayoristas B2B. Juntos, mejoremos la experiencia de corte l\u00e1ser.<\/p>\n<p><a href=\"https:\/\/aircompressorforlasercutter.com\/es_mx\/contactanos\/\">Cont\u00e1ctenos<\/a><\/p>","protected":false},"excerpt":{"rendered":"<p>High Pressure Air Assist for Deep Laser Cutting: The Overlooked Unsung Hero 1. Background: The Current Market Landscape In the rapidly evolving landscape of laser cutting technology, most buyers invest substantial amounts in advanced laser engraving machines, often overlooking a critical component: the air compressor. While the focus is primarily on the cutting device itself, [&hellip;]<\/p>","protected":false},"featured_media":457,"comment_status":"open","ping_status":"closed","template":"","meta":{"_et_pb_use_builder":"","_et_pb_old_content":"","_et_gb_content_width":""},"product_brand":[],"product_cat":[1093],"product_tag":[1096],"class_list":{"0":"post-479","1":"product","2":"type-product","3":"status-publish","4":"has-post-thumbnail","6":"product_cat-air-compressor-for-laser-cutter","7":"product_tag-air-compressor-for-laser-cutter-cost","9":"first","10":"instock","11":"shipping-taxable","12":"product-type-simple"},"_links":{"self":[{"href":"https:\/\/aircompressorforlasercutter.com\/es_mx\/wp-json\/wp\/v2\/product\/479","targetHints":{"allow":["GET"]}}],"collection":[{"href":"https:\/\/aircompressorforlasercutter.com\/es_mx\/wp-json\/wp\/v2\/product"}],"about":[{"href":"https:\/\/aircompressorforlasercutter.com\/es_mx\/wp-json\/wp\/v2\/types\/product"}],"replies":[{"embeddable":true,"href":"https:\/\/aircompressorforlasercutter.com\/es_mx\/wp-json\/wp\/v2\/comments?post=479"}],"wp:featuredmedia":[{"embeddable":true,"href":"https:\/\/aircompressorforlasercutter.com\/es_mx\/wp-json\/wp\/v2\/media\/457"}],"wp:attachment":[{"href":"https:\/\/aircompressorforlasercutter.com\/es_mx\/wp-json\/wp\/v2\/media?parent=479"}],"wp:term":[{"taxonomy":"product_brand","embeddable":true,"href":"https:\/\/aircompressorforlasercutter.com\/es_mx\/wp-json\/wp\/v2\/product_brand?post=479"},{"taxonomy":"product_cat","embeddable":true,"href":"https:\/\/aircompressorforlasercutter.com\/es_mx\/wp-json\/wp\/v2\/product_cat?post=479"},{"taxonomy":"product_tag","embeddable":true,"href":"https:\/\/aircompressorforlasercutter.com\/es_mx\/wp-json\/wp\/v2\/product_tag?post=479"}],"curies":[{"name":"wp","href":"https:\/\/api.w.org\/{rel}","templated":true}]}}