{"id":484,"date":"2026-01-14T08:26:20","date_gmt":"2026-01-14T08:26:20","guid":{"rendered":"https:\/\/aircompressorforlasercutter.com\/product\/50w-electromagnetic-air-pump-for-laser-assist\/"},"modified":"2026-01-14T08:31:20","modified_gmt":"2026-01-14T08:31:20","slug":"50w-electromagnetic-air-pump-for-laser-assist","status":"publish","type":"product","link":"https:\/\/aircompressorforlasercutter.com\/es_mx\/producto\/bomba-de-aire-electromagnetica-de-50-w-para-asistencia-laser\/","title":{"rendered":"Bomba de aire electromagn\u00e9tica de 50 W para asistencia l\u00e1ser"},"content":{"rendered":"<h2>1. Antecedentes: El componente ignorado<\/h2>\n<p>En el mercado en r\u00e1pida evoluci\u00f3n del grabado y corte l\u00e1ser, los compradores suelen invertir grandes cantidades de capital en m\u00e1quinas l\u00e1ser de alta gama. Sin embargo, un componente cr\u00edtico, la bomba de aire, suele pasarse por alto. Esta negligencia puede afectar significativamente la eficiencia operativa y la calidad de los productos terminados.<\/p>\n<p>La asistencia neum\u00e1tica no es un simple accesorio; influye directamente en la calidad final del corte y la durabilidad de la m\u00e1quina. Una bomba de aire bien elegida puede mejorar el rendimiento, contribuyendo a resultados de corte superiores y garantizando un funcionamiento suave de la m\u00e1quina a lo largo del tiempo.<\/p>\n<p><img loading=\"lazy\" decoding=\"async\" class=\"wp-image-458 size-full aligncenter\" src=\"https:\/\/aircompressorforlasercutter.com\/wp-content\/uploads\/2026\/01\/Air-Compressor-For-Laser-Cutter6.webp\" alt=\"Compresor de aire para cortadora l\u00e1ser\" width=\"800\" height=\"800\" srcset=\"https:\/\/aircompressorforlasercutter.com\/wp-content\/uploads\/2026\/01\/Air-Compressor-For-Laser-Cutter6.webp 800w, https:\/\/aircompressorforlasercutter.com\/wp-content\/uploads\/2026\/01\/Air-Compressor-For-Laser-Cutter6-480x480.webp 480w\" sizes=\"auto, (min-width: 0px) and (max-width: 480px) 480px, (min-width: 481px) 800px, 100vw\" \/><\/p>\n<h2>Visi\u00f3n central: El valor comercial de la asistencia a\u00e9rea<\/h2>\n<p>Para los distribuidores, seleccionar la bomba de aire adecuada se traduce en beneficios tangibles: menos quejas de los clientes por problemas como cortes incompletos o lentes da\u00f1ados, lo que a la larga se traduce en una mayor retenci\u00f3n de clientes. Comprender esta conexi\u00f3n puede empoderar a las empresas para brindar un mejor servicio y, al mismo tiempo, mejorar su reputaci\u00f3n en el mercado.<\/p>\n<h2>2. An\u00e1lisis de los puntos d\u00e9biles: Los costos ocultos de las bombas de aire baratas<\/h2>\n<h3>Mala calidad de corte<\/h3>\n<p>Invertir en una bomba de aire econ\u00f3mica suele generar un flujo de aire inestable, lo que provoca bordes quemados en los materiales y una menor eficiencia de corte. Esta discrepancia no solo afecta la est\u00e9tica del producto final, sino que tambi\u00e9n puede reducir la satisfacci\u00f3n del cliente.<\/p>\n<h3>Riesgo de da\u00f1os al equipo<\/h3>\n<p>Las bombas de aire de baja calidad, en particular las que funcionan con aceite, tienden a emitir niebla de aceite o humedad, contaminando las lentes del l\u00e1ser. Estos da\u00f1os pueden resultar en costosas reparaciones y devoluciones, lo que sobrecarga los presupuestos operativos.<\/p>\n<h3>Disuasivo de ruido<\/h3>\n<p>Los compresores de aire tradicionales son conocidos por su excesivo nivel de ruido, lo que puede disuadir a los usuarios dom\u00e9sticos e inhibir los proyectos de bricolaje en entornos educativos. Esta limitaci\u00f3n reduce la cartera de clientes potenciales y limita las oportunidades de venta.<\/p>\n<h2>3. Nuestra soluci\u00f3n: Redefinir la asistencia a\u00e9rea de \u201cnivel profesional\u201d<\/h2>\n<h3>Dise\u00f1o sin aceite y sin agua<\/h3>\n<p>Nuestra bomba de aire electromagn\u00e9tica de 50 W cuenta con un dise\u00f1o 100% sin aceite ni agua, lo que garantiza la m\u00e1xima protecci\u00f3n para las lentes l\u00e1ser. Los usuarios finales pueden disfrutar de una experiencia sin mantenimiento, lo que les proporciona tranquilidad y les ahorra tiempo.<\/p>\n<h3>Tecnolog\u00eda ultra silenciosa<\/h3>\n<p>Dise\u00f1ada espec\u00edficamente para uso en interiores y estudios dom\u00e9sticos, nuestra bomba de aire funciona con un nivel de ruido excepcionalmente bajo (&lt;60 dB). Esta mejora mejora significativamente la experiencia del usuario, lo que la hace ideal tanto para uso personal como educativo.<\/p>\n<h3>Rendimiento robusto<\/h3>\n<p>Con un caudal de aire continuo y estable de 30 L\/min, nuestra bomba garantiza cortes limpios y sin humo, incluso al trabajar con madera gruesa o materiales acr\u00edlicos. Este rendimiento garantiza que cada proyecto cumpla con los m\u00e1s altos est\u00e1ndares de calidad.<\/p>\n<h2>4. Amplia compatibilidad: Todo en uno<\/h2>\n<h3>Amplia gama de aplicaciones<\/h3>\n<p>Nuestra bomba de aire es perfectamente compatible con los modelos 95% m\u00e1s comunes del mercado, como xTool, Ortur, Atomstack y diversas m\u00e1quinas l\u00e1ser de CO2. Esta versatilidad permite a las empresas atender a una clientela m\u00e1s amplia sin comprometer la calidad.<\/p>\n<h3>Beneficios del distribuidor<\/h3>\n<p>Al ofrecer un \u00fanico SKU compatible con varias m\u00e1quinas, los distribuidores pueden reducir significativamente la presi\u00f3n de inventario y la complejidad de la gesti\u00f3n de existencias. Esta eficiencia se traduce en operaciones optimizadas y una mayor rentabilidad.<\/p>\n<h2>5. Ventajas de la cadena de suministro y la colaboraci\u00f3n<\/h2>\n<h3>Fuerza de f\u00e1brica<\/h3>\n<p>Nuestros rigurosos procesos de control de calidad garantizan una tasa de defectos excepcionalmente baja (&lt;1%), lo que ayuda a minimizar los costos log\u00edsticos de devoluci\u00f3n y cambio. Esta fiabilidad es fundamental para nuestro compromiso con socios y clientes.<\/p>\n<h3>Servicios de personalizaci\u00f3n (OEM\/ODM)<\/h3>\n<p>Apoyamos la personalizaci\u00f3n del logotipo de la marca, el dise\u00f1o de empaques y las especificaciones de enchufes adaptados a varios pa\u00edses, lo que le permite establecer su identidad de marca en un mercado competitivo.<\/p>\n<h3>Soporte posventa<\/h3>\n<p>Nuestra r\u00e1pida respuesta t\u00e9cnica y capacidad de suministro de repuestos garantizan que sus operaciones permanezcan ininterrumpidas, reforzando su confianza en nuestra marca.<\/p>\n<h2>6. Conclusi\u00f3n y llamada a la acci\u00f3n (CTA)<\/h2>\n<p>No permita que componentes de baja calidad manchen la reputaci\u00f3n de sus m\u00e1quinas de alta gama. Elegir una bomba de aire que se ajuste a la calidad de su equipo es crucial para mantener la satisfacci\u00f3n y la fidelidad de sus clientes.<\/p>\n<p>Cont\u00e1ctenos hoy mismo para solicitar una muestra para probarla o para obtener los precios mayoristas B2B m\u00e1s actualizados. Deje que Ever-power sea su socio de confianza para alcanzar la excelencia operativa.<\/p>\n<p style=\"text-align: center;\"><span style=\"font-size: 18pt;\"><a href=\"https:\/\/aircompressorforlasercutter.com\/es_mx\/contactanos\/\">Cont\u00e1ctenos<\/a><\/span><\/p>","protected":false},"excerpt":{"rendered":"<p>1. Background: The Overlooked Component In the rapidly evolving market of laser engraving and cutting, buyers often invest substantial amounts of capital in high-end laser machines. However, a critical component??the air pump??remains largely overlooked. This oversight can significantly impact operational efficiency and the quality of finished products. Air assistance is not merely an accessory; it [&hellip;]<\/p>","protected":false},"featured_media":457,"comment_status":"open","ping_status":"closed","template":"","meta":{"_et_pb_use_builder":"","_et_pb_old_content":"","_et_gb_content_width":""},"product_brand":[],"product_cat":[1093],"product_tag":[1095],"class_list":{"0":"post-484","1":"product","2":"type-product","3":"status-publish","4":"has-post-thumbnail","6":"product_cat-air-compressor-for-laser-cutter","7":"product_tag-air-compressor-for-laser-cutter-price","9":"first","10":"instock","11":"shipping-taxable","12":"product-type-simple"},"_links":{"self":[{"href":"https:\/\/aircompressorforlasercutter.com\/es_mx\/wp-json\/wp\/v2\/product\/484","targetHints":{"allow":["GET"]}}],"collection":[{"href":"https:\/\/aircompressorforlasercutter.com\/es_mx\/wp-json\/wp\/v2\/product"}],"about":[{"href":"https:\/\/aircompressorforlasercutter.com\/es_mx\/wp-json\/wp\/v2\/types\/product"}],"replies":[{"embeddable":true,"href":"https:\/\/aircompressorforlasercutter.com\/es_mx\/wp-json\/wp\/v2\/comments?post=484"}],"wp:featuredmedia":[{"embeddable":true,"href":"https:\/\/aircompressorforlasercutter.com\/es_mx\/wp-json\/wp\/v2\/media\/457"}],"wp:attachment":[{"href":"https:\/\/aircompressorforlasercutter.com\/es_mx\/wp-json\/wp\/v2\/media?parent=484"}],"wp:term":[{"taxonomy":"product_brand","embeddable":true,"href":"https:\/\/aircompressorforlasercutter.com\/es_mx\/wp-json\/wp\/v2\/product_brand?post=484"},{"taxonomy":"product_cat","embeddable":true,"href":"https:\/\/aircompressorforlasercutter.com\/es_mx\/wp-json\/wp\/v2\/product_cat?post=484"},{"taxonomy":"product_tag","embeddable":true,"href":"https:\/\/aircompressorforlasercutter.com\/es_mx\/wp-json\/wp\/v2\/product_tag?post=484"}],"curies":[{"name":"wp","href":"https:\/\/api.w.org\/{rel}","templated":true}]}}