{"id":464,"date":"2026-01-14T08:26:17","date_gmt":"2026-01-14T08:26:17","guid":{"rendered":"https:\/\/aircompressorforlasercutter.com\/product\/co2-laser-air-compressor-for-k40-laser-cutter\/"},"modified":"2026-01-14T08:48:53","modified_gmt":"2026-01-14T08:48:53","slug":"co2-laser-air-compressor-for-k40-laser-cutter","status":"publish","type":"product","link":"https:\/\/aircompressorforlasercutter.com\/es_pe\/product\/compresor-de-aire-laser-de-co2-para-cortadora-laser-k40\/","title":{"rendered":"Compresor de aire l\u00e1ser de CO2 para cortadora l\u00e1ser K40"},"content":{"rendered":"<h1>Compresor de aire l\u00e1ser de CO2 para cortadora l\u00e1ser K40: El h\u00e9roe an\u00f3nimo<\/h1>\n<h2>1. Antecedentes: Lo esencial que se pasa por alto<\/h2>\n<p>En el competitivo mercado actual del grabado l\u00e1ser, es com\u00fan que los compradores inviertan considerablemente en m\u00e1quinas de corte l\u00e1ser de alta calidad, a menudo pasando por alto un accesorio fundamental: el compresor de aire. Si bien la propia m\u00e1quina de corte l\u00e1ser es clave para la precisi\u00f3n y la eficiencia, el compresor de aire act\u00faa como su aliado silencioso, garantizando un rendimiento \u00f3ptimo. La asistencia neum\u00e1tica no es un simple complemento; influye directamente en la calidad del corte final y en la vida \u00fatil de la m\u00e1quina.<\/p>\n<p>Para los clientes B2B, elegir la bomba de aire adecuada se traduce en una reducci\u00f3n de las quejas relacionadas con problemas como \"cortes incompletos\" y \"lentes da\u00f1adas\". Esto, a su vez, conlleva mayores \u00edndices de fidelizaci\u00f3n de clientes, ya que los clientes satisfechos tienen m\u00e1s probabilidades de volver a comprar en el futuro.<\/p>\n<p><img loading=\"lazy\" decoding=\"async\" class=\"size-full wp-image-456 aligncenter\" src=\"https:\/\/aircompressorforlasercutter.com\/wp-content\/uploads\/2026\/01\/Air-Compressor-For-Laser-Cutter4.webp\" alt=\"Compresor de aire para cortadora l\u00e1ser\" width=\"800\" height=\"800\" srcset=\"https:\/\/aircompressorforlasercutter.com\/wp-content\/uploads\/2026\/01\/Air-Compressor-For-Laser-Cutter4.webp 800w, https:\/\/aircompressorforlasercutter.com\/wp-content\/uploads\/2026\/01\/Air-Compressor-For-Laser-Cutter4-480x480.webp 480w\" sizes=\"auto, (min-width: 0px) and (max-width: 480px) 480px, (min-width: 481px) 800px, 100vw\" \/><\/p>\n<h2>2. An\u00e1lisis de los puntos d\u00e9biles: Costes ocultos de las bombas de aire baratas<\/h2>\n<h3>Mala calidad de corte<\/h3>\n<p>Las bombas de aire de baja calidad suelen generar un flujo de aire inestable, lo que provoca que los materiales se quemen en los bordes y disminuye la eficiencia del corte. Esto compromete el aspecto est\u00e9tico del producto final, afectando la satisfacci\u00f3n del cliente y la competitividad en el mercado.<\/p>\n<h3>Riesgo de da\u00f1os al equipo<\/h3>\n<p>Las bombas de aire de baja calidad, especialmente las que contienen aceite, pueden emitir neblina o humedad que contamina la lente l\u00e1ser. Esta contaminaci\u00f3n ocasiona costosas reparaciones y devoluciones, lo que reduce los m\u00e1rgenes de beneficio y da\u00f1a la reputaci\u00f3n de la marca.<\/p>\n<h3>Disrupci\u00f3n de ruido<\/h3>\n<p>Los compresores de aire tradicionales son conocidos por su alto nivel de ruido, lo que disuade a los usuarios dom\u00e9sticos y limita su uso en espacios de creaci\u00f3n educativa. El ruido excesivo reduce el mercado potencial y disminuye la experiencia del usuario, especialmente para los aficionados al bricolaje que buscan un entorno m\u00e1s silencioso.<\/p>\n<h2>3. Nuestra soluci\u00f3n<\/h2>\n<h3>Dise\u00f1o sin aceite y sin agua<\/h3>\n<p>Nuestro compresor de aire para l\u00e1ser de CO2 cuenta con un dise\u00f1o 100% libre de aceite y agua, que proporciona una protecci\u00f3n total para las lentes l\u00e1ser. Los usuarios finales pueden disfrutar de una experiencia sin complicaciones y sin necesidad de mantenimiento regular, ahorrando tiempo y esfuerzo.<\/p>\n<h3>Tecnolog\u00eda ultra silenciosa<\/h3>\n<p>Dise\u00f1ado espec\u00edficamente para estudios dom\u00e9sticos y de interior, nuestro compresor funciona con un nivel de ruido excepcionalmente bajo (&lt;60 dB). Esta innovaci\u00f3n mejora la experiencia del usuario al crear un espacio de trabajo tranquilo, ideal tanto para aficionados como para profesionales.<\/p>\n<h3>Rendimiento robusto<\/h3>\n<p>Con un caudal constante y estable de 30 l\/min, nuestro compresor garantiza un corte limpio y sin humo, incluso al trabajar con madera gruesa o materiales acr\u00edlicos. Este nivel de rendimiento asegura que sus proyectos reflejen los altos est\u00e1ndares que usted busca mantener.<\/p>\n<h2>4. Amplia compatibilidad: una soluci\u00f3n integral para encontrar la combinaci\u00f3n perfecta.<\/h2>\n<h3>Amplia aplicabilidad<\/h3>\n<p>Este compresor de aire est\u00e1 dise\u00f1ado para ser perfectamente compatible con el modelo 95%, uno de los m\u00e1s populares del mercado, incluyendo xTool, Ortur, Atomstack y diversas m\u00e1quinas l\u00e1ser de CO2. Este nivel de compatibilidad simplifica su decisi\u00f3n de compra.<\/p>\n<h3>Beneficios del distribuidor<\/h3>\n<p>Con una \u00fanica referencia compatible con m\u00faltiples m\u00e1quinas, los distribuidores pueden reducir significativamente la presi\u00f3n sobre el inventario y simplificar la gesti\u00f3n de existencias. Este enfoque simplificado fomenta una cadena de suministro m\u00e1s eficiente, lo que permite centrarse m\u00e1s en las ventas y la atenci\u00f3n al cliente.<\/p>\n<h2>5. Ventajas de la cadena de suministro y la asociaci\u00f3n<\/h2>\n<h3>Fuerza de f\u00e1brica<\/h3>\n<p>Nuestros rigurosos procesos de control de calidad garantizan una tasa de defectos excepcionalmente baja (&lt;1%), lo que le permite ahorrar en los costes log\u00edsticos asociados a devoluciones y cambios. Al elegirnos, invierte en fiabilidad y tranquilidad.<\/p>\n<h3>Servicios de personalizaci\u00f3n (OEM\/ODM)<\/h3>\n<p>Ofrecemos opciones personalizables, como la inclusi\u00f3n de su logotipo, dise\u00f1os de empaque a medida y diferentes especificaciones de enchufes para distintos pa\u00edses. Esta flexibilidad le permite crear una identidad de marca \u00fanica y, al mismo tiempo, satisfacer las diversas necesidades de sus clientes.<\/p>\n<h3>Soporte posventa<\/h3>\n<p>Nuestro compromiso va m\u00e1s all\u00e1 de la venta. Ofrecemos asistencia t\u00e9cnica r\u00e1pida y suministramos repuestos con prontitud, garantizando que sus operaciones no se interrumpan y que sus clientes queden satisfechos.<\/p>\n<p><img loading=\"lazy\" decoding=\"async\" class=\"aligncenter size-full wp-image-458\" src=\"https:\/\/aircompressorforlasercutter.com\/wp-content\/uploads\/2026\/01\/Air-Compressor-For-Laser-Cutter6.webp\" alt=\"Compresor de aire para cortadora l\u00e1ser\" width=\"800\" height=\"800\" srcset=\"https:\/\/aircompressorforlasercutter.com\/wp-content\/uploads\/2026\/01\/Air-Compressor-For-Laser-Cutter6.webp 800w, https:\/\/aircompressorforlasercutter.com\/wp-content\/uploads\/2026\/01\/Air-Compressor-For-Laser-Cutter6-480x480.webp 480w\" sizes=\"auto, (min-width: 0px) and (max-width: 480px) 480px, (min-width: 481px) 800px, 100vw\" \/><\/p>\n<h2>6.<\/h2>\n<p>No permita que componentes de baja calidad da\u00f1en la reputaci\u00f3n de sus m\u00e1quinas de alta gama. Elegir una bomba de aire que est\u00e9 a la altura de la calidad de su equipo es fundamental para el \u00e9xito de su marca.<\/p>\n<p>Cont\u00e1ctenos hoy para solicitar una muestra para pruebas o para obtener los precios mayoristas B2B m\u00e1s recientes. Descubra c\u00f3mo nuestro compresor de aire l\u00e1ser de CO2 puede mejorar la calidad de su corte y la satisfacci\u00f3n de sus clientes.<\/p>\n<p>Para obtener m\u00e1s informaci\u00f3n, visite <a href=\"https:\/\/aircompressorforlasercutter.com\/es_pe\/contactanos\/\">nuestra p\u00e1gina de contacto<\/a>.<\/p>","protected":false},"excerpt":{"rendered":"<p>CO2 Laser Air Compressor for K40 Laser Cutter: The Unsung Hero 1. Background: The Overlooked Essential In today&#8217;s competitive laser engraving market, it&#8217;s common for buyers to invest significantly in high-quality laser cutting machines, often overlooking a critical accessory: the air compressor. While the laser cutter itself is pivotal for precision and efficiency, the air [&hellip;]<\/p>","protected":false},"featured_media":454,"comment_status":"open","ping_status":"closed","template":"","meta":{"_et_pb_use_builder":"","_et_pb_old_content":"","_et_gb_content_width":""},"product_brand":[],"product_cat":[1093],"product_tag":[1096],"class_list":{"0":"post-464","1":"product","2":"type-product","3":"status-publish","4":"has-post-thumbnail","6":"product_cat-air-compressor-for-laser-cutter","7":"product_tag-air-compressor-for-laser-cutter-cost","9":"first","10":"instock","11":"shipping-taxable","12":"product-type-simple"},"_links":{"self":[{"href":"https:\/\/aircompressorforlasercutter.com\/es_pe\/wp-json\/wp\/v2\/product\/464","targetHints":{"allow":["GET"]}}],"collection":[{"href":"https:\/\/aircompressorforlasercutter.com\/es_pe\/wp-json\/wp\/v2\/product"}],"about":[{"href":"https:\/\/aircompressorforlasercutter.com\/es_pe\/wp-json\/wp\/v2\/types\/product"}],"replies":[{"embeddable":true,"href":"https:\/\/aircompressorforlasercutter.com\/es_pe\/wp-json\/wp\/v2\/comments?post=464"}],"wp:featuredmedia":[{"embeddable":true,"href":"https:\/\/aircompressorforlasercutter.com\/es_pe\/wp-json\/wp\/v2\/media\/454"}],"wp:attachment":[{"href":"https:\/\/aircompressorforlasercutter.com\/es_pe\/wp-json\/wp\/v2\/media?parent=464"}],"wp:term":[{"taxonomy":"product_brand","embeddable":true,"href":"https:\/\/aircompressorforlasercutter.com\/es_pe\/wp-json\/wp\/v2\/product_brand?post=464"},{"taxonomy":"product_cat","embeddable":true,"href":"https:\/\/aircompressorforlasercutter.com\/es_pe\/wp-json\/wp\/v2\/product_cat?post=464"},{"taxonomy":"product_tag","embeddable":true,"href":"https:\/\/aircompressorforlasercutter.com\/es_pe\/wp-json\/wp\/v2\/product_tag?post=464"}],"curies":[{"name":"wp","href":"https:\/\/api.w.org\/{rel}","templated":true}]}}