{"id":471,"date":"2026-01-14T08:26:18","date_gmt":"2026-01-14T08:26:18","guid":{"rendered":"https:\/\/aircompressorforlasercutter.com\/product\/oil-free-air-compressor-for-laser-optics-protection\/"},"modified":"2026-01-14T08:45:27","modified_gmt":"2026-01-14T08:45:27","slug":"oil-free-air-compressor-for-laser-optics-protection","status":"publish","type":"product","link":"https:\/\/aircompressorforlasercutter.com\/es_pe\/product\/compresor-de-aire-sin-aceite-para-proteccion-de-optica-laser\/","title":{"rendered":"Compresor de aire sin aceite para protecci\u00f3n de \u00f3pticas l\u00e1ser"},"content":{"rendered":"<h1>Compresor de aire sin aceite para protecci\u00f3n de \u00f3ptica l\u00e1ser<\/h1>\n<h2>El h\u00e9roe an\u00f3nimo detr\u00e1s de escena<\/h2>\n<p>En la industria del corte y grabado l\u00e1ser, los compradores suelen invertir importantes recursos en m\u00e1quinas de alta gama, pero con frecuencia pasan por alto un componente crucial: el compresor de aire. Esta negligencia puede provocar importantes problemas de rendimiento que, en \u00faltima instancia, afectan la calidad de los productos finales. La funci\u00f3n del compresor de aire no es simplemente un accesorio complementario, sino un factor crucial que influye directamente tanto en la calidad del corte como en la vida \u00fatil de la m\u00e1quina.<\/p>\n<h2>Panorama del mercado: Los costos ocultos de la negligencia<\/h2>\n<p>A pesar del s\u00f3lido crecimiento del mercado de equipos l\u00e1ser, muchas empresas no reconocen que el rendimiento de sus cortadoras l\u00e1ser est\u00e1 intr\u00ednsecamente ligado a la calidad del suministro de aire. Un compresor de aire confiable puede mejorar dr\u00e1sticamente la precisi\u00f3n de corte y prolongar la vida \u00fatil del equipo.<\/p>\n<h3>Informaci\u00f3n clave para clientes B2B<\/h3>\n<p>Para los distribuidores, elegir una bomba de aire de alta calidad se traduce en una reducci\u00f3n de quejas de los clientes por problemas como cortes insuficientes o lentes da\u00f1ados. Esta mejora se traduce en una mayor retenci\u00f3n y satisfacci\u00f3n de los clientes, lo que posiciona a su empresa como proveedor de soluciones de calidad.<\/p>\n<h2>An\u00e1lisis de los puntos d\u00e9biles: Los costos ocultos de las bombas de aire baratas<\/h2>\n<h3>Mala calidad de corte<\/h3>\n<p>Los compresores de aire econ\u00f3micos suelen ofrecer un flujo de aire inestable, lo que produce resultados de corte insatisfactorios. Esta inestabilidad puede provocar que los materiales presenten bordes carbonizados y una menor eficiencia de corte, lo que afecta negativamente la est\u00e9tica del producto final.<\/p>\n<h3>Riesgo de da\u00f1os al equipo<\/h3>\n<p>Las bombas de aire de baja calidad, en particular las que contienen aceite, representan un riesgo significativo para la \u00f3ptica del l\u00e1ser. Pueden liberar vapor de aceite o humedad que contamina la lente del l\u00e1ser, lo que resulta en costosas reparaciones y posibles devoluciones. Los costos pueden aumentar r\u00e1pidamente, da\u00f1ando la reputaci\u00f3n de su empresa.<\/p>\n<h3>Disuasi\u00f3n de ruido<\/h3>\n<p>Los compresores de aire tradicionales son notoriamente ruidosos, superando a menudo los niveles de sonido aceptables para usuarios dom\u00e9sticos y entornos educativos. Esta contaminaci\u00f3n ac\u00fastica limita las oportunidades de mercado, alejando a un segmento de clientes potenciales interesados \u200b\u200ben proyectos de bricolaje o aplicaciones educativas.<\/p>\n<h2>Nuestra soluci\u00f3n innovadora: redefiniendo la asistencia a\u00e9rea profesional<\/h2>\n<h3>Dise\u00f1o sin aceite y sin agua<\/h3>\n<p>Nuestro compresor de aire sin aceite ni agua garantiza la protecci\u00f3n 100% para la \u00f3ptica l\u00e1ser, lo que permite a los usuarios finales operar sus equipos sin la constante preocupaci\u00f3n del mantenimiento. Esto se traduce en tranquilidad y un flujo de trabajo operativo optimizado.<\/p>\n<h3>Tecnolog\u00eda ultra silenciosa<\/h3>\n<p>Dise\u00f1ado espec\u00edficamente para interiores y estudios dom\u00e9sticos, nuestro compresor funciona con un nivel de ruido impresionantemente bajo, inferior a 60 dB. Este rendimiento ultrasilencioso mejora la experiencia del usuario, haci\u00e9ndolo ideal para diversas aplicaciones.<\/p>\n<h3>Rendimiento robusto<\/h3>\n<p>Con un caudal de aire constante de 30 L\/min, nuestro compresor garantiza cortes limpios y sin humo, incluso con materiales m\u00e1s gruesos como madera contrachapada o acr\u00edlico. La fiabilidad de nuestro producto se traduce en resultados de corte superiores, garantizando la satisfacci\u00f3n del cliente.<\/p>\n<h2>Amplia compatibilidad: una soluci\u00f3n integral<\/h2>\n<h3>Amplia gama de aplicaciones<\/h3>\n<p>Nuestro compresor de aire est\u00e1 dise\u00f1ado para integrarse perfectamente con las m\u00e1quinas de corte l\u00e1ser 95% l\u00edderes del mercado, incluyendo marcas como xTool, Ortur, Atomstack y diversas m\u00e1quinas l\u00e1ser de CO2. Esta versatilidad simplifica la gesti\u00f3n de inventario para los distribuidores.<\/p>\n<h3>Beneficios del distribuidor<\/h3>\n<p>Ofrecer un \u00fanico SKU compatible con varias m\u00e1quinas reduce significativamente la carga de inventario y simplifica los procesos de almacenamiento. Esta ventaja estrat\u00e9gica permite a su empresa responder con rapidez a las demandas del mercado.<\/p>\n<h2>Ventajas de la cadena de suministro y la asociaci\u00f3n<\/h2>\n<h3>Fuerza de f\u00e1brica<\/h3>\n<p>Nuestro proceso de fabricaci\u00f3n se rige por estrictos protocolos de control de calidad, lo que garantiza una tasa de defectos excepcionalmente baja, inferior a 1%. Esta garant\u00eda de calidad le ahorra costos log\u00edsticos relacionados con devoluciones y cambios.<\/p>\n<h3>Servicios de personalizaci\u00f3n (OEM\/ODM)<\/h3>\n<p>Ofrecemos servicios a medida que incluyen la colocaci\u00f3n de logotipos personalizados, el dise\u00f1o de empaques y la adaptaci\u00f3n a diversas especificaciones de enchufes en todo el mundo. Esta flexibilidad le permite construir su propia identidad de marca en el mercado.<\/p>\n<h3>Soporte posventa<\/h3>\n<p>Nuestro compromiso con el servicio al cliente incluye tiempos de respuesta t\u00e9cnica r\u00e1pidos y un suministro confiable de repuestos, garantizando que sus operaciones permanezcan ininterrumpidas.<\/p>\n<h2>Conclusi\u00f3n y llamada a la acci\u00f3n<\/h2>\n<p>No permita que componentes de baja calidad manchen la reputaci\u00f3n de su maquinaria de alta gama. Elegir un compresor que se ajuste a la calidad de su equipo es esencial para el \u00e9xito de su negocio. Lo invitamos a... <a href=\"https:\/\/aircompressorforlasercutter.com\/es_pe\/contactanos\/\">Cont\u00e1ctanos<\/a> para realizar pruebas de muestra o para obtener los \u00faltimos precios mayoristas B2B.<\/p>","protected":false},"excerpt":{"rendered":"<p>Oil Free Air Compressor for Laser Optics Protection The Unsung Hero Behind the Scenes In the laser cutting and engraving industry, buyers often invest substantial resources in high-end machines, yet they frequently overlook a critical component: the air compressor. This neglect can lead to significant performance issues, ultimately impacting the quality of their finished products. [&hellip;]<\/p>","protected":false},"featured_media":455,"comment_status":"open","ping_status":"closed","template":"","meta":{"_et_pb_use_builder":"","_et_pb_old_content":"","_et_gb_content_width":""},"product_brand":[],"product_cat":[1093],"product_tag":[1094],"class_list":{"0":"post-471","1":"product","2":"type-product","3":"status-publish","4":"has-post-thumbnail","6":"product_cat-air-compressor-for-laser-cutter","7":"product_tag-air-compressor-for-laser-cutter","9":"first","10":"instock","11":"shipping-taxable","12":"product-type-simple"},"_links":{"self":[{"href":"https:\/\/aircompressorforlasercutter.com\/es_pe\/wp-json\/wp\/v2\/product\/471","targetHints":{"allow":["GET"]}}],"collection":[{"href":"https:\/\/aircompressorforlasercutter.com\/es_pe\/wp-json\/wp\/v2\/product"}],"about":[{"href":"https:\/\/aircompressorforlasercutter.com\/es_pe\/wp-json\/wp\/v2\/types\/product"}],"replies":[{"embeddable":true,"href":"https:\/\/aircompressorforlasercutter.com\/es_pe\/wp-json\/wp\/v2\/comments?post=471"}],"wp:featuredmedia":[{"embeddable":true,"href":"https:\/\/aircompressorforlasercutter.com\/es_pe\/wp-json\/wp\/v2\/media\/455"}],"wp:attachment":[{"href":"https:\/\/aircompressorforlasercutter.com\/es_pe\/wp-json\/wp\/v2\/media?parent=471"}],"wp:term":[{"taxonomy":"product_brand","embeddable":true,"href":"https:\/\/aircompressorforlasercutter.com\/es_pe\/wp-json\/wp\/v2\/product_brand?post=471"},{"taxonomy":"product_cat","embeddable":true,"href":"https:\/\/aircompressorforlasercutter.com\/es_pe\/wp-json\/wp\/v2\/product_cat?post=471"},{"taxonomy":"product_tag","embeddable":true,"href":"https:\/\/aircompressorforlasercutter.com\/es_pe\/wp-json\/wp\/v2\/product_tag?post=471"}],"curies":[{"name":"wp","href":"https:\/\/api.w.org\/{rel}","templated":true}]}}