{"id":473,"date":"2026-01-14T08:26:18","date_gmt":"2026-01-14T08:26:18","guid":{"rendered":"https:\/\/aircompressorforlasercutter.com\/product\/portable-mini-air-compressor-for-laser-marking\/"},"modified":"2026-01-14T08:41:19","modified_gmt":"2026-01-14T08:41:19","slug":"portable-mini-air-compressor-for-laser-marking","status":"publish","type":"product","link":"https:\/\/aircompressorforlasercutter.com\/es_pe\/product\/mini-compresor-de-aire-portatil-para-marcado-laser\/","title":{"rendered":"Mini compresor de aire port\u00e1til para marcado l\u00e1ser"},"content":{"rendered":"<h1>Minicompresor de aire port\u00e1til para marcado l\u00e1ser: el h\u00e9roe an\u00f3nimo de tu equipo de grabado l\u00e1ser.<\/h1>\n<h2>1. Antecedentes: La realidad del mercado<\/h2>\n<p>En el competitivo mercado del grabado l\u00e1ser, la mayor\u00eda de los compradores invierten considerablemente en m\u00e1quinas de corte l\u00e1ser de alta gama, pasando por alto un componente igualmente crucial: el compresor de aire. Este accesorio esencial desempe\u00f1a un papel fundamental en la mejora del rendimiento general y la vida \u00fatil de los sistemas l\u00e1ser.<\/p>\n<p>La asistencia de aire no es simplemente una unidad auxiliar; es un factor decisivo que influye tanto en el aire como en el aire. <strong>calidad de corte<\/strong> y el <strong>durabilidad de la m\u00e1quina<\/strong>Un compresor de aire de alta calidad puede marcar la diferencia entre un grabado impecable y un resultado deficiente.<\/p>\n<h2>Valor fundamental<\/h2>\n<p>Para los distribuidores, seleccionar una bomba de aire confiable se traduce directamente en una reducci\u00f3n de las quejas de los clientes sobre problemas como <strong>cortes incompletos<\/strong> o <strong>lentes da\u00f1ados<\/strong>Esto no solo mejora la satisfacci\u00f3n del cliente, sino que tambi\u00e9n aumenta significativamente <strong>tasas de retenci\u00f3n de clientes<\/strong>Por lo tanto, invertir en un compresor de aire de alta gama puede considerarse una inversi\u00f3n en la longevidad de las relaciones con los clientes.<\/p>\n<h2>2. An\u00e1lisis de los puntos d\u00e9biles: Costes ocultos de las bombas de aire baratas<\/h2>\n<h3>Mala calidad de corte<\/h3>\n<p>Uno de los problemas m\u00e1s comunes asociados con las bombas de aire econ\u00f3micas es la inestabilidad del flujo de aire. Esto puede provocar resultados indeseables, como bordes carbonizados, menor eficiencia de corte y un impacto negativo en la est\u00e9tica general de los productos finales.<\/p>\n<h3>Riesgo de da\u00f1os al equipo<\/h3>\n<p>Las bombas de aire de baja calidad, especialmente las que funcionan con aceite, pueden rociar accidentalmente neblina de aceite o humedad sobre la lente l\u00e1ser, lo que ocasiona costosas reparaciones y gastos de env\u00edo. Este costo oculto puede mermar los m\u00e1rgenes de ganancia de cualquier empresa.<\/p>\n<h3>Operaci\u00f3n ruidosa<\/h3>\n<p>Los compresores de aire tradicionales suelen generar niveles de ruido molestos, lo que limita su utilidad en entornos dom\u00e9sticos o espacios de creaci\u00f3n educativa. Esto restringe el alcance del mercado y reduce las oportunidades de venta.<\/p>\n<h2>3. Nuestra soluci\u00f3n: Redefiniendo la asistencia neum\u00e1tica de nivel profesional.<\/h2>\n<h3>Dise\u00f1o sin aceite ni humedad<\/h3>\n<p>Nuestro minicompresor de aire port\u00e1til cuenta con un dise\u00f1o 100% libre de aceite y humedad, lo que garantiza que las lentes l\u00e1ser permanezcan impecables. Esto no solo simplifica el mantenimiento para los usuarios finales, sino que tambi\u00e9n mejora la productividad y brinda mayor tranquilidad.<\/p>\n<h3>Tecnolog\u00eda ultra silenciosa<\/h3>\n<p>Dise\u00f1ado espec\u00edficamente para su uso en interiores y estudios dom\u00e9sticos, nuestro compresor mantiene los niveles de ruido por debajo de 60 dB. Su funcionamiento ultrasilencioso mejora la experiencia del usuario, lo que lo hace ideal para entornos donde el ruido podr\u00eda ser un problema.<\/p>\n<h3>Rendimiento robusto<\/h3>\n<p>Con un caudal estable de 30 l\/min, este compresor de aire garantiza cortes limpios y sin humo, incluso al trabajar con materiales gruesos como madera contrachapada o acr\u00edlico. El flujo de aire constante es esencial para lograr resultados de grabado superiores.<\/p>\n<h2>4. Amplia compatibilidad: Soluci\u00f3n integral (problemas de inventario resueltos)<\/h2>\n<h3>Amplia aplicabilidad<\/h3>\n<p>Este compresor ha sido dise\u00f1ado para integrarse a la perfecci\u00f3n con los modelos l\u00e1ser 95% m\u00e1s comunes del mercado, incluidas marcas populares como xTool, Ortur, Atomstack y varias m\u00e1quinas l\u00e1ser de CO2.<\/p>\n<h3>Beneficios del distribuidor<\/h3>\n<p>Al proporcionar una \u00fanica referencia (SKU) compatible con m\u00faltiples m\u00e1quinas, los distribuidores pueden reducir significativamente la presi\u00f3n sobre el inventario y simplificar la gesti\u00f3n de existencias, facilitando as\u00ed la administraci\u00f3n de las l\u00edneas de productos.<\/p>\n<h2>5. Ventajas de la cadena de suministro y la asociaci\u00f3n<\/h2>\n<h3>Fuerza de f\u00e1brica<\/h3>\n<p>Nuestros rigurosos procesos de control de calidad garantizan una tasa de defectos excepcionalmente baja, inferior al 11% (TP3T). Esta fiabilidad le permite ahorrar en costes log\u00edsticos relacionados con devoluciones y cambios.<\/p>\n<h3>Servicios de personalizaci\u00f3n (OEM\/ODM)<\/h3>\n<p>Ofrecemos soluciones personalizadas, que incluyen impresi\u00f3n de logotipos, dise\u00f1o de empaques y adaptaciones para diferentes especificaciones de enchufes seg\u00fan los requisitos regionales. Esta flexibilidad le permite establecer y promocionar su propia marca de manera efectiva.<\/p>\n<h3>Soporte posventa<\/h3>\n<p>Nuestro compromiso con el servicio al cliente incluye una respuesta t\u00e9cnica r\u00e1pida y la capacidad de suministro de repuestos, lo que garantiza que sus operaciones se desarrollen sin problemas y sin tiempos de inactividad innecesarios.<\/p>\n<h2>6.<\/h2>\n<p>No permita que componentes de baja calidad da\u00f1en la reputaci\u00f3n de sus m\u00e1quinas de alta gama. Seleccionar un compresor de aire de alta calidad es fundamental para mantener la calidad y la fiabilidad que sus clientes esperan.<\/p>\n<p>Cont\u00e1ctenos hoy para solicitar muestras o para obtener los precios mayoristas B2B m\u00e1s recientes. Perm\u00edtanos ayudarle a mejorar su oferta de productos y a fortalecer las relaciones con sus clientes.<\/p>\n<p>Para obtener m\u00e1s informaci\u00f3n, visite <a href=\"https:\/\/aircompressorforlasercutter.com\/es_pe\/contactanos\/\">nuestra p\u00e1gina de contacto<\/a>.<\/p>","protected":false},"excerpt":{"rendered":"<p>Portable Mini Air Compressor for Laser Marking: The Unsung Hero of Your Laser Engraving Setup 1. Background: The Market Reality In the competitive landscape of laser engraving, most buyers invest significantly in high-end laser cutting machines, often overlooking an equally crucial component: the air compressor. This essential accessory plays a pivotal role in enhancing the [&hellip;]<\/p>","protected":false},"featured_media":456,"comment_status":"open","ping_status":"closed","template":"","meta":{"_et_pb_use_builder":"","_et_pb_old_content":"","_et_gb_content_width":""},"product_brand":[],"product_cat":[1093],"product_tag":[1096],"class_list":{"0":"post-473","1":"product","2":"type-product","3":"status-publish","4":"has-post-thumbnail","6":"product_cat-air-compressor-for-laser-cutter","7":"product_tag-air-compressor-for-laser-cutter-cost","9":"first","10":"instock","11":"shipping-taxable","12":"product-type-simple"},"_links":{"self":[{"href":"https:\/\/aircompressorforlasercutter.com\/es_pe\/wp-json\/wp\/v2\/product\/473","targetHints":{"allow":["GET"]}}],"collection":[{"href":"https:\/\/aircompressorforlasercutter.com\/es_pe\/wp-json\/wp\/v2\/product"}],"about":[{"href":"https:\/\/aircompressorforlasercutter.com\/es_pe\/wp-json\/wp\/v2\/types\/product"}],"replies":[{"embeddable":true,"href":"https:\/\/aircompressorforlasercutter.com\/es_pe\/wp-json\/wp\/v2\/comments?post=473"}],"wp:featuredmedia":[{"embeddable":true,"href":"https:\/\/aircompressorforlasercutter.com\/es_pe\/wp-json\/wp\/v2\/media\/456"}],"wp:attachment":[{"href":"https:\/\/aircompressorforlasercutter.com\/es_pe\/wp-json\/wp\/v2\/media?parent=473"}],"wp:term":[{"taxonomy":"product_brand","embeddable":true,"href":"https:\/\/aircompressorforlasercutter.com\/es_pe\/wp-json\/wp\/v2\/product_brand?post=473"},{"taxonomy":"product_cat","embeddable":true,"href":"https:\/\/aircompressorforlasercutter.com\/es_pe\/wp-json\/wp\/v2\/product_cat?post=473"},{"taxonomy":"product_tag","embeddable":true,"href":"https:\/\/aircompressorforlasercutter.com\/es_pe\/wp-json\/wp\/v2\/product_tag?post=473"}],"curies":[{"name":"wp","href":"https:\/\/api.w.org\/{rel}","templated":true}]}}