{"id":474,"date":"2026-01-14T08:26:19","date_gmt":"2026-01-14T08:26:19","guid":{"rendered":"https:\/\/aircompressorforlasercutter.com\/product\/continuous-duty-air-pump-for-commercial-laser-cutting\/"},"modified":"2026-01-14T08:39:03","modified_gmt":"2026-01-14T08:39:03","slug":"continuous-duty-air-pump-for-commercial-laser-cutting","status":"publish","type":"product","link":"https:\/\/aircompressorforlasercutter.com\/es_pe\/product\/bomba-de-aire-de-servicio-continuo-para-corte-laser-comercial\/","title":{"rendered":"Bomba de aire de servicio continuo para corte l\u00e1ser comercial"},"content":{"rendered":"<h1>Bomba de aire de servicio continuo para corte l\u00e1ser comercial<\/h1>\n<h2>El h\u00e9roe an\u00f3nimo<\/h2>\n<p>En el \u00e1mbito del corte por l\u00e1ser, donde la precisi\u00f3n y la calidad son primordiales, un componente fundamental suele pasar desapercibido: la bomba de aire. Si bien los compradores invierten sumas considerables en m\u00e1quinas de grabado l\u00e1ser de alta gama, la importancia de la bomba de aire \u2014un accesorio vital\u2014 se suele subestimar. Esta omisi\u00f3n puede comprometer los objetivos que estos compradores se proponen alcanzar.<\/p>\n<p>La asistencia neum\u00e1tica va m\u00e1s all\u00e1 de ser un simple accesorio; desempe\u00f1a un papel fundamental en la calidad de corte y la durabilidad del equipo. En un mercado donde la eficiencia y la satisfacci\u00f3n del cliente son primordiales, elegir la bomba de aire adecuada puede tener un impacto significativo en los resultados del negocio.<\/p>\n<h2>An\u00e1lisis de mercado: El coste de ignorar las bombas de aire<\/h2>\n<p>Para los distribuidores, elegir una bomba de aire de alta calidad significa reducir las quejas de los clientes sobre problemas como cortes incompletos y lentes da\u00f1ados. Esta elecci\u00f3n se correlaciona directamente con mayores \u00edndices de retenci\u00f3n de clientes, fomentando relaciones a largo plazo y fortaleciendo la lealtad a la marca.<\/p>\n<h3>An\u00e1lisis de los puntos d\u00e9biles: Los costes ocultos de las bombas de aire baratas<\/h3>\n<p>Si bien puede resultar tentador optar por alternativas de menor costo, los costos ocultos asociados con las bombas de aire baratas pueden ser perjudiciales:<\/p>\n<ul>\n<li><strong>Mala calidad de corte:<\/strong> Un flujo de aire inestable provoca que los bordes del material se quemen y disminuye la eficiencia del corte, lo que afecta negativamente la apariencia del producto final para los usuarios.<\/li>\n<li><strong>Riesgo de da\u00f1os en el equipo:<\/strong> Las bombas de baja calidad, especialmente las que contienen aceite, pueden emitir neblina de aceite o humedad que contamina la \u00f3ptica del l\u00e1ser, lo que conlleva costosos gastos de reparaci\u00f3n y la devoluci\u00f3n del producto.<\/li>\n<li><strong>Contaminaci\u00f3n ac\u00fastica:<\/strong> Los compresores de aire tradicionales suelen funcionar a altos niveles de ruido, lo que limita su uso en entornos dom\u00e9sticos y espacios educativos creativos, reduciendo as\u00ed su potencial de mercado.<\/li>\n<\/ul>\n<h2>Nuestra soluci\u00f3n: Redefiniendo la asistencia a\u00e9rea de \"nivel profesional\".<\/h2>\n<p>Ever-power se enorgullece en presentar una revolucionaria bomba de aire dise\u00f1ada espec\u00edficamente para aplicaciones de corte l\u00e1ser comerciales. Nuestra bomba de aire de servicio continuo redefine los est\u00e1ndares de asistencia neum\u00e1tica, centr\u00e1ndose en el rendimiento, la fiabilidad y la experiencia del usuario.<\/p>\n<h3>Dise\u00f1o sin aceite y sin agua<\/h3>\n<p>Nuestra bomba de aire cuenta con un dise\u00f1o 100% sin aceite ni agua que garantiza la m\u00e1xima protecci\u00f3n para las lentes l\u00e1ser. Los usuarios ya no tendr\u00e1n que preocuparse por el mantenimiento, lo que les permitir\u00e1 concentrarse en sus actividades principales sin esfuerzo.<\/p>\n<h3>Tecnolog\u00eda ultra silenciosa<\/h3>\n<p>Dise\u00f1ada espec\u00edficamente para interiores y estudios dom\u00e9sticos, nuestra bomba de aire funciona con un nivel de ruido inferior a 60 dB. Su funcionamiento ultrasilencioso mejora significativamente la experiencia del usuario, lo que la hace ideal para aplicaciones educativas y creativas.<\/p>\n<h3>Rendimiento robusto<\/h3>\n<p>Con un caudal continuo de 30 litros por minuto, nuestra bomba de aire garantiza un flujo de aire estable y potente, proporcionando cortes limpios y sin humo incluso al procesar madera gruesa o materiales acr\u00edlicos. Este rendimiento no solo mejora la calidad del corte, sino que tambi\u00e9n optimiza la eficiencia del flujo de trabajo.<\/p>\n<h2>Amplia compatibilidad: una soluci\u00f3n integral.<\/h2>\n<p>Nuestra bomba de aire est\u00e1 dise\u00f1ada para ofrecer una amplia compatibilidad, adapt\u00e1ndose perfectamente a hasta 95% de las m\u00e1quinas de corte l\u00e1ser m\u00e1s comunes disponibles en el mercado, incluidos modelos populares como xTool, Ortur, Atomstack y varias m\u00e1quinas l\u00e1ser de CO2.<\/p>\n<p>Para los distribuidores, esto significa que una sola referencia puede servir para varios tipos de m\u00e1quinas, lo que reduce eficazmente la presi\u00f3n sobre el inventario y simplifica la gesti\u00f3n de existencias.<\/p>\n<h2>Ventajas de la cadena de suministro y la asociaci\u00f3n<\/h2>\n<p>En Ever-power, nos enorgullecemos de nuestros rigurosos procesos de control de calidad, que garantizan una tasa de defectos excepcionalmente baja, inferior a 1%. Este compromiso se traduce en ahorros para los distribuidores al minimizar las devoluciones y los gastos log\u00edsticos.<\/p>\n<p>Tambi\u00e9n ofrecemos servicios personalizados, incluyendo opciones OEM y ODM, que permiten adaptar la imagen de marca, el dise\u00f1o del embalaje y las especificaciones de los conectores a las necesidades de cada mercado. Nuestros r\u00e1pidos tiempos de respuesta t\u00e9cnica y nuestra capacidad de suministro de repuestos consolidan a\u00fan m\u00e1s nuestra posici\u00f3n como socio fiable.<\/p>\n<p>No permita que los accesorios de baja calidad empa\u00f1en la reputaci\u00f3n de sus m\u00e1quinas de alta gama. Elegir una bomba de aire que se ajuste a la calidad de su equipo es fundamental para mantener un rendimiento \u00f3ptimo.<\/p>\n<p>Cont\u00e1ctenos hoy para solicitar una muestra para pruebas o para obtener la lista de precios mayoristas B2B m\u00e1s reciente. Mejore su oferta de productos con una bomba de aire de servicio continuo que ofrece un rendimiento y una fiabilidad inigualables.<\/p>\n<p><a href=\"https:\/\/aircompressorforlasercutter.com\/es_pe\/contactanos\/\">Cont\u00e1ctenos<\/a><\/p>","protected":false},"excerpt":{"rendered":"<p>Continuous Duty Air Pump for Commercial Laser Cutting The Unsung Hero In the realm of laser cutting, where precision and quality reign supreme, one critical component often fades into the background: the air pump. While buyers invest substantial sums into high-end laser engraving machines, the importance of the air pump??a vital accessory??remains largely overlooked. This [&hellip;]<\/p>","protected":false},"featured_media":456,"comment_status":"open","ping_status":"closed","template":"","meta":{"_et_pb_use_builder":"","_et_pb_old_content":"","_et_gb_content_width":""},"product_brand":[],"product_cat":[1093],"product_tag":[1094],"class_list":{"0":"post-474","1":"product","2":"type-product","3":"status-publish","4":"has-post-thumbnail","6":"product_cat-air-compressor-for-laser-cutter","7":"product_tag-air-compressor-for-laser-cutter","9":"first","10":"instock","11":"shipping-taxable","12":"product-type-simple"},"_links":{"self":[{"href":"https:\/\/aircompressorforlasercutter.com\/es_pe\/wp-json\/wp\/v2\/product\/474","targetHints":{"allow":["GET"]}}],"collection":[{"href":"https:\/\/aircompressorforlasercutter.com\/es_pe\/wp-json\/wp\/v2\/product"}],"about":[{"href":"https:\/\/aircompressorforlasercutter.com\/es_pe\/wp-json\/wp\/v2\/types\/product"}],"replies":[{"embeddable":true,"href":"https:\/\/aircompressorforlasercutter.com\/es_pe\/wp-json\/wp\/v2\/comments?post=474"}],"wp:featuredmedia":[{"embeddable":true,"href":"https:\/\/aircompressorforlasercutter.com\/es_pe\/wp-json\/wp\/v2\/media\/456"}],"wp:attachment":[{"href":"https:\/\/aircompressorforlasercutter.com\/es_pe\/wp-json\/wp\/v2\/media?parent=474"}],"wp:term":[{"taxonomy":"product_brand","embeddable":true,"href":"https:\/\/aircompressorforlasercutter.com\/es_pe\/wp-json\/wp\/v2\/product_brand?post=474"},{"taxonomy":"product_cat","embeddable":true,"href":"https:\/\/aircompressorforlasercutter.com\/es_pe\/wp-json\/wp\/v2\/product_cat?post=474"},{"taxonomy":"product_tag","embeddable":true,"href":"https:\/\/aircompressorforlasercutter.com\/es_pe\/wp-json\/wp\/v2\/product_tag?post=474"}],"curies":[{"name":"wp","href":"https:\/\/api.w.org\/{rel}","templated":true}]}}