{"id":481,"date":"2026-01-14T08:26:20","date_gmt":"2026-01-14T08:26:20","guid":{"rendered":"https:\/\/aircompressorforlasercutter.com\/product\/air-blower-for-laser-cutter-debris-removal\/"},"modified":"2026-01-14T08:31:51","modified_gmt":"2026-01-14T08:31:51","slug":"air-blower-for-laser-cutter-debris-removal","status":"publish","type":"product","link":"https:\/\/aircompressorforlasercutter.com\/es_pe\/product\/soplador-de-aire-para-la-eliminacion-de-residuos-del-cortador-laser\/","title":{"rendered":"Soplador de aire para la eliminaci\u00f3n de residuos del cortador l\u00e1ser"},"content":{"rendered":"<h1>Soplador de aire para la eliminaci\u00f3n de residuos de cortadoras l\u00e1ser: El h\u00e9roe an\u00f3nimo<\/h1>\n<h2>Introducci\u00f3n: El h\u00e9roe an\u00f3nimo<\/h2>\n<p>En el \u00e1mbito de la tecnolog\u00eda de corte l\u00e1ser, un componente cr\u00edtico a menudo queda eclipsado por la maquinaria m\u00e1s sofisticada: el soplador de aire. Si bien los compradores invierten cantidades significativas en m\u00e1quinas de grabado l\u00e1ser de alta gama, a menudo pasan por alto la importancia de una bomba de aire de calidad. El sistema de asistencia neum\u00e1tica no es un simple accesorio; desempe\u00f1a un papel esencial en la determinaci\u00f3n tanto de la calidad del corte como de la durabilidad del equipo.<\/p>\n<h2>Antecedentes del mercado: panorama actual<\/h2>\n<p>El mercado del corte por l\u00e1ser est\u00e1 experimentando un crecimiento sin precedentes, con empresas deseosas de adoptar tecnolog\u00eda de vanguardia. Sin embargo, muchos compradores descuidan el soplador de aire, una parte integral del proceso de corte. Sin un sistema de asistencia de aire eficaz, el potencial de las m\u00e1quinas de corte por l\u00e1ser se ve gravemente afectado. Esta negligencia puede provocar resultados de corte deficientes, mayores costos de mantenimiento e insatisfacci\u00f3n del cliente.<\/p>\n<h2>Visi\u00f3n central: La importancia de la asistencia a\u00e9rea<\/h2>\n<p>Invertir en un soplador de aire de alta calidad se traduce en beneficios tangibles. Para los distribuidores, seleccionar la bomba de aire adecuada significa reducir las quejas relacionadas con cortes sucios y lentes da\u00f1adas, lo que a su vez se traduce en una mayor retenci\u00f3n de clientes. Un sistema de asistencia de aire fiable garantiza a los clientes que su inversi\u00f3n en tecnolog\u00eda de corte l\u00e1ser producir\u00e1 los mejores resultados.<\/p>\n<h2>Puntos d\u00e9biles: Costos ocultos de los sopladores de aire baratos<\/h2>\n<p>Si bien puede ser tentador optar por una bomba de aire de menor costo, los costos ocultos pueden ser perjudiciales:<\/p>\n<h3>Mala calidad de corte<\/h3>\n<p>El flujo de aire inestable de bombas de baja calidad provoca bordes quemados y una baja eficiencia de corte. Esto no solo compromete la est\u00e9tica de los productos terminados, sino que tambi\u00e9n afecta la satisfacci\u00f3n del usuario final.<\/p>\n<h3>Riesgo de da\u00f1os al equipo<\/h3>\n<p>Las bombas de aire de baja calidad, en particular las que contienen aceite, pueden liberar vapor de aceite o humedad que contamina las lentes del l\u00e1ser. Esto conlleva costosas reparaciones o reemplazos, lo que reduce el valor total de la inversi\u00f3n.<\/p>\n<h3>Operaci\u00f3n ruidosa<\/h3>\n<p>Los compresores de aire tradicionales suelen ser ruidosos, lo que desalienta su uso en talleres dom\u00e9sticos y entornos de formaci\u00f3n para creadores. Esto limita el potencial del mercado y dificulta que las empresas atiendan a un p\u00fablico m\u00e1s amplio.<\/p>\n<h2>Nuestra soluci\u00f3n: redefiniendo la asistencia a\u00e9rea profesional<\/h2>\n<p>Presentamos un est\u00e1ndar redefinido en tecnolog\u00eda de asistencia a\u00e9rea:<\/p>\n<h3>Dise\u00f1o sin aceite y sin agua<\/h3>\n<p>Nuestro soplador de aire cuenta con un dise\u00f1o 100% sin aceite, lo que garantiza una protecci\u00f3n completa para las lentes l\u00e1ser y elimina la necesidad de mantenimiento frecuente. Esto permite a los usuarios finales concentrarse en sus proyectos creativos sin preocuparse por el mantenimiento del equipo.<\/p>\n<h3>Tecnolog\u00eda ultra silenciosa<\/h3>\n<p>Dise\u00f1ado espec\u00edficamente para uso en interiores y estudios dom\u00e9sticos, nuestro soplador de aire funciona a un nivel de ruido extremadamente bajo (&lt;60 dB), lo que mejora enormemente la experiencia del usuario y lo hace adecuado para diversos entornos.<\/p>\n<h3>Rendimiento robusto<\/h3>\n<p>Con un caudal constante de 30 L\/min (o seg\u00fan sus par\u00e1metros), nuestro soplador de aire garantiza cortes limpios y sin humo, incluso en materiales gruesos como madera y acr\u00edlico. Este impresionante rendimiento mejora la calidad general del corte, lo que se traduce en una mayor satisfacci\u00f3n del usuario final.<\/p>\n<h2>Amplia compatibilidad: una soluci\u00f3n integral<\/h2>\n<p>Nuestro soplador de aire est\u00e1 dise\u00f1ado para una amplia compatibilidad:<\/p>\n<h3>Amplia gama<\/h3>\n<p>Se adapta perfectamente al 95% de los modelos convencionales disponibles en el mercado (incluidos xTool, Ortur, Atomstack y diversas m\u00e1quinas l\u00e1ser de CO2). Esta versatilidad lo convierte en una valiosa incorporaci\u00f3n al inventario de cualquier distribuidor.<\/p>\n<h3>Beneficios para los distribuidores<\/h3>\n<p>Con un \u00fanico SKU compatible con varias m\u00e1quinas, puede reducir significativamente la presi\u00f3n de inventario y la complejidad de los procesos de almacenamiento. Este enfoque optimizado mejora la eficiencia operativa y la rentabilidad.<\/p>\n<h2>Ventajas de la cadena de suministro y la asociaci\u00f3n<\/h2>\n<p>Asociarse con nosotros le ofrece numerosos beneficios:<\/p>\n<h3>Fuertes credenciales de f\u00e1brica<\/h3>\n<p>Implementamos estrictos procesos de control de calidad, lo que garantiza una tasa de defectos excepcionalmente baja (&lt;1%). Este compromiso con la calidad le ahorra costos log\u00edsticos relacionados con devoluciones y cambios, mejorando as\u00ed sus resultados.<\/p>\n<h3>Servicios personalizados (OEM\/ODM)<\/h3>\n<p>Ofrecemos opciones de personalizaci\u00f3n, incluyendo la aplicaci\u00f3n del logotipo de la marca, el dise\u00f1o del empaque y las especificaciones de los conectores seg\u00fan el pa\u00eds. Esto le permite construir su propia identidad de marca eficazmente.<\/p>\n<h3>Soporte posventa<\/h3>\n<p>Nuestra r\u00e1pida respuesta t\u00e9cnica y capacidad de suministro de repuestos garantizan que sus operaciones funcionen sin problemas, minimizando el tiempo de inactividad y mejorando la satisfacci\u00f3n del cliente.<\/p>\n<h2>Conclusi\u00f3n y llamada a la acci\u00f3n<\/h2>\n<p>No permita que componentes de baja calidad manchen la reputaci\u00f3n de sus m\u00e1quinas de alta calidad. Elija un soplador de aire que cumpla con los est\u00e1ndares de calidad de su equipo y ofrezca un rendimiento excepcional.<\/p>\n<p>Cont\u00e1ctenos hoy para realizar una prueba de muestra o para obtener la informaci\u00f3n m\u00e1s reciente sobre precios mayoristas B2B. <a href=\"https:\/\/aircompressorforlasercutter.com\/es_pe\/contactanos\/\">\u00a1P\u00f3ngase en contacto aqu\u00ed!<\/a><\/p>","protected":false},"excerpt":{"rendered":"<p>Air Blower for Laser Cutter Debris Removal: The Unsung Hero Introduction: The Unsung Hero In the realm of laser cutting technology, one critical component often gets overshadowed by the more glamorous machinery??the air blower. While buyers invest significant amounts in high-end laser engraving machines, they frequently overlook the importance of a quality air pump. The [&hellip;]<\/p>","protected":false},"featured_media":457,"comment_status":"open","ping_status":"closed","template":"","meta":{"_et_pb_use_builder":"","_et_pb_old_content":"","_et_gb_content_width":""},"product_brand":[],"product_cat":[1093],"product_tag":[1095],"class_list":{"0":"post-481","1":"product","2":"type-product","3":"status-publish","4":"has-post-thumbnail","6":"product_cat-air-compressor-for-laser-cutter","7":"product_tag-air-compressor-for-laser-cutter-price","9":"first","10":"instock","11":"shipping-taxable","12":"product-type-simple"},"_links":{"self":[{"href":"https:\/\/aircompressorforlasercutter.com\/es_pe\/wp-json\/wp\/v2\/product\/481","targetHints":{"allow":["GET"]}}],"collection":[{"href":"https:\/\/aircompressorforlasercutter.com\/es_pe\/wp-json\/wp\/v2\/product"}],"about":[{"href":"https:\/\/aircompressorforlasercutter.com\/es_pe\/wp-json\/wp\/v2\/types\/product"}],"replies":[{"embeddable":true,"href":"https:\/\/aircompressorforlasercutter.com\/es_pe\/wp-json\/wp\/v2\/comments?post=481"}],"wp:featuredmedia":[{"embeddable":true,"href":"https:\/\/aircompressorforlasercutter.com\/es_pe\/wp-json\/wp\/v2\/media\/457"}],"wp:attachment":[{"href":"https:\/\/aircompressorforlasercutter.com\/es_pe\/wp-json\/wp\/v2\/media?parent=481"}],"wp:term":[{"taxonomy":"product_brand","embeddable":true,"href":"https:\/\/aircompressorforlasercutter.com\/es_pe\/wp-json\/wp\/v2\/product_brand?post=481"},{"taxonomy":"product_cat","embeddable":true,"href":"https:\/\/aircompressorforlasercutter.com\/es_pe\/wp-json\/wp\/v2\/product_cat?post=481"},{"taxonomy":"product_tag","embeddable":true,"href":"https:\/\/aircompressorforlasercutter.com\/es_pe\/wp-json\/wp\/v2\/product_tag?post=481"}],"curies":[{"name":"wp","href":"https:\/\/api.w.org\/{rel}","templated":true}]}}