{"id":462,"date":"2026-01-14T08:26:17","date_gmt":"2026-01-14T08:26:17","guid":{"rendered":"https:\/\/aircompressorforlasercutter.com\/product\/air-assist-pump-for-xtool-d1-pro-laser-engraver\/"},"modified":"2026-01-14T08:50:32","modified_gmt":"2026-01-14T08:50:32","slug":"air-assist-pump-for-xtool-d1-pro-laser-engraver","status":"publish","type":"product","link":"https:\/\/aircompressorforlasercutter.com\/fr\/produit\/pompe-dassistance-pneumatique-pour-graveur-laser-xtool-d1-pro\/","title":{"rendered":"Pompe d'assistance pneumatique pour graveur laser xTool D1 Pro"},"content":{"rendered":"<h1>Pompe d'assistance pneumatique pour graveur laser xTool D1 Pro\u00a0: l'alli\u00e9e indispensable de la d\u00e9coupe laser.<\/h1>\n<h2>1. Contexte : Un march\u00e9 n\u00e9glig\u00e9<\/h2>\n<p>Dans le secteur concurrentiel de la gravure laser, il est courant que les acheteurs investissent des sommes importantes dans l'acquisition de machines laser de haute qualit\u00e9 comme la xTool D1 Pro. Cependant, un \u00e9l\u00e9ment souvent n\u00e9glig\u00e9 est la pompe d'assistance pneumatique, un accessoire essentiel qui influe directement sur les performances et la dur\u00e9e de vie de ces machines. Si la graveuse laser elle-m\u00eame attire l'attention, la pompe d'assistance pneumatique joue un r\u00f4le primordial dans l'am\u00e9lioration de la qualit\u00e9 de d\u00e9coupe et la garantie de la durabilit\u00e9 de la machine.<\/p>\n<p>L'assistance pneumatique n'est pas un simple accessoire\u00a0; c'est un \u00e9l\u00e9ment d\u00e9terminant qui influence le r\u00e9sultat final des projets de gravure laser. Pour les entreprises, choisir la pompe d'assistance pneumatique adapt\u00e9e permet de r\u00e9duire les r\u00e9clamations clients concernant des probl\u00e8mes tels qu'une profondeur de d\u00e9coupe insuffisante ou des lentilles endommag\u00e9es, et contribue ainsi \u00e0 fid\u00e9liser la client\u00e8le.<\/p>\n<h2>2. Analyse des points sensibles\u00a0: Les co\u00fbts cach\u00e9s des pompes \u00e0 air bon march\u00e9<\/h2>\n<h3>Qualit\u00e9 de coupe inf\u00e9rieure<\/h3>\n<p>L'utilisation d'une pompe \u00e0 air bon march\u00e9 peut engendrer un flux d'air instable, ce qui affecte consid\u00e9rablement la qualit\u00e9 de la d\u00e9coupe. Un flux d'air insuffisant provoque des bords carbonis\u00e9s sur les mat\u00e9riaux, une faible efficacit\u00e9 de d\u00e9coupe et une apparence d\u00e9ficiente du produit final, susceptible de dissuader les acheteurs potentiels. Cela nuit non seulement \u00e0 l'exp\u00e9rience utilisateur, mais aussi \u00e0 la r\u00e9putation globale des entreprises qui utilisent la technologie de gravure laser.<\/p>\n<h3>Risque de dommages mat\u00e9riels<\/h3>\n<p>Les pompes \u00e0 air de qualit\u00e9 inf\u00e9rieure, notamment celles \u00e0 huile, pr\u00e9sentent un risque important pour les graveurs laser. Elles peuvent \u00e9mettre des brouillards d'huile ou de l'humidit\u00e9 susceptibles de contaminer la lentille laser, entra\u00eenant des r\u00e9parations co\u00fbteuses et une augmentation du taux de retour. Ce co\u00fbt cach\u00e9 peut s'accumuler rapidement, impactant la rentabilit\u00e9 et la satisfaction client.<\/p>\n<h3>Dispositifs antibruit<\/h3>\n<p>Les compresseurs d'air traditionnels g\u00e9n\u00e8rent souvent un niveau sonore \u00e9lev\u00e9, ce qui les rend inadapt\u00e9s aux particuliers et aux \u00e9tablissements scolaires. Ce niveau sonore important limite la port\u00e9e du march\u00e9 et les segments de client\u00e8le susceptibles de b\u00e9n\u00e9ficier de la technologie de gravure laser, freinant ainsi les ventes.<\/p>\n<h2>3. Notre solution<\/h2>\n<h3>Conception sans huile et sans eau<\/h3>\n<p>Notre pompe \u00e0 assistance pneumatique, dot\u00e9e d'une conception sans huile ni eau (mod\u00e8le 100%), assure une protection maximale de la lentille laser. Les utilisateurs peuvent ainsi utiliser la machine sans se soucier d'un entretien fr\u00e9quent. Elle am\u00e9liore l'exp\u00e9rience utilisateur et offre une grande tranquillit\u00e9 d'esprit, ce qui en fait un choix id\u00e9al pour les environnements professionnels.<\/p>\n<h3>Technologie ultra-silencieuse<\/h3>\n<p>Con\u00e7ue sp\u00e9cifiquement pour les environnements int\u00e9rieurs et les studios \u00e0 domicile, notre pompe \u00e0 air assist\u00e9e fonctionne \u00e0 un niveau ultra-silencieux inf\u00e9rieur \u00e0 60 dB. Ceci am\u00e9liore non seulement l'exp\u00e9rience utilisateur, mais offre \u00e9galement une plus grande flexibilit\u00e9 dans divers contextes, garantissant ainsi que le bruit ne constitue plus un obstacle \u00e0 l'utilisation de graveurs laser de haute qualit\u00e9.<\/p>\n<h3>Performances robustes<\/h3>\n<p>Avec un d\u00e9bit constant de 30 L\/min, notre pompe \u00e0 air comprim\u00e9 garantit un d\u00e9bit fiable. Ce d\u00e9bit est essentiel pour la d\u00e9coupe de mat\u00e9riaux \u00e9pais comme le bois dur ou l'acrylique, assurant ainsi des coupes nettes, sans fum\u00e9e ni r\u00e9sidus. Une telle performance est indispensable pour maintenir la qualit\u00e9 des produits et satisfaire les attentes des clients dans diverses applications.<\/p>\n<h2>4. Large compatibilit\u00e9 : une solution unique pour une gestion simplifi\u00e9e des stocks<\/h2>\n<h3>Large gamme d'applications<\/h3>\n<p>Notre pompe \u00e0 assistance pneumatique est parfaitement compatible avec la r\u00e9f\u00e9rence 95% des machines les plus courantes du march\u00e9, notamment xTool, Ortur, Atomstack et divers lasers CO2. Sa polyvalence en fait un excellent investissement pour les distributeurs souhaitant optimiser leur stock.<\/p>\n<h3>Avantages pour les distributeurs<\/h3>\n<p>En proposant une seule r\u00e9f\u00e9rence compatible avec plusieurs machines, vous r\u00e9duisez consid\u00e9rablement la pression sur les stocks et la complexit\u00e9 de leur gestion. Cette efficacit\u00e9 se traduit par une meilleure performance op\u00e9rationnelle et des \u00e9conomies substantielles pour votre entreprise.<\/p>\n<h2>5. Avantages li\u00e9s \u00e0 la cha\u00eene d'approvisionnement et aux partenariats<\/h2>\n<h3>Force de production<\/h3>\n<p>Nous appliquons des proc\u00e9dures de contr\u00f4le qualit\u00e9 rigoureuses, garantissant un taux de d\u00e9fauts exceptionnellement bas, inf\u00e9rieur \u00e0 11\u00a0%. Cette assurance qualit\u00e9 se traduit par une r\u00e9duction des co\u00fbts logistiques li\u00e9s aux retours et aux \u00e9changes, vous permettant ainsi d\u2019optimiser l\u2019allocation de vos ressources.<\/p>\n<h3>Services personnalis\u00e9s (OEM\/ODM)<\/h3>\n<p>Ever-power prend en charge la personnalisation du logo, la conception de l'emballage et les sp\u00e9cifications des prises pour diff\u00e9rents pays. Cette flexibilit\u00e9 vous permet de d\u00e9velopper votre propre identit\u00e9 de marque et de r\u00e9pondre aux besoins sp\u00e9cifiques du march\u00e9, renfor\u00e7ant ainsi votre avantage concurrentiel.<\/p>\n<h3>Assistance apr\u00e8s-vente<\/h3>\n<p>Notre engagement \u00e0 fournir une assistance technique rapide et des pi\u00e8ces d\u00e9tach\u00e9es disponibles vous permet de maintenir un niveau \u00e9lev\u00e9 de satisfaction client, m\u00eame longtemps apr\u00e8s la vente initiale. Nous sommes conscients que ce soutien continu est essentiel pour b\u00e2tir des relations durables avec vos clients.<\/p>\n<h2>6. Conclusion et appel \u00e0 l'action<\/h2>\n<p>Ne laissez pas des accessoires de qualit\u00e9 inf\u00e9rieure ternir la r\u00e9putation de vos machines haut de gamme. Choisir une pompe d'assistance pneumatique de qualit\u00e9, adapt\u00e9e au calibre de votre \u00e9quipement, est essentiel pour obtenir des performances optimales et la satisfaction de vos clients.<\/p>\n<p>Agissez d\u00e8s maintenant\u00a0! Contactez-nous aujourd\u2019hui pour demander un \u00e9chantillon ou obtenir les derni\u00e8res informations sur nos tarifs de gros B2B. Rendez-nous visite sur <a href=\"https:\/\/aircompressorforlasercutter.com\/fr\/contactez-nous\/\">Contact permanent<\/a>.<\/p>","protected":false},"excerpt":{"rendered":"<p>Air Assist Pump for xTool D1 Pro Laser Engraver: The Unsung Hero of Laser Cutting 1. Background: A Market Overlooked In the competitive landscape of laser engraving, it is commonplace for buyers to invest significant resources into acquiring high-quality laser machines like the xTool D1 Pro. However, an often overlooked component is the air assist [&hellip;]<\/p>","protected":false},"featured_media":454,"comment_status":"open","ping_status":"closed","template":"","meta":{"_et_pb_use_builder":"","_et_pb_old_content":"","_et_gb_content_width":""},"product_brand":[],"product_cat":[1093],"product_tag":[1094],"class_list":{"0":"post-462","1":"product","2":"type-product","3":"status-publish","4":"has-post-thumbnail","6":"product_cat-air-compressor-for-laser-cutter","7":"product_tag-air-compressor-for-laser-cutter","9":"first","10":"instock","11":"shipping-taxable","12":"product-type-simple"},"_links":{"self":[{"href":"https:\/\/aircompressorforlasercutter.com\/fr\/wp-json\/wp\/v2\/product\/462","targetHints":{"allow":["GET"]}}],"collection":[{"href":"https:\/\/aircompressorforlasercutter.com\/fr\/wp-json\/wp\/v2\/product"}],"about":[{"href":"https:\/\/aircompressorforlasercutter.com\/fr\/wp-json\/wp\/v2\/types\/product"}],"replies":[{"embeddable":true,"href":"https:\/\/aircompressorforlasercutter.com\/fr\/wp-json\/wp\/v2\/comments?post=462"}],"wp:featuredmedia":[{"embeddable":true,"href":"https:\/\/aircompressorforlasercutter.com\/fr\/wp-json\/wp\/v2\/media\/454"}],"wp:attachment":[{"href":"https:\/\/aircompressorforlasercutter.com\/fr\/wp-json\/wp\/v2\/media?parent=462"}],"wp:term":[{"taxonomy":"product_brand","embeddable":true,"href":"https:\/\/aircompressorforlasercutter.com\/fr\/wp-json\/wp\/v2\/product_brand?post=462"},{"taxonomy":"product_cat","embeddable":true,"href":"https:\/\/aircompressorforlasercutter.com\/fr\/wp-json\/wp\/v2\/product_cat?post=462"},{"taxonomy":"product_tag","embeddable":true,"href":"https:\/\/aircompressorforlasercutter.com\/fr\/wp-json\/wp\/v2\/product_tag?post=462"}],"curies":[{"name":"wp","href":"https:\/\/api.w.org\/{rel}","templated":true}]}}