{"id":463,"date":"2026-01-14T08:26:17","date_gmt":"2026-01-14T08:26:17","guid":{"rendered":"https:\/\/aircompressorforlasercutter.com\/product\/laser-cutter-air-compressor-for-ortur-laser-master-3\/"},"modified":"2026-01-14T08:50:02","modified_gmt":"2026-01-14T08:50:02","slug":"laser-cutter-air-compressor-for-ortur-laser-master-3","status":"publish","type":"product","link":"https:\/\/aircompressorforlasercutter.com\/fr\/produit\/compresseur-dair-pour-decoupeuse-laser-ortur-laser-master-3\/","title":{"rendered":"Compresseur d'air pour d\u00e9coupeuse laser Ortur Laser Master 3"},"content":{"rendered":"<h1>Compresseur d'air pour d\u00e9coupeuse laser Ortur Laser Master 3\u00a0: Le h\u00e9ros m\u00e9connu<\/h1>\n<h2>1. Contexte : La composante n\u00e9glig\u00e9e<\/h2>\n<p>Sur le march\u00e9 concurrentiel actuel, de nombreux acheteurs investissent massivement dans des machines de gravure laser haut de gamme, n\u00e9gligeant souvent un \u00e9quipement auxiliaire essentiel\u00a0: le compresseur d\u2019air. Si une d\u00e9coupeuse laser de pointe permet de transformer les mat\u00e9riaux avec pr\u00e9cision, ce sont les syst\u00e8mes auxiliaires qui optimisent v\u00e9ritablement ses performances.<\/p>\n<p>L'assistance a\u00e9rienne n'est pas un simple accessoire\u00a0; elle joue un r\u00f4le crucial dans le r\u00e9sultat final. <strong>qualit\u00e9 de coupe<\/strong> et le <strong>la long\u00e9vit\u00e9 de la machine<\/strong>Dans un secteur o\u00f9 la satisfaction du client est primordiale, comprendre la valeur d'un compresseur d'air fiable peut vous d\u00e9marquer de la concurrence.<\/p>\n<p>Pour les distributeurs, choisir la bonne pompe \u00e0 air se traduit par moins de plaintes concernant des probl\u00e8mes tels que les \u00ab d\u00e9coupes incompl\u00e8tes \u00bb et les \u00ab lentilles endommag\u00e9es \u00bb, ce qui conduit finalement \u00e0 des taux de fid\u00e9lisation de la client\u00e8le plus \u00e9lev\u00e9s.<\/p>\n<h2>2. Analyse des points sensibles\u00a0: Les co\u00fbts cach\u00e9s des compresseurs bon march\u00e9<\/h2>\n<h3>Mauvaise qualit\u00e9 de coupe<\/h3>\n<p>L'utilisation d'une pompe \u00e0 air de qualit\u00e9 inf\u00e9rieure peut entra\u00eener une instabilit\u00e9 du flux d'air et des r\u00e9sultats ind\u00e9sirables. Par exemple, les bords peuvent se carboniser ou br\u00fbler, ce qui nuit consid\u00e9rablement \u00e0 l'esth\u00e9tique du produit fini. Cela a non seulement un impact sur la satisfaction client, mais peut \u00e9galement engendrer des pertes de ventes.<\/p>\n<h3>Risque de dommages mat\u00e9riels<\/h3>\n<p>Les compresseurs d'air de mauvaise qualit\u00e9, notamment ceux \u00e0 huile, peuvent d\u00e9gager des brouillards d'huile ou de l'humidit\u00e9 susceptibles de contaminer les optiques laser. Une telle contamination peut engendrer des r\u00e9parations et des retours co\u00fbteux, qui auraient pu \u00eatre \u00e9vit\u00e9s gr\u00e2ce \u00e0 un syst\u00e8me d'alimentation en air fiable.<\/p>\n<h3>Dispositif antibruit<\/h3>\n<p>Les compresseurs d'air traditionnels sont r\u00e9put\u00e9s pour leur bruit excessif, ce qui constitue un obstacle pour les particuliers et les espaces de cr\u00e9ation \u00e9ducatifs. Cette pollution sonore r\u00e9duit l'int\u00e9r\u00eat de votre produit en milieu r\u00e9sidentiel et limite votre march\u00e9 potentiel.<\/p>\n<h2>3. Notre solution<\/h2>\n<h3>Conception sans huile et sans humidit\u00e9<\/h3>\n<p>Notre compresseur d'air 100%, sans huile ni eau, garantit la protection des lentilles laser. Les utilisateurs b\u00e9n\u00e9ficient ainsi d'une tranquillit\u00e9 d'esprit totale, sachant qu'ils n'auront aucun probl\u00e8me de maintenance, ce qui leur permet de se concentrer pleinement sur leurs projets cr\u00e9atifs.<\/p>\n<h3>Technologie ultra-silencieuse<\/h3>\n<p>Sp\u00e9cialement con\u00e7u pour les environnements de studio int\u00e9rieurs et \u00e0 domicile, notre compresseur fonctionne \u00e0 un niveau sonore \u00e9tonnamment bas. <strong>&lt;60 dB<\/strong>Cela am\u00e9liore l'exp\u00e9rience utilisateur, ce qui en fait un produit id\u00e9al pour les amateurs de loisirs cr\u00e9atifs qui ont besoin d'un espace de travail serein.<\/p>\n<h3>Performances robustes<\/h3>\n<p>Avec un d\u00e9bit constant et stable de 30 L\/min, notre compresseur garantit une coupe nette et sans fum\u00e9e, m\u00eame pour les mat\u00e9riaux les plus \u00e9pais comme le bois dur ou l'acrylique. Cette performance am\u00e9liore non seulement l'efficacit\u00e9 de la coupe, mais pr\u00e9serve \u00e9galement la qualit\u00e9 du produit fini.<\/p>\n<h2>4. Compatibilit\u00e9 \u00e9tendue : correspondance simplifi\u00e9e (inventaire sans souci)<\/h2>\n<h3>Large champ d'application<\/h3>\n<p>Notre compresseur d'air est parfaitement compatible avec le mod\u00e8le 95% des d\u00e9coupeuses laser les plus courantes, notamment xTool, Ortur, Atomstack et diverses machines laser CO2. Ce niveau de compatibilit\u00e9 vous permet de r\u00e9pondre facilement aux besoins vari\u00e9s de vos clients.<\/p>\n<h3>Avantages pour les distributeurs<\/h3>\n<p>Avec une seule r\u00e9f\u00e9rence compatible avec plusieurs machines, vous r\u00e9duisez consid\u00e9rablement la pression sur les stocks et simplifiez leur gestion. Cette approche rationalis\u00e9e vous permet de vous concentrer sur le d\u00e9veloppement de votre activit\u00e9 plut\u00f4t que de vous d\u00e9battre avec une logistique complexe.<\/p>\n<h2>5. Avantages li\u00e9s \u00e0 la cha\u00eene d'approvisionnement et aux partenariats<\/h2>\n<h3>Force de l'usine<\/h3>\n<p>Nos processus rigoureux de contr\u00f4le qualit\u00e9 garantissent un taux de d\u00e9fauts remarquablement bas, inf\u00e9rieur \u00e0 <strong>1%<\/strong>Cela permet non seulement de minimiser vos co\u00fbts logistiques de retour, mais aussi de renforcer la confiance de vos clients, qui re\u00e7oivent des produits de haute qualit\u00e9.<\/p>\n<h3>Solutions personnalis\u00e9es (OEM\/ODM)<\/h3>\n<p>Nous proposons des solutions sur mesure, incluant la personnalisation du logo, la conception de l'emballage et diverses sp\u00e9cifications de prises pour diff\u00e9rents pays. Cette flexibilit\u00e9 vous permet de d\u00e9velopper votre propre identit\u00e9 de marque et de r\u00e9pondre aux exigences sp\u00e9cifiques du march\u00e9.<\/p>\n<h3>Assistance apr\u00e8s-vente<\/h3>\n<p>Notre engagement envers la satisfaction client va au-del\u00e0 de la vente. Nous assurons une assistance technique rapide et la fourniture de pi\u00e8ces d\u00e9tach\u00e9es afin de garantir le bon fonctionnement et l'efficacit\u00e9 de vos op\u00e9rations.<\/p>\n<h2>6. Conclusion et appel \u00e0 l'action<\/h2>\n<p>Ne laissez pas des composants de qualit\u00e9 inf\u00e9rieure ternir la r\u00e9putation de vos machines haut de gamme. Choisissez un compresseur d'air \u00e0 la hauteur de la qualit\u00e9 de votre \u00e9quipement.<\/p>\n<p><strong>Contactez-nous<\/strong> aujourd'hui pour demander un \u00e9chantillon \u00e0 tester ou pour obtenir la derni\u00e8re liste de prix de gros B2B \u00e0 <a href=\"https:\/\/aircompressorforlasercutter.com\/fr\/contactez-nous\/\">Toujours puissant<\/a>Vos clients m\u00e9ritent le meilleur, et nous sommes l\u00e0 pour le leur offrir.<\/p>","protected":false},"excerpt":{"rendered":"<p>Laser Cutter Air Compressor for Ortur Laser Master 3: The Unsung Hero 1. Background: The Overlooked Component In today&#8217;s competitive market, many buyers invest significantly in high-quality laser engraving machines, often overlooking the critical support equipment: the air compressor. While a top-of-the-line laser cutter can transform materials with precision, it is the auxiliary systems that [&hellip;]<\/p>","protected":false},"featured_media":454,"comment_status":"open","ping_status":"closed","template":"","meta":{"_et_pb_use_builder":"","_et_pb_old_content":"","_et_gb_content_width":""},"product_brand":[],"product_cat":[1093],"product_tag":[1095],"class_list":{"0":"post-463","1":"product","2":"type-product","3":"status-publish","4":"has-post-thumbnail","6":"product_cat-air-compressor-for-laser-cutter","7":"product_tag-air-compressor-for-laser-cutter-price","9":"first","10":"instock","11":"shipping-taxable","12":"product-type-simple"},"_links":{"self":[{"href":"https:\/\/aircompressorforlasercutter.com\/fr\/wp-json\/wp\/v2\/product\/463","targetHints":{"allow":["GET"]}}],"collection":[{"href":"https:\/\/aircompressorforlasercutter.com\/fr\/wp-json\/wp\/v2\/product"}],"about":[{"href":"https:\/\/aircompressorforlasercutter.com\/fr\/wp-json\/wp\/v2\/types\/product"}],"replies":[{"embeddable":true,"href":"https:\/\/aircompressorforlasercutter.com\/fr\/wp-json\/wp\/v2\/comments?post=463"}],"wp:featuredmedia":[{"embeddable":true,"href":"https:\/\/aircompressorforlasercutter.com\/fr\/wp-json\/wp\/v2\/media\/454"}],"wp:attachment":[{"href":"https:\/\/aircompressorforlasercutter.com\/fr\/wp-json\/wp\/v2\/media?parent=463"}],"wp:term":[{"taxonomy":"product_brand","embeddable":true,"href":"https:\/\/aircompressorforlasercutter.com\/fr\/wp-json\/wp\/v2\/product_brand?post=463"},{"taxonomy":"product_cat","embeddable":true,"href":"https:\/\/aircompressorforlasercutter.com\/fr\/wp-json\/wp\/v2\/product_cat?post=463"},{"taxonomy":"product_tag","embeddable":true,"href":"https:\/\/aircompressorforlasercutter.com\/fr\/wp-json\/wp\/v2\/product_tag?post=463"}],"curies":[{"name":"wp","href":"https:\/\/api.w.org\/{rel}","templated":true}]}}