{"id":465,"date":"2026-01-14T08:26:17","date_gmt":"2026-01-14T08:26:17","guid":{"rendered":"https:\/\/aircompressorforlasercutter.com\/product\/air-assist-kit-for-sculpfun-s9-s10-s30\/"},"modified":"2026-01-14T08:47:40","modified_gmt":"2026-01-14T08:47:40","slug":"air-assist-kit-for-sculpfun-s9-s10-s30","status":"publish","type":"product","link":"https:\/\/aircompressorforlasercutter.com\/fr\/produit\/kit-dassistance-pneumatique-pour-sculpfun-s9-s10-s30\/","title":{"rendered":"Kit d'assistance pneumatique pour SCULPFUN S9 S10 S30"},"content":{"rendered":"<h1>Kit d'assistance pneumatique pour SCULPFUN S9 S10 S30\u00a0: L'alli\u00e9 indispensable de la d\u00e9coupe laser<\/h1>\n<h2>1. Contexte : L'essentiel n\u00e9glig\u00e9<\/h2>\n<p>Sur le march\u00e9 dynamique actuel des machines de gravure laser, de nombreux acheteurs investissent massivement dans leur \u00e9quipement, privil\u00e9giant les mod\u00e8les les plus r\u00e9cents et les fonctionnalit\u00e9s avanc\u00e9es. Pourtant, un \u00e9l\u00e9ment essentiel, souvent n\u00e9glig\u00e9, est la pompe \u00e0 air. Si la machine laser elle-m\u00eame est une merveille de technologie, le kit d'assistance pneumatique est le v\u00e9ritable atout, invisible mais indispensable, qui peut consid\u00e9rablement am\u00e9liorer l'exp\u00e9rience utilisateur.<\/p>\n<p>L'assistance pneumatique est bien plus qu'un simple p\u00e9riph\u00e9rique\u00a0; elle joue un r\u00f4le crucial dans la d\u00e9termination de la qualit\u00e9 de coupe finale et de la dur\u00e9e de vie de la machine. Pour les entreprises, choisir la bonne pompe \u00e0 air peut r\u00e9duire les plaintes des clients concernant des probl\u00e8mes tels que des coupes incompl\u00e8tes ou des lentilles endommag\u00e9es, am\u00e9liorant ainsi les taux de fid\u00e9lisation de la client\u00e8le.<\/p>\n<h2>2. Analyse des points sensibles\u00a0: Les co\u00fbts cach\u00e9s des pompes \u00e0 air bon march\u00e9<\/h2>\n<h3>Mauvaise qualit\u00e9 de coupe<\/h3>\n<p>L'utilisation d'une pompe \u00e0 air de mauvaise qualit\u00e9 peut entra\u00eener des r\u00e9sultats de d\u00e9coupe m\u00e9diocres. Un flux d'air instable provoque la carbonisation et la br\u00fblure des bords des mat\u00e9riaux, ce qui nuit \u00e0 l'aspect visuel du produit final pour les utilisateurs. Cette irr\u00e9gularit\u00e9 peut nuire \u00e0 l'image de votre marque.<\/p>\n<h3>Risque de dommages mat\u00e9riels<\/h3>\n<p>L'utilisation d'une pompe \u00e0 air de qualit\u00e9 inf\u00e9rieure, notamment celles qui introduisent des brouillards d'huile ou de l'humidit\u00e9 dans le syst\u00e8me, pr\u00e9sente un risque important de contamination de la lentille laser. De tels dommages entra\u00eenent des r\u00e9parations apr\u00e8s-vente co\u00fbteuses et peuvent augmenter le taux de retour, ce qui impacte n\u00e9gativement votre rentabilit\u00e9.<\/p>\n<h3>Dissuasion du bruit<\/h3>\n<p>Les compresseurs d'air traditionnels peuvent \u00eatre extr\u00eamement bruyants, d\u00e9passant souvent les seuils de d\u00e9cibels acceptables. Cette pollution sonore dissuade les particuliers et les fablabs \u00e9ducatifs d'utiliser la technologie de d\u00e9coupe laser, r\u00e9duisant ainsi votre client\u00e8le potentielle.<\/p>\n<h2>3. Notre solution\u00a0: red\u00e9finir l\u2019assistance pneumatique professionnelle<\/h2>\n<h3>Conception sans huile et sans eau<\/h3>\n<p>Notre kit d'assistance pneumatique est dot\u00e9 d'une conception sans huile et sans eau (r\u00e9f. 100%), assurant une protection compl\u00e8te de la lentille laser. Les utilisateurs b\u00e9n\u00e9ficient ainsi d'une utilisation sans entretien, ce qui leur permet de se concentrer pleinement sur leurs projets cr\u00e9atifs sans se soucier des interventions fr\u00e9quentes.<\/p>\n<h3>Technologie ultra-silencieuse<\/h3>\n<p>Con\u00e7ue sp\u00e9cifiquement pour une utilisation en int\u00e9rieur ou en studio \u00e0 domicile, notre pompe \u00e0 air fonctionne avec un niveau sonore remarquablement bas, inf\u00e9rieur \u00e0 60 dB. Cette caract\u00e9ristique ultra-silencieuse am\u00e9liore consid\u00e9rablement le confort d'utilisation et la rend id\u00e9ale pour les environnements o\u00f9 le bruit est un facteur important.<\/p>\n<h3>Performances robustes<\/h3>\n<p>Avec un d\u00e9bit constant de 30 L\/min, notre pompe \u00e0 air assure un flux d'air stable, essentiel pour la d\u00e9coupe de bois \u00e9pais ou de mat\u00e9riaux acryliques. Il en r\u00e9sulte des coupes plus nettes, avec un minimum de fum\u00e9e, pour une finition impeccable.<\/p>\n<h2>4. Compatibilit\u00e9 \u00e9tendue : Solution unique pour trouver le produit id\u00e9al<\/h2>\n<h3>Large applicabilit\u00e9<\/h3>\n<p>Notre kit d'assistance pneumatique est con\u00e7u pour s'adapter parfaitement \u00e0 la r\u00e9f\u00e9rence 95% des principaux mod\u00e8les laser actuellement sur le march\u00e9, notamment xTool, Ortur, Atomstack et diverses machines laser CO2. Cette large compatibilit\u00e9 permet aux clients d'\u00e9tendre leurs capacit\u00e9s sans avoir \u00e0 rechercher plusieurs solutions.<\/p>\n<h3>Avantages pour les concessionnaires<\/h3>\n<p>Proposer une seule r\u00e9f\u00e9rence compatible avec plusieurs machines r\u00e9duit consid\u00e9rablement la pression et la complexit\u00e9 li\u00e9es aux stocks pour les revendeurs. Cette approche simplifi\u00e9e permet une meilleure gestion des stocks et une efficacit\u00e9 op\u00e9rationnelle accrue.<\/p>\n<h2>5. Avantages li\u00e9s \u00e0 la cha\u00eene d'approvisionnement et aux partenariats<\/h2>\n<h3>Force de l'usine<\/h3>\n<p>Nous appliquons des proc\u00e9dures de contr\u00f4le qualit\u00e9 rigoureuses, garantissant un taux de d\u00e9fauts exceptionnellement bas, inf\u00e9rieur \u00e0 11\u00a0TP3T. Cet engagement envers la qualit\u00e9 minimise les retours et les co\u00fbts logistiques, vous permettant ainsi de mieux g\u00e9rer vos ressources.<\/p>\n<h3>Services de personnalisation (OEM\/ODM)<\/h3>\n<p>Nous proposons des services sur mesure, incluant des options de personnalisation de marque, la conception d'emballages et des sp\u00e9cifications de prises adapt\u00e9es \u00e0 diff\u00e9rents pays. Cette flexibilit\u00e9 vous permet de d\u00e9velopper votre propre identit\u00e9 de marque tout en r\u00e9pondant aux exigences sp\u00e9cifiques de chaque march\u00e9.<\/p>\n<h3>Assistance apr\u00e8s-vente<\/h3>\n<p>Notre \u00e9quipe d'assistance technique r\u00e9active et notre capacit\u00e9 \u00e0 fournir rapidement des pi\u00e8ces d\u00e9tach\u00e9es vous garantissent une aide pr\u00e9cieuse en cas de besoin. Ainsi, vos op\u00e9rations restent fluides et sans interruption.<\/p>\n<h2>6. Conclusion et appel \u00e0 l'action<\/h2>\n<p>Ne laissez pas des composants de qualit\u00e9 inf\u00e9rieure ternir la r\u00e9putation de vos machines haut de gamme. Choisissez une pompe \u00e0 air \u00e0 la hauteur de votre \u00e9quipement. Notre kit d'assistance pneumatique est la solution id\u00e9ale pour garantir des performances de coupe optimales et une longue dur\u00e9e de vie.<\/p>\n<p>Contactez-nous d\u00e8s aujourd'hui pour des tests d'\u00e9chantillons ou pour recevoir nos tarifs de gros B2B les plus r\u00e9cents. Optimisez votre d\u00e9coupe laser avec Ever-power.<\/p>\n<p><a href=\"https:\/\/aircompressorforlasercutter.com\/fr\/contactez-nous\/\">Contactez-nous<\/a><\/p>","protected":false},"excerpt":{"rendered":"<p>Air Assist Kit for SCULPFUN S9 S10 S30: The Unsung Hero of Laser Cutting 1. Background: The Overlooked Essential In today&#8217;s vibrant market for laser engraving machines, many buyers invest heavily in their equipment, focusing on the latest models and advanced features. However, a critical component that often goes unnoticed is the air pump. While [&hellip;]<\/p>","protected":false},"featured_media":454,"comment_status":"open","ping_status":"closed","template":"","meta":{"_et_pb_use_builder":"","_et_pb_old_content":"","_et_gb_content_width":""},"product_brand":[],"product_cat":[1093],"product_tag":[1094],"class_list":{"0":"post-465","1":"product","2":"type-product","3":"status-publish","4":"has-post-thumbnail","6":"product_cat-air-compressor-for-laser-cutter","7":"product_tag-air-compressor-for-laser-cutter","9":"first","10":"instock","11":"shipping-taxable","12":"product-type-simple"},"_links":{"self":[{"href":"https:\/\/aircompressorforlasercutter.com\/fr\/wp-json\/wp\/v2\/product\/465","targetHints":{"allow":["GET"]}}],"collection":[{"href":"https:\/\/aircompressorforlasercutter.com\/fr\/wp-json\/wp\/v2\/product"}],"about":[{"href":"https:\/\/aircompressorforlasercutter.com\/fr\/wp-json\/wp\/v2\/types\/product"}],"replies":[{"embeddable":true,"href":"https:\/\/aircompressorforlasercutter.com\/fr\/wp-json\/wp\/v2\/comments?post=465"}],"wp:featuredmedia":[{"embeddable":true,"href":"https:\/\/aircompressorforlasercutter.com\/fr\/wp-json\/wp\/v2\/media\/454"}],"wp:attachment":[{"href":"https:\/\/aircompressorforlasercutter.com\/fr\/wp-json\/wp\/v2\/media?parent=465"}],"wp:term":[{"taxonomy":"product_brand","embeddable":true,"href":"https:\/\/aircompressorforlasercutter.com\/fr\/wp-json\/wp\/v2\/product_brand?post=465"},{"taxonomy":"product_cat","embeddable":true,"href":"https:\/\/aircompressorforlasercutter.com\/fr\/wp-json\/wp\/v2\/product_cat?post=465"},{"taxonomy":"product_tag","embeddable":true,"href":"https:\/\/aircompressorforlasercutter.com\/fr\/wp-json\/wp\/v2\/product_tag?post=465"}],"curies":[{"name":"wp","href":"https:\/\/api.w.org\/{rel}","templated":true}]}}