{"id":469,"date":"2026-01-14T08:26:18","date_gmt":"2026-01-14T08:26:18","guid":{"rendered":"https:\/\/aircompressorforlasercutter.com\/product\/universal-air-assist-pump-for-diode-laser-machines\/"},"modified":"2026-01-14T08:46:24","modified_gmt":"2026-01-14T08:46:24","slug":"universal-air-assist-pump-for-diode-laser-machines","status":"publish","type":"product","link":"https:\/\/aircompressorforlasercutter.com\/fr\/produit\/pompe-dassistance-pneumatique-universelle-pour-machines-laser-a-diodes\/","title":{"rendered":"Pompe d'assistance pneumatique universelle pour machines laser \u00e0 diodes"},"content":{"rendered":"<h1>Pompe d'assistance pneumatique universelle pour machines laser \u00e0 diodes\u00a0: le h\u00e9ros m\u00e9connu<\/h1>\n<h2>1. Contexte : un \u00e9l\u00e9ment essentiel souvent n\u00e9glig\u00e9<\/h2>\n<p>Dans le contexte concurrentiel du march\u00e9 de la gravure laser, de nombreux acheteurs investissent massivement dans des machines de d\u00e9coupe laser haut de gamme, n\u00e9gligeant un accessoire essentiel\u00a0: la pompe d\u2019assistance pneumatique. Cette n\u00e9gligence peut s\u2019av\u00e9rer pr\u00e9judiciable, car l\u2019assistance pneumatique n\u2019est pas un simple compl\u00e9ment\u00a0; elle influe directement sur la qualit\u00e9 de d\u00e9coupe et la dur\u00e9e de vie de la machine.<\/p>\n<p>En r\u00e9alit\u00e9, une pompe \u00e0 air haute performance est indispensable pour obtenir des r\u00e9sultats optimaux. En se concentrant uniquement sur l'unit\u00e9 laser, les acheteurs passent \u00e0 c\u00f4t\u00e9 d'une am\u00e9lioration significative de leurs op\u00e9rations, ce qui se traduit par des r\u00e9sultats m\u00e9diocres et une augmentation des co\u00fbts d'exploitation.<\/p>\n<h2>Conclusion principale\u00a0: L\u2019impact direct de l\u2019assistance pneumatique sur les performances<\/h2>\n<p>Pour les distributeurs B2B, choisir une pompe \u00e0 air de qualit\u00e9 sup\u00e9rieure signifie moins de r\u00e9clamations concernant les d\u00e9coupes incompl\u00e8tes ou les lentilles endommag\u00e9es, et donc une meilleure fid\u00e9lisation de la client\u00e8le. La pompe d'assistance pneumatique est un \u00e9l\u00e9ment essentiel qui peut faire toute la diff\u00e9rence entre des clients satisfaits et ceux qui, insatisfaits de la qualit\u00e9 de d\u00e9coupe, se tourneront vers la concurrence.<\/p>\n<h2>2. Analyse des points sensibles\u00a0: Les co\u00fbts cach\u00e9s des pompes \u00e0 air bon march\u00e9<\/h2>\n<p>Investir dans des pompes \u00e0 air bon march\u00e9 entra\u00eene souvent des d\u00e9penses cach\u00e9es qui peuvent nuire \u00e0 l'efficacit\u00e9 et \u00e0 la rentabilit\u00e9 globales\u00a0:<\/p>\n<h3>Mauvaise qualit\u00e9 de coupe<\/h3>\n<p>Un d\u00e9bit d'air irr\u00e9gulier, d\u00fb \u00e0 des pompes de qualit\u00e9 inf\u00e9rieure, peut entra\u00eener des br\u00fblures sur les bords et une baisse de l'efficacit\u00e9 de coupe. Cela nuit non seulement \u00e0 l'esth\u00e9tique du produit fini, mais aussi \u00e0 sa valeur marchande. Les clients exigent de la pr\u00e9cision, et le moindre \u00e9cart peut impacter leur satisfaction et leur fid\u00e9lisation.<\/p>\n<h3>Risque de dommages mat\u00e9riels<\/h3>\n<p>Les pompes \u00e0 air de qualit\u00e9 inf\u00e9rieure, notamment celles qui rejettent de l'huile ou de l'humidit\u00e9, peuvent contaminer les lentilles laser, entra\u00eenant des r\u00e9parations et des retours co\u00fbteux. Cette contamination peut engendrer des temps d'arr\u00eat importants et des pertes de productivit\u00e9, affectant ainsi la rentabilit\u00e9.<\/p>\n<h3>Dissuasion du bruit<\/h3>\n<p>Les compresseurs d'air traditionnels peuvent g\u00e9n\u00e9rer un bruit excessif, ce qui limite leur utilisation dans les ateliers domestiques et les \u00e9tablissements scolaires. Ce probl\u00e8me de bruit restreint le march\u00e9 pour vos produits, car les clients potentiels h\u00e9sitent \u00e0 utiliser des machines bruyantes dans les zones r\u00e9sidentielles.<\/p>\n<h2>3. Notre solution\u00a0: red\u00e9finir l\u2019assistance pneumatique professionnelle<\/h2>\n<p>Nous pr\u00e9sentons une pompe \u00e0 assistance pneumatique r\u00e9volutionnaire con\u00e7ue pour relever les d\u00e9fis actuels du march\u00e9\u00a0:<\/p>\n<h3>Conception sans huile et sans eau<\/h3>\n<p>Notre pompe \u00e0 assistance pneumatique universelle, dot\u00e9e d'une conception sans huile et sans eau (r\u00e9f\u00e9rence 100%), assure une protection compl\u00e8te des lentilles laser. Elle \u00e9limine ainsi tout besoin de maintenance pour les utilisateurs finaux, leur offrant une utilisation simplifi\u00e9e et prolongeant la dur\u00e9e de vie de leur \u00e9quipement.<\/p>\n<h3>Technologie ultra-silencieuse<\/h3>\n<p>Con\u00e7ue sp\u00e9cifiquement pour une utilisation en int\u00e9rieur et en studio \u00e0 domicile, notre pompe \u00e0 air assist\u00e9e fonctionne avec un niveau sonore exceptionnellement bas (&lt; 60 dB), am\u00e9liorant ainsi le confort d&#039;utilisation. Cette caract\u00e9ristique ouvre de nouvelles perspectives sur les march\u00e9s du bricolage et de l&#039;\u00e9ducation, permettant un plus large \u00e9ventail d&#039;applications et une client\u00e8le plus nombreuse.<\/p>\n<h3>Performances robustes<\/h3>\n<p>Offrant un d\u00e9bit constant et puissant de 30 L\/min, notre pompe garantit des coupes nettes et sans fum\u00e9e, m\u00eame avec des mat\u00e9riaux \u00e9pais comme le bois ou l'acrylique. Les utilisateurs peuvent ainsi avoir l'assurance que leurs projets r\u00e9pondront aux plus hautes exigences, ce qui renforcera leur satisfaction et fid\u00e9lisera leur client\u00e8le.<\/p>\n<h2>4. Compatibilit\u00e9 \u00e9tendue : une solution de correspondance unique<\/h2>\n<p>Notre pompe \u00e0 assistance pneumatique est con\u00e7ue pour s'int\u00e9grer parfaitement \u00e0 la r\u00e9f\u00e9rence 95% des principaux mod\u00e8les du march\u00e9, notamment xTool, Ortur, Atomstack et diverses machines laser CO2. Cette large compatibilit\u00e9 permet aux distributeurs de r\u00e9pondre aux besoins vari\u00e9s de leurs clients sans avoir \u00e0 g\u00e9rer de multiples r\u00e9f\u00e9rences.<\/p>\n<h3>Avantages pour les distributeurs<\/h3>\n<p>Avec une seule r\u00e9f\u00e9rence compatible avec plusieurs machines, notre solution r\u00e9duit consid\u00e9rablement la pression et la complexit\u00e9 des stocks pour les distributeurs, ce qui en fait un choix efficace pour maintenir les niveaux de stock tout en r\u00e9pondant aux besoins d'une client\u00e8le diversifi\u00e9e.<\/p>\n<h2>5. Avantages li\u00e9s \u00e0 la cha\u00eene d'approvisionnement et aux partenariats<\/h2>\n<p>Notre engagement envers la qualit\u00e9 et la satisfaction client nous distingue dans le secteur :<\/p>\n<h3>Puissance brute de l'usine<\/h3>\n<p>Nous avons mis en place des processus de contr\u00f4le qualit\u00e9 rigoureux qui garantissent un taux de d\u00e9fauts exceptionnellement bas (&lt;1%), minimisant ainsi les retours et vos co\u00fbts logistiques. Notre fiabilit\u00e9 vous assure de proposer \u00e0 vos clients des produits d&#039;une qualit\u00e9 irr\u00e9prochable.<\/p>\n<h3>Services personnalisables (OEM\/ODM)<\/h3>\n<p>Nous proposons des services personnalis\u00e9s, incluant la cr\u00e9ation de logos, des solutions d'emballage et des sp\u00e9cifications de prises adapt\u00e9es aux sp\u00e9cificit\u00e9s de chaque pays. Cette flexibilit\u00e9 vous permet de d\u00e9velopper une identit\u00e9 de marque forte tout en r\u00e9pondant aux exigences des march\u00e9s locaux.<\/p>\n<h3>Assistance apr\u00e8s-vente<\/h3>\n<p>Notre \u00e9quipe offre une assistance technique rapide et des capacit\u00e9s d'approvisionnement en pi\u00e8ces d\u00e9tach\u00e9es, garantissant ainsi une r\u00e9solution rapide de tout probl\u00e8me et favorisant la confiance et des relations \u00e0 long terme avec vos clients.<\/p>\n<h2>6. Conclusion et appel \u00e0 l'action<\/h2>\n<p>Ne laissez pas des accessoires de qualit\u00e9 inf\u00e9rieure ternir la r\u00e9putation de vos machines laser haut de gamme. Choisissez une pompe d'assistance pneumatique adapt\u00e9e \u00e0 la qualit\u00e9 de votre \u00e9quipement pour garantir des performances optimales.<\/p>\n<p>Contactez-nous d\u00e8s aujourd'hui pour des tests d'\u00e9chantillons ou pour obtenir nos tarifs de gros B2B. Am\u00e9liorez votre offre et la satisfaction de vos clients gr\u00e2ce \u00e0 notre pompe \u00e0 air universelle.<\/p>\n<p>Pour toute question, veuillez consulter le site web. <a href=\"https:\/\/aircompressorforlasercutter.com\/fr\/contactez-nous\/\">ce lien<\/a>.<\/p>","protected":false},"excerpt":{"rendered":"<p>Universal Air Assist Pump for Diode Laser Machines: The Unsung Hero 1. Background: A Critical Component Often Overlooked In the competitive landscape of the laser engraving market, many buyers invest heavily in high-end laser cutting machines while neglecting a crucial accessory: the air assist pump. This oversight can be detrimental, as air assist is not [&hellip;]<\/p>","protected":false},"featured_media":455,"comment_status":"open","ping_status":"closed","template":"","meta":{"_et_pb_use_builder":"","_et_pb_old_content":"","_et_gb_content_width":""},"product_brand":[],"product_cat":[1093],"product_tag":[1095],"class_list":{"0":"post-469","1":"product","2":"type-product","3":"status-publish","4":"has-post-thumbnail","6":"product_cat-air-compressor-for-laser-cutter","7":"product_tag-air-compressor-for-laser-cutter-price","9":"first","10":"instock","11":"shipping-taxable","12":"product-type-simple"},"_links":{"self":[{"href":"https:\/\/aircompressorforlasercutter.com\/fr\/wp-json\/wp\/v2\/product\/469","targetHints":{"allow":["GET"]}}],"collection":[{"href":"https:\/\/aircompressorforlasercutter.com\/fr\/wp-json\/wp\/v2\/product"}],"about":[{"href":"https:\/\/aircompressorforlasercutter.com\/fr\/wp-json\/wp\/v2\/types\/product"}],"replies":[{"embeddable":true,"href":"https:\/\/aircompressorforlasercutter.com\/fr\/wp-json\/wp\/v2\/comments?post=469"}],"wp:featuredmedia":[{"embeddable":true,"href":"https:\/\/aircompressorforlasercutter.com\/fr\/wp-json\/wp\/v2\/media\/455"}],"wp:attachment":[{"href":"https:\/\/aircompressorforlasercutter.com\/fr\/wp-json\/wp\/v2\/media?parent=469"}],"wp:term":[{"taxonomy":"product_brand","embeddable":true,"href":"https:\/\/aircompressorforlasercutter.com\/fr\/wp-json\/wp\/v2\/product_brand?post=469"},{"taxonomy":"product_cat","embeddable":true,"href":"https:\/\/aircompressorforlasercutter.com\/fr\/wp-json\/wp\/v2\/product_cat?post=469"},{"taxonomy":"product_tag","embeddable":true,"href":"https:\/\/aircompressorforlasercutter.com\/fr\/wp-json\/wp\/v2\/product_tag?post=469"}],"curies":[{"name":"wp","href":"https:\/\/api.w.org\/{rel}","templated":true}]}}