{"id":472,"date":"2026-01-14T08:26:18","date_gmt":"2026-01-14T08:26:18","guid":{"rendered":"https:\/\/aircompressorforlasercutter.com\/product\/low-vibration-air-pump-for-desktop-laser-cutter\/"},"modified":"2026-01-14T08:45:10","modified_gmt":"2026-01-14T08:45:10","slug":"low-vibration-air-pump-for-desktop-laser-cutter","status":"publish","type":"product","link":"https:\/\/aircompressorforlasercutter.com\/fr\/produit\/pompe-a-air-a-faibles-vibrations-pour-decoupeuse-laser-de-bureau\/","title":{"rendered":"Pompe \u00e0 air \u00e0 faibles vibrations pour d\u00e9coupeuse laser de bureau"},"content":{"rendered":"<h1>Pompe \u00e0 air \u00e0 faibles vibrations pour d\u00e9coupeuse laser de bureau\u00a0: l\u2019alli\u00e9e indispensable<\/h1>\n<h2>1. Contexte : La r\u00e9alit\u00e9 du march\u00e9<\/h2>\n<p>Dans le monde en pleine expansion de la d\u00e9coupe et de la gravure laser, de nombreux acheteurs investissent massivement dans des machines laser haut de gamme, n\u00e9gligeant souvent un composant essentiel\u00a0: la pompe \u00e0 air. Cette n\u00e9gligence peut entra\u00eener des r\u00e9sultats m\u00e9diocres et des co\u00fbts inutiles. Nombreux sont ceux qui ignorent que l\u2019assistance pneumatique n\u2019est pas un simple accessoire\u00a0; elle influe directement sur la qualit\u00e9 de d\u00e9coupe et, par cons\u00e9quent, sur la dur\u00e9e de vie de la machine. Une pompe \u00e0 air adapt\u00e9e peut optimiser les performances globales des syst\u00e8mes laser, garantissant ainsi la r\u00e9alisation de projets pr\u00e9cis et efficaces.<\/p>\n<h2>Point cl\u00e9 : L'assistance a\u00e9rienne en tant que composante int\u00e9grante<\/h2>\n<p>Pour les distributeurs B2B, choisir une pompe \u00e0 air de qualit\u00e9 permet de r\u00e9duire les r\u00e9clamations clients concernant des probl\u00e8mes tels que des d\u00e9coupes incompl\u00e8tes ou des lentilles endommag\u00e9es. Cette am\u00e9lioration renforce non seulement la satisfaction client, mais favorise \u00e9galement une meilleure fid\u00e9lisation. Les distributeurs qui comprennent l'importance d'associer leurs machines laser \u00e0 un support de pompe \u00e0 air performant b\u00e9n\u00e9ficient grandement d'une r\u00e9duction des besoins en service apr\u00e8s-vente et d'une fid\u00e9lisation accrue de leur client\u00e8le.<\/p>\n<h2>2. Analyse des points sensibles\u00a0: Les co\u00fbts cach\u00e9s des pompes \u00e0 air bon march\u00e9<\/h2>\n<h3>Mauvaise qualit\u00e9 de coupe<\/h3>\n<p>Les pompes \u00e0 air \u00e9conomiques peuvent sembler avantageuses au premier abord, mais elles entra\u00eenent souvent une qualit\u00e9 de coupe m\u00e9diocre. Un flux d'air instable peut provoquer la carbonisation des bords du mat\u00e9riau, ce qui nuit \u00e0 l'esth\u00e9tique du produit fini. Cela affecte non seulement la satisfaction du client, mais aussi la valeur per\u00e7ue du produit.<\/p>\n<h3>Risque de dommages mat\u00e9riels<\/h3>\n<p>Les pompes \u00e0 air bon march\u00e9, notamment celles \u00e0 huile, peuvent lib\u00e9rer des brouillards d'huile ou de l'humidit\u00e9 susceptibles de contaminer les lentilles laser. Cette contamination peut engendrer des r\u00e9parations et des retours co\u00fbteux, r\u00e9duisant ainsi les marges b\u00e9n\u00e9ficiaires et nuisant \u00e0 la r\u00e9putation de l'entreprise.<\/p>\n<h3>Dissuasion du bruit<\/h3>\n<p>Les compresseurs d'air traditionnels sont r\u00e9put\u00e9s pour leur fonctionnement bruyant, ce qui peut dissuader les particuliers et les cr\u00e9ateurs dans les milieux \u00e9ducatifs. Cette pollution sonore limite l'utilisation des d\u00e9coupeuses laser dans les espaces restreints et restreint les d\u00e9bouch\u00e9s commerciaux pour les fournisseurs.<\/p>\n<h2>3. Notre solution : red\u00e9finir l'assistance a\u00e9rienne professionnelle<\/h2>\n<h3>Conception sans huile et sans humidit\u00e9<\/h3>\n<p>Notre pompe \u00e0 air \u00e0 faibles vibrations est dot\u00e9e d'une conception sans huile et sans humidit\u00e9 (mod\u00e8le 100%), assurant une protection optimale des lentilles laser. Elle \u00e9limine ainsi la n\u00e9cessit\u00e9 d'une maintenance r\u00e9guli\u00e8re pour les utilisateurs finaux, leur offrant une tranquillit\u00e9 d'esprit et r\u00e9duisant les co\u00fbts d'exploitation.<\/p>\n<h3>Technologie ultra-silencieuse<\/h3>\n<p>Con\u00e7ue sp\u00e9cifiquement pour les studios d'int\u00e9rieur et les studios \u00e0 domicile, notre pompe \u00e0 air fonctionne avec un niveau sonore remarquablement bas, inf\u00e9rieur \u00e0 60 dB. Ce fonctionnement ultra-silencieux am\u00e9liore consid\u00e9rablement le confort d'utilisation, ce qui la rend id\u00e9ale pour les professionnels cr\u00e9atifs qui exigent un environnement de travail optimal.<\/p>\n<h3>Performances robustes<\/h3>\n<p>Avec un d\u00e9bit d'air constant de 30 L\/min, notre pompe \u00e0 air garantit une d\u00e9coupe nette et sans fum\u00e9e, m\u00eame des mat\u00e9riaux les plus r\u00e9sistants comme le bois \u00e9pais ou l'acrylique. Elle am\u00e9liore ainsi l'efficacit\u00e9 de la d\u00e9coupe et prolonge la dur\u00e9e de vie de la machine laser.<\/p>\n<h2>4. Compatibilit\u00e9 \u00e9tendue : Solution unique pour trouver le produit id\u00e9al<\/h2>\n<h3>Large gamme d'applications<\/h3>\n<p>Notre pompe \u00e0 air est con\u00e7ue pour \u00eatre parfaitement compatible avec le mod\u00e8le 95% des principales machines du march\u00e9, notamment xTool, Ortur, Atomstack et diverses machines laser CO2. Cette large compatibilit\u00e9 permet aux clients d'int\u00e9grer facilement notre pompe sans aucune modification suppl\u00e9mentaire.<\/p>\n<h3>Avantages pour les distributeurs<\/h3>\n<p>Gr\u00e2ce \u00e0 une seule r\u00e9f\u00e9rence compatible avec plusieurs machines, les distributeurs peuvent r\u00e9duire consid\u00e9rablement la pression sur les stocks et simplifier la gestion des approvisionnements. Ce gain d'efficacit\u00e9 se traduit par une baisse des co\u00fbts op\u00e9rationnels et une am\u00e9lioration de la rentabilit\u00e9 globale.<\/p>\n<h2>5. Avantages li\u00e9s \u00e0 la cha\u00eene d'approvisionnement et \u00e0 la collaboration<\/h2>\n<h3>Force de l'usine<\/h3>\n<p>Nous sommes fiers de nos processus de contr\u00f4le qualit\u00e9 rigoureux qui garantissent un taux de d\u00e9fauts exceptionnellement bas, inf\u00e9rieur \u00e0 11\u00a0TP3T. Cet engagement envers la qualit\u00e9 se traduit par des \u00e9conomies importantes sur les co\u00fbts de retour pour nos partenaires.<\/p>\n<h3>Services personnalis\u00e9s (OEM\/ODM)<\/h3>\n<p>Nous proposons des solutions personnalisables, incluant la cr\u00e9ation de logos, la modification des emballages et l'adaptation des sp\u00e9cifications des prises aux diff\u00e9rents pays. Cette flexibilit\u00e9 vous permet de cr\u00e9er une identit\u00e9 de marque unique, en phase avec votre march\u00e9 cible.<\/p>\n<h3>Assistance apr\u00e8s-vente<\/h3>\n<p>Notre engagement va au-del\u00e0 de la vente, avec une assistance technique rapide et la disponibilit\u00e9 de pi\u00e8ces d\u00e9tach\u00e9es, garantissant ainsi le bon d\u00e9roulement de vos op\u00e9rations sans interruptions inutiles.<\/p>\n<h2>6. Conclusion et appel \u00e0 l'action<\/h2>\n<p>Ne laissez pas des composants de qualit\u00e9 inf\u00e9rieure ternir la r\u00e9putation de vos machines haut de gamme. Investissez dans une pompe \u00e0 air \u00e0 la hauteur de votre \u00e9quipement. En choisissant notre pompe \u00e0 air \u00e0 faibles vibrations, vous garantissez des processus de d\u00e9coupe non seulement efficaces, mais aussi d'une qualit\u00e9 sup\u00e9rieure.<\/p>\n<p>Contactez-nous d\u00e8s aujourd'hui pour des tests d'\u00e9chantillons ou pour obtenir les derniers d\u00e9tails sur nos tarifs de gros B2B. Visitez notre site web \u00e0 l'adresse suivante\u00a0: <a href=\"https:\/\/aircompressorforlasercutter.com\/fr\/contactez-nous\/\">Contactez-nous en permanence<\/a> pour en savoir plus sur la fa\u00e7on dont nos solutions peuvent \u00eatre b\u00e9n\u00e9fiques \u00e0 votre entreprise.<\/p>","protected":false},"excerpt":{"rendered":"<p>Low Vibration Air Pump for Desktop Laser Cutter: The Unsung Hero 1. Background: The Market Reality In the burgeoning world of laser cutting and engraving, many buyers invest significantly in high-end laser machines, often overlooking a crucial component: the air pump. This oversight can lead to compromised results and unnecessary costs. Many do not realize [&hellip;]<\/p>","protected":false},"featured_media":455,"comment_status":"open","ping_status":"closed","template":"","meta":{"_et_pb_use_builder":"","_et_pb_old_content":"","_et_gb_content_width":""},"product_brand":[],"product_cat":[1093],"product_tag":[1095],"class_list":{"0":"post-472","1":"product","2":"type-product","3":"status-publish","4":"has-post-thumbnail","6":"product_cat-air-compressor-for-laser-cutter","7":"product_tag-air-compressor-for-laser-cutter-price","9":"first","10":"instock","11":"shipping-taxable","12":"product-type-simple"},"_links":{"self":[{"href":"https:\/\/aircompressorforlasercutter.com\/fr\/wp-json\/wp\/v2\/product\/472","targetHints":{"allow":["GET"]}}],"collection":[{"href":"https:\/\/aircompressorforlasercutter.com\/fr\/wp-json\/wp\/v2\/product"}],"about":[{"href":"https:\/\/aircompressorforlasercutter.com\/fr\/wp-json\/wp\/v2\/types\/product"}],"replies":[{"embeddable":true,"href":"https:\/\/aircompressorforlasercutter.com\/fr\/wp-json\/wp\/v2\/comments?post=472"}],"wp:featuredmedia":[{"embeddable":true,"href":"https:\/\/aircompressorforlasercutter.com\/fr\/wp-json\/wp\/v2\/media\/455"}],"wp:attachment":[{"href":"https:\/\/aircompressorforlasercutter.com\/fr\/wp-json\/wp\/v2\/media?parent=472"}],"wp:term":[{"taxonomy":"product_brand","embeddable":true,"href":"https:\/\/aircompressorforlasercutter.com\/fr\/wp-json\/wp\/v2\/product_brand?post=472"},{"taxonomy":"product_cat","embeddable":true,"href":"https:\/\/aircompressorforlasercutter.com\/fr\/wp-json\/wp\/v2\/product_cat?post=472"},{"taxonomy":"product_tag","embeddable":true,"href":"https:\/\/aircompressorforlasercutter.com\/fr\/wp-json\/wp\/v2\/product_tag?post=472"}],"curies":[{"name":"wp","href":"https:\/\/api.w.org\/{rel}","templated":true}]}}