{"id":474,"date":"2026-01-14T08:26:19","date_gmt":"2026-01-14T08:26:19","guid":{"rendered":"https:\/\/aircompressorforlasercutter.com\/product\/continuous-duty-air-pump-for-commercial-laser-cutting\/"},"modified":"2026-01-14T08:39:03","modified_gmt":"2026-01-14T08:39:03","slug":"continuous-duty-air-pump-for-commercial-laser-cutting","status":"publish","type":"product","link":"https:\/\/aircompressorforlasercutter.com\/fr\/produit\/pompe-a-air-a-fonctionnement-continu-pour-decoupe-laser-industrielle\/","title":{"rendered":"Pompe \u00e0 air \u00e0 fonctionnement continu pour d\u00e9coupe laser industrielle"},"content":{"rendered":"<h1>Pompe \u00e0 air \u00e0 fonctionnement continu pour d\u00e9coupe laser industrielle<\/h1>\n<h2>Le h\u00e9ros m\u00e9connu<\/h2>\n<p>Dans le domaine de la d\u00e9coupe laser, o\u00f9 la pr\u00e9cision et la qualit\u00e9 sont primordiales, un \u00e9l\u00e9ment essentiel est souvent n\u00e9glig\u00e9\u00a0: la pompe \u00e0 air. Alors que les acheteurs investissent des sommes consid\u00e9rables dans des machines de gravure laser haut de gamme, l\u2019importance de la pompe \u00e0 air \u2013 un accessoire indispensable \u2013 reste largement sous-estim\u00e9e. Cet oubli peut compromettre les objectifs m\u00eames que ces acheteurs s\u2019efforcent d\u2019atteindre.<\/p>\n<p>L'assistance pneumatique d\u00e9passe le simple r\u00f4le d'accessoire\u00a0; elle joue un r\u00f4le essentiel dans la qualit\u00e9 de coupe et la dur\u00e9e de vie des \u00e9quipements. Sur un march\u00e9 o\u00f9 l'efficacit\u00e9 et la satisfaction client sont primordiales, le choix d'une pompe \u00e0 air adapt\u00e9e peut avoir un impact significatif sur les r\u00e9sultats commerciaux.<\/p>\n<h2>Analyse de march\u00e9 : Le co\u00fbt de la n\u00e9gligence des pompes \u00e0 air<\/h2>\n<p>Pour les distributeurs, choisir une pompe \u00e0 air de haute qualit\u00e9 permet de r\u00e9duire les plaintes des clients concernant des probl\u00e8mes tels que les \u00ab d\u00e9coupes incompl\u00e8tes \u00bb et les \u00ab lentilles endommag\u00e9es \u00bb. Ce choix a un impact direct sur la fid\u00e9lisation de la client\u00e8le, favorisant ainsi des relations \u00e0 long terme et renfor\u00e7ant la fid\u00e9lit\u00e9 \u00e0 la marque.<\/p>\n<h3>Analyse des points faibles : les co\u00fbts cach\u00e9s des pompes \u00e0 air bon march\u00e9<\/h3>\n<p>Bien qu'il puisse \u00eatre tentant d'opter pour des alternatives moins co\u00fbteuses, les co\u00fbts cach\u00e9s associ\u00e9s aux pompes \u00e0 air bon march\u00e9 peuvent \u00eatre pr\u00e9judiciables\u00a0:<\/p>\n<ul>\n<li><strong>Mauvaise qualit\u00e9 de coupe\u00a0:<\/strong> Un flux d'air instable entra\u00eene la carbonisation des bords du mat\u00e9riau et une diminution de l'efficacit\u00e9 de coupe, ce qui nuit \u00e0 l'apparence du produit final pour les utilisateurs finaux.<\/li>\n<li><strong>Risque d'endommagement du mat\u00e9riel\u00a0:<\/strong> Les pompes de qualit\u00e9 inf\u00e9rieure, en particulier celles remplies d'huile, peuvent \u00e9mettre des brouillards d'huile ou de l'humidit\u00e9 qui contaminent les optiques laser, entra\u00eenant des co\u00fbts de r\u00e9paration \u00e9lev\u00e9s et des retours de produits.<\/li>\n<li><strong>Pollution sonore :<\/strong> Les compresseurs d'air traditionnels fonctionnent souvent \u00e0 des niveaux sonores \u00e9lev\u00e9s, ce qui limite leur utilisation dans les environnements domestiques et les espaces \u00e9ducatifs cr\u00e9atifs, r\u00e9duisant ainsi leur potentiel de march\u00e9.<\/li>\n<\/ul>\n<h2>Notre solution : red\u00e9finir l'assistance a\u00e9rienne \u00ab de qualit\u00e9 professionnelle \u00bb.<\/h2>\n<p>Ever-power est fier de pr\u00e9senter une pompe \u00e0 air r\u00e9volutionnaire con\u00e7ue sp\u00e9cifiquement pour les applications de d\u00e9coupe laser industrielles. Notre pompe \u00e0 air \u00e0 fonctionnement continu red\u00e9finit les normes de l'assistance pneumatique en privil\u00e9giant la performance, la fiabilit\u00e9 et l'exp\u00e9rience utilisateur.<\/p>\n<h3>Conception sans huile et sans eau<\/h3>\n<p>Notre pompe \u00e0 air 100%, sans huile ni eau, garantit une protection optimale des lentilles laser. Lib\u00e9r\u00e9s des contraintes de maintenance, les utilisateurs peuvent se concentrer pleinement sur leurs activit\u00e9s.<\/p>\n<h3>Technologie ultra-silencieuse<\/h3>\n<p>Con\u00e7ue sp\u00e9cifiquement pour les environnements int\u00e9rieurs et les studios \u00e0 domicile, notre pompe \u00e0 air fonctionne \u00e0 un niveau sonore inf\u00e9rieur \u00e0 60 dB. Ce fonctionnement ultra-silencieux am\u00e9liore consid\u00e9rablement l'exp\u00e9rience utilisateur, la rendant id\u00e9ale pour les applications \u00e9ducatives et cr\u00e9atives.<\/p>\n<h3>Performances robustes<\/h3>\n<p>Avec un d\u00e9bit continu de 30 litres par minute, notre pompe \u00e0 air assure un flux d'air stable et puissant, garantissant des coupes nettes et sans fum\u00e9e, m\u00eame lors du traitement de bois \u00e9pais ou de mat\u00e9riaux acryliques. Cette performance am\u00e9liore non seulement la qualit\u00e9 de coupe, mais aussi l'efficacit\u00e9 du flux de travail.<\/p>\n<h2>Compatibilit\u00e9 \u00e9tendue : une solution tout-en-un<\/h2>\n<p>Notre pompe \u00e0 air est con\u00e7ue pour une large compatibilit\u00e9, s'adaptant parfaitement jusqu'\u00e0 95% des machines de d\u00e9coupe laser courantes disponibles sur le march\u00e9, y compris des mod\u00e8les populaires comme xTool, Ortur, Atomstack et diverses machines laser CO2.<\/p>\n<p>Pour les distributeurs, cela signifie qu'une seule r\u00e9f\u00e9rence peut convenir \u00e0 plusieurs types de machines, r\u00e9duisant ainsi la pression sur les stocks et simplifiant leur gestion.<\/p>\n<h2>Avantages li\u00e9s \u00e0 la cha\u00eene d'approvisionnement et aux partenariats<\/h2>\n<p>Chez Ever-power, nous sommes fiers de nos processus de contr\u00f4le qualit\u00e9 rigoureux, qui garantissent un taux de d\u00e9fauts exceptionnellement bas, inf\u00e9rieur \u00e0 11\u00a0TP3T. Cet engagement se traduit par des \u00e9conomies pour les distributeurs, gr\u00e2ce \u00e0 la r\u00e9duction des retours et des frais logistiques.<\/p>\n<p>Nous proposons \u00e9galement des services personnalis\u00e9s, notamment des options OEM et ODM, permettant une personnalisation de la marque, du packaging et des sp\u00e9cifications des connecteurs afin de r\u00e9pondre aux besoins des diff\u00e9rents march\u00e9s. Notre r\u00e9activit\u00e9 technique et notre capacit\u00e9 d'approvisionnement en pi\u00e8ces d\u00e9tach\u00e9es confortent notre position de partenaire fiable.<\/p>\n<p>Ne laissez pas des accessoires de qualit\u00e9 inf\u00e9rieure ternir la r\u00e9putation de vos machines haut de gamme. Choisir une pompe \u00e0 air adapt\u00e9e \u00e0 la qualit\u00e9 de votre \u00e9quipement est essentiel pour garantir un fonctionnement optimal.<\/p>\n<p>Contactez-nous d\u00e8s aujourd'hui pour demander un \u00e9chantillon \u00e0 tester ou pour obtenir notre liste de prix de gros B2B. Am\u00e9liorez votre offre avec une pompe \u00e0 air \u00e0 fonctionnement continu offrant des performances et une fiabilit\u00e9 in\u00e9gal\u00e9es.<\/p>\n<p><a href=\"https:\/\/aircompressorforlasercutter.com\/fr\/contactez-nous\/\">Contactez-nous<\/a><\/p>","protected":false},"excerpt":{"rendered":"<p>Continuous Duty Air Pump for Commercial Laser Cutting The Unsung Hero In the realm of laser cutting, where precision and quality reign supreme, one critical component often fades into the background: the air pump. While buyers invest substantial sums into high-end laser engraving machines, the importance of the air pump??a vital accessory??remains largely overlooked. This [&hellip;]<\/p>","protected":false},"featured_media":456,"comment_status":"open","ping_status":"closed","template":"","meta":{"_et_pb_use_builder":"","_et_pb_old_content":"","_et_gb_content_width":""},"product_brand":[],"product_cat":[1093],"product_tag":[1094],"class_list":{"0":"post-474","1":"product","2":"type-product","3":"status-publish","4":"has-post-thumbnail","6":"product_cat-air-compressor-for-laser-cutter","7":"product_tag-air-compressor-for-laser-cutter","9":"first","10":"instock","11":"shipping-taxable","12":"product-type-simple"},"_links":{"self":[{"href":"https:\/\/aircompressorforlasercutter.com\/fr\/wp-json\/wp\/v2\/product\/474","targetHints":{"allow":["GET"]}}],"collection":[{"href":"https:\/\/aircompressorforlasercutter.com\/fr\/wp-json\/wp\/v2\/product"}],"about":[{"href":"https:\/\/aircompressorforlasercutter.com\/fr\/wp-json\/wp\/v2\/types\/product"}],"replies":[{"embeddable":true,"href":"https:\/\/aircompressorforlasercutter.com\/fr\/wp-json\/wp\/v2\/comments?post=474"}],"wp:featuredmedia":[{"embeddable":true,"href":"https:\/\/aircompressorforlasercutter.com\/fr\/wp-json\/wp\/v2\/media\/456"}],"wp:attachment":[{"href":"https:\/\/aircompressorforlasercutter.com\/fr\/wp-json\/wp\/v2\/media?parent=474"}],"wp:term":[{"taxonomy":"product_brand","embeddable":true,"href":"https:\/\/aircompressorforlasercutter.com\/fr\/wp-json\/wp\/v2\/product_brand?post=474"},{"taxonomy":"product_cat","embeddable":true,"href":"https:\/\/aircompressorforlasercutter.com\/fr\/wp-json\/wp\/v2\/product_cat?post=474"},{"taxonomy":"product_tag","embeddable":true,"href":"https:\/\/aircompressorforlasercutter.com\/fr\/wp-json\/wp\/v2\/product_tag?post=474"}],"curies":[{"name":"wp","href":"https:\/\/api.w.org\/{rel}","templated":true}]}}