{"id":479,"date":"2026-01-14T08:26:20","date_gmt":"2026-01-14T08:26:20","guid":{"rendered":"https:\/\/aircompressorforlasercutter.com\/product\/high-pressure-air-assist-for-deep-laser-cutting\/"},"modified":"2026-01-14T08:32:16","modified_gmt":"2026-01-14T08:32:16","slug":"high-pressure-air-assist-for-deep-laser-cutting","status":"publish","type":"product","link":"https:\/\/aircompressorforlasercutter.com\/fr\/produit\/assistance-pneumatique-a-haute-pression-pour-la-decoupe-laser-profonde\/","title":{"rendered":"Assistance pneumatique \u00e0 haute pression pour la d\u00e9coupe laser profonde"},"content":{"rendered":"<h1>L'assistance \u00e0 air comprim\u00e9 haute pression pour la d\u00e9coupe laser profonde\u00a0: un h\u00e9ros m\u00e9connu et pourtant essentiel.<\/h1>\n<h2>1. Contexte : Le paysage actuel du march\u00e9<\/h2>\n<p>Dans le secteur en constante \u00e9volution de la d\u00e9coupe laser, la plupart des acheteurs investissent des sommes consid\u00e9rables dans des machines de gravure laser de pointe, n\u00e9gligeant souvent un composant essentiel\u00a0: le compresseur d\u2019air. Si l\u2019attention se porte principalement sur la machine de d\u00e9coupe elle-m\u00eame, la pompe \u00e0 air joue un r\u00f4le primordial pour garantir des performances optimales, une efficacit\u00e9 maximale et une qualit\u00e9 de d\u00e9coupe irr\u00e9prochable. En r\u00e9alit\u00e9, l\u2019assistance pneumatique n\u2019est pas un simple accessoire\u00a0; elle influence fondamentalement la qualit\u00e9 de la d\u00e9coupe et prolonge la dur\u00e9e de vie des machines laser.<\/p>\n<p>L'importance de l'assistance pneumatique est capitale. Pour les entreprises, choisir la pompe \u00e0 air adapt\u00e9e permet de r\u00e9duire les r\u00e9clamations li\u00e9es aux d\u00e9coupes incompl\u00e8tes ou aux lentilles endommag\u00e9es, et donc de fid\u00e9liser davantage la client\u00e8le. Il est essentiel de comprendre que les syst\u00e8mes d'assistance pneumatique ont un impact direct sur la rentabilit\u00e9, en am\u00e9liorant l'ergonomie et la satisfaction client.<\/p>\n<h2>2. Analyse des points sensibles\u00a0: Les co\u00fbts cach\u00e9s des pompes \u00e0 air bon march\u00e9<\/h2>\n<p>Choisir des pompes \u00e0 air bon march\u00e9 peut engendrer de nombreux co\u00fbts cach\u00e9s, compromettant la qualit\u00e9 et la satisfaction client. Les cons\u00e9quences d'un compresseur d'air de qualit\u00e9 inf\u00e9rieure peuvent se manifester de diverses mani\u00e8res\u00a0:<\/p>\n<h3>Probl\u00e8mes de qualit\u00e9 de coupe<\/h3>\n<p>Un d\u00e9bit d'air instable, d\u00fb \u00e0 des compresseurs de qualit\u00e9 inf\u00e9rieure, peut entra\u00eener des br\u00fblures ou des carbonisations sur les mat\u00e9riaux, alt\u00e9rant ainsi leur aspect esth\u00e9tique. L'efficacit\u00e9 de la coupe s'en trouve r\u00e9duite, ce qui engendre des r\u00e9sultats in\u00e9gaux. Lorsque les utilisateurs finaux re\u00e7oivent des produits non conformes, leurs ventes et leur r\u00e9putation en p\u00e2tissent.<\/p>\n<h3>Risque de dommages mat\u00e9riels<\/h3>\n<p>L'utilisation de pompes \u00e0 air de mauvaise qualit\u00e9, notamment celles contenant de l'huile, peut lib\u00e9rer des brouillards d'huile ou de l'humidit\u00e9, contaminant ainsi les lentilles laser. Ceci engendre non seulement des r\u00e9parations co\u00fbteuses, mais peut \u00e9galement augmenter le taux de retour et, par cons\u00e9quent, impacter votre rentabilit\u00e9.<\/p>\n<h3>Dissuasion du bruit<\/h3>\n<p>Les compresseurs d'air traditionnels sont souvent bruyants, ce qui peut dissuader les particuliers et les fablabs \u00e9ducatifs d'utiliser la technologie de d\u00e9coupe laser. Cette limitation r\u00e9duit le march\u00e9 potentiel et, par cons\u00e9quent, la croissance du chiffre d'affaires.<\/p>\n<h2>3. Notre solution\u00a0: red\u00e9finir l\u2019assistance pneumatique \u00ab\u00a0professionnelle\u00a0\u00bb<\/h2>\n<p>Chez Ever-power, nous nous engageons \u00e0 fournir une solution d'assistance pneumatique haute performance qui pallie les lacunes des compresseurs d'air conventionnels. Nos fonctionnalit\u00e9s innovantes am\u00e9liorent l'exp\u00e9rience utilisateur et garantissent des r\u00e9sultats de coupe sup\u00e9rieurs.<\/p>\n<h3>Conception sans huile et sans eau<\/h3>\n<p>Nos pompes \u00e0 air sont dot\u00e9es d'une conception sans huile et sans eau (r\u00e9f\u00e9rence 100%), garantissant la protection des lentilles laser. L'utilisateur final n'a ainsi aucun souci de maintenance et b\u00e9n\u00e9ficie d'une utilisation simplifi\u00e9e.<\/p>\n<h3>Technologie ultra-silencieuse<\/h3>\n<p>Con\u00e7ues sp\u00e9cifiquement pour les environnements int\u00e9rieurs et les studios \u00e0 domicile, nos pompes \u00e0 air maintiennent un niveau sonore inf\u00e9rieur \u00e0 60 dB. Ce fonctionnement ultra-silencieux am\u00e9liore le confort d'utilisation et \u00e9largit le champ d'application de nos pompes dans divers contextes.<\/p>\n<h3>Performances robustes<\/h3>\n<p>Nos pompes \u00e0 air, assurant un d\u00e9bit d'air constant et stable de 30 L\/min, garantissent une d\u00e9coupe nette, sans fum\u00e9e ni poussi\u00e8re, m\u00eame des mat\u00e9riaux \u00e9pais comme le bois ou l'acrylique. Il en r\u00e9sulte des produits finis de haute qualit\u00e9 pour les utilisateurs.<\/p>\n<h2>4. Large compatibilit\u00e9 : correspondance simplifi\u00e9e (gestion des stocks sans souci)<\/h2>\n<p>Notre solution d'assistance pneumatique offre une large compatibilit\u00e9 avec le mod\u00e8le 95% des principaux mod\u00e8les disponibles sur le march\u00e9, notamment xTool, Ortur, Atomstack et diverses machines laser CO2. Cette polyvalence pr\u00e9sente des avantages consid\u00e9rables pour les distributeurs\u00a0:<\/p>\n<h3>Compatibilit\u00e9 avec une seule r\u00e9f\u00e9rence produit<\/h3>\n<p>Gr\u00e2ce \u00e0 une seule r\u00e9f\u00e9rence compatible avec plusieurs machines, les distributeurs peuvent r\u00e9duire consid\u00e9rablement la pression sur les stocks et la complexit\u00e9 de leur gestion. Cette simplification permet d'am\u00e9liorer l'efficacit\u00e9 op\u00e9rationnelle.<\/p>\n<h2>5. Avantages li\u00e9s \u00e0 la cha\u00eene d'approvisionnement et \u00e0 la collaboration<\/h2>\n<p>Ever-power s'engage \u00e0 fournir \u00e0 ses partenaires des capacit\u00e9s de cha\u00eene d'approvisionnement robustes qui am\u00e9liorent la fiabilit\u00e9 des produits et la satisfaction des clients\u00a0:<\/p>\n<h3>Force de l'usine et contr\u00f4le de la qualit\u00e9<\/h3>\n<p>Nos processus de contr\u00f4le qualit\u00e9 rigoureux garantissent un taux de d\u00e9fauts impressionnant, inf\u00e9rieur \u00e0 11\u00a0TP3T. Cette r\u00e9duction significative des d\u00e9faillances de produits se traduit par des \u00e9conomies consid\u00e9rables sur les retours et les co\u00fbts logistiques pour nos partenaires.<\/p>\n<h3>Services personnalis\u00e9s (OEM\/ODM)<\/h3>\n<p>Nous proposons des solutions sur mesure, incluant des possibilit\u00e9s de personnalisation de marque avec des logos, des designs d'emballage et des sp\u00e9cifications de prises adapt\u00e9s \u00e0 diff\u00e9rents pays. Cela vous permet de d\u00e9velopper une identit\u00e9 de marque unique sur le march\u00e9.<\/p>\n<h3>Assistance apr\u00e8s-vente<\/h3>\n<p>Notre engagement envers un service client de qualit\u00e9 sup\u00e9rieure comprend des d\u00e9lais de r\u00e9ponse technique rapides et des capacit\u00e9s d'approvisionnement efficaces en pi\u00e8ces d\u00e9tach\u00e9es, garantissant ainsi le bon d\u00e9roulement et l'efficacit\u00e9 de vos op\u00e9rations.<\/p>\n<h2>6. Conclusion et appel \u00e0 l'action (CTA)<\/h2>\n<p>Ne laissez pas des composants de qualit\u00e9 inf\u00e9rieure ternir la r\u00e9putation de vos machines haut de gamme. Choisissez une pompe \u00e0 air \u00e0 la hauteur de la qualit\u00e9 de votre \u00e9quipement. En investissant dans une solution d'assistance pneumatique de qualit\u00e9 sup\u00e9rieure, vous am\u00e9liorerez la satisfaction et la fid\u00e9lisation de votre client\u00e8le.<\/p>\n<p>Contactez-nous d\u00e8s aujourd'hui pour demander des tests d'\u00e9chantillons ou obtenir nos tarifs de gros B2B les plus r\u00e9cents. Ensemble, optimisons votre exp\u00e9rience de d\u00e9coupe laser.<\/p>\n<p><a href=\"https:\/\/aircompressorforlasercutter.com\/fr\/contactez-nous\/\">Contactez-nous<\/a><\/p>","protected":false},"excerpt":{"rendered":"<p>High Pressure Air Assist for Deep Laser Cutting: The Overlooked Unsung Hero 1. Background: The Current Market Landscape In the rapidly evolving landscape of laser cutting technology, most buyers invest substantial amounts in advanced laser engraving machines, often overlooking a critical component: the air compressor. While the focus is primarily on the cutting device itself, [&hellip;]<\/p>","protected":false},"featured_media":457,"comment_status":"open","ping_status":"closed","template":"","meta":{"_et_pb_use_builder":"","_et_pb_old_content":"","_et_gb_content_width":""},"product_brand":[],"product_cat":[1093],"product_tag":[1096],"class_list":{"0":"post-479","1":"product","2":"type-product","3":"status-publish","4":"has-post-thumbnail","6":"product_cat-air-compressor-for-laser-cutter","7":"product_tag-air-compressor-for-laser-cutter-cost","9":"first","10":"instock","11":"shipping-taxable","12":"product-type-simple"},"_links":{"self":[{"href":"https:\/\/aircompressorforlasercutter.com\/fr\/wp-json\/wp\/v2\/product\/479","targetHints":{"allow":["GET"]}}],"collection":[{"href":"https:\/\/aircompressorforlasercutter.com\/fr\/wp-json\/wp\/v2\/product"}],"about":[{"href":"https:\/\/aircompressorforlasercutter.com\/fr\/wp-json\/wp\/v2\/types\/product"}],"replies":[{"embeddable":true,"href":"https:\/\/aircompressorforlasercutter.com\/fr\/wp-json\/wp\/v2\/comments?post=479"}],"wp:featuredmedia":[{"embeddable":true,"href":"https:\/\/aircompressorforlasercutter.com\/fr\/wp-json\/wp\/v2\/media\/457"}],"wp:attachment":[{"href":"https:\/\/aircompressorforlasercutter.com\/fr\/wp-json\/wp\/v2\/media?parent=479"}],"wp:term":[{"taxonomy":"product_brand","embeddable":true,"href":"https:\/\/aircompressorforlasercutter.com\/fr\/wp-json\/wp\/v2\/product_brand?post=479"},{"taxonomy":"product_cat","embeddable":true,"href":"https:\/\/aircompressorforlasercutter.com\/fr\/wp-json\/wp\/v2\/product_cat?post=479"},{"taxonomy":"product_tag","embeddable":true,"href":"https:\/\/aircompressorforlasercutter.com\/fr\/wp-json\/wp\/v2\/product_tag?post=479"}],"curies":[{"name":"wp","href":"https:\/\/api.w.org\/{rel}","templated":true}]}}