{"id":486,"date":"2026-01-14T08:26:21","date_gmt":"2026-01-14T08:26:21","guid":{"rendered":"https:\/\/aircompressorforlasercutter.com\/product\/diode-laser-air-assist-system-with-adjustable-knob\/"},"modified":"2026-01-14T08:29:15","modified_gmt":"2026-01-14T08:29:15","slug":"diode-laser-air-assist-system-with-adjustable-knob","status":"publish","type":"product","link":"https:\/\/aircompressorforlasercutter.com\/fr\/produit\/systeme-dassistance-pneumatique-laser-a-diode-avec-bouton-reglable\/","title":{"rendered":"Syst\u00e8me d'assistance pneumatique laser \u00e0 diode avec bouton r\u00e9glable"},"content":{"rendered":"<h1><span style=\"font-size: 26px;\">1. Contexte : L'essentiel n\u00e9glig\u00e9<\/span><\/h1>\n<p>Sur le march\u00e9 concurrentiel actuel, de nombreux acheteurs investissent massivement dans des machines de gravure laser de pointe, n\u00e9gligeant souvent un composant essentiel\u00a0: le syst\u00e8me d\u2019assistance pneumatique. Si la d\u00e9coupeuse laser est l\u2019\u00e9l\u00e9ment principal, la pompe \u00e0 air joue un r\u00f4le crucial dans l\u2019am\u00e9lioration de ses performances et de sa dur\u00e9e de vie. L\u2019assistance pneumatique n\u2019est pas un simple accessoire\u00a0; elle influe directement sur la qualit\u00e9 de d\u00e9coupe finale et la dur\u00e9e de vie de la machine.<\/p>\n<p>Pour les clients B2B, choisir la bonne pompe \u00e0 air se traduit par moins de plaintes concernant des probl\u00e8mes tels que des d\u00e9coupes incompl\u00e8tes ou des lentilles endommag\u00e9es, ce qui conduit finalement \u00e0 des taux de fid\u00e9lisation de la client\u00e8le plus \u00e9lev\u00e9s.<\/p>\n<p><img loading=\"lazy\" decoding=\"async\" class=\"wp-image-455 size-full aligncenter\" src=\"https:\/\/aircompressorforlasercutter.com\/wp-content\/uploads\/2026\/01\/Air-Compressor-For-Laser-Cutter2.webp\" alt=\"Compresseur d&#039;air pour d\u00e9coupeuse laser\" width=\"800\" height=\"800\" srcset=\"https:\/\/aircompressorforlasercutter.com\/wp-content\/uploads\/2026\/01\/Air-Compressor-For-Laser-Cutter2.webp 800w, https:\/\/aircompressorforlasercutter.com\/wp-content\/uploads\/2026\/01\/Air-Compressor-For-Laser-Cutter2-480x480.webp 480w\" sizes=\"auto, (min-width: 0px) and (max-width: 480px) 480px, (min-width: 481px) 800px, 100vw\" \/><\/p>\n<h2>2. Analyse des points sensibles\u00a0: Les co\u00fbts cach\u00e9s des pompes \u00e0 air bon march\u00e9<\/h2>\n<h3>Mauvaise qualit\u00e9 de coupe<\/h3>\n<p>L'utilisation d'une pompe \u00e0 air bon march\u00e9 peut engendrer un flux d'air instable, provoquant des bords br\u00fbl\u00e9s et une baisse de l'efficacit\u00e9 de coupe. Cette d\u00e9t\u00e9rioration affecte non seulement le rendement imm\u00e9diat, mais aussi l'aspect esth\u00e9tique du produit fini. Cela peut avoir des r\u00e9percussions en cascade, impactant la satisfaction client et la fid\u00e9lisation.<\/p>\n<h3>Risque de dommages mat\u00e9riels<\/h3>\n<p>Les pompes de qualit\u00e9 inf\u00e9rieure, notamment celles lubrifi\u00e9es \u00e0 l'huile, peuvent lib\u00e9rer des brouillards d'huile ou de l'humidit\u00e9 qui contaminent la lentille laser. Cette contamination peut engendrer des r\u00e9parations et des retours co\u00fbteux, r\u00e9duisant ainsi les marges b\u00e9n\u00e9ficiaires des distributeurs qui d\u00e9pendent de machines de haute qualit\u00e9.<\/p>\n<h3>Dissuasion du bruit<\/h3>\n<p>Les compresseurs d'air traditionnels peuvent g\u00e9n\u00e9rer un bruit excessif, ce qui limite leur utilisation \u00e0 domicile et dans le cadre d'ateliers de fabrication num\u00e9rique. Ces limitations r\u00e9duisent votre march\u00e9 potentiel, car les particuliers et les enseignants recherchent souvent des solutions plus silencieuses pour leurs projets.<\/p>\n<h2>3. Notre solution\u00a0: red\u00e9finir l\u2019assistance pneumatique professionnelle<\/h2>\n<h3>Conception sans huile et sans eau<\/h3>\n<p>Le syst\u00e8me d'assistance pneumatique du laser \u00e0 diode 100%, gr\u00e2ce \u00e0 sa conception sans huile ni eau, offre une protection in\u00e9gal\u00e9e aux lentilles laser et \u00e9limine tout souci de maintenance pour l'utilisateur final. C'est la garantie d'une tranquillit\u00e9 d'esprit et de performances constantes, sans les contraintes d'entretien.<\/p>\n<h3>Technologie ultra-silencieuse<\/h3>\n<p>Con\u00e7u sp\u00e9cifiquement pour une utilisation en int\u00e9rieur et en studio \u00e0 domicile, notre syst\u00e8me fonctionne \u00e0 un niveau sonore extr\u00eamement faible (&lt; 60 dB). Cette innovation am\u00e9liore consid\u00e9rablement l&#039;exp\u00e9rience utilisateur, ce qui le rend id\u00e9al pour les environnements o\u00f9 la ma\u00eetrise du bruit est primordiale.<\/p>\n<h3>Performances robustes<\/h3>\n<p>Avec un d\u00e9bit constant de 30 L\/min, ce syst\u00e8me d'assistance pneumatique garantit des coupes nettes et sans fum\u00e9e, m\u00eame avec des mat\u00e9riaux \u00e9pais comme le bois et l'acrylique. Cette performance fiable am\u00e9liore l'efficacit\u00e9 du processus de d\u00e9coupe et permet d'obtenir des r\u00e9sultats de qualit\u00e9 sup\u00e9rieure.<\/p>\n<p><img loading=\"lazy\" decoding=\"async\" class=\"alignnone wp-image-453 size-full\" src=\"https:\/\/aircompressorforlasercutter.com\/wp-content\/uploads\/2026\/01\/Air-Compressor-For-Laser-Cutter.webp\" alt=\"Compresseur d&#039;air pour d\u00e9coupeuse laser\" width=\"800\" height=\"800\" srcset=\"https:\/\/aircompressorforlasercutter.com\/wp-content\/uploads\/2026\/01\/Air-Compressor-For-Laser-Cutter.webp 800w, https:\/\/aircompressorforlasercutter.com\/wp-content\/uploads\/2026\/01\/Air-Compressor-For-Laser-Cutter-480x480.webp 480w\" sizes=\"auto, (min-width: 0px) and (max-width: 480px) 480px, (min-width: 481px) 800px, 100vw\" \/><\/p>\n<h2>4. Compatibilit\u00e9 \u00e9tendue : Solution unique pour trouver le produit id\u00e9al<\/h2>\n<h3>Large applicabilit\u00e9<\/h3>\n<p>Notre syst\u00e8me d'assistance pneumatique est con\u00e7u pour s'adapter parfaitement \u00e0 la plupart des machines laser du march\u00e9, notamment xTool, Ortur, Atomstack et divers syst\u00e8mes laser CO2. Cette polyvalence permet aux distributeurs de r\u00e9pondre aux besoins d'une large client\u00e8le sans avoir \u00e0 g\u00e9rer un stock important.<\/p>\n<h3>Avantages pour les distributeurs<\/h3>\n<p>Gr\u00e2ce \u00e0 l'utilisation d'une seule r\u00e9f\u00e9rence compatible avec plusieurs machines, la complexit\u00e9 de la gestion des stocks est consid\u00e9rablement r\u00e9duite. Les distributeurs peuvent ainsi rationaliser leurs processus d'inventaire, ce qui se traduit par une diminution des contraintes de stockage et une efficacit\u00e9 op\u00e9rationnelle accrue.<\/p>\n<h2>5. Avantages li\u00e9s \u00e0 la cha\u00eene d'approvisionnement et aux partenariats<\/h2>\n<h3>Force de l'usine<\/h3>\n<p>Nos processus de contr\u00f4le qualit\u00e9 rigoureux garantissent un taux de d\u00e9fauts exceptionnellement bas (&lt;1%), permettant aux distributeurs de r\u00e9aliser d&#039;importantes \u00e9conomies sur les co\u00fbts logistiques li\u00e9s aux retours et aux \u00e9changes. Cette fiabilit\u00e9 favorise des relations solides entre fabricants et distributeurs, renfor\u00e7ant ainsi la confiance g\u00e9n\u00e9rale du march\u00e9.<\/p>\n<h3>Services personnalis\u00e9s (OEM\/ODM)<\/h3>\n<p>Nous proposons une personnalisation des logos, la conception des emballages et l'adaptation aux normes internationales des prises, permettant ainsi \u00e0 nos partenaires de se forger une identit\u00e9 unique sur le march\u00e9. Ces solutions sur mesure permettent aux distributeurs de se d\u00e9marquer de la concurrence.<\/p>\n<h3>Assistance apr\u00e8s-vente<\/h3>\n<p>Notre engagement \u00e0 fournir une assistance technique rapide et des pi\u00e8ces d\u00e9tach\u00e9es disponibles garantit une r\u00e9solution rapide de tout probl\u00e8me. Ce niveau de service est essentiel pour fid\u00e9liser notre client\u00e8le et assurer sa satisfaction.<\/p>\n<h2>6. Conclusion et appel \u00e0 l'action (CTA)<\/h2>\n<p>La qualit\u00e9 de votre \u00e9quipement ne doit pas \u00eatre compromise par des composants de qualit\u00e9 inf\u00e9rieure. Optimisez vos produits en choisissant une pompe \u00e0 air adapt\u00e9e aux performances de vos machines laser.<\/p>\n<p>Contactez-nous d\u00e8s aujourd'hui pour demander un \u00e9chantillon \u00e0 tester ou pour obtenir nos tarifs de gros B2B les plus r\u00e9cents. Optez pour une solution qui privil\u00e9gie la performance et la fiabilit\u00e9 de vos op\u00e9rations de d\u00e9coupe laser.<\/p>\n<p style=\"text-align: center;\"><a href=\"https:\/\/aircompressorforlasercutter.com\/fr\/contactez-nous\/\"><span style=\"font-size: 18pt;\">Contactez-nous d\u00e8s maintenant !<\/span><\/a><\/p>","protected":false},"excerpt":{"rendered":"<p>1. Background: The Overlooked Essential In today??s competitive market, many buyers invest heavily in advanced laser engraving machines, often overlooking a critical component: the air assist system. While the laser cutter may be the star of the show, the air pump plays a pivotal role in enhancing performance and longevity. Air assist is not merely [&hellip;]<\/p>","protected":false},"featured_media":457,"comment_status":"open","ping_status":"closed","template":"","meta":{"_et_pb_use_builder":"","_et_pb_old_content":"","_et_gb_content_width":""},"product_brand":[],"product_cat":[1093],"product_tag":[1096],"class_list":{"0":"post-486","1":"product","2":"type-product","3":"status-publish","4":"has-post-thumbnail","6":"product_cat-air-compressor-for-laser-cutter","7":"product_tag-air-compressor-for-laser-cutter-cost","9":"first","10":"instock","11":"shipping-taxable","12":"product-type-simple"},"_links":{"self":[{"href":"https:\/\/aircompressorforlasercutter.com\/fr\/wp-json\/wp\/v2\/product\/486","targetHints":{"allow":["GET"]}}],"collection":[{"href":"https:\/\/aircompressorforlasercutter.com\/fr\/wp-json\/wp\/v2\/product"}],"about":[{"href":"https:\/\/aircompressorforlasercutter.com\/fr\/wp-json\/wp\/v2\/types\/product"}],"replies":[{"embeddable":true,"href":"https:\/\/aircompressorforlasercutter.com\/fr\/wp-json\/wp\/v2\/comments?post=486"}],"wp:featuredmedia":[{"embeddable":true,"href":"https:\/\/aircompressorforlasercutter.com\/fr\/wp-json\/wp\/v2\/media\/457"}],"wp:attachment":[{"href":"https:\/\/aircompressorforlasercutter.com\/fr\/wp-json\/wp\/v2\/media?parent=486"}],"wp:term":[{"taxonomy":"product_brand","embeddable":true,"href":"https:\/\/aircompressorforlasercutter.com\/fr\/wp-json\/wp\/v2\/product_brand?post=486"},{"taxonomy":"product_cat","embeddable":true,"href":"https:\/\/aircompressorforlasercutter.com\/fr\/wp-json\/wp\/v2\/product_cat?post=486"},{"taxonomy":"product_tag","embeddable":true,"href":"https:\/\/aircompressorforlasercutter.com\/fr\/wp-json\/wp\/v2\/product_tag?post=486"}],"curies":[{"name":"wp","href":"https:\/\/api.w.org\/{rel}","templated":true}]}}