{"id":462,"date":"2026-01-14T08:26:17","date_gmt":"2026-01-14T08:26:17","guid":{"rendered":"https:\/\/aircompressorforlasercutter.com\/product\/air-assist-pump-for-xtool-d1-pro-laser-engraver\/"},"modified":"2026-01-14T08:50:32","modified_gmt":"2026-01-14T08:50:32","slug":"air-assist-pump-for-xtool-d1-pro-laser-engraver","status":"publish","type":"product","link":"https:\/\/aircompressorforlasercutter.com\/it\/prodotto\/pompa-di-assistenza-pneumatica-per-incisore-laser-xtool-d1-pro\/","title":{"rendered":"Pompa di assistenza pneumatica per incisore laser xTool D1 Pro"},"content":{"rendered":"<h1>Pompa ad aria compressa per incisore laser xTool D1 Pro: l'eroe sconosciuto del taglio laser<\/h1>\n<h2>1. Contesto: un mercato trascurato<\/h2>\n<p>Nel competitivo panorama dell'incisione laser, \u00e8 normale che gli acquirenti investano risorse significative nell'acquisto di macchine laser di alta qualit\u00e0 come xTool D1 Pro. Tuttavia, un componente spesso trascurato \u00e8 la pompa ad aria compressa, un accessorio cruciale che influisce direttamente sulle prestazioni e sulla longevit\u00e0 di queste macchine. Sebbene l'incisore laser in s\u00e9 riceva molta attenzione, la pompa ad aria compressa svolge un ruolo fondamentale nel migliorare la qualit\u00e0 di taglio e garantire la durata della macchina.<\/p>\n<p>L'assistenza pneumatica non \u00e8 semplicemente un accessorio supplementare; \u00e8 un elemento decisivo che influenza il risultato finale dei progetti di incisione laser. Per i clienti B2B, la scelta della pompa pneumatica pi\u00f9 adatta si traduce in un minor numero di reclami da parte dei clienti per problemi come profondit\u00e0 di taglio insufficiente o lenti danneggiate, con conseguente aumento del tasso di fidelizzazione dei clienti.<\/p>\n<h2>2. Analisi dei punti critici: i costi nascosti delle pompe ad aria economiche<\/h2>\n<h3>Qualit\u00e0 di taglio inferiore<\/h3>\n<p>L'utilizzo di una pompa ad aria a basso costo pu\u00f2 causare un flusso d'aria instabile, che influisce significativamente sulla qualit\u00e0 del taglio. Un flusso d'aria insufficiente provoca bordi bruciati sui materiali, una bassa efficienza di taglio e un aspetto del prodotto finale compromesso, che pu\u00f2 scoraggiare i potenziali acquirenti. Ci\u00f2 non solo peggiora l'esperienza dell'utente finale, ma influisce anche sulla reputazione complessiva del marchio delle aziende che si affidano alla tecnologia di incisione laser.<\/p>\n<h3>Rischio di danni all'attrezzatura<\/h3>\n<p>Le pompe pneumatiche di qualit\u00e0 inferiore, in particolare quelle a base di olio, rappresentano un rischio significativo per gli incisori laser. Possono emettere vapori d'olio o umidit\u00e0 che possono contaminare la lente laser, causando costose riparazioni e un aumento dei resi. Questi costi nascosti possono accumularsi rapidamente, incidendo sulla redditivit\u00e0 e sulla soddisfazione del cliente.<\/p>\n<h3>Deterrenti del rumore<\/h3>\n<p>I compressori d'aria tradizionali generano spesso livelli di rumore elevati, rendendoli inadatti per utenti domestici e ambienti scolastici. L'elevata rumorosit\u00e0 limita la portata del mercato e i segmenti di clientela che potrebbero trarre vantaggio dalla tecnologia di incisione laser, limitando cos\u00ec le opportunit\u00e0 di vendita.<\/p>\n<h2>3. La nostra soluzione<\/h2>\n<h3>Design senza olio e senza acqua<\/h3>\n<p>La nostra pompa ad aria compressa \u00e8 dotata di un design 100% privo di olio e acqua, che garantisce la massima protezione della lente laser. Ci\u00f2 significa che gli utenti finali possono utilizzare la macchina senza la preoccupazione di una manutenzione frequente. Migliora l'esperienza utente e garantisce la massima tranquillit\u00e0, rendendola la scelta ideale per ambienti professionali.<\/p>\n<h3>Tecnologia ultra silenziosa<\/h3>\n<p>Progettata specificamente per ambienti indoor e home studio, la nostra pompa ad aria compressa funziona a un livello di rumorosit\u00e0 estremamente basso, inferiore a 60 dB. Questo non solo migliora l'esperienza utente, ma consente anche una maggiore flessibilit\u00e0 in diverse impostazioni, garantendo che il rumore non rappresenti pi\u00f9 un ostacolo all'utilizzo di incisori laser di alta qualit\u00e0.<\/p>\n<h3>Prestazioni robuste<\/h3>\n<p>Con una portata costante di 30 l\/min, la nostra pompa ad aria compressa garantisce una portata affidabile. Questo \u00e8 fondamentale per tagliare materiali spessi come legno duro o acrilico, garantendo tagli puliti e privi di fumo o residui. Tali prestazioni sono essenziali per mantenere la qualit\u00e0 del prodotto e soddisfare le aspettative dei clienti in diverse applicazioni.<\/p>\n<h2>4. Ampia compatibilit\u00e0: corrispondenza unica per una facile gestione dell'inventario<\/h2>\n<h3>Ampia gamma di applicazioni<\/h3>\n<p>La nostra pompa ad aria compressa \u00e8 progettata per adattarsi perfettamente al 95% delle principali macchine presenti sul mercato, tra cui xTool, Ortur, Atomstack e vari laser a CO2. Questa versatilit\u00e0 la rende un investimento eccellente per i distributori che desiderano ottimizzare il proprio inventario.<\/p>\n<h3>Vantaggi per i distributori<\/h3>\n<p>Offrendo un unico SKU compatibile con pi\u00f9 macchine, \u00e8 possibile ridurre significativamente la pressione sulle scorte e la complessit\u00e0 nella gestione delle scorte. Questa efficienza si traduce in una migliore efficacia operativa e in risparmi sui costi per la vostra azienda.<\/p>\n<h2>5. Vantaggi della catena di fornitura e della partnership<\/h2>\n<h3>Forza di produzione<\/h3>\n<p>Adottiamo rigorosi processi di controllo qualit\u00e0, garantendo un tasso di difettosit\u00e0 eccezionalmente basso, inferiore a 1%. Questa garanzia di qualit\u00e0 si traduce in una riduzione dei costi logistici associati a resi e cambi, consentendovi di allocare le risorse in modo pi\u00f9 efficace.<\/p>\n<h3>Servizi personalizzati (OEM\/ODM)<\/h3>\n<p>Ever-power supporta la personalizzazione del logo del marchio, la progettazione del packaging e le specifiche delle spine per diversi paesi. Questa flessibilit\u00e0 ti consente di sviluppare la tua identit\u00e0 di marca e di soddisfare specifiche esigenze di mercato, migliorando il tuo vantaggio competitivo.<\/p>\n<h3>Assistenza post-vendita<\/h3>\n<p>Il nostro impegno nel fornire un rapido supporto tecnico e la disponibilit\u00e0 immediata dei pezzi di ricambio garantisce il mantenimento di elevati livelli di soddisfazione del cliente anche dopo la vendita iniziale. Riconosciamo che un supporto continuo \u00e8 fondamentale per promuovere relazioni a lungo termine con gli utenti finali.<\/p>\n<h2>6. Conclusione e invito all'azione<\/h2>\n<p>Non lasciare che accessori di qualit\u00e0 inferiore rovinino la reputazione delle tue macchine premium. Scegliere una pompa pneumatica di qualit\u00e0, adatta al calibro della tua attrezzatura, \u00e8 essenziale per ottenere prestazioni ottimali e la soddisfazione del cliente.<\/p>\n<p>Agisci subito! Contattaci oggi stesso per richiedere un test campione o per ottenere le ultime informazioni sui prezzi all'ingrosso B2B. Visitaci su <a href=\"https:\/\/aircompressorforlasercutter.com\/it\/contattaci\/\">Contatto sempre potente<\/a>.<\/p>","protected":false},"excerpt":{"rendered":"<p>Air Assist Pump for xTool D1 Pro Laser Engraver: The Unsung Hero of Laser Cutting 1. Background: A Market Overlooked In the competitive landscape of laser engraving, it is commonplace for buyers to invest significant resources into acquiring high-quality laser machines like the xTool D1 Pro. However, an often overlooked component is the air assist [&hellip;]<\/p>","protected":false},"featured_media":454,"comment_status":"open","ping_status":"closed","template":"","meta":{"_et_pb_use_builder":"","_et_pb_old_content":"","_et_gb_content_width":""},"product_brand":[],"product_cat":[1093],"product_tag":[1094],"class_list":{"0":"post-462","1":"product","2":"type-product","3":"status-publish","4":"has-post-thumbnail","6":"product_cat-air-compressor-for-laser-cutter","7":"product_tag-air-compressor-for-laser-cutter","9":"first","10":"instock","11":"shipping-taxable","12":"product-type-simple"},"_links":{"self":[{"href":"https:\/\/aircompressorforlasercutter.com\/it\/wp-json\/wp\/v2\/product\/462","targetHints":{"allow":["GET"]}}],"collection":[{"href":"https:\/\/aircompressorforlasercutter.com\/it\/wp-json\/wp\/v2\/product"}],"about":[{"href":"https:\/\/aircompressorforlasercutter.com\/it\/wp-json\/wp\/v2\/types\/product"}],"replies":[{"embeddable":true,"href":"https:\/\/aircompressorforlasercutter.com\/it\/wp-json\/wp\/v2\/comments?post=462"}],"wp:featuredmedia":[{"embeddable":true,"href":"https:\/\/aircompressorforlasercutter.com\/it\/wp-json\/wp\/v2\/media\/454"}],"wp:attachment":[{"href":"https:\/\/aircompressorforlasercutter.com\/it\/wp-json\/wp\/v2\/media?parent=462"}],"wp:term":[{"taxonomy":"product_brand","embeddable":true,"href":"https:\/\/aircompressorforlasercutter.com\/it\/wp-json\/wp\/v2\/product_brand?post=462"},{"taxonomy":"product_cat","embeddable":true,"href":"https:\/\/aircompressorforlasercutter.com\/it\/wp-json\/wp\/v2\/product_cat?post=462"},{"taxonomy":"product_tag","embeddable":true,"href":"https:\/\/aircompressorforlasercutter.com\/it\/wp-json\/wp\/v2\/product_tag?post=462"}],"curies":[{"name":"wp","href":"https:\/\/api.w.org\/{rel}","templated":true}]}}