{"id":463,"date":"2026-01-14T08:26:17","date_gmt":"2026-01-14T08:26:17","guid":{"rendered":"https:\/\/aircompressorforlasercutter.com\/product\/laser-cutter-air-compressor-for-ortur-laser-master-3\/"},"modified":"2026-01-14T08:50:02","modified_gmt":"2026-01-14T08:50:02","slug":"laser-cutter-air-compressor-for-ortur-laser-master-3","status":"publish","type":"product","link":"https:\/\/aircompressorforlasercutter.com\/it\/prodotto\/compressore-daria-per-taglierina-laser-ortur-laser-master-3\/","title":{"rendered":"Compressore d'aria per taglio laser per Ortur Laser Master 3"},"content":{"rendered":"<h1>Compressore d'aria per taglierina laser Ortur Laser Master 3: l'eroe sconosciuto<\/h1>\n<h2>1. Contesto: la componente trascurata<\/h2>\n<p>Nel mercato competitivo odierno, molti acquirenti investono somme considerevoli in macchine per incisione laser di alta qualit\u00e0, spesso trascurando le apparecchiature di supporto fondamentali: il compressore d'aria. Sebbene una macchina per taglio laser di ultima generazione possa trasformare i materiali con precisione, sono i sistemi ausiliari a migliorarne realmente le prestazioni.<\/p>\n<p>L'assistenza aerea non \u00e8 semplicemente un accessorio; svolge un ruolo fondamentale nel determinare sia il risultato finale <strong>qualit\u00e0 di taglio<\/strong> e il <strong>longevit\u00e0 della macchina<\/strong>In un settore in cui la soddisfazione del cliente \u00e8 fondamentale, comprendere il valore di un compressore d'aria affidabile pu\u00f2 fare la differenza rispetto alla concorrenza.<\/p>\n<p>Per i distributori, scegliere la pompa ad aria giusta si traduce in un minor numero di reclami relativi a problemi come \"tagli incompleti\" e \"lenti danneggiate\", portando in definitiva a tassi di fidelizzazione della clientela pi\u00f9 elevati.<\/p>\n<h2>2. Analisi dei punti critici: i costi nascosti dei compressori economici<\/h2>\n<h3>Scarsa qualit\u00e0 di taglio<\/h3>\n<p>Quando si utilizza una pompa ad aria di bassa qualit\u00e0, l'instabilit\u00e0 del flusso d'aria pu\u00f2 portare a risultati indesiderati. Ad esempio, i bordi potrebbero carbonizzarsi o bruciarsi, compromettendo significativamente l'aspetto estetico del prodotto finale. Ci\u00f2 non solo incide sulla soddisfazione del cliente, ma pu\u00f2 anche comportare una perdita di vendite.<\/p>\n<h3>Rischio di danni all'attrezzatura<\/h3>\n<p>I compressori d'aria di bassa qualit\u00e0, in particolare quelli a base d'olio, possono rilasciare nebbie oleose o umidit\u00e0 che contaminano le ottiche laser. Tale contaminazione pu\u00f2 comportare riparazioni e resi costosi, che avrebbero potuto essere evitati con un sistema di alimentazione dell'aria affidabile.<\/p>\n<h3>Deterrente del rumore<\/h3>\n<p>I compressori d'aria tradizionali sono notoriamente rumorosi, il che rappresenta un ostacolo per gli utenti domestici e i laboratori didattici. Questo inquinamento acustico riduce l'usabilit\u00e0 del prodotto in ambito residenziale e limita la sua portata di mercato.<\/p>\n<h2>3. La nostra soluzione<\/h2>\n<h3>Design senza olio e senza umidit\u00e0<\/h3>\n<p>Il nostro compressore d'aria 100%, con design senza olio e senza acqua, garantisce la protezione delle lenti laser. Gli utenti finali possono stare tranquilli sapendo di non dover affrontare problemi di manutenzione, potendo cos\u00ec concentrarsi esclusivamente sui propri progetti creativi.<\/p>\n<h3>Tecnologia ultra silenziosa<\/h3>\n<p>Specificamente progettato per ambienti interni e studi di registrazione domestici, il nostro compressore funziona a un livello di rumore incredibilmente basso di <strong>&lt;60 dB<\/strong>Ci\u00f2 migliora l'esperienza dell'utente, rendendolo ideale per gli appassionati di artigianato che necessitano di uno spazio di lavoro tranquillo.<\/p>\n<h3>Prestazioni robuste<\/h3>\n<p>Grazie a una portata continua e stabile di 30 l\/min, il nostro compressore garantisce un taglio netto e senza fumo anche dei materiali pi\u00f9 spessi, come legno massello o acrilico. Questa prestazione non solo migliora l'efficienza di taglio, ma preserva anche la qualit\u00e0 del prodotto finale.<\/p>\n<h2>4. Ampia compatibilit\u00e0: abbinamento in un unico punto (gestione dell'inventario senza preoccupazioni)<\/h2>\n<h3>Ampio campo di applicazione<\/h3>\n<p>Il nostro compressore d'aria \u00e8 perfettamente compatibile con il modello 95% dei principali modelli di macchine da taglio laser, tra cui xTool, Ortur, Atomstack e diverse macchine laser a CO2. Questo livello di compatibilit\u00e0 garantisce la possibilit\u00e0 di soddisfare le diverse esigenze dei clienti senza problemi.<\/p>\n<h3>Vantaggi per i distributori<\/h3>\n<p>Grazie a un unico codice prodotto (SKU) compatibile con diverse macchine, si riduce drasticamente la pressione sulle scorte e si semplifica la gestione del magazzino. Questo approccio snello consente di concentrarsi sulla crescita dell'azienda anzich\u00e9 dover affrontare complesse problematiche logistiche.<\/p>\n<h2>5. Vantaggi della catena di fornitura e della partnership<\/h2>\n<h3>Forza della fabbrica<\/h3>\n<p>I nostri rigorosi processi di controllo qualit\u00e0 garantiscono un tasso di difetti incredibilmente basso, inferiore a <strong>1%<\/strong>Questo non solo riduce al minimo i costi di logistica per i resi, ma rafforza anche la fiducia dei clienti, che ricevono prodotti di alta qualit\u00e0.<\/p>\n<h3>Soluzioni personalizzate (OEM\/ODM)<\/h3>\n<p>Offriamo soluzioni personalizzate che includono la personalizzazione del logo, il design del packaging e diverse specifiche di spina per i vari paesi. Questa flessibilit\u00e0 vi permette di costruire la vostra identit\u00e0 di marca e di soddisfare le esigenze specifiche del mercato.<\/p>\n<h3>Assistenza post-vendita<\/h3>\n<p>Il nostro impegno per la soddisfazione del cliente va oltre la vendita. Forniamo un supporto tecnico rapido e la fornitura di pezzi di ricambio per garantire che le vostre attivit\u00e0 si svolgano senza intoppi e in modo efficiente.<\/p>\n<h2>6. Conclusione e invito all'azione<\/h2>\n<p>Non permettete che componenti di qualit\u00e0 inferiore compromettano la reputazione delle vostre macchine di alta gamma. Scegliete un compressore d'aria all'altezza della qualit\u00e0 delle vostre apparecchiature.<\/p>\n<p><strong>Contattaci<\/strong> oggi per richiedere un campione per i test o per ottenere l'ultimo listino prezzi all'ingrosso B2B su <a href=\"https:\/\/aircompressorforlasercutter.com\/it\/contattaci\/\">Sempre potere<\/a>I vostri clienti meritano il meglio, e noi siamo qui per offrirglielo.<\/p>","protected":false},"excerpt":{"rendered":"<p>Laser Cutter Air Compressor for Ortur Laser Master 3: The Unsung Hero 1. Background: The Overlooked Component In today&#8217;s competitive market, many buyers invest significantly in high-quality laser engraving machines, often overlooking the critical support equipment: the air compressor. While a top-of-the-line laser cutter can transform materials with precision, it is the auxiliary systems that [&hellip;]<\/p>","protected":false},"featured_media":454,"comment_status":"open","ping_status":"closed","template":"","meta":{"_et_pb_use_builder":"","_et_pb_old_content":"","_et_gb_content_width":""},"product_brand":[],"product_cat":[1093],"product_tag":[1095],"class_list":{"0":"post-463","1":"product","2":"type-product","3":"status-publish","4":"has-post-thumbnail","6":"product_cat-air-compressor-for-laser-cutter","7":"product_tag-air-compressor-for-laser-cutter-price","9":"first","10":"instock","11":"shipping-taxable","12":"product-type-simple"},"_links":{"self":[{"href":"https:\/\/aircompressorforlasercutter.com\/it\/wp-json\/wp\/v2\/product\/463","targetHints":{"allow":["GET"]}}],"collection":[{"href":"https:\/\/aircompressorforlasercutter.com\/it\/wp-json\/wp\/v2\/product"}],"about":[{"href":"https:\/\/aircompressorforlasercutter.com\/it\/wp-json\/wp\/v2\/types\/product"}],"replies":[{"embeddable":true,"href":"https:\/\/aircompressorforlasercutter.com\/it\/wp-json\/wp\/v2\/comments?post=463"}],"wp:featuredmedia":[{"embeddable":true,"href":"https:\/\/aircompressorforlasercutter.com\/it\/wp-json\/wp\/v2\/media\/454"}],"wp:attachment":[{"href":"https:\/\/aircompressorforlasercutter.com\/it\/wp-json\/wp\/v2\/media?parent=463"}],"wp:term":[{"taxonomy":"product_brand","embeddable":true,"href":"https:\/\/aircompressorforlasercutter.com\/it\/wp-json\/wp\/v2\/product_brand?post=463"},{"taxonomy":"product_cat","embeddable":true,"href":"https:\/\/aircompressorforlasercutter.com\/it\/wp-json\/wp\/v2\/product_cat?post=463"},{"taxonomy":"product_tag","embeddable":true,"href":"https:\/\/aircompressorforlasercutter.com\/it\/wp-json\/wp\/v2\/product_tag?post=463"}],"curies":[{"name":"wp","href":"https:\/\/api.w.org\/{rel}","templated":true}]}}