{"id":464,"date":"2026-01-14T08:26:17","date_gmt":"2026-01-14T08:26:17","guid":{"rendered":"https:\/\/aircompressorforlasercutter.com\/product\/co2-laser-air-compressor-for-k40-laser-cutter\/"},"modified":"2026-01-14T08:48:53","modified_gmt":"2026-01-14T08:48:53","slug":"co2-laser-air-compressor-for-k40-laser-cutter","status":"publish","type":"product","link":"https:\/\/aircompressorforlasercutter.com\/it\/prodotto\/compressore-daria-laser-co2-per-taglierina-laser-k40\/","title":{"rendered":"Compressore d'aria laser CO2 per taglierina laser K40"},"content":{"rendered":"<h1>Compressore d'aria laser CO2 per taglierina laser K40: l'eroe sconosciuto<\/h1>\n<h2>1. Contesto: l'essenziale trascurato<\/h2>\n<p>Nell'attuale mercato competitivo dell'incisione laser, \u00e8 comune per gli acquirenti investire in modo significativo in macchine per il taglio laser di alta qualit\u00e0, spesso trascurando un accessorio fondamentale: il compressore d'aria. Mentre il laser cutter in s\u00e9 \u00e8 fondamentale per precisione ed efficienza, il compressore d'aria funge da partner silenzioso, garantendo prestazioni ottimali. L'assistenza pneumatica non \u00e8 semplicemente un componente aggiuntivo; influenza direttamente la qualit\u00e0 del taglio finale e la longevit\u00e0 della macchina.<\/p>\n<p>Per i clienti B2B, scegliere la pompa dell'aria giusta si traduce in una riduzione dei reclami relativi a problemi come \"tagli incompleti\" e \"lenti danneggiate\". Questo, a sua volta, si traduce in tassi di fidelizzazione dei clienti pi\u00f9 elevati, poich\u00e9 i clienti soddisfatti sono pi\u00f9 propensi a tornare per acquisti futuri.<\/p>\n<p><img loading=\"lazy\" decoding=\"async\" class=\"size-full wp-image-456 aligncenter\" src=\"https:\/\/aircompressorforlasercutter.com\/wp-content\/uploads\/2026\/01\/Air-Compressor-For-Laser-Cutter4.webp\" alt=\"Compressore d&#039;aria per taglierina laser\" width=\"800\" height=\"800\" srcset=\"https:\/\/aircompressorforlasercutter.com\/wp-content\/uploads\/2026\/01\/Air-Compressor-For-Laser-Cutter4.webp 800w, https:\/\/aircompressorforlasercutter.com\/wp-content\/uploads\/2026\/01\/Air-Compressor-For-Laser-Cutter4-480x480.webp 480w\" sizes=\"auto, (min-width: 0px) and (max-width: 480px) 480px, (min-width: 481px) 800px, 100vw\" \/><\/p>\n<h2>2. Analisi dei punti critici: costi nascosti delle pompe ad aria economiche<\/h2>\n<h3>Scarsa qualit\u00e0 di taglio<\/h3>\n<p>Pompe pneumatiche di bassa qualit\u00e0 spesso causano un flusso d'aria instabile, con conseguente bruciatura dei bordi dei materiali e riduzione dell'efficienza di taglio. Ci\u00f2 compromette l'aspetto estetico del prodotto finale, incidendo sulla soddisfazione complessiva del cliente e sulla competitivit\u00e0 sul mercato.<\/p>\n<h3>Rischio di danni all'attrezzatura<\/h3>\n<p>Le pompe dell'aria di qualit\u00e0 inferiore, in particolare quelle impregnate d'olio, possono emettere vapori d'olio o umidit\u00e0 che contaminano la lente laser. Questa contaminazione comporta costose riparazioni e resi post-vendita, erodendo i margini di profitto e danneggiando la reputazione del marchio.<\/p>\n<h3>Disturbo da rumore<\/h3>\n<p>I compressori d'aria tradizionali sono noti per i loro elevati livelli di rumorosit\u00e0, che scoraggiano gli utenti domestici e limitano le applicazioni negli spazi dedicati alla creazione di contenuti didattici. Un rumore eccessivo limita il mercato potenziale e compromette l'esperienza utente, in particolare per gli appassionati del fai da te che cercano un ambiente pi\u00f9 silenzioso.<\/p>\n<h2>3. La nostra soluzione<\/h2>\n<h3>Design senza olio e senza acqua<\/h3>\n<p>Il nostro compressore d'aria laser CO2 \u00e8 dotato di un design 100% privo di olio e acqua, che offre una protezione completa per le lenti laser. Gli utenti finali possono godere di un'esperienza senza problemi, senza la necessit\u00e0 di una manutenzione regolare, risparmiando tempo e fatica.<\/p>\n<h3>Tecnologia ultra silenziosa<\/h3>\n<p>Progettato specificamente per ambienti indoor e home studio, il nostro compressore opera a un livello di rumorosit\u00e0 eccezionalmente basso (&lt;60 dB). Questa innovazione migliora l&#039;esperienza utente creando un ambiente di lavoro silenzioso, adatto sia agli hobbisti che ai professionisti.<\/p>\n<h3>Prestazioni robuste<\/h3>\n<p>Con una portata continua e stabile di 30 l\/min, il nostro compressore garantisce un taglio pulito e senza fumo, anche su legno spesso o materiali acrilici. Questo livello di prestazioni garantisce che i vostri progetti rispecchino gli elevati standard che vi impegnate a mantenere.<\/p>\n<h2>4. Ampia compatibilit\u00e0: soluzione di abbinamento completa<\/h2>\n<h3>Ampia applicabilit\u00e0<\/h3>\n<p>Questo compressore d'aria \u00e8 progettato per adattarsi perfettamente al 95% dei modelli pi\u00f9 diffusi sul mercato, tra cui xTool, Ortur, Atomstack e vari macchinari laser CO2. Questo livello di compatibilit\u00e0 semplifica le tue decisioni di acquisto.<\/p>\n<h3>Vantaggi per i distributori<\/h3>\n<p>Con un unico SKU compatibile con pi\u00f9 macchine, i distributori possono ridurre significativamente la pressione sulle scorte e semplificare le operazioni di stoccaggio. Questo approccio semplificato favorisce una supply chain pi\u00f9 efficiente, consentendo una maggiore attenzione alle vendite e al coinvolgimento dei clienti.<\/p>\n<h2>5. Vantaggi della catena di fornitura e della partnership<\/h2>\n<h3>Forza della fabbrica<\/h3>\n<p>I nostri rigorosi processi di controllo qualit\u00e0 garantiscono un tasso di difettosit\u00e0 eccezionalmente basso (&lt;1%), consentendovi di risparmiare sui costi logistici associati a resi e cambi. Scegliendoci, investite in affidabilit\u00e0 e tranquillit\u00e0.<\/p>\n<h3>Servizi di personalizzazione (OEM\/ODM)<\/h3>\n<p>Offriamo opzioni personalizzabili, tra cui la personalizzazione con il vostro logo, design di packaging personalizzati e diverse specifiche di spina per diversi Paesi. Questa flessibilit\u00e0 vi consente di creare un'identit\u00e0 di marca unica, soddisfacendo al contempo le diverse esigenze dei clienti.<\/p>\n<h3>Assistenza post-vendita<\/h3>\n<p>Il nostro impegno va oltre la vendita. Garantiamo un rapido intervento tecnico e la fornitura tempestiva di pezzi di ricambio, garantendo la continuit\u00e0 delle vostre attivit\u00e0 e la soddisfazione dei vostri clienti.<\/p>\n<p><img loading=\"lazy\" decoding=\"async\" class=\"aligncenter size-full wp-image-458\" src=\"https:\/\/aircompressorforlasercutter.com\/wp-content\/uploads\/2026\/01\/Air-Compressor-For-Laser-Cutter6.webp\" alt=\"Compressore d&#039;aria per taglierina laser\" width=\"800\" height=\"800\" srcset=\"https:\/\/aircompressorforlasercutter.com\/wp-content\/uploads\/2026\/01\/Air-Compressor-For-Laser-Cutter6.webp 800w, https:\/\/aircompressorforlasercutter.com\/wp-content\/uploads\/2026\/01\/Air-Compressor-For-Laser-Cutter6-480x480.webp 480w\" sizes=\"auto, (min-width: 0px) and (max-width: 480px) 480px, (min-width: 481px) 800px, 100vw\" \/><\/p>\n<h2>6.<\/h2>\n<p>Non lasciare che componenti scadenti rovinino la reputazione delle tue macchine di fascia alta. Scegliere una pompa dell'aria in linea con la qualit\u00e0 delle tue attrezzature \u00e8 fondamentale per il successo del tuo marchio.<\/p>\n<p>Contattateci oggi stesso per richiedere un campione da testare o per conoscere i prezzi all'ingrosso B2B pi\u00f9 aggiornati. Scoprite in prima persona come il nostro compressore d'aria laser CO2 pu\u00f2 migliorare la qualit\u00e0 del taglio e la soddisfazione del cliente.<\/p>\n<p>Per maggiori informazioni, visita <a href=\"https:\/\/aircompressorforlasercutter.com\/it\/contattaci\/\">la nostra pagina dei contatti<\/a>.<\/p>","protected":false},"excerpt":{"rendered":"<p>CO2 Laser Air Compressor for K40 Laser Cutter: The Unsung Hero 1. Background: The Overlooked Essential In today&#8217;s competitive laser engraving market, it&#8217;s common for buyers to invest significantly in high-quality laser cutting machines, often overlooking a critical accessory: the air compressor. While the laser cutter itself is pivotal for precision and efficiency, the air [&hellip;]<\/p>","protected":false},"featured_media":454,"comment_status":"open","ping_status":"closed","template":"","meta":{"_et_pb_use_builder":"","_et_pb_old_content":"","_et_gb_content_width":""},"product_brand":[],"product_cat":[1093],"product_tag":[1096],"class_list":{"0":"post-464","1":"product","2":"type-product","3":"status-publish","4":"has-post-thumbnail","6":"product_cat-air-compressor-for-laser-cutter","7":"product_tag-air-compressor-for-laser-cutter-cost","9":"first","10":"instock","11":"shipping-taxable","12":"product-type-simple"},"_links":{"self":[{"href":"https:\/\/aircompressorforlasercutter.com\/it\/wp-json\/wp\/v2\/product\/464","targetHints":{"allow":["GET"]}}],"collection":[{"href":"https:\/\/aircompressorforlasercutter.com\/it\/wp-json\/wp\/v2\/product"}],"about":[{"href":"https:\/\/aircompressorforlasercutter.com\/it\/wp-json\/wp\/v2\/types\/product"}],"replies":[{"embeddable":true,"href":"https:\/\/aircompressorforlasercutter.com\/it\/wp-json\/wp\/v2\/comments?post=464"}],"wp:featuredmedia":[{"embeddable":true,"href":"https:\/\/aircompressorforlasercutter.com\/it\/wp-json\/wp\/v2\/media\/454"}],"wp:attachment":[{"href":"https:\/\/aircompressorforlasercutter.com\/it\/wp-json\/wp\/v2\/media?parent=464"}],"wp:term":[{"taxonomy":"product_brand","embeddable":true,"href":"https:\/\/aircompressorforlasercutter.com\/it\/wp-json\/wp\/v2\/product_brand?post=464"},{"taxonomy":"product_cat","embeddable":true,"href":"https:\/\/aircompressorforlasercutter.com\/it\/wp-json\/wp\/v2\/product_cat?post=464"},{"taxonomy":"product_tag","embeddable":true,"href":"https:\/\/aircompressorforlasercutter.com\/it\/wp-json\/wp\/v2\/product_tag?post=464"}],"curies":[{"name":"wp","href":"https:\/\/api.w.org\/{rel}","templated":true}]}}