{"id":465,"date":"2026-01-14T08:26:17","date_gmt":"2026-01-14T08:26:17","guid":{"rendered":"https:\/\/aircompressorforlasercutter.com\/product\/air-assist-kit-for-sculpfun-s9-s10-s30\/"},"modified":"2026-01-14T08:47:40","modified_gmt":"2026-01-14T08:47:40","slug":"air-assist-kit-for-sculpfun-s9-s10-s30","status":"publish","type":"product","link":"https:\/\/aircompressorforlasercutter.com\/it\/prodotto\/kit-di-assistenza-allaria-per-sculpfun-s9-s10-s30\/","title":{"rendered":"Kit di assistenza all'aria per SCULPFUN S9 S10 S30"},"content":{"rendered":"<h1>Kit Air Assist per SCULPFUN S9 S10 S30: l'eroe sconosciuto del taglio laser<\/h1>\n<h2>1. Contesto: l'essenziale trascurato<\/h2>\n<p>Nell'attuale mercato dinamico delle macchine per incisione laser, molti acquirenti investono molto nelle proprie attrezzature, concentrandosi sui modelli pi\u00f9 recenti e sulle funzionalit\u00e0 avanzate. Tuttavia, un componente fondamentale che spesso passa inosservato \u00e8 la pompa dell'aria. Mentre la macchina laser in s\u00e9 \u00e8 un capolavoro di tecnologia, il kit di assistenza pneumatica \u00e8 un elemento invisibile che pu\u00f2 migliorare significativamente l'esperienza dell'utente.<\/p>\n<p>L'assistenza pneumatica \u00e8 pi\u00f9 di una semplice periferica; svolge un ruolo cruciale nel determinare la \"qualit\u00e0 di taglio\" definitiva e la \"longevit\u00e0 della macchina\". Per le aziende, scegliere la pompa pneumatica giusta pu\u00f2 ridurre i reclami dei clienti in merito a problemi come \"tagli incompleti\" o \"lenti danneggiate\", aumentando cos\u00ec i tassi di fidelizzazione dei clienti.<\/p>\n<h2>2. Analisi dei punti critici: i costi nascosti delle pompe ad aria economiche<\/h2>\n<h3>Scarsa qualit\u00e0 di taglio<\/h3>\n<p>L'utilizzo di una pompa dell'aria di bassa qualit\u00e0 pu\u00f2 portare a risultati di taglio scadenti. Un flusso d'aria instabile fa s\u00ec che i bordi dei materiali si carbonizzino e brucino, compromettendo in ultima analisi l'aspetto estetico del prodotto finale per gli utenti finali. Questa incoerenza pu\u00f2 avere un impatto negativo sul vostro marchio.<\/p>\n<h3>Rischio di danni all'attrezzatura<\/h3>\n<p>Investire in una pompa dell'aria di qualit\u00e0 inferiore, in particolare quelle che introducono nebbia d'olio o umidit\u00e0 nel sistema, comporta un rischio significativo di contaminazione della lente laser. Tali danni comportano costose riparazioni post-vendita e possono portare a tassi di reso pi\u00f9 elevati, con un ulteriore impatto negativo sui profitti.<\/p>\n<h3>Deterrenza del rumore<\/h3>\n<p>I compressori d'aria tradizionali possono essere estremamente rumorosi, spesso superando i livelli di decibel accettabili. Questo inquinamento acustico scoraggia gli utenti domestici e gli spazi creativi didattici dall'utilizzare la tecnologia di taglio laser, riducendo di fatto la potenziale clientela.<\/p>\n<h2>3. La nostra soluzione: ridefinire l'assistenza pneumatica di livello professionale<\/h2>\n<h3>Design senza olio e senza acqua<\/h3>\n<p>Il nostro kit di assistenza ad aria compressa \u00e8 dotato di un design 100% privo di olio e acqua, che garantisce una protezione completa della lente laser. Gli utenti finali possono godere di un'esperienza senza manutenzione, potendo cos\u00ec concentrarsi sui propri progetti creativi senza la preoccupazione di una manutenzione frequente.<\/p>\n<h3>Tecnologia ultra silenziosa<\/h3>\n<p>Progettata specificamente per applicazioni indoor o home studio, la nostra pompa ad aria funziona a un livello di rumorosit\u00e0 incredibilmente basso, inferiore a 60 dB. Questa caratteristica ultra silenziosa migliora notevolmente l'esperienza utente, rendendola ideale per ambienti in cui il rumore \u00e8 un problema.<\/p>\n<h3>Prestazioni robuste<\/h3>\n<p>Con una portata costante di 30 l\/min, la nostra pompa dell'aria garantisce un flusso d'aria stabile, fondamentale per il taglio di legno spesso o materiali acrilici. Il risultato sono tagli pi\u00f9 puliti con residui di fumo minimi, per una finitura del prodotto pi\u00f9 lucida.<\/p>\n<h2>4. Ampia compatibilit\u00e0: corrispondenza completa<\/h2>\n<h3>Ampia applicabilit\u00e0<\/h3>\n<p>Il nostro kit di assistenza ad aria compressa \u00e8 progettato per adattarsi perfettamente al 95% dei principali modelli laser attualmente sul mercato, tra cui xTool, Ortur, Atomstack e vari laser CO2. Questa ampia compatibilit\u00e0 consente ai clienti di espandere le proprie capacit\u00e0 senza la necessit\u00e0 di cercare soluzioni diverse.<\/p>\n<h3>Vantaggi per i rivenditori<\/h3>\n<p>Offrire un unico SKU compatibile con pi\u00f9 macchine riduce significativamente la pressione e la complessit\u00e0 delle scorte per i rivenditori. Questo approccio semplificato consente una migliore gestione delle scorte e una maggiore efficienza operativa.<\/p>\n<h2>5. Vantaggi della catena di fornitura e della partnership<\/h2>\n<h3>Forza della fabbrica<\/h3>\n<p>Adottiamo rigorosi processi di controllo qualit\u00e0, garantendo un tasso di difettosit\u00e0 eccezionalmente basso, inferiore a 1%. Questo impegno per la qualit\u00e0 riduce al minimo i resi e i costi logistici, consentendovi di gestire al meglio le vostre risorse.<\/p>\n<h3>Servizi di personalizzazione (OEM\/ODM)<\/h3>\n<p>Offriamo servizi su misura, tra cui opzioni di branding personalizzate, design di packaging e specifiche di spine per diversi Paesi. Questa flessibilit\u00e0 vi consente di costruire la vostra identit\u00e0 di marca, soddisfacendo al contempo le specifiche esigenze del mercato.<\/p>\n<h3>Assistenza post-vendita<\/h3>\n<p>Il nostro team di supporto tecnico reattivo e la rapida fornitura di ricambi vi garantiscono di poter contare su di noi per qualsiasi necessit\u00e0, garantendovi un funzionamento fluido e senza interruzioni.<\/p>\n<h2>6. Conclusione e invito all'azione<\/h2>\n<p>Non lasciare che componenti di qualit\u00e0 inferiore rovinino la reputazione delle tue macchine di fascia alta. Scegli una pompa dell'aria all'altezza della qualit\u00e0 della tua attrezzatura. Il nostro kit di assistenza pneumatica \u00e8 la scelta ideale per garantire prestazioni di taglio ottimali e lunga durata.<\/p>\n<p>Contattaci oggi stesso per un test campione o per ricevere gli ultimi dettagli sui prezzi all'ingrosso B2B. Migliora la tua esperienza di taglio laser con Ever-power.<\/p>\n<p><a href=\"https:\/\/aircompressorforlasercutter.com\/it\/contattaci\/\">Contattaci<\/a><\/p>","protected":false},"excerpt":{"rendered":"<p>Air Assist Kit for SCULPFUN S9 S10 S30: The Unsung Hero of Laser Cutting 1. Background: The Overlooked Essential In today&#8217;s vibrant market for laser engraving machines, many buyers invest heavily in their equipment, focusing on the latest models and advanced features. However, a critical component that often goes unnoticed is the air pump. While [&hellip;]<\/p>","protected":false},"featured_media":454,"comment_status":"open","ping_status":"closed","template":"","meta":{"_et_pb_use_builder":"","_et_pb_old_content":"","_et_gb_content_width":""},"product_brand":[],"product_cat":[1093],"product_tag":[1094],"class_list":{"0":"post-465","1":"product","2":"type-product","3":"status-publish","4":"has-post-thumbnail","6":"product_cat-air-compressor-for-laser-cutter","7":"product_tag-air-compressor-for-laser-cutter","9":"first","10":"instock","11":"shipping-taxable","12":"product-type-simple"},"_links":{"self":[{"href":"https:\/\/aircompressorforlasercutter.com\/it\/wp-json\/wp\/v2\/product\/465","targetHints":{"allow":["GET"]}}],"collection":[{"href":"https:\/\/aircompressorforlasercutter.com\/it\/wp-json\/wp\/v2\/product"}],"about":[{"href":"https:\/\/aircompressorforlasercutter.com\/it\/wp-json\/wp\/v2\/types\/product"}],"replies":[{"embeddable":true,"href":"https:\/\/aircompressorforlasercutter.com\/it\/wp-json\/wp\/v2\/comments?post=465"}],"wp:featuredmedia":[{"embeddable":true,"href":"https:\/\/aircompressorforlasercutter.com\/it\/wp-json\/wp\/v2\/media\/454"}],"wp:attachment":[{"href":"https:\/\/aircompressorforlasercutter.com\/it\/wp-json\/wp\/v2\/media?parent=465"}],"wp:term":[{"taxonomy":"product_brand","embeddable":true,"href":"https:\/\/aircompressorforlasercutter.com\/it\/wp-json\/wp\/v2\/product_brand?post=465"},{"taxonomy":"product_cat","embeddable":true,"href":"https:\/\/aircompressorforlasercutter.com\/it\/wp-json\/wp\/v2\/product_cat?post=465"},{"taxonomy":"product_tag","embeddable":true,"href":"https:\/\/aircompressorforlasercutter.com\/it\/wp-json\/wp\/v2\/product_tag?post=465"}],"curies":[{"name":"wp","href":"https:\/\/api.w.org\/{rel}","templated":true}]}}