{"id":466,"date":"2026-01-14T08:26:17","date_gmt":"2026-01-14T08:26:17","guid":{"rendered":"https:\/\/aircompressorforlasercutter.com\/product\/quiet-air-pump-for-omtech-60w-co2-laser\/"},"modified":"2026-01-14T08:26:17","modified_gmt":"2026-01-14T08:26:17","slug":"quiet-air-pump-for-omtech-60w-co2-laser","status":"publish","type":"product","link":"https:\/\/aircompressorforlasercutter.com\/it\/prodotto\/pompa-dellaria-silenziosa-per-laser-co2-omtech-60w\/","title":{"rendered":"Pompa dell'aria silenziosa per laser CO2 OmTech da 60 W"},"content":{"rendered":"<h1>Pompa dell'aria silenziosa per laser CO2 OmTech da 60 W: l'eroe misconosciuto del taglio laser<\/h1>\n<h2>1. Contesto: l'essenziale trascurato<\/h2>\n<p>Nel settore dell'incisione e del taglio laser, la maggior parte degli acquirenti investe in modo significativo in macchine laser di alta qualit\u00e0, spesso trascurando un accessorio fondamentale: la pompa dell'aria. Sebbene il laser cutter sia senza dubbio il protagonista, la pompa dell'aria svolge un ruolo fondamentale dietro le quinte, garantendo prestazioni ottimali e longevit\u00e0. L'assistenza pneumatica non \u00e8 un semplice accessorio; influisce direttamente sulla qualit\u00e0 del taglio e sulla durata del macchinario. Per gli stakeholder B2B, la scelta della pompa dell'aria giusta si traduce in un minor numero di reclami da parte dei clienti per problemi come taglio insufficiente e lenti danneggiate, con conseguente aumento dei tassi di fidelizzazione dei clienti.<\/p>\n<h2>2. Analisi dei punti critici: i costi nascosti delle pompe ad aria economiche<\/h2>\n<h3>Qualit\u00e0 di taglio scadente<\/h3>\n<p>L'utilizzo di una pompa ad aria a basso costo pu\u00f2 causare un flusso d'aria incoerente, con conseguenti bordi bruciati o carbonizzati sui materiali e una riduzione dell'efficienza di taglio. Ci\u00f2 non solo compromette la qualit\u00e0 estetica del prodotto finale, ma incide anche sulla soddisfazione del cliente e sulla fidelizzazione.<\/p>\n<h3>Rischio di danni all'attrezzatura<\/h3>\n<p>Le pompe pneumatiche di qualit\u00e0 inferiore, in particolare quelle con componenti a base di olio, rischiano di contaminare la lente laser con nebbia d'olio o umidit\u00e0. Tali danni possono comportare costose riparazioni e resi, compromettendo la redditivit\u00e0 e la fiducia dei clienti.<\/p>\n<h3>Deterrente del rumore<\/h3>\n<p>I compressori d'aria tradizionali possono produrre un rumore eccessivo, scoraggiando l'utilizzo da parte di utenti domestici e produttori in ambito scolastico. Questa limitazione riduce significativamente il mercato potenziale e le opportunit\u00e0 di vendita.<\/p>\n<h2>3. La nostra soluzione: ridefinire l'assistenza aerea di livello professionale<\/h2>\n<h3>Design senza olio e senza acqua<\/h3>\n<p>La nostra pompa ad aria garantisce una protezione 100% per le lenti laser, eliminando la necessit\u00e0 di manutenzione da parte degli utenti finali. Questa semplicit\u00e0 d'uso non solo fa risparmiare tempo, ma migliora anche l'esperienza dell'utente.<\/p>\n<h3>Tecnologia ultra silenziosa<\/h3>\n<p>Progettata specificamente per studi indoor e domestici, la nostra pompa dell'aria funziona a un livello di rumore eccezionalmente basso (<60dB). This feature significantly improves the user experience, allowing for a conducive working environment.<\/p>\n<h3>Prestazioni robuste<\/h3>\n<p>Con una portata costante di 30 l\/min, la nostra pompa pneumatica garantisce tagli puliti e senza fumo anche quando si lavora con materiali spessi come legno duro o acrilico. Queste prestazioni ineguagliabili migliorano sia l'efficienza che la qualit\u00e0 in ogni progetto.<\/p>\n<h2>4. Ampia compatibilit\u00e0: corrispondenza completa<\/h2>\n<h3>Ampia applicabilit\u00e0<\/h3>\n<p>Questa pompa ad aria si adatta perfettamente al 95% dei modelli pi\u00f9 diffusi sul mercato, tra cui xTool, Ortur, Atomstack e vari laser CO2. Questa versatilit\u00e0 la rende la scelta ideale per le aziende che desiderano ottimizzare il proprio inventario.<\/p>\n<h3>Vantaggi per i distributori<\/h3>\n<p>Offrire un unico SKU compatibile con pi\u00f9 macchine riduce significativamente la pressione e la complessit\u00e0 delle scorte per i distributori. Questo vantaggio strategico consente una gestione pi\u00f9 efficiente delle scorte e processi di approvvigionamento semplificati.<\/p>\n<h2>5. Vantaggi della catena di fornitura e della partnership<\/h2>\n<h3>Forza della fabbrica<\/h3>\n<p>Utilizziamo rigorosi processi di controllo qualit\u00e0, garantendo un tasso di difettosit\u00e0 eccezionalmente basso (<1%). This commitment to quality translates into savings on return logistics and boosts customer confidence in your offerings.<\/p>\n<h3>Servizi di personalizzazione (OEM\/ODM)<\/h3>\n<p>Supportiamo la personalizzazione del logo del marchio, la progettazione del packaging e varie specifiche dei plug-in, consentendoti di creare la tua identit\u00e0 di marca unica senza soluzione di continuit\u00e0.<\/p>\n<h3>Assistenza post-vendita<\/h3>\n<p>La nostra rapida risposta tecnica e la capacit\u00e0 di fornire pezzi di ricambio garantiscono che riceviate il supporto di cui avete bisogno tempestivamente, favorendo relazioni a lungo termine con i vostri clienti.<\/p>\n<h2>6. Conclusione e invito all'azione (CTA)<\/h2>\n<p>Non lasciare che accessori scadenti rovinino la reputazione dei tuoi macchinari di alta gamma. Scegli una pompa pneumatica che si adatti alla qualit\u00e0 della tua attrezzatura. Contattaci oggi stesso per richiedere un test campione o per ottenere l'ultimo listino prezzi all'ingrosso B2B. Visita <a href=\"https:\/\/aircompressorforlasercutter.com\/it\/contattaci\/\">la nostra pagina dei contatti<\/a> per maggiori informazioni.<\/p>","protected":false},"excerpt":{"rendered":"<p>Quiet Air Pump for OmTech 60W CO2 Laser: The Unsung Hero of Laser Cutting 1. Background: The Overlooked Essential In the realm of laser engraving and cutting, most buyers invest significantly in high-quality laser machines, often overlooking a crucial accessory??the air pump. While the laser cutter is undoubtedly the star of the show, the air [&hellip;]<\/p>","protected":false},"featured_media":454,"comment_status":"open","ping_status":"closed","template":"","meta":{"_et_pb_use_builder":"","_et_pb_old_content":"","_et_gb_content_width":""},"product_brand":[],"product_cat":[1093],"product_tag":[1095],"class_list":{"0":"post-466","1":"product","2":"type-product","3":"status-publish","4":"has-post-thumbnail","6":"product_cat-air-compressor-for-laser-cutter","7":"product_tag-air-compressor-for-laser-cutter-price","9":"first","10":"instock","11":"shipping-taxable","12":"product-type-simple"},"_links":{"self":[{"href":"https:\/\/aircompressorforlasercutter.com\/it\/wp-json\/wp\/v2\/product\/466","targetHints":{"allow":["GET"]}}],"collection":[{"href":"https:\/\/aircompressorforlasercutter.com\/it\/wp-json\/wp\/v2\/product"}],"about":[{"href":"https:\/\/aircompressorforlasercutter.com\/it\/wp-json\/wp\/v2\/types\/product"}],"replies":[{"embeddable":true,"href":"https:\/\/aircompressorforlasercutter.com\/it\/wp-json\/wp\/v2\/comments?post=466"}],"wp:featuredmedia":[{"embeddable":true,"href":"https:\/\/aircompressorforlasercutter.com\/it\/wp-json\/wp\/v2\/media\/454"}],"wp:attachment":[{"href":"https:\/\/aircompressorforlasercutter.com\/it\/wp-json\/wp\/v2\/media?parent=466"}],"wp:term":[{"taxonomy":"product_brand","embeddable":true,"href":"https:\/\/aircompressorforlasercutter.com\/it\/wp-json\/wp\/v2\/product_brand?post=466"},{"taxonomy":"product_cat","embeddable":true,"href":"https:\/\/aircompressorforlasercutter.com\/it\/wp-json\/wp\/v2\/product_cat?post=466"},{"taxonomy":"product_tag","embeddable":true,"href":"https:\/\/aircompressorforlasercutter.com\/it\/wp-json\/wp\/v2\/product_tag?post=466"}],"curies":[{"name":"wp","href":"https:\/\/api.w.org\/{rel}","templated":true}]}}