{"id":467,"date":"2026-01-14T08:26:17","date_gmt":"2026-01-14T08:26:17","guid":{"rendered":"https:\/\/aircompressorforlasercutter.com\/product\/air-compressor-for-neje-master-2s-max\/"},"modified":"2026-01-14T08:47:11","modified_gmt":"2026-01-14T08:47:11","slug":"air-compressor-for-neje-master-2s-max","status":"publish","type":"product","link":"https:\/\/aircompressorforlasercutter.com\/it\/prodotto\/compressore-daria-per-neje-master-2s-max\/","title":{"rendered":"Compressore d'aria per NEJE Master 2S Max"},"content":{"rendered":"<h1>Compressore d'aria per NEJE Master 2S Max: l'eroe sconosciuto dietro il taglio di precisione<\/h1>\n<h2>1. Contesto: la componente trascurata<\/h2>\n<p>Il mercato dell'incisione laser ha registrato un significativo aumento della domanda, con gli acquirenti che investono massicciamente in macchine per il taglio laser di fascia alta come la NEJE Master 2S Max. Tuttavia, un componente fondamentale spesso trascurato \u00e8 il compressore d'aria. Mentre i clienti si concentrano sulle specifiche e sulle capacit\u00e0 delle loro macchine laser, spesso trascurano l'importanza di una pompa dell'aria efficiente. Questa negligenza pu\u00f2 portare a prestazioni scadenti e a una durata inferiore delle loro apparecchiature.<\/p>\n<h2>Argomento principale: l'assistenza aerea non \u00e8 solo un accessorio<\/h2>\n<p>La funzione di assistenza pneumatica \u00e8 fondamentale, poich\u00e9 influisce direttamente sia sulla qualit\u00e0 del taglio che sulla longevit\u00e0 della macchina laser. Per i clienti B2B, scegliere un compressore d'aria di alta qualit\u00e0 si traduce in un minor numero di reclami relativi a problemi come \"tagli incompleti\" o \"lenti danneggiate\". Questo, a sua volta, favorisce tassi di fidelizzazione pi\u00f9 elevati e rafforza la fidelizzazione al marchio.<\/p>\n<h2>2. Analisi dei punti critici: i costi nascosti delle pompe ad aria economiche<\/h2>\n<h3>Qualit\u00e0 di taglio inadeguata<\/h3>\n<p>L'utilizzo di una pompa ad aria a basso costo pu\u00f2 compromettere gravemente la qualit\u00e0 del taglio. Un flusso d'aria instabile provoca la carbonizzazione dei bordi dei materiali, riducendo l'aspetto estetico del prodotto finale. Quando il risultato non soddisfa le aspettative, i clienti potrebbero cercare fornitori alternativi, con conseguenti perdite economiche.<\/p>\n<h3>Rischio di danni all'attrezzatura<\/h3>\n<p>Le pompe ad aria di qualit\u00e0 inferiore, in particolare quelle contenenti olio, possono espellere nebbia d'olio o umidit\u00e0, contaminando la lente laser. Questa contaminazione pu\u00f2 comportare costose riparazioni e resi, che non solo prosciugano le risorse, ma danneggiano anche la reputazione del vostro marchio.<\/p>\n<h3>Deterrenza del rumore<\/h3>\n<p>I compressori d'aria tradizionali sono noti per il loro funzionamento rumoroso, che pu\u00f2 scoraggiare gli utenti domestici e gli spazi creativi didattici dall'utilizzare la tecnologia di taglio laser. Questa restrizione pu\u00f2 limitare gravemente la portata del mercato e ridurre il potenziale di vendita.<\/p>\n<h2>3. La nostra soluzione: ridefinire l'assistenza aerea professionale<\/h2>\n<h3>Design senza olio e senza acqua<\/h3>\n<p>Il nostro compressore d'aria \u00e8 dotato di un design 100% oil-free e water-free, che garantisce una protezione completa della lente laser. Gli utenti beneficiano di un funzionamento senza problemi, riducendo la necessit\u00e0 di manutenzione regolare e consentendo loro di concentrarsi sui propri progetti.<\/p>\n<h3>Tecnologia ultra silenziosa<\/h3>\n<p>Progettato specificamente per l'uso domestico e in studio, il nostro compressore mantiene i livelli di rumore al di sotto dei 60 dB. Questa innovazione migliora significativamente l'esperienza utente, rendendolo adatto ad ambienti educativi e fai da te, senza rumori di fondo fastidiosi.<\/p>\n<h3>Prestazioni robuste<\/h3>\n<p>Con un flusso d'aria costante di 30 l\/min, il nostro compressore garantisce tagli puliti e senza residui, anche quando si lavora con materiali pi\u00f9 spessi come compensato o acrilico. Questa affidabilit\u00e0 favorisce risultati di qualit\u00e0 superiore, garantendo la soddisfazione del cliente e la fidelizzazione.<\/p>\n<h2>4. Ampia compatibilit\u00e0: corrispondenza unica<\/h2>\n<h3>Ampia applicabilit\u00e0<\/h3>\n<p>Il nostro compressore d'aria \u00e8 progettato per essere compatibile con il modello 95% delle pi\u00f9 diffuse macchine per incisione laser presenti sul mercato, tra cui marchi come xTool, Ortur, Atomstack e vari modelli di laser CO2. Questa adattabilit\u00e0 semplifica la gestione dell'inventario per i distributori.<\/p>\n<h3>Vantaggi per i distributori<\/h3>\n<p>Offrendo un unico SKU che funziona con pi\u00f9 macchine, \u00e8 possibile ridurre significativamente la pressione sulle scorte e semplificare le complessit\u00e0 di stoccaggio, migliorando in definitiva l'efficienza operativa.<\/p>\n<h2>5. Vantaggi della catena di fornitura e della collaborazione<\/h2>\n<h3>Forza della fabbrica<\/h3>\n<p>Siamo orgogliosi dei nostri rigorosi processi di controllo qualit\u00e0 che garantiscono un tasso di difettosit\u00e0 eccezionalmente basso, inferiore a 1%. Questa meticolosa attenzione ai dettagli contribuisce a ridurre al minimo i costi logistici associati a resi e cambi, salvaguardando in definitiva i vostri profitti.<\/p>\n<h3>Servizi personalizzati (OEM\/ODM)<\/h3>\n<p>Offriamo servizi personalizzati, tra cui branding con il vostro logo, design di packaging su misura e specifiche per diverse tipologie di spine. Questa flessibilit\u00e0 vi consente di costruire e promuovere efficacemente il vostro marchio in diversi mercati.<\/p>\n<h3>Supporto post-vendita<\/h3>\n<p>Il nostro impegno nei confronti del servizio clienti comprende risposte tecniche rapide e un'efficiente fornitura di pezzi di ricambio, garantendo che le vostre operazioni procedano senza intoppi e senza inutili tempi di inattivit\u00e0.<\/p>\n<h2>6. Conclusione e invito all'azione<\/h2>\n<p>Non lasciare che componenti di qualit\u00e0 inferiore compromettano la reputazione di qualit\u00e0 delle tue macchine di fascia alta. Scegli un compressore d'aria all'altezza della tua attrezzatura. Contattaci oggi stesso per richiedere un campione da testare o per ottenere i prezzi all'ingrosso B2B pi\u00f9 aggiornati visitando il sito <a href=\"https:\/\/aircompressorforlasercutter.com\/it\/contattaci\/\">questo collegamento<\/a>.<\/p>","protected":false},"excerpt":{"rendered":"<p>Air Compressor for NEJE Master 2S Max: The Unsung Hero Behind Precision Cutting 1. Background: The Overlooked Component The laser engraving market has seen a significant uptick in demand, with buyers investing heavily in top-tier laser cutting machines such as the NEJE Master 2S Max. However, a critical component often overlooked is the air compressor. [&hellip;]<\/p>","protected":false},"featured_media":455,"comment_status":"open","ping_status":"closed","template":"","meta":{"_et_pb_use_builder":"","_et_pb_old_content":"","_et_gb_content_width":""},"product_brand":[],"product_cat":[1093],"product_tag":[1096],"class_list":{"0":"post-467","1":"product","2":"type-product","3":"status-publish","4":"has-post-thumbnail","6":"product_cat-air-compressor-for-laser-cutter","7":"product_tag-air-compressor-for-laser-cutter-cost","9":"first","10":"instock","11":"shipping-taxable","12":"product-type-simple"},"_links":{"self":[{"href":"https:\/\/aircompressorforlasercutter.com\/it\/wp-json\/wp\/v2\/product\/467","targetHints":{"allow":["GET"]}}],"collection":[{"href":"https:\/\/aircompressorforlasercutter.com\/it\/wp-json\/wp\/v2\/product"}],"about":[{"href":"https:\/\/aircompressorforlasercutter.com\/it\/wp-json\/wp\/v2\/types\/product"}],"replies":[{"embeddable":true,"href":"https:\/\/aircompressorforlasercutter.com\/it\/wp-json\/wp\/v2\/comments?post=467"}],"wp:featuredmedia":[{"embeddable":true,"href":"https:\/\/aircompressorforlasercutter.com\/it\/wp-json\/wp\/v2\/media\/455"}],"wp:attachment":[{"href":"https:\/\/aircompressorforlasercutter.com\/it\/wp-json\/wp\/v2\/media?parent=467"}],"wp:term":[{"taxonomy":"product_brand","embeddable":true,"href":"https:\/\/aircompressorforlasercutter.com\/it\/wp-json\/wp\/v2\/product_brand?post=467"},{"taxonomy":"product_cat","embeddable":true,"href":"https:\/\/aircompressorforlasercutter.com\/it\/wp-json\/wp\/v2\/product_cat?post=467"},{"taxonomy":"product_tag","embeddable":true,"href":"https:\/\/aircompressorforlasercutter.com\/it\/wp-json\/wp\/v2\/product_tag?post=467"}],"curies":[{"name":"wp","href":"https:\/\/api.w.org\/{rel}","templated":true}]}}