{"id":468,"date":"2026-01-14T08:26:18","date_gmt":"2026-01-14T08:26:18","guid":{"rendered":"https:\/\/aircompressorforlasercutter.com\/product\/air-assist-compressor-for-two-trees-ts2-engraver\/"},"modified":"2026-01-14T08:46:55","modified_gmt":"2026-01-14T08:46:55","slug":"air-assist-compressor-for-two-trees-ts2-engraver","status":"publish","type":"product","link":"https:\/\/aircompressorforlasercutter.com\/it\/prodotto\/compressore-daria-per-incisore-two-trees-ts2\/","title":{"rendered":"Compressore ad aria compressa per incisore Two Trees TS2"},"content":{"rendered":"<h1>Compressore ad aria compressa per incisore Two Trees TS2: l'eroe sconosciuto<\/h1>\n<h2>1. Contesto: l'attuale panorama del mercato<\/h2>\n<p>Nel settore dell'incisione laser, la maggior parte degli acquirenti investe somme ingenti in macchine per incisione laser di fascia alta, spesso trascurando un accessorio fondamentale: il compressore ad aria compressa. Questo componente sottovalutato svolge un ruolo fondamentale nel migliorare le prestazioni complessive e la longevit\u00e0 delle apparecchiature laser. \u00c8 fondamentale rendersi conto che il compressore ad aria compressa non \u00e8 semplicemente un accessorio supplementare; \u00e8 un fattore determinante per la qualit\u00e0 di taglio e la longevit\u00e0 della macchina.<\/p>\n<h3>Approfondimenti principali: il valore dell'assistenza aerea<\/h3>\n<p>Per i distributori, la scelta del compressore d'aria giusto si traduce direttamente in una riduzione dei reclami dei clienti relativi a problemi come \"tagli incompleti\" e \"lenti danneggiate\". L'effetto domino apparente \u00e8 un tasso di fidelizzazione dei clienti pi\u00f9 elevato. Investire in un compressore d'aria di qualit\u00e0 significa offrire ai propri clienti risultati eccezionali e prestazioni affidabili.<\/p>\n<h2>2. Analisi dei punti critici: i costi nascosti dei compressori economici<\/h2>\n<p>Quando si opta per un compressore d'aria a basso costo, le aziende spesso si imbattono in diversi costi nascosti che possono superare i risparmi iniziali.<\/p>\n<h3>Scarsa qualit\u00e0 di taglio<\/h3>\n<p>Un flusso d'aria instabile proveniente da compressori di qualit\u00e0 inferiore pu\u00f2 portare a risultati indesiderati, come bordi bruciati sui materiali, con conseguente prodotto finito antiestetico. Ci\u00f2 non solo influisce sull'estetica, ma riduce anche il valore percepito del prodotto finale.<\/p>\n<h3>Rischio di danni all'attrezzatura<\/h3>\n<p>I compressori di qualit\u00e0 inferiore, in particolare quelli a base di olio, rappresentano un rischio significativo poich\u00e9 emettono nebbia d'olio o umidit\u00e0 che possono contaminare le ottiche laser. Questa contaminazione pu\u00f2 comportare costose riparazioni e potenziali resi, erodendo i profitti.<\/p>\n<h3>Deterrenza del rumore<\/h3>\n<p>I compressori d'aria tradizionali sono notoriamente rumorosi, il che ne limita l'utilizzo in ambienti domestici o scolastici. Questo rumore pu\u00f2 scoraggiare i potenziali clienti, restringendo di fatto il mercato di riferimento.<\/p>\n<h2>3. La nostra soluzione: ridefinire l'assistenza aerea professionale<\/h2>\n<p>Presentazione di un compressore ad aria compressa di nuova generazione, progettato per risolvere i problemi pi\u00f9 comuni riscontrati dagli utenti di macchine per incisione laser.<\/p>\n<h3>Design senza olio e senza acqua<\/h3>\n<p>Il nostro compressore garantisce una protezione 100% per le ottiche laser, senza richiedere alcuna manutenzione da parte degli utenti finali. Questo significa tranquillit\u00e0 e un notevole risparmio di tempo e risorse.<\/p>\n<h3>Tecnologia ultra silenziosa<\/h3>\n<p>Progettato per applicazioni indoor e home studio, il nostro compressore funziona a un livello di rumore eccezionalmente basso (inferiore a 60 dB), migliorando notevolmente l'esperienza dell'utente e rendendolo adatto a un pubblico pi\u00f9 vasto.<\/p>\n<h3>Prestazioni robuste<\/h3>\n<p>Con una portata costante e robusta di 30 l\/min, il nostro compressore garantisce tagli puliti e privi di fumo o fuliggine su materiali spessi, come legno e acrilico, migliorando cos\u00ec la qualit\u00e0 e l'efficienza.<\/p>\n<h2>4. Ampia compatibilit\u00e0: corrispondenza completa<\/h2>\n<p>Il nostro compressore ad aria compressa \u00e8 progettato per essere compatibile con oltre 95% delle pi\u00f9 diffuse macchine per incisione presenti sul mercato, tra cui i modelli xTool, Ortur, Atomstack e varie macchine laser CO2.<\/p>\n<h3>Vantaggi per i distributori<\/h3>\n<p>Offrire un unico SKU compatibile con pi\u00f9 macchine riduce significativamente il carico di inventario e le complessit\u00e0 associate allo stoccaggio di pi\u00f9 prodotti. Questo semplifica le operazioni e aumenta la redditivit\u00e0.<\/p>\n<h2>5. Vantaggi della catena di fornitura e della partnership<\/h2>\n<p>Siamo orgogliosi della nostra solida catena di fornitura e delle nostre capacit\u00e0 produttive, garantendo qualit\u00e0 e affidabilit\u00e0 in ogni unit\u00e0.<\/p>\n<h3>Punti di forza della fabbrica<\/h3>\n<p>I nostri rigorosi processi di controllo qualit\u00e0 (QC) garantiscono un tasso di difettosit\u00e0 notevolmente basso (inferiore a 1%), consentendoti di risparmiare sui costi associati ai resi e alla logistica.<\/p>\n<h3>Servizi personalizzabili (OEM\/ODM)<\/h3>\n<p>Supportiamo il branding attraverso loghi personalizzabili, design di packaging e specifiche di spine per vari Paesi, consentendoti di costruire efficacemente l'identit\u00e0 del tuo marchio.<\/p>\n<h3>Supporto post-vendita completo<\/h3>\n<p>La nostra rapida risposta tecnica e la disponibilit\u00e0 dei pezzi di ricambio garantiscono ai vostri clienti un supporto eccezionale, rafforzando la loro fiducia nel vostro marchio.<\/p>\n<h2>6. Conclusione e invito all'azione<\/h2>\n<p>In conclusione, non permettete che accessori scadenti rovinino la reputazione dei vostri macchinari di fascia alta. Scegliere un compressore in linea con la qualit\u00e0 della vostra attrezzatura \u00e8 essenziale per mantenere prestazioni eccellenti.<\/p>\n<p>Contattateci oggi stesso per un test campione o per ricevere gli ultimi prezzi all'ingrosso B2B. Non perdete questa opportunit\u00e0 di far crescere il vostro business con una tecnologia di assistenza pneumatica superiore.<\/p>\n<p>Visitateci a <a href=\"https:\/\/aircompressorforlasercutter.com\/it\/contattaci\/\">la nostra pagina dei contatti<\/a> per saperne di pi\u00f9.<\/p>","protected":false},"excerpt":{"rendered":"<p>Air Assist Compressor for Two Trees TS2 Engraver: The Unsung Hero 1. Background: The Current Market Landscape In the laser engraving industry, most buyers invest significant sums into high-end laser engraving machines, often overlooking a critical accessory: the air assist compressor. This underappreciated component plays a vital role in enhancing the overall performance and longevity [&hellip;]<\/p>","protected":false},"featured_media":455,"comment_status":"open","ping_status":"closed","template":"","meta":{"_et_pb_use_builder":"","_et_pb_old_content":"","_et_gb_content_width":""},"product_brand":[],"product_cat":[1093],"product_tag":[1094],"class_list":{"0":"post-468","1":"product","2":"type-product","3":"status-publish","4":"has-post-thumbnail","6":"product_cat-air-compressor-for-laser-cutter","7":"product_tag-air-compressor-for-laser-cutter","9":"first","10":"instock","11":"shipping-taxable","12":"product-type-simple"},"_links":{"self":[{"href":"https:\/\/aircompressorforlasercutter.com\/it\/wp-json\/wp\/v2\/product\/468","targetHints":{"allow":["GET"]}}],"collection":[{"href":"https:\/\/aircompressorforlasercutter.com\/it\/wp-json\/wp\/v2\/product"}],"about":[{"href":"https:\/\/aircompressorforlasercutter.com\/it\/wp-json\/wp\/v2\/types\/product"}],"replies":[{"embeddable":true,"href":"https:\/\/aircompressorforlasercutter.com\/it\/wp-json\/wp\/v2\/comments?post=468"}],"wp:featuredmedia":[{"embeddable":true,"href":"https:\/\/aircompressorforlasercutter.com\/it\/wp-json\/wp\/v2\/media\/455"}],"wp:attachment":[{"href":"https:\/\/aircompressorforlasercutter.com\/it\/wp-json\/wp\/v2\/media?parent=468"}],"wp:term":[{"taxonomy":"product_brand","embeddable":true,"href":"https:\/\/aircompressorforlasercutter.com\/it\/wp-json\/wp\/v2\/product_brand?post=468"},{"taxonomy":"product_cat","embeddable":true,"href":"https:\/\/aircompressorforlasercutter.com\/it\/wp-json\/wp\/v2\/product_cat?post=468"},{"taxonomy":"product_tag","embeddable":true,"href":"https:\/\/aircompressorforlasercutter.com\/it\/wp-json\/wp\/v2\/product_tag?post=468"}],"curies":[{"name":"wp","href":"https:\/\/api.w.org\/{rel}","templated":true}]}}