{"id":469,"date":"2026-01-14T08:26:18","date_gmt":"2026-01-14T08:26:18","guid":{"rendered":"https:\/\/aircompressorforlasercutter.com\/product\/universal-air-assist-pump-for-diode-laser-machines\/"},"modified":"2026-01-14T08:46:24","modified_gmt":"2026-01-14T08:46:24","slug":"universal-air-assist-pump-for-diode-laser-machines","status":"publish","type":"product","link":"https:\/\/aircompressorforlasercutter.com\/it\/prodotto\/pompa-di-assistenza-pneumatica-universale-per-macchine-laser-a-diodi\/","title":{"rendered":"Pompa di assistenza pneumatica universale per macchine laser a diodo"},"content":{"rendered":"<h1>Pompa di assistenza pneumatica universale per macchine laser a diodi: l'eroe sconosciuto<\/h1>\n<h2>1. Premesse: un elemento critico spesso trascurato<\/h2>\n<p>Nel panorama competitivo del mercato dell'incisione laser, molti acquirenti investono ingenti somme in macchine per il taglio laser di fascia alta, trascurando per\u00f2 un accessorio fondamentale: la pompa ad aria compressa. Questa dimenticanza pu\u00f2 rivelarsi dannosa, poich\u00e9 l'aria compressa non \u00e8 un semplice accessorio, ma influisce direttamente sia sulla qualit\u00e0 del taglio che sulla durata della macchina.<\/p>\n<p>In realt\u00e0, una pompa di assistenza pneumatica ad alte prestazioni \u00e8 essenziale per ottenere risultati ottimali. Quando gli acquirenti si concentrano esclusivamente sull'unit\u00e0 laser, perdono l'opportunit\u00e0 di migliorare significativamente le proprie operazioni, con conseguenti risultati scadenti e un aumento dei costi operativi.<\/p>\n<h2>Approfondimento fondamentale: l'impatto diretto dell'assistenza pneumatica sulle prestazioni.<\/h2>\n<p>Per i distributori B2B, la scelta di una pompa ad aria di qualit\u00e0 superiore si traduce in un minor numero di reclami relativi a \"tagli incompleti\" o \"lenti danneggiate\", con conseguente aumento della fidelizzazione dei clienti. La pompa ad aria compressa \u00e8 un elemento cruciale che pu\u00f2 fare la differenza tra clienti soddisfatti e clienti che, frustrati dalla qualit\u00e0 del taglio, potrebbero rivolgersi alla concorrenza.<\/p>\n<h2>2. Analisi dei punti critici: i costi nascosti delle pompe ad aria economiche<\/h2>\n<p>Investire in pompe ad aria a basso costo spesso comporta spese nascoste che possono compromettere l'efficienza e la redditivit\u00e0 complessive:<\/p>\n<h3>Scarsa qualit\u00e0 di taglio<\/h3>\n<p>Un flusso d'aria irregolare, dovuto a pompe di bassa qualit\u00e0, pu\u00f2 causare bruciature sui bordi e ridurre l'efficienza di taglio. Ci\u00f2 non solo compromette l'aspetto estetico del prodotto finito, ma ne riduce anche la commerciabilit\u00e0. I \u200b\u200bclienti si aspettano precisione e qualsiasi deviazione pu\u00f2 influire sulla loro soddisfazione e sulla possibilit\u00e0 di fidelizzarli.<\/p>\n<h3>Rischio di danni all'attrezzatura<\/h3>\n<p>Le pompe ad aria di bassa qualit\u00e0, soprattutto quelle che emettono olio o umidit\u00e0, possono contaminare le lenti laser, causando riparazioni costose e resi. Questa contaminazione pu\u00f2 comportare tempi di inattivit\u00e0 significativi e perdite di produttivit\u00e0, con conseguenti ripercussioni negative sul bilancio aziendale.<\/p>\n<h3>Deterrenza del rumore<\/h3>\n<p>I compressori d'aria tradizionali possono generare un rumore eccessivo, il che ne limita l'utilizzo in officine domestiche e contesti didattici. Questo problema di rumorosit\u00e0 restringe il mercato dei vostri prodotti, poich\u00e9 i potenziali clienti sono restii a utilizzare macchinari rumorosi in aree residenziali.<\/p>\n<h2>3. La nostra soluzione: ridefinire l'assistenza pneumatica di livello professionale<\/h2>\n<p>Presentiamo una pompa ad assistenza pneumatica rivoluzionaria, progettata per affrontare le sfide attuali del mercato:<\/p>\n<h3>Design senza olio e senza acqua<\/h3>\n<p>La nostra pompa di assistenza pneumatica universale 100%, progettata per funzionare senza olio e senza acqua, garantisce una protezione completa per le lenti laser. Ci\u00f2 elimina la necessit\u00e0 di manutenzione da parte degli utenti finali, offrendo loro un'esperienza senza problemi e prolungando la durata delle loro apparecchiature.<\/p>\n<h3>Tecnologia ultra silenziosa<\/h3>\n<p>Progettata specificamente per l'uso in ambienti interni e studi di registrazione domestici, la nostra pompa ad aria compressa funziona con un livello di rumorosit\u00e0 eccezionalmente basso (&lt;60 dB), migliorando cos\u00ec l&#039;esperienza dell&#039;utente. Questa caratteristica apre nuove opportunit\u00e0 nei mercati del fai-da-te domestico e didattico, consentendo applicazioni pi\u00f9 ampie e una maggiore portata di clienti.<\/p>\n<h3>Prestazioni robuste<\/h3>\n<p>Con una portata costante e potente di 30 l\/min, la nostra pompa garantisce tagli puliti e senza fumo, anche quando si lavora con legno spesso o materiali acrilici. Gli utenti possono essere certi che i loro progetti soddisferanno standard elevati, aumentando la soddisfazione e la fidelizzazione dei clienti.<\/p>\n<h2>4. Ampia compatibilit\u00e0: una soluzione di abbinamento completa<\/h2>\n<p>La nostra pompa ad aria compressa \u00e8 progettata per integrarsi perfettamente con i modelli 95% pi\u00f9 diffusi sul mercato, tra cui xTool, Ortur, Atomstack e diverse macchine laser a CO2. Questa ampia compatibilit\u00e0 garantisce ai distributori la possibilit\u00e0 di soddisfare le diverse esigenze dei clienti senza dover gestire molteplici codici prodotto.<\/p>\n<h3>Vantaggi per i distributori<\/h3>\n<p>Grazie alla possibilit\u00e0 di utilizzare un unico codice prodotto per pi\u00f9 macchine, la nostra soluzione riduce significativamente la pressione e la complessit\u00e0 legate alla gestione delle scorte per i distributori, rappresentando una scelta efficiente per mantenere i livelli di magazzino ottimali e soddisfare al contempo un'ampia gamma di clienti.<\/p>\n<h2>5. Vantaggi della catena di fornitura e della partnership<\/h2>\n<p>Il nostro impegno per la qualit\u00e0 e la soddisfazione del cliente ci distingue nel settore:<\/p>\n<h3>Hard Power di fabbrica<\/h3>\n<p>Abbiamo implementato rigorosi processi di controllo qualit\u00e0 che garantiscono un tasso di difettosit\u00e0 eccezionalmente basso (&lt;1%), riducendo al minimo i resi e i costi logistici per voi. La nostra affidabilit\u00e0 vi garantisce la massima fiducia nei prodotti che offrite ai vostri clienti.<\/p>\n<h3>Servizi personalizzabili (OEM\/ODM)<\/h3>\n<p>Offriamo servizi personalizzati, tra cui la progettazione del logo aziendale, soluzioni di packaging e specifiche per le spine adatte ai diversi paesi. Questa flessibilit\u00e0 vi permette di creare una forte identit\u00e0 di marca, soddisfacendo al contempo le esigenze del mercato locale.<\/p>\n<h3>Assistenza post-vendita<\/h3>\n<p>Il nostro team offre un servizio di assistenza tecnica rapido e la possibilit\u00e0 di reperire i ricambi necessari, garantendo una risoluzione tempestiva di qualsiasi problema e favorendo la fiducia e la creazione di relazioni durature con i vostri clienti.<\/p>\n<h2>6. Conclusione e invito all'azione<\/h2>\n<p>Non permettete che accessori di qualit\u00e0 inferiore compromettano la reputazione delle vostre macchine laser di fascia alta. Scegliete una pompa di assistenza pneumatica che sia all'altezza della qualit\u00e0 delle vostre apparecchiature per garantire prestazioni ottimali.<\/p>\n<p>Contattaci oggi stesso per richiedere campioni da testare o per ottenere i prezzi all'ingrosso B2B pi\u00f9 aggiornati. Fai il primo passo per ampliare la tua offerta di prodotti e migliorare la soddisfazione dei clienti con la nostra pompa pneumatica universale.<\/p>\n<p>Per informazioni, visitare <a href=\"https:\/\/aircompressorforlasercutter.com\/it\/contattaci\/\">questo collegamento<\/a>.<\/p>","protected":false},"excerpt":{"rendered":"<p>Universal Air Assist Pump for Diode Laser Machines: The Unsung Hero 1. Background: A Critical Component Often Overlooked In the competitive landscape of the laser engraving market, many buyers invest heavily in high-end laser cutting machines while neglecting a crucial accessory: the air assist pump. This oversight can be detrimental, as air assist is not [&hellip;]<\/p>","protected":false},"featured_media":455,"comment_status":"open","ping_status":"closed","template":"","meta":{"_et_pb_use_builder":"","_et_pb_old_content":"","_et_gb_content_width":""},"product_brand":[],"product_cat":[1093],"product_tag":[1095],"class_list":{"0":"post-469","1":"product","2":"type-product","3":"status-publish","4":"has-post-thumbnail","6":"product_cat-air-compressor-for-laser-cutter","7":"product_tag-air-compressor-for-laser-cutter-price","9":"first","10":"instock","11":"shipping-taxable","12":"product-type-simple"},"_links":{"self":[{"href":"https:\/\/aircompressorforlasercutter.com\/it\/wp-json\/wp\/v2\/product\/469","targetHints":{"allow":["GET"]}}],"collection":[{"href":"https:\/\/aircompressorforlasercutter.com\/it\/wp-json\/wp\/v2\/product"}],"about":[{"href":"https:\/\/aircompressorforlasercutter.com\/it\/wp-json\/wp\/v2\/types\/product"}],"replies":[{"embeddable":true,"href":"https:\/\/aircompressorforlasercutter.com\/it\/wp-json\/wp\/v2\/comments?post=469"}],"wp:featuredmedia":[{"embeddable":true,"href":"https:\/\/aircompressorforlasercutter.com\/it\/wp-json\/wp\/v2\/media\/455"}],"wp:attachment":[{"href":"https:\/\/aircompressorforlasercutter.com\/it\/wp-json\/wp\/v2\/media?parent=469"}],"wp:term":[{"taxonomy":"product_brand","embeddable":true,"href":"https:\/\/aircompressorforlasercutter.com\/it\/wp-json\/wp\/v2\/product_brand?post=469"},{"taxonomy":"product_cat","embeddable":true,"href":"https:\/\/aircompressorforlasercutter.com\/it\/wp-json\/wp\/v2\/product_cat?post=469"},{"taxonomy":"product_tag","embeddable":true,"href":"https:\/\/aircompressorforlasercutter.com\/it\/wp-json\/wp\/v2\/product_tag?post=469"}],"curies":[{"name":"wp","href":"https:\/\/api.w.org\/{rel}","templated":true}]}}