{"id":470,"date":"2026-01-14T08:26:18","date_gmt":"2026-01-14T08:26:18","guid":{"rendered":"https:\/\/aircompressorforlasercutter.com\/product\/ultra-quiet-air-compressor-for-indoor-laser-engraving\/"},"modified":"2026-01-14T08:46:04","modified_gmt":"2026-01-14T08:46:04","slug":"ultra-quiet-air-compressor-for-indoor-laser-engraving","status":"publish","type":"product","link":"https:\/\/aircompressorforlasercutter.com\/it\/prodotto\/compressore-daria-ultra-silenzioso-per-incisione-laser-in-ambienti-interni\/","title":{"rendered":"Compressore d'aria ultra silenzioso per incisione laser in interni"},"content":{"rendered":"<h1>Compressore d'aria ultra silenzioso per incisione laser in ambienti interni<\/h1>\n<h2>L'eroe sconosciuto dell'incisione laser<\/h2>\n<p>Nel dinamico mercato dell'incisione laser, gli acquirenti investono spesso somme considerevoli in macchine di alta qualit\u00e0, ma tendono a trascurare la pompa dell'aria, elemento cruciale che incide significativamente sulle prestazioni complessive. Questa negligenza pu\u00f2 causare una miriade di problemi operativi che compromettono la qualit\u00e0 e la durata del processo di incisione. L'alimentazione dell'aria non \u00e8 un semplice accessorio; svolge un ruolo fondamentale nel determinare sia la qualit\u00e0 del taglio che la durata della macchina, componenti vitali per qualsiasi rapporto B2B.<\/p>\n<h2>Comprendere il panorama del mercato<\/h2>\n<p>Poich\u00e9 la maggior parte delle aziende si concentra sull'acquisizione di apparecchiature di taglio laser avanzate, il compressore d'aria rimane una considerazione secondaria. Tuttavia, la verit\u00e0 \u00e8 che l'assistenza pneumatica influisce direttamente sulla qualit\u00e0 del taglio e sull'efficienza operativa. Per i distributori, la scelta di una pompa d'aria di alta qualit\u00e0 si traduce in un minor numero di reclami da parte dei clienti relativi a prestazioni di taglio insufficienti o lenti danneggiate, con conseguente aumento dei tassi di fidelizzazione della clientela.<\/p>\n<h2>Punti critici delle pompe ad aria di bassa qualit\u00e0<\/h2>\n<p>Sebbene possa essere allettante optare per compressori d'aria pi\u00f9 economici, i costi nascosti associati ad apparecchiature di qualit\u00e0 inferiore possono rivelarsi dannosi:<\/p>\n<h3>Scarsa qualit\u00e0 di taglio<\/h3>\n<p>Un flusso d'aria instabile generato da pompe ad aria economiche pu\u00f2 causare l'annerimento o la carbonizzazione dei bordi dei materiali, compromettendo l'aspetto estetico dei prodotti finali. Ci\u00f2 pu\u00f2 comportare la delusione dei clienti e la perdita di opportunit\u00e0 commerciali.<\/p>\n<h3>Rischio di danni all'attrezzatura<\/h3>\n<p>I compressori d'aria di bassa qualit\u00e0, in particolare quelli che utilizzano olio, possono emettere nebbie oleose o umidit\u00e0, contaminando le lenti laser. Ci\u00f2 non solo aumenta la probabilit\u00e0 di costose riparazioni, ma pu\u00f2 anche comportare resi di prodotti, con un ulteriore impatto negativo sulla redditivit\u00e0.<\/p>\n<h3>Deterrente del rumore<\/h3>\n<p>I compressori d'aria tradizionali sono spesso eccessivamente rumorosi, il che pu\u00f2 scoraggiare gli utenti domestici e i makerspace didattici dall'utilizzare la tecnologia di incisione laser, limitando cos\u00ec i potenziali mercati di vendita.<\/p>\n<h2>La nostra soluzione: ridefinire l'assistenza aerea professionale<\/h2>\n<p>Noi di Ever-power offriamo un compressore d'aria che ridefinisce il concetto di assistenza pneumatica di livello professionale:<\/p>\n<h3>Design senza olio e senza acqua<\/h3>\n<p>Il nostro compressore d'aria ultra-silenzioso vanta un design senza olio e senza acqua 100%, garantendo una protezione completa per le lenti laser. Ci\u00f2 significa che gli utenti finali possono godere di una tranquillit\u00e0 senza pari, non dovendosi preoccupare di manutenzione o contaminazione.<\/p>\n<h3>Tecnologia ultra silenziosa<\/h3>\n<p>Progettato specificamente per ambienti interni e studi di registrazione domestici, il nostro compressore mantiene i livelli di rumore al di sotto dei 60 dB, migliorando significativamente l'esperienza dell'utente. Ci\u00f2 garantisce un ambiente di lavoro pi\u00f9 favorevole alla creativit\u00e0 e alla produttivit\u00e0.<\/p>\n<h3>Prestazioni potenti<\/h3>\n<p>Grazie a una portata di 30 l\/minuto, il nostro compressore garantisce un flusso d'aria costante e stabile, fondamentale per il taglio di materiali spessi come legno o acrilico. Ci\u00f2 assicura tagli netti, senza fumo n\u00e9 residui, migliorando la qualit\u00e0 e l'efficienza.<\/p>\n<h2>Ampia compatibilit\u00e0: una soluzione unica<\/h2>\n<p>Il nostro compressore d'aria \u00e8 progettato per integrarsi perfettamente con il modello 95% delle principali macchine per incisione laser presenti sul mercato, inclusi marchi come xTool, Ortur, Atomstack e vari sistemi laser a CO2.<\/p>\n<h3>Vantaggi per i distributori<\/h3>\n<p>Scegliendo il nostro compressore d'aria, i distributori possono ridurre la pressione sulle scorte, poich\u00e9 un singolo codice prodotto \u00e8 compatibile con diverse macchine. Ci\u00f2 semplifica la gestione del magazzino e ottimizza le catene di approvvigionamento.<\/p>\n<h2>Vantaggi della catena di fornitura e della partnership<\/h2>\n<p>Grazie a una solida base produttiva, Ever-power garantisce rigorosi processi di controllo qualit\u00e0 che si traducono in un tasso di guasto inferiore a 1%. Ci\u00f2 riduce al minimo i costi logistici associati a resi e sostituzioni.<\/p>\n<h3>Servizi personalizzabili<\/h3>\n<p>Offriamo servizi OEM\/ODM completi, che consentono la personalizzazione di loghi, design di packaging e specifiche delle spine, adattandoli ai diversi mercati e aiutando le aziende a costruire la propria identit\u00e0 di marca unica.<\/p>\n<h3>Assistenza post-vendita<\/h3>\n<p>Il nostro impegno va oltre la vendita, fornendo risposte tecniche rapide e disponibilit\u00e0 di pezzi di ricambio per garantire che i nostri partner possano mantenere l'efficienza operativa.<\/p>\n<p>Non permettete che componenti di bassa qualit\u00e0 compromettano la reputazione delle vostre macchine di alta gamma. Scegliete un compressore d'aria all'altezza della qualit\u00e0 delle vostre apparecchiature. Vi invitiamo a contattarci oggi stesso per richiedere dei campioni o per ricevere i nostri prezzi all'ingrosso B2B aggiornati. Insieme, possiamo migliorare la vostra offerta di prodotti e garantire la soddisfazione dei vostri clienti.<\/p>\n<p><a href=\"https:\/\/aircompressorforlasercutter.com\/it\/contattaci\/\">Contattaci<\/a> per ulteriori informazioni e per accrescere il potenziale della tua attivit\u00e0.<\/p>","protected":false},"excerpt":{"rendered":"<p>Ultra Quiet Air Compressor for Indoor Laser Engraving The Unsung Hero of Laser Engraving In the bustling market of laser engraving, buyers often invest substantial amounts in high-quality machines, yet tend to overlook the crucial air pump that significantly impacts overall performance. This oversight can lead to a myriad of operational issues that diminish the [&hellip;]<\/p>","protected":false},"featured_media":455,"comment_status":"open","ping_status":"closed","template":"","meta":{"_et_pb_use_builder":"","_et_pb_old_content":"","_et_gb_content_width":""},"product_brand":[],"product_cat":[1093],"product_tag":[1096],"class_list":{"0":"post-470","1":"product","2":"type-product","3":"status-publish","4":"has-post-thumbnail","6":"product_cat-air-compressor-for-laser-cutter","7":"product_tag-air-compressor-for-laser-cutter-cost","9":"first","10":"instock","11":"shipping-taxable","12":"product-type-simple"},"_links":{"self":[{"href":"https:\/\/aircompressorforlasercutter.com\/it\/wp-json\/wp\/v2\/product\/470","targetHints":{"allow":["GET"]}}],"collection":[{"href":"https:\/\/aircompressorforlasercutter.com\/it\/wp-json\/wp\/v2\/product"}],"about":[{"href":"https:\/\/aircompressorforlasercutter.com\/it\/wp-json\/wp\/v2\/types\/product"}],"replies":[{"embeddable":true,"href":"https:\/\/aircompressorforlasercutter.com\/it\/wp-json\/wp\/v2\/comments?post=470"}],"wp:featuredmedia":[{"embeddable":true,"href":"https:\/\/aircompressorforlasercutter.com\/it\/wp-json\/wp\/v2\/media\/455"}],"wp:attachment":[{"href":"https:\/\/aircompressorforlasercutter.com\/it\/wp-json\/wp\/v2\/media?parent=470"}],"wp:term":[{"taxonomy":"product_brand","embeddable":true,"href":"https:\/\/aircompressorforlasercutter.com\/it\/wp-json\/wp\/v2\/product_brand?post=470"},{"taxonomy":"product_cat","embeddable":true,"href":"https:\/\/aircompressorforlasercutter.com\/it\/wp-json\/wp\/v2\/product_cat?post=470"},{"taxonomy":"product_tag","embeddable":true,"href":"https:\/\/aircompressorforlasercutter.com\/it\/wp-json\/wp\/v2\/product_tag?post=470"}],"curies":[{"name":"wp","href":"https:\/\/api.w.org\/{rel}","templated":true}]}}