{"id":471,"date":"2026-01-14T08:26:18","date_gmt":"2026-01-14T08:26:18","guid":{"rendered":"https:\/\/aircompressorforlasercutter.com\/product\/oil-free-air-compressor-for-laser-optics-protection\/"},"modified":"2026-01-14T08:45:27","modified_gmt":"2026-01-14T08:45:27","slug":"oil-free-air-compressor-for-laser-optics-protection","status":"publish","type":"product","link":"https:\/\/aircompressorforlasercutter.com\/it\/prodotto\/compressore-daria-senza-olio-per-la-protezione-dellottica-laser\/","title":{"rendered":"Compressore d'aria senza olio per la protezione dell'ottica laser"},"content":{"rendered":"<h1>Compressore d'aria senza olio per la protezione dell'ottica laser<\/h1>\n<h2>L'eroe sconosciuto dietro le quinte<\/h2>\n<p>Nel settore del taglio e dell'incisione laser, gli acquirenti investono spesso ingenti risorse in macchinari di fascia alta, trascurando per\u00f2 un componente fondamentale: il compressore d'aria. Questa negligenza pu\u00f2 portare a significativi problemi di prestazioni, con un impatto finale sulla qualit\u00e0 dei prodotti finiti. Il ruolo del compressore d'aria non \u00e8 semplicemente quello di un accessorio supplementare; \u00e8 un fattore cruciale che influenza direttamente sia la qualit\u00e0 del taglio che la longevit\u00e0 della macchina.<\/p>\n<h2>Panoramica del mercato: i costi nascosti della negligenza<\/h2>\n<p>Nonostante la solida crescita del mercato delle apparecchiature laser, molte aziende non riconoscono che le prestazioni dei loro sistemi di taglio laser sono intrinsecamente legate alla qualit\u00e0 dell'aria compressa. Un compressore d'aria affidabile pu\u00f2 migliorare notevolmente la precisione di taglio e prolungare la vita utile dell'apparecchiatura.<\/p>\n<h3>Informazioni essenziali per i clienti B2B<\/h3>\n<p>Per i distributori, scegliere una pompa ad aria di alta qualit\u00e0 si traduce in una riduzione dei reclami dei clienti relativi a problemi come \"taglio insufficiente\" o \"lenti danneggiate\". Questo miglioramento si traduce in tassi di fidelizzazione e soddisfazione dei clienti pi\u00f9 elevati, posizionando la vostra azienda come fornitore di soluzioni di qualit\u00e0.<\/p>\n<h2>Analisi dei punti critici: i costi nascosti delle pompe ad aria economiche<\/h2>\n<h3>Scarsa qualit\u00e0 di taglio<\/h3>\n<p>I compressori d'aria economici spesso forniscono un flusso d'aria instabile, con conseguenti risultati di taglio insoddisfacenti. Questa instabilit\u00e0 pu\u00f2 causare bordi carbonizzati dei materiali e una riduzione dell'efficienza di taglio, con un impatto negativo sull'aspetto estetico dei prodotti finali.<\/p>\n<h3>Rischio di danni all'attrezzatura<\/h3>\n<p>Le pompe dell'aria di bassa qualit\u00e0, in particolare quelle che contengono olio, rappresentano un rischio significativo per le ottiche laser. Possono rilasciare nebbia d'olio o umidit\u00e0 che contaminano la lente laser, con conseguenti costose riparazioni e potenziali resi. Le implicazioni economiche possono aumentare rapidamente, danneggiando la reputazione della vostra azienda.<\/p>\n<h3>Deterrenza del rumore<\/h3>\n<p>I compressori d'aria tradizionali sono notoriamente rumorosi, spesso superando i livelli sonori accettabili per gli utenti domestici e gli ambienti scolastici. Questo inquinamento acustico limita le opportunit\u00e0 di mercato, alienando una fetta di potenziali clienti interessati a progetti fai da te o applicazioni didattiche.<\/p>\n<h2>La nostra soluzione innovativa: ridefinire l'assistenza aerea professionale<\/h2>\n<h3>Design senza olio e senza acqua<\/h3>\n<p>Il nostro compressore d'aria oil-free e water-free garantisce la protezione 100% per le ottiche laser, consentendo agli utenti finali di utilizzare le proprie apparecchiature senza la preoccupazione costante della manutenzione. Questo si traduce in tranquillit\u00e0 e un flusso di lavoro operativo semplificato.<\/p>\n<h3>Tecnologia ultra silenziosa<\/h3>\n<p>Progettato specificamente per ambienti interni e home studio, il nostro compressore funziona con un livello di rumorosit\u00e0 incredibilmente basso, inferiore a 60 dB. Questa silenziosit\u00e0 ottimizza l'esperienza utente, rendendolo adatto a diverse applicazioni.<\/p>\n<h3>Prestazioni robuste<\/h3>\n<p>Con una portata d'aria costantemente elevata di 30 l\/min, il nostro compressore d'aria garantisce tagli puliti e senza fumo anche con materiali pi\u00f9 spessi come compensato o acrilico. L'affidabilit\u00e0 del nostro prodotto si traduce in risultati di taglio superiori, garantendo la soddisfazione del cliente.<\/p>\n<h2>Ampia compatibilit\u00e0: una soluzione unica<\/h2>\n<h3>Ampia gamma di applicazioni<\/h3>\n<p>Il nostro compressore d'aria \u00e8 progettato per integrarsi perfettamente con le principali macchine da taglio laser 95% sul mercato, tra cui marchi come xTool, Ortur, Atomstack e diverse macchine laser CO2. Questa versatilit\u00e0 semplifica la gestione dell'inventario per i distributori.<\/p>\n<h3>Vantaggi per i distributori<\/h3>\n<p>Offrire un unico SKU compatibile con pi\u00f9 macchine riduce significativamente il carico di inventario e semplifica i processi di stoccaggio. Questo vantaggio strategico consente alla tua azienda di rispondere rapidamente alle richieste del mercato.<\/p>\n<h2>Vantaggi della catena di fornitura e della partnership<\/h2>\n<h3>Forza della fabbrica<\/h3>\n<p>Il nostro processo di produzione rispetta rigorosi protocolli di controllo qualit\u00e0, garantendo un tasso di difettosit\u00e0 eccezionalmente basso, inferiore a 1%. Questa garanzia di qualit\u00e0 vi consente di risparmiare sui costi logistici relativi a resi e cambi.<\/p>\n<h3>Servizi di personalizzazione (OEM\/ODM)<\/h3>\n<p>Offriamo servizi su misura che includono il posizionamento personalizzato del logo, la progettazione del packaging e l'adattamento alle diverse specifiche dei plug in tutto il mondo. Questa flessibilit\u00e0 vi consente di costruire la vostra identit\u00e0 di marca sul mercato.<\/p>\n<h3>Assistenza post-vendita<\/h3>\n<p>Il nostro impegno nei confronti del servizio clienti si traduce in tempi di risposta tecnica rapidi e fornitura affidabile di pezzi di ricambio, garantendo cos\u00ec la continuit\u00e0 delle vostre attivit\u00e0.<\/p>\n<h2>Conclusione e invito all'azione<\/h2>\n<p>Non permettere che componenti di qualit\u00e0 inferiore rovinino la reputazione dei tuoi macchinari di alta gamma. Scegliere un compressore in linea con la qualit\u00e0 delle tue attrezzature \u00e8 essenziale per il successo della tua attivit\u00e0. Ti invitiamo a <a href=\"https:\/\/aircompressorforlasercutter.com\/it\/contattaci\/\">contattaci<\/a> per effettuare test campione o per ottenere i prezzi all'ingrosso B2B pi\u00f9 aggiornati.<\/p>","protected":false},"excerpt":{"rendered":"<p>Oil Free Air Compressor for Laser Optics Protection The Unsung Hero Behind the Scenes In the laser cutting and engraving industry, buyers often invest substantial resources in high-end machines, yet they frequently overlook a critical component: the air compressor. This neglect can lead to significant performance issues, ultimately impacting the quality of their finished products. [&hellip;]<\/p>","protected":false},"featured_media":455,"comment_status":"open","ping_status":"closed","template":"","meta":{"_et_pb_use_builder":"","_et_pb_old_content":"","_et_gb_content_width":""},"product_brand":[],"product_cat":[1093],"product_tag":[1094],"class_list":{"0":"post-471","1":"product","2":"type-product","3":"status-publish","4":"has-post-thumbnail","6":"product_cat-air-compressor-for-laser-cutter","7":"product_tag-air-compressor-for-laser-cutter","9":"first","10":"instock","11":"shipping-taxable","12":"product-type-simple"},"_links":{"self":[{"href":"https:\/\/aircompressorforlasercutter.com\/it\/wp-json\/wp\/v2\/product\/471","targetHints":{"allow":["GET"]}}],"collection":[{"href":"https:\/\/aircompressorforlasercutter.com\/it\/wp-json\/wp\/v2\/product"}],"about":[{"href":"https:\/\/aircompressorforlasercutter.com\/it\/wp-json\/wp\/v2\/types\/product"}],"replies":[{"embeddable":true,"href":"https:\/\/aircompressorforlasercutter.com\/it\/wp-json\/wp\/v2\/comments?post=471"}],"wp:featuredmedia":[{"embeddable":true,"href":"https:\/\/aircompressorforlasercutter.com\/it\/wp-json\/wp\/v2\/media\/455"}],"wp:attachment":[{"href":"https:\/\/aircompressorforlasercutter.com\/it\/wp-json\/wp\/v2\/media?parent=471"}],"wp:term":[{"taxonomy":"product_brand","embeddable":true,"href":"https:\/\/aircompressorforlasercutter.com\/it\/wp-json\/wp\/v2\/product_brand?post=471"},{"taxonomy":"product_cat","embeddable":true,"href":"https:\/\/aircompressorforlasercutter.com\/it\/wp-json\/wp\/v2\/product_cat?post=471"},{"taxonomy":"product_tag","embeddable":true,"href":"https:\/\/aircompressorforlasercutter.com\/it\/wp-json\/wp\/v2\/product_tag?post=471"}],"curies":[{"name":"wp","href":"https:\/\/api.w.org\/{rel}","templated":true}]}}