{"id":472,"date":"2026-01-14T08:26:18","date_gmt":"2026-01-14T08:26:18","guid":{"rendered":"https:\/\/aircompressorforlasercutter.com\/product\/low-vibration-air-pump-for-desktop-laser-cutter\/"},"modified":"2026-01-14T08:45:10","modified_gmt":"2026-01-14T08:45:10","slug":"low-vibration-air-pump-for-desktop-laser-cutter","status":"publish","type":"product","link":"https:\/\/aircompressorforlasercutter.com\/it\/prodotto\/pompa-ad-aria-a-basse-vibrazioni-per-taglierina-laser-da-tavolo\/","title":{"rendered":"Pompa ad aria a basse vibrazioni per taglierina laser da tavolo"},"content":{"rendered":"<h1>Pompa ad aria a basse vibrazioni per taglierina laser da tavolo: l'eroe non celebrato<\/h1>\n<h2>1. Contesto: la realt\u00e0 del mercato<\/h2>\n<p>Nel fiorente mondo del taglio e dell'incisione laser, molti acquirenti investono in modo significativo in macchine laser di fascia alta, spesso trascurando un componente cruciale: la pompa dell'aria. Questa negligenza pu\u00f2 compromettere i risultati e causare costi inutili. Molti non si rendono conto che l'assistenza pneumatica non \u00e8 solo un accessorio; influenza direttamente la qualit\u00e0 del taglio e, a sua volta, determina la longevit\u00e0 del macchinario. La pompa dell'aria giusta pu\u00f2 migliorare le prestazioni complessive dei sistemi laser, garantendo che i progetti vengano completati con precisione ed efficienza.<\/p>\n<h2>Approfondimento fondamentale: l'assistenza aerea come componente integrante<\/h2>\n<p>Per i distributori B2B, scegliere una pompa ad aria di qualit\u00e0 si traduce in una riduzione dei reclami dei clienti relativi a problemi come tagli incompleti o lenti danneggiate. Questo miglioramento non solo aumenta la soddisfazione del cliente, ma favorisce anche un tasso di fidelizzazione pi\u00f9 elevato. I distributori che comprendono l'importanza di abbinare le proprie macchine laser a una pompa ad aria efficace trarranno enormi vantaggi da una riduzione delle esigenze di assistenza post-vendita e da una maggiore fidelizzazione dei clienti.<\/p>\n<h2>2. Analisi dei punti critici: i costi nascosti delle pompe ad aria economiche<\/h2>\n<h3>Scarsa qualit\u00e0 di taglio<\/h3>\n<p>Le pompe pneumatiche economiche possono sembrare inizialmente un buon affare, ma spesso portano a una qualit\u00e0 di taglio scadente. Un flusso d'aria instabile pu\u00f2 causare la carbonizzazione dei bordi del materiale, riducendo l'aspetto estetico del prodotto finale. Questo non solo influisce sulla soddisfazione del cliente, ma influisce anche sul valore percepito del prodotto finale.<\/p>\n<h3>Rischio di danni all'attrezzatura<\/h3>\n<p>Le pompe ad aria economiche, in particolare quelle che contengono olio, possono rilasciare vapori oleosi o umidit\u00e0 che contaminano le lenti laser. Questa contaminazione pu\u00f2 comportare costose riparazioni e resi, intaccando i margini di profitto e danneggiando la reputazione.<\/p>\n<h3>Deterrenza del rumore<\/h3>\n<p>I compressori d'aria tradizionali sono noti per il loro funzionamento rumoroso, che pu\u00f2 scoraggiare gli utenti domestici e i produttori in ambito scolastico. Questo inquinamento acustico limita l'utilizzo delle taglierine laser in spazi ristretti e riduce le opportunit\u00e0 di mercato per i fornitori.<\/p>\n<h2>3. La nostra soluzione: ridefinire l'assistenza aerea professionale<\/h2>\n<h3>Design senza olio e senza umidit\u00e0<\/h3>\n<p>La nostra pompa pneumatica a basse vibrazioni \u00e8 dotata di un design 100% privo di olio e umidit\u00e0, che garantisce la massima protezione delle lenti laser. Questo elimina la necessit\u00e0 per gli utenti finali di eseguire una manutenzione regolare, garantendo tranquillit\u00e0 e riducendo i costi operativi.<\/p>\n<h3>Tecnologia ultra silenziosa<\/h3>\n<p>Progettata specificamente per studi di registrazione indoor e domestici, la nostra pompa ad aria funziona con un livello di rumorosit\u00e0 notevolmente basso, inferiore a 60 dB. Questo funzionamento ultra silenzioso migliora significativamente l'esperienza utente, rendendola ideale per i professionisti creativi che necessitano di un ambiente di lavoro confortevole.<\/p>\n<h3>Prestazioni robuste<\/h3>\n<p>Grazie a un flusso d'aria costante di 30 l\/min, la nostra pompa ad aria garantisce che anche i materiali pi\u00f9 resistenti, come il legno spesso o l'acrilico, vengano tagliati con bordi puliti e senza fumo. Questo non solo migliora l'efficienza di taglio, ma prolunga anche la durata del laser cutter stesso.<\/p>\n<h2>4. Ampia compatibilit\u00e0: corrispondenza completa<\/h2>\n<h3>Ampia gamma di applicazioni<\/h3>\n<p>La nostra pompa ad aria \u00e8 progettata per essere perfettamente compatibile con il 95% dei principali modelli presenti sul mercato, tra cui xTool, Ortur, Atomstack e diverse macchine laser CO2. Questa ampia compatibilit\u00e0 garantisce ai clienti la perfetta integrazione della nostra pompa senza la necessit\u00e0 di ulteriori modifiche.<\/p>\n<h3>Vantaggi per i distributori<\/h3>\n<p>Con un unico SKU compatibile con pi\u00f9 macchine, i distributori possono ridurre drasticamente la pressione sulle scorte e semplificare le operazioni di stoccaggio. Questa efficienza si traduce in minori costi operativi e migliora la redditivit\u00e0 complessiva.<\/p>\n<h2>5. Vantaggi della catena di fornitura e della collaborazione<\/h2>\n<h3>Forza della fabbrica<\/h3>\n<p>Siamo orgogliosi dei nostri rigorosi processi di controllo qualit\u00e0, che garantiscono un tasso di difettosit\u00e0 eccezionalmente basso, inferiore a 1%. Questo impegno per la qualit\u00e0 si traduce in risparmi significativi sulla logistica dei resi per i nostri partner.<\/p>\n<h3>Servizi personalizzati (OEM\/ODM)<\/h3>\n<p>Offriamo soluzioni personalizzabili, tra cui la progettazione del logo del marchio, modifiche al packaging e specifiche di spina per diversi paesi. Questa flessibilit\u00e0 vi consente di creare un'identit\u00e0 di marca unica, in linea con il vostro mercato di riferimento.<\/p>\n<h3>Assistenza post-vendita<\/h3>\n<p>Il nostro impegno va oltre la vendita, offrendo un rapido supporto tecnico e la disponibilit\u00e0 di pezzi di ricambio, per garantire che le vostre operazioni procedano senza intoppi e senza inutili tempi di fermo.<\/p>\n<h2>6. Conclusione e invito all'azione<\/h2>\n<p>Non lasciare che componenti di qualit\u00e0 inferiore rovinino la reputazione delle tue macchine di fascia alta. Investi in una pompa pneumatica all'altezza della qualit\u00e0 della tua attrezzatura. Scegliendo la nostra pompa pneumatica a basse vibrazioni, garantisci che i tuoi processi di taglio non siano solo efficienti, ma producano anche risultati superiori.<\/p>\n<p>Contattaci oggi stesso per effettuare dei test campione o per ottenere gli ultimi dettagli sui prezzi all'ingrosso B2B. Visita il nostro sito web all'indirizzo <a href=\"https:\/\/aircompressorforlasercutter.com\/it\/contattaci\/\">Contattaci Ever-power<\/a> per scoprire di pi\u00f9 su come le nostre soluzioni possono apportare vantaggi alla tua attivit\u00e0.<\/p>","protected":false},"excerpt":{"rendered":"<p>Low Vibration Air Pump for Desktop Laser Cutter: The Unsung Hero 1. Background: The Market Reality In the burgeoning world of laser cutting and engraving, many buyers invest significantly in high-end laser machines, often overlooking a crucial component: the air pump. This oversight can lead to compromised results and unnecessary costs. Many do not realize [&hellip;]<\/p>","protected":false},"featured_media":455,"comment_status":"open","ping_status":"closed","template":"","meta":{"_et_pb_use_builder":"","_et_pb_old_content":"","_et_gb_content_width":""},"product_brand":[],"product_cat":[1093],"product_tag":[1095],"class_list":{"0":"post-472","1":"product","2":"type-product","3":"status-publish","4":"has-post-thumbnail","6":"product_cat-air-compressor-for-laser-cutter","7":"product_tag-air-compressor-for-laser-cutter-price","9":"first","10":"instock","11":"shipping-taxable","12":"product-type-simple"},"_links":{"self":[{"href":"https:\/\/aircompressorforlasercutter.com\/it\/wp-json\/wp\/v2\/product\/472","targetHints":{"allow":["GET"]}}],"collection":[{"href":"https:\/\/aircompressorforlasercutter.com\/it\/wp-json\/wp\/v2\/product"}],"about":[{"href":"https:\/\/aircompressorforlasercutter.com\/it\/wp-json\/wp\/v2\/types\/product"}],"replies":[{"embeddable":true,"href":"https:\/\/aircompressorforlasercutter.com\/it\/wp-json\/wp\/v2\/comments?post=472"}],"wp:featuredmedia":[{"embeddable":true,"href":"https:\/\/aircompressorforlasercutter.com\/it\/wp-json\/wp\/v2\/media\/455"}],"wp:attachment":[{"href":"https:\/\/aircompressorforlasercutter.com\/it\/wp-json\/wp\/v2\/media?parent=472"}],"wp:term":[{"taxonomy":"product_brand","embeddable":true,"href":"https:\/\/aircompressorforlasercutter.com\/it\/wp-json\/wp\/v2\/product_brand?post=472"},{"taxonomy":"product_cat","embeddable":true,"href":"https:\/\/aircompressorforlasercutter.com\/it\/wp-json\/wp\/v2\/product_cat?post=472"},{"taxonomy":"product_tag","embeddable":true,"href":"https:\/\/aircompressorforlasercutter.com\/it\/wp-json\/wp\/v2\/product_tag?post=472"}],"curies":[{"name":"wp","href":"https:\/\/api.w.org\/{rel}","templated":true}]}}